{"id":11228,"date":"2025-11-27T03:49:36","date_gmt":"2025-11-27T03:49:36","guid":{"rendered":"https:\/\/jinhuaceramic.com\/?post_type=product&#038;p=11228"},"modified":"2025-11-27T03:49:48","modified_gmt":"2025-11-27T03:49:48","slug":"square-ceramic-baking-dish-wholesale","status":"publish","type":"product","link":"https:\/\/jinhuaceramic.com\/fr\/product\/square-ceramic-baking-dish-wholesale\/","title":{"rendered":"Plat de cuisson carr\u00e9 en c\u00e9ramique bleu Wholesale, Kitchen Bakeware Supply"},"content":{"rendered":"<div class=\"wp-block-columns is-layout-flex wp-container-core-columns-is-layout-9d6595d7 wp-block-columns-is-layout-flex\">\n<div class=\"wp-block-column is-layout-flow wp-block-column-is-layout-flow\">\n<h3 class=\"wp-block-heading\">Premium Blue Square Ceramic Baking Dish Wholesale\u00a0Features:<\/h3>\n\n\n\n<ul class=\"wp-block-list\">\n<li><strong>Couleurs fra\u00eeches :<\/strong> This square ceramic baking dish wholesale adopt a color scheme of blue gradient and white inner glaze. The blue gradually becomes lighter from the bottom to the edge, with a natural and layered transition, visually refreshing and elegant, adding a touch of dynamic color to the kitchen and dining table.<\/li>\n\n\n\n<li><strong>Mat\u00e9riau c\u00e9ramique haute temp\u00e9rature :<\/strong> Our blue square ceramic baking dish wholesale is made of special high-temperature resistant ceramic that can endure the high heat of the oven&#8217;s baking cycle without the material easily cracking or deforming. Each dish has a glossy glaze finish that resists both oil and scratches and can be easily wiped clean and lacks any food residue.<\/li>\n\n\n\n<li><strong>Highly practical:<\/strong> These wholesale square baking pans are available in two sizes, standard and extra large, to maximize oven space. These pans have a moderate depth and depth to them, which means we can bake a variety of food dishes in them, like lasagna, roast chicken, steak, brownies, and more. Handles on both sides provide a convenient grip.<\/li>\n\n\n\n<li><strong>Versatile and adaptable to various devices:<\/strong> The custom baking pan features a robust ceramic structure that ensures even heating of food, making it suitable for ovens, microwaves, dishwashers, and refrigerators, meeting the needs of the entire process from baking and heating to storage.<\/li>\n<\/ul>\n<\/div>\n\n\n\n<div class=\"wp-block-column is-layout-flow wp-block-column-is-layout-flow\">\n<figure class=\"wp-block-image size-full\"><img fetchpriority=\"high\" decoding=\"async\" width=\"1600\" height=\"1600\" src=\"https:\/\/jinhuaceramic.com\/wp-content\/uploads\/2025\/11\/Blue-Square-Baking-Dishes-Kitchen-Ceramic-Custom-Baking-Pans-Wholesale-6.webp\" alt=\"blue-square-ceramic-baking-dish-wholesale-kitchen-bakeware-6\" class=\"wp-image-11229\" srcset=\"https:\/\/jinhuaceramic.com\/wp-content\/uploads\/2025\/11\/Blue-Square-Baking-Dishes-Kitchen-Ceramic-Custom-Baking-Pans-Wholesale-6.webp 1600w, https:\/\/jinhuaceramic.com\/wp-content\/uploads\/2025\/11\/Blue-Square-Baking-Dishes-Kitchen-Ceramic-Custom-Baking-Pans-Wholesale-6-300x300.webp 300w, https:\/\/jinhuaceramic.com\/wp-content\/uploads\/2025\/11\/Blue-Square-Baking-Dishes-Kitchen-Ceramic-Custom-Baking-Pans-Wholesale-6-150x150.webp 150w, https:\/\/jinhuaceramic.com\/wp-content\/uploads\/2025\/11\/Blue-Square-Baking-Dishes-Kitchen-Ceramic-Custom-Baking-Pans-Wholesale-6-768x768.webp 768w, https:\/\/jinhuaceramic.com\/wp-content\/uploads\/2025\/11\/Blue-Square-Baking-Dishes-Kitchen-Ceramic-Custom-Baking-Pans-Wholesale-6-12x12.webp 12w, https:\/\/jinhuaceramic.com\/wp-content\/uploads\/2025\/11\/Blue-Square-Baking-Dishes-Kitchen-Ceramic-Custom-Baking-Pans-Wholesale-6-285x285.webp 285w, https:\/\/jinhuaceramic.com\/wp-content\/uploads\/2025\/11\/Blue-Square-Baking-Dishes-Kitchen-Ceramic-Custom-Baking-Pans-Wholesale-6-270x270.webp 270w, https:\/\/jinhuaceramic.com\/wp-content\/uploads\/2025\/11\/Blue-Square-Baking-Dishes-Kitchen-Ceramic-Custom-Baking-Pans-Wholesale-6-540x540.webp 540w, https:\/\/jinhuaceramic.com\/wp-content\/uploads\/2025\/11\/Blue-Square-Baking-Dishes-Kitchen-Ceramic-Custom-Baking-Pans-Wholesale-6-660x660.webp 660w\" sizes=\"(max-width: 1600px) 100vw, 1600px\" \/><\/figure>\n<\/div>\n<\/div>","protected":false},"excerpt":{"rendered":"<p>Welcome to purchase this blue square ceramic baking dish wholesale is made of high-temperature porcelain, specifically made for kitchen use. Comes in both regular and larger-than-normal sizes, and is oven, microwave, dishwasher, and fridge safe. Heat distribution is radial and is smooth for easy cleaning. Perfect for baking, roasting, serving, and even storing. Fully customizable for bulk orders.<\/p>\n<p>&nbsp;<\/p>","protected":false},"featured_media":11230,"comment_status":"closed","ping_status":"closed","template":"","meta":{"_acf_changed":false},"product_brand":[],"product_cat":[53],"product_tag":[70,71],"class_list":{"0":"post-11228","1":"product","2":"type-product","3":"status-publish","4":"has-post-thumbnail","6":"product_cat-bakeware-in-bulk","7":"product_tag-custom-pie-pans","8":"product_tag-wholesale-baking-pans","10":"first","11":"instock","12":"shipping-taxable","13":"product-type-simple"},"acf":[],"_links":{"self":[{"href":"https:\/\/jinhuaceramic.com\/fr\/wp-json\/wp\/v2\/product\/11228","targetHints":{"allow":["GET"]}}],"collection":[{"href":"https:\/\/jinhuaceramic.com\/fr\/wp-json\/wp\/v2\/product"}],"about":[{"href":"https:\/\/jinhuaceramic.com\/fr\/wp-json\/wp\/v2\/types\/product"}],"replies":[{"embeddable":true,"href":"https:\/\/jinhuaceramic.com\/fr\/wp-json\/wp\/v2\/comments?post=11228"}],"version-history":[{"count":0,"href":"https:\/\/jinhuaceramic.com\/fr\/wp-json\/wp\/v2\/product\/11228\/revisions"}],"wp:featuredmedia":[{"embeddable":true,"href":"https:\/\/jinhuaceramic.com\/fr\/wp-json\/wp\/v2\/media\/11230"}],"wp:attachment":[{"href":"https:\/\/jinhuaceramic.com\/fr\/wp-json\/wp\/v2\/media?parent=11228"}],"wp:term":[{"taxonomy":"product_brand","embeddable":true,"href":"https:\/\/jinhuaceramic.com\/fr\/wp-json\/wp\/v2\/product_brand?post=11228"},{"taxonomy":"product_cat","embeddable":true,"href":"https:\/\/jinhuaceramic.com\/fr\/wp-json\/wp\/v2\/product_cat?post=11228"},{"taxonomy":"product_tag","embeddable":true,"href":"https:\/\/jinhuaceramic.com\/fr\/wp-json\/wp\/v2\/product_tag?post=11228"}],"curies":[{"name":"wp","href":"https:\/\/api.w.org\/{rel}","templated":true}]}}