{"id":11234,"date":"2025-11-27T06:37:14","date_gmt":"2025-11-27T06:37:14","guid":{"rendered":"https:\/\/jinhuaceramic.com\/?post_type=product&#038;p=11234"},"modified":"2025-11-27T06:48:37","modified_gmt":"2025-11-27T06:48:37","slug":"bulk-matte-black-bathroom-set","status":"publish","type":"product","link":"https:\/\/jinhuaceramic.com\/fr\/product\/bulk-matte-black-bathroom-set\/","title":{"rendered":"Ensemble de salle de bain noir mat en vrac, accessoires de salle de bain"},"content":{"rendered":"<div class=\"wp-block-columns is-layout-flex wp-container-core-columns-is-layout-9d6595d7 wp-block-columns-is-layout-flex\">\n<div class=\"wp-block-column is-layout-flow wp-block-column-is-layout-flow\">\n<h3 class=\"wp-block-heading\">Ensemble de salle de bain noir mat haut de gamme en vrac Caract\u00e9ristiques :<\/h3>\n\n\n\n<ul class=\"wp-block-list\">\n<li><strong>Mat\u00e9riau c\u00e9ramique de haute qualit\u00e9 :<\/strong> Cet ensemble de salle de bain noir mat est fabriqu\u00e9 \u00e0 partir de mat\u00e9riaux c\u00e9ramiques haut de gamme et respectueux de l'environnement. Il est \u00e9pais, durable et r\u00e9sistant aux rayures, \u00e0 la d\u00e9coloration et \u00e0 l'absorption des odeurs, ce qui le rend adapt\u00e9 \u00e0 une utilisation \u00e0 long terme. Le design mat est facile \u00e0 nettoyer et ne laisse pas de traces d'eau.<\/li>\n\n\n\n<li><strong>Design moderne :<\/strong> Ces ensembles de salle de bain personnalis\u00e9s pr\u00e9sentent une palette de couleurs noir mat pur, \u00e0 la fois stable, myst\u00e9rieuse et polyvalente. Le motif \u00e0 rayures verticales sur la surface renforce la hi\u00e9rarchie visuelle et la d\u00e9licatesse, tout en offrant une fonction antid\u00e9rapante, alliant ainsi fonctionnalit\u00e9 et d\u00e9coration.<\/li>\n\n\n\n<li><strong>Grande praticit\u00e9 :<\/strong> L'ensemble de salle de bain noir mat comprend des distributeurs de savon, des porte-brosses \u00e0 dents, des gobelets \u00e0 bain de bouche et des plateaux enti\u00e8rement fonctionnels. Il dispose d'un compartiment s\u00e9par\u00e9 pour le dentifrice et d'un grand espace de rangement pouvant accueillir plusieurs brosses \u00e0 dents. Le plateau peut contenir les accessoires de salle de bain, mais est \u00e9galement id\u00e9al pour les montres, les bijoux et les parfums.<\/li>\n\n\n\n<li><strong>Applicabilit\u00e9 \u00e0 plusieurs sc\u00e9narios :<\/strong> Du point de vue de la s\u00e9curit\u00e9, cet ensemble de salle de bain en c\u00e9ramique vendu en gros est dot\u00e9 d'une base lest\u00e9e pour \u00e9viter tout risque de basculement. Il est donc parfait pour une utilisation dans les salles de bain domestiques, les h\u00f4tels et les chambres d'h\u00f4tes, et m\u00eame les \u00e9tablissements commerciaux, o\u00f9 il apporte une touche d'\u00e9l\u00e9gance \u00e0 la salle de bain.<\/li>\n<\/ul>\n<\/div>\n\n\n\n<div class=\"wp-block-column is-layout-flow wp-block-column-is-layout-flow\">\n<figure class=\"wp-block-image size-full\"><img fetchpriority=\"high\" decoding=\"async\" width=\"1600\" height=\"1600\" src=\"https:\/\/jinhuaceramic.com\/wp-content\/uploads\/2025\/11\/Black-Modern-Bathroom-Accessories-Ceramic-Soap-Bottle-and-Toothbrush-Holder-Set-7.webp\" alt=\"Ensemble de salle de bain noir mat en c\u00e9ramique, vendu en gros, baignoire 7\" class=\"wp-image-11240\" srcset=\"https:\/\/jinhuaceramic.com\/wp-content\/uploads\/2025\/11\/Black-Modern-Bathroom-Accessories-Ceramic-Soap-Bottle-and-Toothbrush-Holder-Set-7.webp 1600w, https:\/\/jinhuaceramic.com\/wp-content\/uploads\/2025\/11\/Black-Modern-Bathroom-Accessories-Ceramic-Soap-Bottle-and-Toothbrush-Holder-Set-7-300x300.webp 300w, https:\/\/jinhuaceramic.com\/wp-content\/uploads\/2025\/11\/Black-Modern-Bathroom-Accessories-Ceramic-Soap-Bottle-and-Toothbrush-Holder-Set-7-150x150.webp 150w, https:\/\/jinhuaceramic.com\/wp-content\/uploads\/2025\/11\/Black-Modern-Bathroom-Accessories-Ceramic-Soap-Bottle-and-Toothbrush-Holder-Set-7-768x768.webp 768w, https:\/\/jinhuaceramic.com\/wp-content\/uploads\/2025\/11\/Black-Modern-Bathroom-Accessories-Ceramic-Soap-Bottle-and-Toothbrush-Holder-Set-7-12x12.webp 12w, https:\/\/jinhuaceramic.com\/wp-content\/uploads\/2025\/11\/Black-Modern-Bathroom-Accessories-Ceramic-Soap-Bottle-and-Toothbrush-Holder-Set-7-285x285.webp 285w, https:\/\/jinhuaceramic.com\/wp-content\/uploads\/2025\/11\/Black-Modern-Bathroom-Accessories-Ceramic-Soap-Bottle-and-Toothbrush-Holder-Set-7-270x270.webp 270w, https:\/\/jinhuaceramic.com\/wp-content\/uploads\/2025\/11\/Black-Modern-Bathroom-Accessories-Ceramic-Soap-Bottle-and-Toothbrush-Holder-Set-7-540x540.webp 540w, https:\/\/jinhuaceramic.com\/wp-content\/uploads\/2025\/11\/Black-Modern-Bathroom-Accessories-Ceramic-Soap-Bottle-and-Toothbrush-Holder-Set-7-660x660.webp 660w\" sizes=\"(max-width: 1600px) 100vw, 1600px\" \/><\/figure>\n<\/div>\n<\/div>","protected":false},"excerpt":{"rendered":"<p>Bienvenue pour l'achat de cet ensemble de salle de bain noir mat en vrac comprenant un porte-brosses \u00e0 dents, un gobelet, un distributeur de savon et un plateau de toilette. Ces accessoires de salle de bain personnalis\u00e9s allient beaut\u00e9 et fonctionnalit\u00e9 gr\u00e2ce \u00e0 leur design moderne, leurs fonctionnalit\u00e9s compl\u00e8tes et leurs mat\u00e9riaux en c\u00e9ramique durables et faciles \u00e0 nettoyer. Id\u00e9al pour les h\u00f4tels, les maisons et les projets de salles de bain commerciales.<\/p>","protected":false},"featured_media":11235,"comment_status":"closed","ping_status":"closed","template":"","meta":{"_acf_changed":false},"product_brand":[],"product_cat":[51],"product_tag":[74],"class_list":{"0":"post-11234","1":"product","2":"type-product","3":"status-publish","4":"has-post-thumbnail","6":"product_cat-bathroom-accessories-wholesale","7":"product_tag-ceramic-bath-accessories-wholesale","9":"first","10":"instock","11":"shipping-taxable","12":"product-type-simple"},"acf":[],"_links":{"self":[{"href":"https:\/\/jinhuaceramic.com\/fr\/wp-json\/wp\/v2\/product\/11234","targetHints":{"allow":["GET"]}}],"collection":[{"href":"https:\/\/jinhuaceramic.com\/fr\/wp-json\/wp\/v2\/product"}],"about":[{"href":"https:\/\/jinhuaceramic.com\/fr\/wp-json\/wp\/v2\/types\/product"}],"replies":[{"embeddable":true,"href":"https:\/\/jinhuaceramic.com\/fr\/wp-json\/wp\/v2\/comments?post=11234"}],"version-history":[{"count":0,"href":"https:\/\/jinhuaceramic.com\/fr\/wp-json\/wp\/v2\/product\/11234\/revisions"}],"wp:featuredmedia":[{"embeddable":true,"href":"https:\/\/jinhuaceramic.com\/fr\/wp-json\/wp\/v2\/media\/11235"}],"wp:attachment":[{"href":"https:\/\/jinhuaceramic.com\/fr\/wp-json\/wp\/v2\/media?parent=11234"}],"wp:term":[{"taxonomy":"product_brand","embeddable":true,"href":"https:\/\/jinhuaceramic.com\/fr\/wp-json\/wp\/v2\/product_brand?post=11234"},{"taxonomy":"product_cat","embeddable":true,"href":"https:\/\/jinhuaceramic.com\/fr\/wp-json\/wp\/v2\/product_cat?post=11234"},{"taxonomy":"product_tag","embeddable":true,"href":"https:\/\/jinhuaceramic.com\/fr\/wp-json\/wp\/v2\/product_tag?post=11234"}],"curies":[{"name":"wp","href":"https:\/\/api.w.org\/{rel}","templated":true}]}}