{"id":11289,"date":"2025-12-04T01:42:02","date_gmt":"2025-12-04T01:42:02","guid":{"rendered":"https:\/\/jinhuaceramic.com\/?post_type=product&#038;p=11289"},"modified":"2025-12-04T01:42:08","modified_gmt":"2025-12-04T01:42:08","slug":"wholesale-small-baking-pans","status":"publish","type":"product","link":"https:\/\/jinhuaceramic.com\/fr\/product\/wholesale-small-baking-pans\/","title":{"rendered":"Vente en gros de petits moules \u00e0 p\u00e2tisserie, moules \u00e0 p\u00e2tisserie carr\u00e9s en c\u00e9ramique"},"content":{"rendered":"<div class=\"wp-block-columns is-layout-flex wp-container-core-columns-is-layout-9d6595d7 wp-block-columns-is-layout-flex\">\n<div class=\"wp-block-column is-layout-flow wp-block-column-is-layout-flow\">\n<h3 class=\"wp-block-heading\">Petits moules \u00e0 p\u00e2tisserie Premium Wholesale Caract\u00e9ristiques :<\/h3>\n\n\n\n<ul class=\"wp-block-list\">\n<li><strong>Design minimaliste :<\/strong> Ces petits moules \u00e0 p\u00e2tisserie en gros se caract\u00e9risent par un design carr\u00e9 blanc \u00e9pur\u00e9 et un style simple et polyvalent. Ils peuvent \u00eatre servis directement sur la table \u00e0 manger en tant que r\u00e9cipients, am\u00e9liorant ainsi l'ordre visuel du repas. Ils conviennent aux cuisines et aux salles \u00e0 manger de diff\u00e9rents styles de d\u00e9coration.<\/li>\n\n\n\n<li><strong>Petit moule carr\u00e9 :<\/strong> Ces petits moules en gros ont une capacit\u00e9 standard de 14 onces, une forme carr\u00e9e compacte, et conviennent \u00e0 la cuisson de g\u00e2teaux, de puddings, de plats de riz cuits au four, de desserts, de petites portions, et de nombreux autres plats.<\/li>\n\n\n\n<li><strong>Robuste et durable :<\/strong> Ces moules \u00e0 p\u00e2tisserie carr\u00e9s en c\u00e9ramique sont fabriqu\u00e9s en c\u00e9ramique de haute qualit\u00e9 par cuisson \u00e0 haute temp\u00e9rature, ce qui leur conf\u00e8re un certain degr\u00e9 de duret\u00e9 qui les rend moins sujets \u00e0 l'usure et \u00e0 la d\u00e9formation, et moins sensibles aux rayures des ustensiles de cuisine en m\u00e9tal, prolongeant ainsi leur dur\u00e9e de vie.<\/li>\n\n\n\n<li><strong>Facile \u00e0 nettoyer : <\/strong>Par rapport aux moules en m\u00e9tal ou en silicone, ces moules en c\u00e9ramique ont une surface lisse et dense, et les r\u00e9sidus alimentaires ont moins de chances d'y adh\u00e9rer. Ils sont faciles \u00e0 laver \u00e0 la main ou en machine et \u00e0 entretenir.<\/li>\n<\/ul>\n<\/div>\n\n\n\n<div class=\"wp-block-column is-layout-flow wp-block-column-is-layout-flow\">\n<figure class=\"wp-block-image size-full\"><img fetchpriority=\"high\" decoding=\"async\" width=\"2258\" height=\"2560\" src=\"https:\/\/jinhuaceramic.com\/wp-content\/uploads\/2025\/11\/White-Small-Custom-Baking-Pans-Ceramic-Kitchen-Bakeware-Wholesale-Baking-Dishes.webp\" alt=\"grossiste-petits-plats de cuisson-carr\u00e9s-c\u00e9ramiques-approvisionnement-1\" class=\"wp-image-11296\" srcset=\"https:\/\/jinhuaceramic.com\/wp-content\/uploads\/2025\/11\/White-Small-Custom-Baking-Pans-Ceramic-Kitchen-Bakeware-Wholesale-Baking-Dishes.webp 2258w, https:\/\/jinhuaceramic.com\/wp-content\/uploads\/2025\/11\/White-Small-Custom-Baking-Pans-Ceramic-Kitchen-Bakeware-Wholesale-Baking-Dishes-265x300.webp 265w, https:\/\/jinhuaceramic.com\/wp-content\/uploads\/2025\/11\/White-Small-Custom-Baking-Pans-Ceramic-Kitchen-Bakeware-Wholesale-Baking-Dishes-768x871.webp 768w, https:\/\/jinhuaceramic.com\/wp-content\/uploads\/2025\/11\/White-Small-Custom-Baking-Pans-Ceramic-Kitchen-Bakeware-Wholesale-Baking-Dishes-11x12.webp 11w, https:\/\/jinhuaceramic.com\/wp-content\/uploads\/2025\/11\/White-Small-Custom-Baking-Pans-Ceramic-Kitchen-Bakeware-Wholesale-Baking-Dishes-285x323.webp 285w, https:\/\/jinhuaceramic.com\/wp-content\/uploads\/2025\/11\/White-Small-Custom-Baking-Pans-Ceramic-Kitchen-Bakeware-Wholesale-Baking-Dishes-1600x1814.webp 1600w, https:\/\/jinhuaceramic.com\/wp-content\/uploads\/2025\/11\/White-Small-Custom-Baking-Pans-Ceramic-Kitchen-Bakeware-Wholesale-Baking-Dishes-582x660.webp 582w, https:\/\/jinhuaceramic.com\/wp-content\/uploads\/2025\/11\/White-Small-Custom-Baking-Pans-Ceramic-Kitchen-Bakeware-Wholesale-Baking-Dishes-132x150.webp 132w\" sizes=\"(max-width: 2258px) 100vw, 2258px\" \/><\/figure>\n<\/div>\n<\/div>","protected":false},"excerpt":{"rendered":"<p>Ces petits moules \u00e0 p\u00e2tisserie sont fabriqu\u00e9s en porcelaine haute temp\u00e9rature et con\u00e7us pour un usage commercial polyvalent. Passant au four, au micro-ondes, au lave-vaisselle et au r\u00e9frig\u00e9rateur, ils offrent un gla\u00e7age lisse, une construction durable et une taille id\u00e9ale pour les desserts, les plats cuits au four et les portions individuelles.<\/p>","protected":false},"featured_media":11292,"comment_status":"closed","ping_status":"closed","template":"","meta":{"_acf_changed":false},"product_brand":[],"product_cat":[53],"product_tag":[69,71],"class_list":{"0":"post-11289","1":"product","2":"type-product","3":"status-publish","4":"has-post-thumbnail","6":"product_cat-bakeware-in-bulk","7":"product_tag-bulk-ramekins","8":"product_tag-wholesale-baking-pans","10":"first","11":"instock","12":"shipping-taxable","13":"product-type-simple"},"acf":[],"_links":{"self":[{"href":"https:\/\/jinhuaceramic.com\/fr\/wp-json\/wp\/v2\/product\/11289","targetHints":{"allow":["GET"]}}],"collection":[{"href":"https:\/\/jinhuaceramic.com\/fr\/wp-json\/wp\/v2\/product"}],"about":[{"href":"https:\/\/jinhuaceramic.com\/fr\/wp-json\/wp\/v2\/types\/product"}],"replies":[{"embeddable":true,"href":"https:\/\/jinhuaceramic.com\/fr\/wp-json\/wp\/v2\/comments?post=11289"}],"version-history":[{"count":0,"href":"https:\/\/jinhuaceramic.com\/fr\/wp-json\/wp\/v2\/product\/11289\/revisions"}],"wp:featuredmedia":[{"embeddable":true,"href":"https:\/\/jinhuaceramic.com\/fr\/wp-json\/wp\/v2\/media\/11292"}],"wp:attachment":[{"href":"https:\/\/jinhuaceramic.com\/fr\/wp-json\/wp\/v2\/media?parent=11289"}],"wp:term":[{"taxonomy":"product_brand","embeddable":true,"href":"https:\/\/jinhuaceramic.com\/fr\/wp-json\/wp\/v2\/product_brand?post=11289"},{"taxonomy":"product_cat","embeddable":true,"href":"https:\/\/jinhuaceramic.com\/fr\/wp-json\/wp\/v2\/product_cat?post=11289"},{"taxonomy":"product_tag","embeddable":true,"href":"https:\/\/jinhuaceramic.com\/fr\/wp-json\/wp\/v2\/product_tag?post=11289"}],"curies":[{"name":"wp","href":"https:\/\/api.w.org\/{rel}","templated":true}]}}