{"id":11299,"date":"2025-12-04T02:37:35","date_gmt":"2025-12-04T02:37:35","guid":{"rendered":"https:\/\/jinhuaceramic.com\/?post_type=product&#038;p=11299"},"modified":"2025-12-04T02:37:38","modified_gmt":"2025-12-04T02:37:38","slug":"custom-small-ceramic-baking-pans","status":"publish","type":"product","link":"https:\/\/jinhuaceramic.com\/fr\/product\/custom-small-ceramic-baking-pans\/","title":{"rendered":"Petits moules en c\u00e9ramique personnalis\u00e9s, plats de cuisson allant au four en vrac"},"content":{"rendered":"<div class=\"wp-block-columns is-layout-flex wp-container-core-columns-is-layout-9d6595d7 wp-block-columns-is-layout-flex\">\n<div class=\"wp-block-column is-layout-flow wp-block-column-is-layout-flow\">\n<h3 class=\"wp-block-heading\">Petits moules \u00e0 p\u00e2tisserie en c\u00e9ramique Premium Custom Caract\u00e9ristiques :<\/h3>\n\n\n\n<ul class=\"wp-block-list\">\n<li><strong>Design \u00e9l\u00e9gant :<\/strong> Ces petits moules \u00e0 p\u00e2tisserie en c\u00e9ramique personnalis\u00e9s sont de couleur blanche avec des bordures noires, combin\u00e9es \u00e0 des textures ray\u00e9es verticales sur les c\u00f4t\u00e9s, cr\u00e9ant ainsi une combinaison de r\u00e9tro et de minimalisme. Les bordures noires rehaussent le raffinement visuel, tandis que les rayures augmentent l'adh\u00e9rence et ajoutent des couches \u00e0 l'apparence.<\/li>\n\n\n\n<li><strong>Mat\u00e9riaux de qualit\u00e9 sup\u00e9rieure : <\/strong>Ces plats \u00e0 four en c\u00e9ramique de haute qualit\u00e9 sont fabriqu\u00e9s en c\u00e9ramique r\u00e9sistante aux temp\u00e9ratures \u00e9lev\u00e9es, ce qui garantit une utilisation stable dans le four, sans fissure, sans d\u00e9formation et sans absorption d'odeurs. La surface n'est pas recouverte d'un rev\u00eatement chimique et ne lib\u00e8re pas de substances nocives pendant l'utilisation, r\u00e9pondant ainsi aux exigences d'une alimentation saine.<\/li>\n\n\n\n<li><strong>Tr\u00e8s pratique : <\/strong>Ces petits moules rectangulaires peuvent \u00eatre empil\u00e9s, ce qui permet de gagner de la place dans la cuisine. Ces petits moules peuvent \u00eatre utilis\u00e9s individuellement pour pr\u00e9parer des plats de riz et de l\u00e9gumes en portions individuelles, ou combin\u00e9s pour r\u00e9pondre aux besoins de plusieurs convives, ce qui les rend tr\u00e8s pratiques.<\/li>\n\n\n\n<li><strong>Compatibilit\u00e9 multifonctionnelle :<\/strong> Ces petits moules en c\u00e9ramique personnalis\u00e9s sont directement compatibles avec les fours, les micro-ondes, les lave-vaisselle et les r\u00e9frig\u00e9rateurs, r\u00e9pondant ainsi aux besoins polyvalents des cuisines domestiques et commerciales.<\/li>\n<\/ul>\n<\/div>\n\n\n\n<div class=\"wp-block-column is-layout-flow wp-block-column-is-layout-flow\">\n<figure class=\"wp-block-image size-full\"><img fetchpriority=\"high\" decoding=\"async\" width=\"1600\" height=\"1600\" src=\"https:\/\/jinhuaceramic.com\/wp-content\/uploads\/2025\/11\/Custom-Made-Small-Baking-Pan-Set-Ceramic-Kitchen-Wholesale-Casserole-Dishes-4.webp\" alt=\"custom-small-ceramic-baking-pans-oven-safe-baking-dish-bulk-4\" class=\"wp-image-11302\" srcset=\"https:\/\/jinhuaceramic.com\/wp-content\/uploads\/2025\/11\/Custom-Made-Small-Baking-Pan-Set-Ceramic-Kitchen-Wholesale-Casserole-Dishes-4.webp 1600w, https:\/\/jinhuaceramic.com\/wp-content\/uploads\/2025\/11\/Custom-Made-Small-Baking-Pan-Set-Ceramic-Kitchen-Wholesale-Casserole-Dishes-4-300x300.webp 300w, https:\/\/jinhuaceramic.com\/wp-content\/uploads\/2025\/11\/Custom-Made-Small-Baking-Pan-Set-Ceramic-Kitchen-Wholesale-Casserole-Dishes-4-150x150.webp 150w, https:\/\/jinhuaceramic.com\/wp-content\/uploads\/2025\/11\/Custom-Made-Small-Baking-Pan-Set-Ceramic-Kitchen-Wholesale-Casserole-Dishes-4-768x768.webp 768w, https:\/\/jinhuaceramic.com\/wp-content\/uploads\/2025\/11\/Custom-Made-Small-Baking-Pan-Set-Ceramic-Kitchen-Wholesale-Casserole-Dishes-4-12x12.webp 12w, https:\/\/jinhuaceramic.com\/wp-content\/uploads\/2025\/11\/Custom-Made-Small-Baking-Pan-Set-Ceramic-Kitchen-Wholesale-Casserole-Dishes-4-285x285.webp 285w, https:\/\/jinhuaceramic.com\/wp-content\/uploads\/2025\/11\/Custom-Made-Small-Baking-Pan-Set-Ceramic-Kitchen-Wholesale-Casserole-Dishes-4-270x270.webp 270w, https:\/\/jinhuaceramic.com\/wp-content\/uploads\/2025\/11\/Custom-Made-Small-Baking-Pan-Set-Ceramic-Kitchen-Wholesale-Casserole-Dishes-4-540x540.webp 540w, https:\/\/jinhuaceramic.com\/wp-content\/uploads\/2025\/11\/Custom-Made-Small-Baking-Pan-Set-Ceramic-Kitchen-Wholesale-Casserole-Dishes-4-660x660.webp 660w\" sizes=\"(max-width: 1600px) 100vw, 1600px\" \/><\/figure>\n<\/div>\n<\/div>","protected":false},"excerpt":{"rendered":"<p>Nous vous invitons \u00e0 acheter ces petits moules \u00e0 p\u00e2tisserie en c\u00e9ramique personnalis\u00e9s, dont la forme rectangulaire compacte et exquise, la taille et la capacit\u00e9 appropri\u00e9es, ainsi que le mat\u00e9riau c\u00e9ramique de haute qualit\u00e9, en font des outils pratiques qui peuvent \u00eatre utilis\u00e9s sans danger dans les fours, les micro-ondes, les cong\u00e9lateurs et les lave-vaisselle. Qu'il s'agisse d'un usage quotidien \u00e0 la maison ou d'un usage commercial dans les restaurants, ils conviennent parfaitement.<\/p>","protected":false},"featured_media":11300,"comment_status":"closed","ping_status":"closed","template":"","meta":{"_acf_changed":false},"product_brand":[],"product_cat":[53],"product_tag":[71],"class_list":{"0":"post-11299","1":"product","2":"type-product","3":"status-publish","4":"has-post-thumbnail","6":"product_cat-bakeware-in-bulk","7":"product_tag-wholesale-baking-pans","9":"first","10":"instock","11":"shipping-taxable","12":"product-type-simple"},"acf":[],"_links":{"self":[{"href":"https:\/\/jinhuaceramic.com\/fr\/wp-json\/wp\/v2\/product\/11299","targetHints":{"allow":["GET"]}}],"collection":[{"href":"https:\/\/jinhuaceramic.com\/fr\/wp-json\/wp\/v2\/product"}],"about":[{"href":"https:\/\/jinhuaceramic.com\/fr\/wp-json\/wp\/v2\/types\/product"}],"replies":[{"embeddable":true,"href":"https:\/\/jinhuaceramic.com\/fr\/wp-json\/wp\/v2\/comments?post=11299"}],"version-history":[{"count":0,"href":"https:\/\/jinhuaceramic.com\/fr\/wp-json\/wp\/v2\/product\/11299\/revisions"}],"wp:featuredmedia":[{"embeddable":true,"href":"https:\/\/jinhuaceramic.com\/fr\/wp-json\/wp\/v2\/media\/11300"}],"wp:attachment":[{"href":"https:\/\/jinhuaceramic.com\/fr\/wp-json\/wp\/v2\/media?parent=11299"}],"wp:term":[{"taxonomy":"product_brand","embeddable":true,"href":"https:\/\/jinhuaceramic.com\/fr\/wp-json\/wp\/v2\/product_brand?post=11299"},{"taxonomy":"product_cat","embeddable":true,"href":"https:\/\/jinhuaceramic.com\/fr\/wp-json\/wp\/v2\/product_cat?post=11299"},{"taxonomy":"product_tag","embeddable":true,"href":"https:\/\/jinhuaceramic.com\/fr\/wp-json\/wp\/v2\/product_tag?post=11299"}],"curies":[{"name":"wp","href":"https:\/\/api.w.org\/{rel}","templated":true}]}}