{"id":11309,"date":"2025-12-04T03:38:03","date_gmt":"2025-12-04T03:38:03","guid":{"rendered":"https:\/\/jinhuaceramic.com\/?post_type=product&#038;p=11309"},"modified":"2025-12-04T03:38:07","modified_gmt":"2025-12-04T03:38:07","slug":"custom-candle-vessels-wholesale","status":"publish","type":"product","link":"https:\/\/jinhuaceramic.com\/fr\/product\/custom-candle-vessels-wholesale\/","title":{"rendered":"Vases \u00e0 bougie personnalis\u00e9s en c\u00e9ramique Wholesale, Pots \u00e0 bougie ray\u00e9s"},"content":{"rendered":"<div class=\"wp-block-columns is-layout-flex wp-container-core-columns-is-layout-9d6595d7 wp-block-columns-is-layout-flex\">\n<div class=\"wp-block-column is-layout-flow wp-block-column-is-layout-flow\">\n<h3 class=\"wp-block-heading\">Caract\u00e9ristiques des r\u00e9cipients pour bougies personnalis\u00e9s haut de gamme vendus en gros :<\/h3>\n\n\n\n<ul class=\"wp-block-list\">\n<li><strong>Motif ray\u00e9 :<\/strong> Ces bougeoirs personnalis\u00e9s vendus en gros pr\u00e9sentent une couleur de base cr\u00e8me avec des rayures verticales color\u00e9es irr\u00e9guli\u00e8res dessin\u00e9es \u00e0 la main, cr\u00e9ant un style vivant et r\u00e9tro qui combine la fra\u00eecheur de la campagne fran\u00e7aise avec le cachet artistique des tissus d'ameublement modernes, ce qui en fait un \u00e9l\u00e9ment visuel phare dans la pi\u00e8ce.<\/li>\n\n\n\n<li><strong>Forme unique :<\/strong> Ces r\u00e9cipients \u00e0 bougies personnalis\u00e9s vendus en gros sont con\u00e7us avec une forme \u201c tambour cintr\u00e9 \u201d, avec des lignes douces et fluides qui rompent avec la monotonie des pots \u00e0 bougies cylindriques conventionnels. Associ\u00e9s \u00e0 des \u00e9l\u00e9ments ray\u00e9s, ils sont plus structur\u00e9s et peuvent \u00eatre utilis\u00e9s comme objets d\u00e9coratifs ind\u00e9pendants, m\u00eame sans bougies.<\/li>\n\n\n\n<li><strong>Diverses couleurs :<\/strong> Ces pots \u00e0 bougies personnalis\u00e9s sont disponibles en plusieurs couleurs ray\u00e9es, telles que le jaune, le rose, le bleu, le vert et le rouge, qui peuvent s'adapter \u00e0 diff\u00e9rents styles d'int\u00e9rieur et pr\u00e9f\u00e9rences personnelles, r\u00e9pondant ainsi \u00e0 diff\u00e9rents besoins en mati\u00e8re d'assortiment de tissus d'ameublement.<\/li>\n\n\n\n<li><strong>Mat\u00e9riau durable : <\/strong>Ces pots \u00e0 bougies vendus en gros sont fabriqu\u00e9s \u00e0 partir de mat\u00e9riaux c\u00e9ramiques de haute qualit\u00e9, qui pr\u00e9sentent une bonne r\u00e9sistance \u00e0 la chaleur et \u00e0 la corrosion. Ce mat\u00e9riau est non seulement s\u00fbr et respectueux de l'environnement, mais il permet \u00e9galement de conserver longtemps la beaut\u00e9 et la fonctionnalit\u00e9 des pots \u00e0 bougies.<\/li>\n<\/ul>\n<\/div>\n\n\n\n<div class=\"wp-block-column is-layout-flow wp-block-column-is-layout-flow\">\n<figure class=\"wp-block-image size-full\"><img fetchpriority=\"high\" decoding=\"async\" width=\"1050\" height=\"1050\" src=\"https:\/\/jinhuaceramic.com\/wp-content\/uploads\/2025\/12\/Striped-Candle-Jar-with-Various-Colors-Ceramic-Custom-Candle-Vessels-Wholesale-4.webp\" alt=\"bougies-en-c\u00e9ramique-sur-mesure-vente-en-gros-pots-\u00e0-bougies-ray\u00e9s-4\" class=\"wp-image-11312\" srcset=\"https:\/\/jinhuaceramic.com\/wp-content\/uploads\/2025\/12\/Striped-Candle-Jar-with-Various-Colors-Ceramic-Custom-Candle-Vessels-Wholesale-4.webp 1050w, https:\/\/jinhuaceramic.com\/wp-content\/uploads\/2025\/12\/Striped-Candle-Jar-with-Various-Colors-Ceramic-Custom-Candle-Vessels-Wholesale-4-300x300.webp 300w, https:\/\/jinhuaceramic.com\/wp-content\/uploads\/2025\/12\/Striped-Candle-Jar-with-Various-Colors-Ceramic-Custom-Candle-Vessels-Wholesale-4-150x150.webp 150w, https:\/\/jinhuaceramic.com\/wp-content\/uploads\/2025\/12\/Striped-Candle-Jar-with-Various-Colors-Ceramic-Custom-Candle-Vessels-Wholesale-4-768x768.webp 768w, https:\/\/jinhuaceramic.com\/wp-content\/uploads\/2025\/12\/Striped-Candle-Jar-with-Various-Colors-Ceramic-Custom-Candle-Vessels-Wholesale-4-12x12.webp 12w, https:\/\/jinhuaceramic.com\/wp-content\/uploads\/2025\/12\/Striped-Candle-Jar-with-Various-Colors-Ceramic-Custom-Candle-Vessels-Wholesale-4-285x285.webp 285w, https:\/\/jinhuaceramic.com\/wp-content\/uploads\/2025\/12\/Striped-Candle-Jar-with-Various-Colors-Ceramic-Custom-Candle-Vessels-Wholesale-4-270x270.webp 270w, https:\/\/jinhuaceramic.com\/wp-content\/uploads\/2025\/12\/Striped-Candle-Jar-with-Various-Colors-Ceramic-Custom-Candle-Vessels-Wholesale-4-540x540.webp 540w, https:\/\/jinhuaceramic.com\/wp-content\/uploads\/2025\/12\/Striped-Candle-Jar-with-Various-Colors-Ceramic-Custom-Candle-Vessels-Wholesale-4-660x660.webp 660w\" sizes=\"(max-width: 1050px) 100vw, 1050px\" \/><\/figure>\n<\/div>\n<\/div>","protected":false},"excerpt":{"rendered":"<p>Bienvenue pour acheter en gros ces bougeoirs personnalis\u00e9s au design r\u00e9tro ray\u00e9, \u00e0 la forme unique, aux couleurs vari\u00e9es et en c\u00e9ramique durable. Ils deviennent des accessoires de d\u00e9coration qui allient valeur d\u00e9corative et pratique. Ils peuvent cr\u00e9er une atmosph\u00e8re chaleureuse et confortable, et les diff\u00e9rentes combinaisons de couleurs s'adaptent \u00e9galement \u00e0 diff\u00e9rents styles d'int\u00e9rieur, ce qui en fait un choix de grande qualit\u00e9 pour rehausser la texture de l'espace.<\/p>","protected":false},"featured_media":11311,"comment_status":"closed","ping_status":"closed","template":"","meta":{"_acf_changed":false},"product_brand":[],"product_cat":[52],"product_tag":[66],"class_list":{"0":"post-11309","1":"product","2":"type-product","3":"status-publish","4":"has-post-thumbnail","6":"product_cat-wholesale-candle-containers","7":"product_tag-candle-jars-wholesale","9":"first","10":"instock","11":"shipping-taxable","12":"product-type-simple"},"acf":[],"_links":{"self":[{"href":"https:\/\/jinhuaceramic.com\/fr\/wp-json\/wp\/v2\/product\/11309","targetHints":{"allow":["GET"]}}],"collection":[{"href":"https:\/\/jinhuaceramic.com\/fr\/wp-json\/wp\/v2\/product"}],"about":[{"href":"https:\/\/jinhuaceramic.com\/fr\/wp-json\/wp\/v2\/types\/product"}],"replies":[{"embeddable":true,"href":"https:\/\/jinhuaceramic.com\/fr\/wp-json\/wp\/v2\/comments?post=11309"}],"version-history":[{"count":0,"href":"https:\/\/jinhuaceramic.com\/fr\/wp-json\/wp\/v2\/product\/11309\/revisions"}],"wp:featuredmedia":[{"embeddable":true,"href":"https:\/\/jinhuaceramic.com\/fr\/wp-json\/wp\/v2\/media\/11311"}],"wp:attachment":[{"href":"https:\/\/jinhuaceramic.com\/fr\/wp-json\/wp\/v2\/media?parent=11309"}],"wp:term":[{"taxonomy":"product_brand","embeddable":true,"href":"https:\/\/jinhuaceramic.com\/fr\/wp-json\/wp\/v2\/product_brand?post=11309"},{"taxonomy":"product_cat","embeddable":true,"href":"https:\/\/jinhuaceramic.com\/fr\/wp-json\/wp\/v2\/product_cat?post=11309"},{"taxonomy":"product_tag","embeddable":true,"href":"https:\/\/jinhuaceramic.com\/fr\/wp-json\/wp\/v2\/product_tag?post=11309"}],"curies":[{"name":"wp","href":"https:\/\/api.w.org\/{rel}","templated":true}]}}