{"id":11344,"date":"2025-12-04T03:23:47","date_gmt":"2025-12-04T03:23:47","guid":{"rendered":"https:\/\/jinhuaceramic.com\/?post_type=product&#038;p=11344"},"modified":"2025-12-04T03:23:51","modified_gmt":"2025-12-04T03:23:51","slug":"ceramic-baking-pan-set-in-bulk","status":"publish","type":"product","link":"https:\/\/jinhuaceramic.com\/fr\/product\/ceramic-baking-pan-set-in-bulk\/","title":{"rendered":"Set de moules en c\u00e9ramique rouge personnalis\u00e9s en vrac avec bords ondul\u00e9s"},"content":{"rendered":"<div class=\"wp-block-columns is-layout-flex wp-container-core-columns-is-layout-9d6595d7 wp-block-columns-is-layout-flex\">\n<div class=\"wp-block-column is-layout-flow wp-block-column-is-layout-flow\">\n<h3 class=\"wp-block-heading\">Premium Red Ceramic Baking Pan Set In Bulk\u00a0Features:<\/h3>\n\n\n\n<ul class=\"wp-block-list\">\n<li><strong>Premium materials:<\/strong> This ceramic baking pan set in bulk is made of high-quality ceramic material, possessing excellent heat and cold resistance. They can withstand high-temperature baking and low-temperature refrigeration without easily breaking or deforming, meeting the needs of both home and professional restaurant baking.<\/li>\n\n\n\n<li><strong>Design \u00e9l\u00e9gant :<\/strong> These custom bakeware sets feature a contrasting design of red outer glaze and white inner glaze, creating a strong visual contrast. Paired with wavy edges, they break away from the simple lines of conventional baking trays, creating a lively and dynamic style.<\/li>\n\n\n\n<li><strong>Des d\u00e9tails bien pens\u00e9s : <\/strong>The double ear design of this ceramic baking pan set in bulk is easy to pick up, especially when the baking pan is filled with food, providing a better grip and stability. The wavy edges not only enhance the sense of design but also facilitate the crispy edges of baked ingredients.<\/li>\n\n\n\n<li><strong>Diff\u00e9rentes tailles : <\/strong>These custom bakeware sets come in 3 sizes. These small sizes can be used to make single-person dishes, medium sizes that are suitable for home grilled chicken wings and cheese spaghetti, and large sizes accommodate whole roasted chicken or large portion dishes, meeting various cooking needs from single meals to group meals.<\/li>\n<\/ul>\n<\/div>\n\n\n\n<div class=\"wp-block-column is-layout-flow wp-block-column-is-layout-flow\">\n<figure class=\"wp-block-image size-full\"><img fetchpriority=\"high\" decoding=\"async\" width=\"1001\" height=\"1001\" src=\"https:\/\/jinhuaceramic.com\/wp-content\/uploads\/2025\/12\/Red-Baking-Dish-Set-with-Wavy-Edges-Ceramic-Food-Service-Baking-Pans-Wholesale-4.webp\" alt=\"custom-red-ceramic-baking-pan-set-in-bulk-with-wavy-edges-4\" class=\"wp-image-11347\" srcset=\"https:\/\/jinhuaceramic.com\/wp-content\/uploads\/2025\/12\/Red-Baking-Dish-Set-with-Wavy-Edges-Ceramic-Food-Service-Baking-Pans-Wholesale-4.webp 1001w, https:\/\/jinhuaceramic.com\/wp-content\/uploads\/2025\/12\/Red-Baking-Dish-Set-with-Wavy-Edges-Ceramic-Food-Service-Baking-Pans-Wholesale-4-300x300.webp 300w, https:\/\/jinhuaceramic.com\/wp-content\/uploads\/2025\/12\/Red-Baking-Dish-Set-with-Wavy-Edges-Ceramic-Food-Service-Baking-Pans-Wholesale-4-150x150.webp 150w, https:\/\/jinhuaceramic.com\/wp-content\/uploads\/2025\/12\/Red-Baking-Dish-Set-with-Wavy-Edges-Ceramic-Food-Service-Baking-Pans-Wholesale-4-768x768.webp 768w, https:\/\/jinhuaceramic.com\/wp-content\/uploads\/2025\/12\/Red-Baking-Dish-Set-with-Wavy-Edges-Ceramic-Food-Service-Baking-Pans-Wholesale-4-12x12.webp 12w, https:\/\/jinhuaceramic.com\/wp-content\/uploads\/2025\/12\/Red-Baking-Dish-Set-with-Wavy-Edges-Ceramic-Food-Service-Baking-Pans-Wholesale-4-285x285.webp 285w, https:\/\/jinhuaceramic.com\/wp-content\/uploads\/2025\/12\/Red-Baking-Dish-Set-with-Wavy-Edges-Ceramic-Food-Service-Baking-Pans-Wholesale-4-270x270.webp 270w, https:\/\/jinhuaceramic.com\/wp-content\/uploads\/2025\/12\/Red-Baking-Dish-Set-with-Wavy-Edges-Ceramic-Food-Service-Baking-Pans-Wholesale-4-540x540.webp 540w, https:\/\/jinhuaceramic.com\/wp-content\/uploads\/2025\/12\/Red-Baking-Dish-Set-with-Wavy-Edges-Ceramic-Food-Service-Baking-Pans-Wholesale-4-660x660.webp 660w\" sizes=\"(max-width: 1001px) 100vw, 1001px\" \/><\/figure>\n<\/div>\n<\/div>","protected":false},"excerpt":{"rendered":"<p>Welcome to purchase this red ceramic baking pan set in bulk, featuring elegant wavy edges, a durable high-temperature ceramic body, and a versatile rectangular design. The multi-size and functional make them more practical and suitable for various cooking tasks. Great for baking brands, kitchen wholesalers and\u2002OEM\/ODM customisation.<\/p>\n<p>&nbsp;<\/p>","protected":false},"featured_media":11349,"comment_status":"closed","ping_status":"closed","template":"","meta":{"_acf_changed":false},"product_brand":[],"product_cat":[53],"product_tag":[71],"class_list":{"0":"post-11344","1":"product","2":"type-product","3":"status-publish","4":"has-post-thumbnail","6":"product_cat-bakeware-in-bulk","7":"product_tag-wholesale-baking-pans","9":"first","10":"instock","11":"shipping-taxable","12":"product-type-simple"},"acf":[],"_links":{"self":[{"href":"https:\/\/jinhuaceramic.com\/fr\/wp-json\/wp\/v2\/product\/11344","targetHints":{"allow":["GET"]}}],"collection":[{"href":"https:\/\/jinhuaceramic.com\/fr\/wp-json\/wp\/v2\/product"}],"about":[{"href":"https:\/\/jinhuaceramic.com\/fr\/wp-json\/wp\/v2\/types\/product"}],"replies":[{"embeddable":true,"href":"https:\/\/jinhuaceramic.com\/fr\/wp-json\/wp\/v2\/comments?post=11344"}],"version-history":[{"count":0,"href":"https:\/\/jinhuaceramic.com\/fr\/wp-json\/wp\/v2\/product\/11344\/revisions"}],"wp:featuredmedia":[{"embeddable":true,"href":"https:\/\/jinhuaceramic.com\/fr\/wp-json\/wp\/v2\/media\/11349"}],"wp:attachment":[{"href":"https:\/\/jinhuaceramic.com\/fr\/wp-json\/wp\/v2\/media?parent=11344"}],"wp:term":[{"taxonomy":"product_brand","embeddable":true,"href":"https:\/\/jinhuaceramic.com\/fr\/wp-json\/wp\/v2\/product_brand?post=11344"},{"taxonomy":"product_cat","embeddable":true,"href":"https:\/\/jinhuaceramic.com\/fr\/wp-json\/wp\/v2\/product_cat?post=11344"},{"taxonomy":"product_tag","embeddable":true,"href":"https:\/\/jinhuaceramic.com\/fr\/wp-json\/wp\/v2\/product_tag?post=11344"}],"curies":[{"name":"wp","href":"https:\/\/api.w.org\/{rel}","templated":true}]}}