{"id":11360,"date":"2025-12-04T07:22:43","date_gmt":"2025-12-04T07:22:43","guid":{"rendered":"https:\/\/jinhuaceramic.com\/?post_type=product&#038;p=11360"},"modified":"2025-12-04T07:22:48","modified_gmt":"2025-12-04T07:22:48","slug":"green-bathroom-set-wholesale","status":"publish","type":"product","link":"https:\/\/jinhuaceramic.com\/fr\/product\/green-bathroom-set-wholesale\/","title":{"rendered":"Set de salle de bain vert Wholesale, Accessoire de salle de bain en c\u00e9ramique personnalis\u00e9"},"content":{"rendered":"<div class=\"wp-block-columns is-layout-flex wp-container-core-columns-is-layout-9d6595d7 wp-block-columns-is-layout-flex\">\n<div class=\"wp-block-column is-layout-flow wp-block-column-is-layout-flow\">\n<h3 class=\"wp-block-heading\">Premium Fresh Green Bathroom Set Wholesale Caract\u00e9ristiques :<\/h3>\n\n\n\n<ul class=\"wp-block-list\">\n<li><strong>Style frais :<\/strong> Cet ensemble de salle de bain vert en gros se caract\u00e9rise par une douce palette de couleurs vert clair, avec un style frais et bienfaisant. La texture ressemblant \u00e0 des \u00e9pis de bl\u00e9 sur la surface ajoute une couche visuelle, ce qui donne \u00e0 l'ensemble un aspect plus exquis et haut de gamme.<\/li>\n\n\n\n<li><strong>Mat\u00e9riau c\u00e9ramique de haute qualit\u00e9 : <\/strong>Cet ensemble de salle de bains vert est fabriqu\u00e9 en c\u00e9ramique \u00e0 haute temp\u00e9rature, il a une structure stable, n'est pas facile \u00e0 d\u00e9colorer, a une gla\u00e7ure d\u00e9licate et brillante, une forte r\u00e9sistance aux taches, et peut \u00eatre gard\u00e9 propre avec un simple rin\u00e7age quotidien.<\/li>\n\n\n\n<li><strong>Grande praticit\u00e9 :<\/strong> Ces ensembles de salle de bains en c\u00e9ramique personnalis\u00e9s comprennent des distributeurs de savon, des porte-brosses \u00e0 dents, des pots de rangement couverts, des porte-savons et d'autres accessoires de salle de bains. Ils permettent de ranger s\u00e9par\u00e9ment le d\u00e9sinfectant pour les mains\/le shampoing, les brosses \u00e0 dents, les cotons-tiges\/boules et le savon, ce qui permet de classer et de ranger les articles de toilette de la salle de bains en un seul endroit et de dire adieu \u00e0 l'encombrement du comptoir.<\/li>\n\n\n\n<li><strong>Convient \u00e0 diff\u00e9rents styles de salles de bains :<\/strong> Cet ensemble de salle de bains vert s'accorde facilement avec le bois, le blanc et les carreaux de couleur claire, ce qui le rend adapt\u00e9 aux styles moderne, scandinave et naturel, entre autres. Ils conviennent \u00e9galement aux projets h\u00f4teliers \u00e0 grande \u00e9chelle, aux supermarch\u00e9s, au commerce \u00e9lectronique transfrontalier et \u00e0 la personnalisation des marques.<\/li>\n<\/ul>\n<\/div>\n\n\n\n<div class=\"wp-block-column is-layout-flow wp-block-column-is-layout-flow\">\n<figure class=\"wp-block-image size-full\"><img fetchpriority=\"high\" decoding=\"async\" width=\"2560\" height=\"2560\" src=\"https:\/\/jinhuaceramic.com\/wp-content\/uploads\/2025\/12\/Fresh-Green-Bathroom-Set-Ceramic-Custom-Made-Bathroom-Accessories-Wholesale-4.webp\" alt=\"green-bathroom-set-wholesale-custom-ceramic-bath-accessory-4\" class=\"wp-image-11363\" srcset=\"https:\/\/jinhuaceramic.com\/wp-content\/uploads\/2025\/12\/Fresh-Green-Bathroom-Set-Ceramic-Custom-Made-Bathroom-Accessories-Wholesale-4.webp 2560w, https:\/\/jinhuaceramic.com\/wp-content\/uploads\/2025\/12\/Fresh-Green-Bathroom-Set-Ceramic-Custom-Made-Bathroom-Accessories-Wholesale-4-300x300.webp 300w, https:\/\/jinhuaceramic.com\/wp-content\/uploads\/2025\/12\/Fresh-Green-Bathroom-Set-Ceramic-Custom-Made-Bathroom-Accessories-Wholesale-4-150x150.webp 150w, https:\/\/jinhuaceramic.com\/wp-content\/uploads\/2025\/12\/Fresh-Green-Bathroom-Set-Ceramic-Custom-Made-Bathroom-Accessories-Wholesale-4-768x768.webp 768w, https:\/\/jinhuaceramic.com\/wp-content\/uploads\/2025\/12\/Fresh-Green-Bathroom-Set-Ceramic-Custom-Made-Bathroom-Accessories-Wholesale-4-12x12.webp 12w, https:\/\/jinhuaceramic.com\/wp-content\/uploads\/2025\/12\/Fresh-Green-Bathroom-Set-Ceramic-Custom-Made-Bathroom-Accessories-Wholesale-4-285x285.webp 285w, https:\/\/jinhuaceramic.com\/wp-content\/uploads\/2025\/12\/Fresh-Green-Bathroom-Set-Ceramic-Custom-Made-Bathroom-Accessories-Wholesale-4-1600x1600.webp 1600w, https:\/\/jinhuaceramic.com\/wp-content\/uploads\/2025\/12\/Fresh-Green-Bathroom-Set-Ceramic-Custom-Made-Bathroom-Accessories-Wholesale-4-270x270.webp 270w, https:\/\/jinhuaceramic.com\/wp-content\/uploads\/2025\/12\/Fresh-Green-Bathroom-Set-Ceramic-Custom-Made-Bathroom-Accessories-Wholesale-4-540x540.webp 540w, https:\/\/jinhuaceramic.com\/wp-content\/uploads\/2025\/12\/Fresh-Green-Bathroom-Set-Ceramic-Custom-Made-Bathroom-Accessories-Wholesale-4-660x660.webp 660w\" sizes=\"(max-width: 2560px) 100vw, 2560px\" \/><\/figure>\n<\/div>\n<\/div>","protected":false},"excerpt":{"rendered":"<p>Nous vous invitons \u00e0 acheter en gros notre set de salle de bain vert, qui allie praticit\u00e9 et esth\u00e9tique. Il permet non seulement de rehausser le style de la salle de bain avec un style frais et doux, mais aussi de rendre le processus de lavage plus pratique gr\u00e2ce \u00e0 un rangement scientifique. Fabriqu\u00e9 en c\u00e9ramique durable \u00e0 haute temp\u00e9rature, il est facile \u00e0 nettoyer, r\u00e9sistant \u00e0 l'humidit\u00e9 et id\u00e9al pour les h\u00f4tels, les d\u00e9taillants et les marques de d\u00e9coration int\u00e9rieure.<\/p>","protected":false},"featured_media":11362,"comment_status":"closed","ping_status":"closed","template":"","meta":{"_acf_changed":false},"product_brand":[],"product_cat":[51],"product_tag":[74],"class_list":{"0":"post-11360","1":"product","2":"type-product","3":"status-publish","4":"has-post-thumbnail","6":"product_cat-bathroom-accessories-wholesale","7":"product_tag-ceramic-bath-accessories-wholesale","9":"first","10":"instock","11":"shipping-taxable","12":"product-type-simple"},"acf":[],"_links":{"self":[{"href":"https:\/\/jinhuaceramic.com\/fr\/wp-json\/wp\/v2\/product\/11360","targetHints":{"allow":["GET"]}}],"collection":[{"href":"https:\/\/jinhuaceramic.com\/fr\/wp-json\/wp\/v2\/product"}],"about":[{"href":"https:\/\/jinhuaceramic.com\/fr\/wp-json\/wp\/v2\/types\/product"}],"replies":[{"embeddable":true,"href":"https:\/\/jinhuaceramic.com\/fr\/wp-json\/wp\/v2\/comments?post=11360"}],"version-history":[{"count":0,"href":"https:\/\/jinhuaceramic.com\/fr\/wp-json\/wp\/v2\/product\/11360\/revisions"}],"wp:featuredmedia":[{"embeddable":true,"href":"https:\/\/jinhuaceramic.com\/fr\/wp-json\/wp\/v2\/media\/11362"}],"wp:attachment":[{"href":"https:\/\/jinhuaceramic.com\/fr\/wp-json\/wp\/v2\/media?parent=11360"}],"wp:term":[{"taxonomy":"product_brand","embeddable":true,"href":"https:\/\/jinhuaceramic.com\/fr\/wp-json\/wp\/v2\/product_brand?post=11360"},{"taxonomy":"product_cat","embeddable":true,"href":"https:\/\/jinhuaceramic.com\/fr\/wp-json\/wp\/v2\/product_cat?post=11360"},{"taxonomy":"product_tag","embeddable":true,"href":"https:\/\/jinhuaceramic.com\/fr\/wp-json\/wp\/v2\/product_tag?post=11360"}],"curies":[{"name":"wp","href":"https:\/\/api.w.org\/{rel}","templated":true}]}}