{"id":11401,"date":"2025-12-11T03:13:51","date_gmt":"2025-12-11T03:13:51","guid":{"rendered":"https:\/\/jinhuaceramic.com\/?post_type=product&#038;p=11401"},"modified":"2025-12-11T03:13:57","modified_gmt":"2025-12-11T03:13:57","slug":"custom-blue-ceramic-baking-dish","status":"publish","type":"product","link":"https:\/\/jinhuaceramic.com\/fr\/product\/custom-blue-ceramic-baking-dish\/","title":{"rendered":"Plat de cuisson en c\u00e9ramique bleu personnalis\u00e9 en vrac avec texture goutte"},"content":{"rendered":"<div class=\"wp-block-columns is-layout-flex wp-container-core-columns-is-layout-9d6595d7 wp-block-columns-is-layout-flex\">\n<div class=\"wp-block-column is-layout-flow wp-block-column-is-layout-flow\">\n<h3 class=\"wp-block-heading\">Plat \u00e0 four en c\u00e9ramique bleu personnalis\u00e9 de qualit\u00e9 sup\u00e9rieure Caract\u00e9ristiques :<\/h3>\n\n\n\n<ul class=\"wp-block-list\">\n<li><strong>Design unique : <\/strong>Ces plats \u00e0 four en c\u00e9ramique bleue personnalis\u00e9s sont con\u00e7us avec une couleur de base bleu clair et une texture d\u00e9grad\u00e9e gris-bleu, qui est \u00e0 la fois d\u00e9contract\u00e9e et artistique. Ils ont une texture unique dessin\u00e9e \u00e0 la main et peuvent \u00eatre directement utilis\u00e9s comme r\u00e9cipients sur la table \u00e0 manger, ajoutant des couches visuelles aux aliments.<\/li>\n\n\n\n<li><strong>Poign\u00e9es pratiques :<\/strong> Ces plats de cuisson en c\u00e9ramique bleue personnalis\u00e9s sont dot\u00e9s de poign\u00e9es int\u00e9gr\u00e9es des deux c\u00f4t\u00e9s. Ils sont faciles \u00e0 retirer et \u00e0 placer dans le four et peuvent \u00eatre maintenus de mani\u00e8re stable m\u00eame avec des gants isolants, ce qui am\u00e9liore la s\u00e9curit\u00e9 des op\u00e9rations \u00e0 haute temp\u00e9rature.<\/li>\n\n\n\n<li><strong>Une grande praticit\u00e9 :<\/strong> Ces plats de cuisson en gros sont con\u00e7us pour des formes rectangulaires fines et conviennent aux plats \u00e0 portion unique. Ils peuvent \u00eatre utilis\u00e9s pour cuire du toast pudding, des mini-g\u00e2teaux quatre-quarts, des l\u00e9gumes cuits au four, du riz cuit au four, etc. Ils conviennent aussi bien \u00e0 un usage domestique que commercial.<\/li>\n\n\n\n<li><strong>Mat\u00e9riau c\u00e9ramique haute temp\u00e9rature :<\/strong> Ces plats de cuisson en gros sont fabriqu\u00e9s en c\u00e9ramique cuite \u00e0 haute temp\u00e9rature et pr\u00e9sentent une forte r\u00e9sistance \u00e0 la chaleur. Ils peuvent \u00eatre utilis\u00e9s au four et chauffent uniform\u00e9ment. L'\u00e9mail est lisse et fin, r\u00e9sistant aux taches et \u00e0 l'huile, et emp\u00eache les aliments de coller.<\/li>\n<\/ul>\n<\/div>\n\n\n\n<div class=\"wp-block-column is-layout-flow wp-block-column-is-layout-flow\">\n<figure class=\"wp-block-image size-full\"><img fetchpriority=\"high\" decoding=\"async\" width=\"640\" height=\"640\" src=\"https:\/\/jinhuaceramic.com\/wp-content\/uploads\/2025\/12\/Custom-Baking-Dish-with-Drop-Texture-Wholesale-Professional-Bakeware-Supplies-4.webp\" alt=\"bulk-custom-blue-ceramic-baking-dish-with-drop-texture-4\" class=\"wp-image-11404\" srcset=\"https:\/\/jinhuaceramic.com\/wp-content\/uploads\/2025\/12\/Custom-Baking-Dish-with-Drop-Texture-Wholesale-Professional-Bakeware-Supplies-4.webp 640w, https:\/\/jinhuaceramic.com\/wp-content\/uploads\/2025\/12\/Custom-Baking-Dish-with-Drop-Texture-Wholesale-Professional-Bakeware-Supplies-4-300x300.webp 300w, https:\/\/jinhuaceramic.com\/wp-content\/uploads\/2025\/12\/Custom-Baking-Dish-with-Drop-Texture-Wholesale-Professional-Bakeware-Supplies-4-150x150.webp 150w, https:\/\/jinhuaceramic.com\/wp-content\/uploads\/2025\/12\/Custom-Baking-Dish-with-Drop-Texture-Wholesale-Professional-Bakeware-Supplies-4-12x12.webp 12w, https:\/\/jinhuaceramic.com\/wp-content\/uploads\/2025\/12\/Custom-Baking-Dish-with-Drop-Texture-Wholesale-Professional-Bakeware-Supplies-4-285x285.webp 285w, https:\/\/jinhuaceramic.com\/wp-content\/uploads\/2025\/12\/Custom-Baking-Dish-with-Drop-Texture-Wholesale-Professional-Bakeware-Supplies-4-270x270.webp 270w, https:\/\/jinhuaceramic.com\/wp-content\/uploads\/2025\/12\/Custom-Baking-Dish-with-Drop-Texture-Wholesale-Professional-Bakeware-Supplies-4-540x540.webp 540w\" sizes=\"(max-width: 640px) 100vw, 640px\" \/><\/figure>\n<\/div>\n<\/div>","protected":false},"excerpt":{"rendered":"<p>Nous vous invitons \u00e0 acheter ce plat \u00e0 four en c\u00e9ramique bleue personnalis\u00e9, dot\u00e9 d'une gla\u00e7ure \u00e0 texture en goutte unique et d'un corps en porcelaine durable \u00e0 haute temp\u00e9rature. Con\u00e7u dans une forme rectangulaire pratique, il offre une distribution uniforme de la chaleur, un nettoyage facile et une personnalisation OEM\/ODM compl\u00e8te, id\u00e9ale pour les restaurants, les boulangeries et les marques d'ustensiles de cuisine \u00e0 la recherche de solutions de cuisson haut de gamme.<\/p>","protected":false},"featured_media":11402,"comment_status":"closed","ping_status":"closed","template":"","meta":{"_acf_changed":false},"product_brand":[],"product_cat":[53],"product_tag":[71],"class_list":{"0":"post-11401","1":"product","2":"type-product","3":"status-publish","4":"has-post-thumbnail","6":"product_cat-bakeware-in-bulk","7":"product_tag-wholesale-baking-pans","9":"first","10":"instock","11":"shipping-taxable","12":"product-type-simple"},"acf":[],"_links":{"self":[{"href":"https:\/\/jinhuaceramic.com\/fr\/wp-json\/wp\/v2\/product\/11401","targetHints":{"allow":["GET"]}}],"collection":[{"href":"https:\/\/jinhuaceramic.com\/fr\/wp-json\/wp\/v2\/product"}],"about":[{"href":"https:\/\/jinhuaceramic.com\/fr\/wp-json\/wp\/v2\/types\/product"}],"replies":[{"embeddable":true,"href":"https:\/\/jinhuaceramic.com\/fr\/wp-json\/wp\/v2\/comments?post=11401"}],"version-history":[{"count":0,"href":"https:\/\/jinhuaceramic.com\/fr\/wp-json\/wp\/v2\/product\/11401\/revisions"}],"wp:featuredmedia":[{"embeddable":true,"href":"https:\/\/jinhuaceramic.com\/fr\/wp-json\/wp\/v2\/media\/11402"}],"wp:attachment":[{"href":"https:\/\/jinhuaceramic.com\/fr\/wp-json\/wp\/v2\/media?parent=11401"}],"wp:term":[{"taxonomy":"product_brand","embeddable":true,"href":"https:\/\/jinhuaceramic.com\/fr\/wp-json\/wp\/v2\/product_brand?post=11401"},{"taxonomy":"product_cat","embeddable":true,"href":"https:\/\/jinhuaceramic.com\/fr\/wp-json\/wp\/v2\/product_cat?post=11401"},{"taxonomy":"product_tag","embeddable":true,"href":"https:\/\/jinhuaceramic.com\/fr\/wp-json\/wp\/v2\/product_tag?post=11401"}],"curies":[{"name":"wp","href":"https:\/\/api.w.org\/{rel}","templated":true}]}}