{"id":11460,"date":"2025-12-18T01:48:49","date_gmt":"2025-12-18T01:48:49","guid":{"rendered":"https:\/\/jinhuaceramic.com\/?post_type=product&#038;p=11460"},"modified":"2025-12-18T01:48:52","modified_gmt":"2025-12-18T01:48:52","slug":"white-bakeware-set-wholesale","status":"publish","type":"product","link":"https:\/\/jinhuaceramic.com\/fr\/product\/white-bakeware-set-wholesale\/","title":{"rendered":"Ensemble de 3 plats de cuisson blancs en gros, plats de cuisson en c\u00e9ramique"},"content":{"rendered":"<div class=\"wp-block-columns is-layout-flex wp-container-core-columns-is-layout-9d6595d7 wp-block-columns-is-layout-flex\">\n<div class=\"wp-block-column is-layout-flow wp-block-column-is-layout-flow\">\n<h3 class=\"wp-block-heading\">Ensemble d'ustensiles de cuisson blancs 3 pi\u00e8ces de qualit\u00e9 sup\u00e9rieure Caract\u00e9ristiques en gros :<\/h3>\n\n\n\n<ul class=\"wp-block-list\">\n<li><strong>Design \u00e9l\u00e9gant : <\/strong>Cette batterie de cuisine blanche a un \u00e9mail blanc solide avec des bordures brun\u00e2tres et une texture ondul\u00e9e sur le bord pour un look vintage et \u00e9l\u00e9gant. Tous ces moules \u00e0 p\u00e2tisserie blancs sont des moules multifonctionnels aux lignes et textures subtiles, ce qui les rend si d\u00e9licats, qu'ils peuvent \u00eatre utilis\u00e9s dans la cuisine et sur la table \u00e0 manger comme une belle d\u00e9coration.<\/li>\n\n\n\n<li><strong>Poign\u00e9es pratiques :<\/strong> La batterie de cuisine blanche comporte des poign\u00e9es qui s'adaptent \u00e0 la prise naturelle des mains, avec des textures ray\u00e9es pour une meilleure antid\u00e9rapance et un mouvement plus facile. Les poign\u00e9es se raccordent parfaitement au plat de cuisson pour \u00e9viter l'accumulation de salet\u00e9s.<\/li>\n\n\n\n<li><strong>Diff\u00e9rentes tailles : <\/strong>Ces plats de cuisson en c\u00e9ramique personnalis\u00e9s sont disponibles en diff\u00e9rentes tailles. Les petits formats conviennent aux plats pour une seule personne, les formats moyens sont id\u00e9aux pour les repas familiaux et les grands formats peuvent accueillir de grands plats, comme une dinde r\u00f4tie, r\u00e9pondant ainsi aux besoins de la cuisine, qu'il s'agisse de repas individuels ou de repas de groupe.<\/li>\n\n\n\n<li><strong>Mat\u00e9riau c\u00e9ramique haute temp\u00e9rature :<\/strong> Ces plats \u00e0 four en c\u00e9ramique personnalis\u00e9s sont fabriqu\u00e9s en c\u00e9ramique thermor\u00e9sistante de haute qualit\u00e9, qui chauffe uniform\u00e9ment, ce qui permet aux aliments de cuire compl\u00e8tement et d'avoir un meilleur go\u00fbt.<\/li>\n\n\n\n<li><strong>Mat\u00e9riaux s\u00fbrs et sains : <\/strong>La batterie de cuisine blanche est exempte de substances nocives, r\u00e9pond aux normes de s\u00e9curit\u00e9 en mati\u00e8re de contact avec les aliments et convient \u00e0 une utilisation \u00e0 long terme et \u00e0 haute fr\u00e9quence.<\/li>\n<\/ul>\n<\/div>\n\n\n\n<div class=\"wp-block-column is-layout-flow wp-block-column-is-layout-flow\">\n<figure class=\"wp-block-image size-full\"><img fetchpriority=\"high\" decoding=\"async\" width=\"1000\" height=\"1000\" src=\"https:\/\/jinhuaceramic.com\/wp-content\/uploads\/2025\/12\/3-Piece-White-Bakeware-Set-Kitchen-Ceramic-Custom-Baking-Dishes-Pans-Wholesale-5.webp\" alt=\"3-piece-white-bakeware-set-wholesale-ceramic-baking-dishes-custom-5\" class=\"wp-image-11464\" srcset=\"https:\/\/jinhuaceramic.com\/wp-content\/uploads\/2025\/12\/3-Piece-White-Bakeware-Set-Kitchen-Ceramic-Custom-Baking-Dishes-Pans-Wholesale-5.webp 1000w, https:\/\/jinhuaceramic.com\/wp-content\/uploads\/2025\/12\/3-Piece-White-Bakeware-Set-Kitchen-Ceramic-Custom-Baking-Dishes-Pans-Wholesale-5-300x300.webp 300w, https:\/\/jinhuaceramic.com\/wp-content\/uploads\/2025\/12\/3-Piece-White-Bakeware-Set-Kitchen-Ceramic-Custom-Baking-Dishes-Pans-Wholesale-5-150x150.webp 150w, https:\/\/jinhuaceramic.com\/wp-content\/uploads\/2025\/12\/3-Piece-White-Bakeware-Set-Kitchen-Ceramic-Custom-Baking-Dishes-Pans-Wholesale-5-768x768.webp 768w, https:\/\/jinhuaceramic.com\/wp-content\/uploads\/2025\/12\/3-Piece-White-Bakeware-Set-Kitchen-Ceramic-Custom-Baking-Dishes-Pans-Wholesale-5-12x12.webp 12w, https:\/\/jinhuaceramic.com\/wp-content\/uploads\/2025\/12\/3-Piece-White-Bakeware-Set-Kitchen-Ceramic-Custom-Baking-Dishes-Pans-Wholesale-5-285x285.webp 285w, https:\/\/jinhuaceramic.com\/wp-content\/uploads\/2025\/12\/3-Piece-White-Bakeware-Set-Kitchen-Ceramic-Custom-Baking-Dishes-Pans-Wholesale-5-270x270.webp 270w, https:\/\/jinhuaceramic.com\/wp-content\/uploads\/2025\/12\/3-Piece-White-Bakeware-Set-Kitchen-Ceramic-Custom-Baking-Dishes-Pans-Wholesale-5-540x540.webp 540w, https:\/\/jinhuaceramic.com\/wp-content\/uploads\/2025\/12\/3-Piece-White-Bakeware-Set-Kitchen-Ceramic-Custom-Baking-Dishes-Pans-Wholesale-5-660x660.webp 660w\" sizes=\"(max-width: 1000px) 100vw, 1000px\" \/><\/figure>\n<\/div>\n<\/div>","protected":false},"excerpt":{"rendered":"<p>Bienvenue dans l'achat en gros de cette batterie de cuisine blanche 3 pi\u00e8ces au design vintage et \u00e9l\u00e9gant, aux poign\u00e9es pratiques, aux combinaisons de tailles flexibles et au mat\u00e9riau c\u00e9ramique de haute qualit\u00e9. Il est devenu \u00e0 la fois un outil esth\u00e9tique et pratique dans la cuisine. Ces plats de cuisson en c\u00e9ramique pour la cuisine peuvent \u00eatre personnalis\u00e9s OEM\/ODM et sont parfaits pour la vente en gros, la vente au d\u00e9tail et l'utilisation dans le secteur de l'h\u00f4tellerie.<\/p>","protected":false},"featured_media":11463,"comment_status":"closed","ping_status":"closed","template":"","meta":{"_acf_changed":false},"product_brand":[],"product_cat":[53],"product_tag":[71],"class_list":{"0":"post-11460","1":"product","2":"type-product","3":"status-publish","4":"has-post-thumbnail","6":"product_cat-bakeware-in-bulk","7":"product_tag-wholesale-baking-pans","9":"first","10":"instock","11":"shipping-taxable","12":"product-type-simple"},"acf":[],"_links":{"self":[{"href":"https:\/\/jinhuaceramic.com\/fr\/wp-json\/wp\/v2\/product\/11460","targetHints":{"allow":["GET"]}}],"collection":[{"href":"https:\/\/jinhuaceramic.com\/fr\/wp-json\/wp\/v2\/product"}],"about":[{"href":"https:\/\/jinhuaceramic.com\/fr\/wp-json\/wp\/v2\/types\/product"}],"replies":[{"embeddable":true,"href":"https:\/\/jinhuaceramic.com\/fr\/wp-json\/wp\/v2\/comments?post=11460"}],"version-history":[{"count":0,"href":"https:\/\/jinhuaceramic.com\/fr\/wp-json\/wp\/v2\/product\/11460\/revisions"}],"wp:featuredmedia":[{"embeddable":true,"href":"https:\/\/jinhuaceramic.com\/fr\/wp-json\/wp\/v2\/media\/11463"}],"wp:attachment":[{"href":"https:\/\/jinhuaceramic.com\/fr\/wp-json\/wp\/v2\/media?parent=11460"}],"wp:term":[{"taxonomy":"product_brand","embeddable":true,"href":"https:\/\/jinhuaceramic.com\/fr\/wp-json\/wp\/v2\/product_brand?post=11460"},{"taxonomy":"product_cat","embeddable":true,"href":"https:\/\/jinhuaceramic.com\/fr\/wp-json\/wp\/v2\/product_cat?post=11460"},{"taxonomy":"product_tag","embeddable":true,"href":"https:\/\/jinhuaceramic.com\/fr\/wp-json\/wp\/v2\/product_tag?post=11460"}],"curies":[{"name":"wp","href":"https:\/\/api.w.org\/{rel}","templated":true}]}}