{"id":11487,"date":"2025-12-18T02:42:22","date_gmt":"2025-12-18T02:42:22","guid":{"rendered":"https:\/\/jinhuaceramic.com\/?post_type=product&#038;p=11487"},"modified":"2025-12-18T02:42:26","modified_gmt":"2025-12-18T02:42:26","slug":"round-ceramic-baking-pan-wholesale","status":"publish","type":"product","link":"https:\/\/jinhuaceramic.com\/fr\/product\/round-ceramic-baking-pan-wholesale\/","title":{"rendered":"Moule \u00e0 p\u00e2tisserie rond vintage en c\u00e9ramique avec bord ondul\u00e9, vente en gros"},"content":{"rendered":"<div class=\"wp-block-columns is-layout-flex wp-container-core-columns-is-layout-9d6595d7 wp-block-columns-is-layout-flex\">\n<div class=\"wp-block-column is-layout-flow wp-block-column-is-layout-flow\">\n<h3 class=\"wp-block-heading\">Premium Vintage Round Ceramic Baking Pan Wholesale Caract\u00e9ristiques :<\/h3>\n\n\n\n<ul class=\"wp-block-list\">\n<li><strong>Grande praticit\u00e9 :<\/strong> Ce moule rond en c\u00e9ramique est parfait pour les plats classiques tels que la tarte aux pommes, la tarte au potiron, la pizza et les g\u00e2teaux, ainsi que pour les plats principaux tels que les viandes grill\u00e9es et les fruits de mer, r\u00e9pondant ainsi \u00e0 divers besoins en mati\u00e8re de p\u00e2tisserie domestique, de banquets et autres.<\/li>\n\n\n\n<li><strong>Design vintage :<\/strong> Ces moules \u00e0 p\u00e2tisserie personnalis\u00e9s pr\u00e9sentent une combinaison de fond blanc laiteux, de quadrillage noir et de bords ondul\u00e9s dor\u00e9s, dans un style vintage et luxueux. Le quadrillage noir est simple et net, associ\u00e9 \u00e0 des bords ondul\u00e9s et \u00e0 des contours dor\u00e9s, ce qui rehausse la d\u00e9licatesse des moules \u00e0 p\u00e2tisserie.<\/li>\n\n\n\n<li><strong>Mat\u00e9riau de haute qualit\u00e9 :<\/strong> Ce moule \u00e0 p\u00e2tisserie rond en c\u00e9ramique est fabriqu\u00e9 \u00e0 partir de mat\u00e9riaux c\u00e9ramiques de haute qualit\u00e9 qui ont \u00e9t\u00e9 cuits \u00e0 haute temp\u00e9rature et pr\u00e9sentent une bonne r\u00e9sistance \u00e0 la chaleur et \u00e0 la corrosion. Ils peuvent r\u00e9sister \u00e0 la cuisson \u00e0 haute temp\u00e9rature sans se casser ou se d\u00e9former facilement.<\/li>\n\n\n\n<li><strong>Facile \u00e0 nettoyer : <\/strong>Ce moule \u00e0 p\u00e2tisserie rond en c\u00e9ramique pr\u00e9sente une surface lisse et n'adh\u00e8re pas facilement aux r\u00e9sidus alimentaires, ce qui le rend tr\u00e8s facile \u00e0 nettoyer. Outre le lavage \u00e0 la main, ils peuvent \u00e9galement \u00eatre lav\u00e9s au lave-vaisselle, ce qui permet aux utilisateurs de gagner du temps.<\/li>\n\n\n\n<li><strong>Stable et durable :<\/strong> Ces moules \u00e0 p\u00e2tisserie personnalis\u00e9s sont \u00e9pais et robustes, r\u00e9sistants \u00e0 la d\u00e9formation et adapt\u00e9s \u00e0 une utilisation fr\u00e9quente et \u00e0 un approvisionnement en vrac \u00e0 long terme. Le design unique des bords ondul\u00e9s rehausse leur attrait d\u00e9coratif, les rendant plus attrayants visuellement en plus de leur fonctionnalit\u00e9.<\/li>\n<\/ul>\n<\/div>\n\n\n\n<div class=\"wp-block-column is-layout-flow wp-block-column-is-layout-flow\">\n<figure class=\"wp-block-image size-full\"><img fetchpriority=\"high\" decoding=\"async\" width=\"717\" height=\"717\" src=\"https:\/\/jinhuaceramic.com\/wp-content\/uploads\/2025\/12\/Vintage-Round-Baking-Pans-Ceramic-Custom-Baking-Dish-Wholesale-Bakeware-4.webp\" alt=\"moule \u00e0 p\u00e2tisserie rond en c\u00e9ramique vintage-avec-bord ondul\u00e9-4\" class=\"wp-image-11490\" srcset=\"https:\/\/jinhuaceramic.com\/wp-content\/uploads\/2025\/12\/Vintage-Round-Baking-Pans-Ceramic-Custom-Baking-Dish-Wholesale-Bakeware-4.webp 717w, https:\/\/jinhuaceramic.com\/wp-content\/uploads\/2025\/12\/Vintage-Round-Baking-Pans-Ceramic-Custom-Baking-Dish-Wholesale-Bakeware-4-300x300.webp 300w, https:\/\/jinhuaceramic.com\/wp-content\/uploads\/2025\/12\/Vintage-Round-Baking-Pans-Ceramic-Custom-Baking-Dish-Wholesale-Bakeware-4-150x150.webp 150w, https:\/\/jinhuaceramic.com\/wp-content\/uploads\/2025\/12\/Vintage-Round-Baking-Pans-Ceramic-Custom-Baking-Dish-Wholesale-Bakeware-4-12x12.webp 12w, https:\/\/jinhuaceramic.com\/wp-content\/uploads\/2025\/12\/Vintage-Round-Baking-Pans-Ceramic-Custom-Baking-Dish-Wholesale-Bakeware-4-285x285.webp 285w, https:\/\/jinhuaceramic.com\/wp-content\/uploads\/2025\/12\/Vintage-Round-Baking-Pans-Ceramic-Custom-Baking-Dish-Wholesale-Bakeware-4-270x270.webp 270w, https:\/\/jinhuaceramic.com\/wp-content\/uploads\/2025\/12\/Vintage-Round-Baking-Pans-Ceramic-Custom-Baking-Dish-Wholesale-Bakeware-4-540x540.webp 540w, https:\/\/jinhuaceramic.com\/wp-content\/uploads\/2025\/12\/Vintage-Round-Baking-Pans-Ceramic-Custom-Baking-Dish-Wholesale-Bakeware-4-660x660.webp 660w\" sizes=\"(max-width: 717px) 100vw, 717px\" \/><\/figure>\n<\/div>\n<\/div>","protected":false},"excerpt":{"rendered":"<p>Bienvenue \u00e0 l'achat en gros de notre moule \u00e0 p\u00e2tisserie rond en c\u00e9ramique avec son design vintage, ses attributs fonctionnels convenant \u00e0 divers types de cuisine, et la performance du mat\u00e9riau c\u00e9ramique de haute qualit\u00e9, qui sont devenus des outils de cuisine \u00e0 la fois beaux et pratiques dans la cuisine. Qu'il s'agisse d'une cuisson quotidienne \u00e0 la maison ou d'une cuisson professionnelle, ils peuvent fonctionner de mani\u00e8re excellente et apporter aux utilisateurs une exp\u00e9rience de cuisson agr\u00e9able, et sont disponibles pour la vente en gros avec une personnalisation compl\u00e8te.<\/p>","protected":false},"featured_media":11488,"comment_status":"closed","ping_status":"closed","template":"","meta":{"_acf_changed":false},"product_brand":[],"product_cat":[53],"product_tag":[71],"class_list":{"0":"post-11487","1":"product","2":"type-product","3":"status-publish","4":"has-post-thumbnail","6":"product_cat-bakeware-in-bulk","7":"product_tag-wholesale-baking-pans","9":"first","10":"instock","11":"shipping-taxable","12":"product-type-simple"},"acf":[],"_links":{"self":[{"href":"https:\/\/jinhuaceramic.com\/fr\/wp-json\/wp\/v2\/product\/11487","targetHints":{"allow":["GET"]}}],"collection":[{"href":"https:\/\/jinhuaceramic.com\/fr\/wp-json\/wp\/v2\/product"}],"about":[{"href":"https:\/\/jinhuaceramic.com\/fr\/wp-json\/wp\/v2\/types\/product"}],"replies":[{"embeddable":true,"href":"https:\/\/jinhuaceramic.com\/fr\/wp-json\/wp\/v2\/comments?post=11487"}],"version-history":[{"count":0,"href":"https:\/\/jinhuaceramic.com\/fr\/wp-json\/wp\/v2\/product\/11487\/revisions"}],"wp:featuredmedia":[{"embeddable":true,"href":"https:\/\/jinhuaceramic.com\/fr\/wp-json\/wp\/v2\/media\/11488"}],"wp:attachment":[{"href":"https:\/\/jinhuaceramic.com\/fr\/wp-json\/wp\/v2\/media?parent=11487"}],"wp:term":[{"taxonomy":"product_brand","embeddable":true,"href":"https:\/\/jinhuaceramic.com\/fr\/wp-json\/wp\/v2\/product_brand?post=11487"},{"taxonomy":"product_cat","embeddable":true,"href":"https:\/\/jinhuaceramic.com\/fr\/wp-json\/wp\/v2\/product_cat?post=11487"},{"taxonomy":"product_tag","embeddable":true,"href":"https:\/\/jinhuaceramic.com\/fr\/wp-json\/wp\/v2\/product_tag?post=11487"}],"curies":[{"name":"wp","href":"https:\/\/api.w.org\/{rel}","templated":true}]}}