{"id":11504,"date":"2025-12-18T03:49:14","date_gmt":"2025-12-18T03:49:14","guid":{"rendered":"https:\/\/jinhuaceramic.com\/?post_type=product&#038;p=11504"},"modified":"2025-12-18T03:54:52","modified_gmt":"2025-12-18T03:54:52","slug":"wholesale-casserole-dish-with-lid","status":"publish","type":"product","link":"https:\/\/jinhuaceramic.com\/fr\/product\/wholesale-casserole-dish-with-lid\/","title":{"rendered":"Plat \u00e0 gratin avec couvercle, articles de cuisson en c\u00e9ramique"},"content":{"rendered":"<div class=\"wp-block-columns is-layout-flex wp-container-core-columns-is-layout-9d6595d7 wp-block-columns-is-layout-flex\">\n<div class=\"wp-block-column is-layout-flow wp-block-column-is-layout-flow\">\n<h3 class=\"wp-block-heading\">Casserole en gros de couleur turquoise de premi\u00e8re qualit\u00e9 avec couvercle Caract\u00e9ristiques :<\/h3>\n\n\n\n<ul class=\"wp-block-list\">\n<li><strong>Design \u00e9l\u00e9gant :<\/strong> Cette cocotte de gros avec couvercle est d'une douce couleur turquoise avec des motifs floraux blancs en relief sur la paroi ext\u00e9rieure, apportant un style exotique avec des \u00e9l\u00e9ments artistiques et cr\u00e9ant un impact visuel sp\u00e9cial sur la table \u00e0 manger, ce qui contribue \u00e0 am\u00e9liorer l'ensemble de l'environnement de la salle \u00e0 manger.<\/li>\n\n\n\n<li><strong>Des d\u00e9tails bien pens\u00e9s :<\/strong> Ce plat \u00e0 gratin avec couvercle peut retenir l'ar\u00f4me et l'humidit\u00e9 des aliments, ce qui rend les ingr\u00e9dients cuits plus tendres et plus frais. En m\u00eame temps, ils peuvent \u00e9galement emp\u00eacher les taches d'huile d'\u00e9clabousser pendant la cuisson. Les poign\u00e9es des deux c\u00f4t\u00e9s facilitent le d\u00e9placement du plat de cuisson.<\/li>\n\n\n\n<li><strong>Adaptation multi-sc\u00e9narios : <\/strong>Ces cocottes personnalis\u00e9es avec couvercle peuvent \u00eatre utilis\u00e9es pour la cuisson au four, comme faitout pour la cuisson sur plaque \u00e0 induction, ou directement servies sur la table pour \u00eatre gard\u00e9es au chaud, r\u00e9alisant ainsi un processus int\u00e9gr\u00e9 \u201ccuisson - service\u201d.<\/li>\n\n\n\n<li><strong>Mat\u00e9riau de haute qualit\u00e9 :<\/strong> Ces plats de cuisson personnalis\u00e9s sont fabriqu\u00e9s en c\u00e9ramique, qui pr\u00e9sente une excellente conductivit\u00e9 thermique et une grande r\u00e9sistance \u00e0 la chaleur. Ils permettent aux aliments de cuire uniform\u00e9ment et emp\u00eachent les plateaux de se d\u00e9former sous l'effet de la chaleur.<\/li>\n<\/ul>\n<\/div>\n\n\n\n<div class=\"wp-block-column is-layout-flow wp-block-column-is-layout-flow\">\n<figure class=\"wp-block-image size-full\"><img fetchpriority=\"high\" decoding=\"async\" width=\"1404\" height=\"1404\" src=\"https:\/\/jinhuaceramic.com\/wp-content\/uploads\/2025\/12\/Turquoise-Custom-Casserole-Dish-with-Lid-Ceramic-Wholesale-Bakeware-Supplies.webp\" alt=\"turquoise-wholesale-casserole-dish-with-lid-ceramic-bakeware-supplies-1\" class=\"wp-image-11510\" srcset=\"https:\/\/jinhuaceramic.com\/wp-content\/uploads\/2025\/12\/Turquoise-Custom-Casserole-Dish-with-Lid-Ceramic-Wholesale-Bakeware-Supplies.webp 1404w, https:\/\/jinhuaceramic.com\/wp-content\/uploads\/2025\/12\/Turquoise-Custom-Casserole-Dish-with-Lid-Ceramic-Wholesale-Bakeware-Supplies-300x300.webp 300w, https:\/\/jinhuaceramic.com\/wp-content\/uploads\/2025\/12\/Turquoise-Custom-Casserole-Dish-with-Lid-Ceramic-Wholesale-Bakeware-Supplies-150x150.webp 150w, https:\/\/jinhuaceramic.com\/wp-content\/uploads\/2025\/12\/Turquoise-Custom-Casserole-Dish-with-Lid-Ceramic-Wholesale-Bakeware-Supplies-768x768.webp 768w, https:\/\/jinhuaceramic.com\/wp-content\/uploads\/2025\/12\/Turquoise-Custom-Casserole-Dish-with-Lid-Ceramic-Wholesale-Bakeware-Supplies-12x12.webp 12w, https:\/\/jinhuaceramic.com\/wp-content\/uploads\/2025\/12\/Turquoise-Custom-Casserole-Dish-with-Lid-Ceramic-Wholesale-Bakeware-Supplies-285x285.webp 285w, https:\/\/jinhuaceramic.com\/wp-content\/uploads\/2025\/12\/Turquoise-Custom-Casserole-Dish-with-Lid-Ceramic-Wholesale-Bakeware-Supplies-270x270.webp 270w, https:\/\/jinhuaceramic.com\/wp-content\/uploads\/2025\/12\/Turquoise-Custom-Casserole-Dish-with-Lid-Ceramic-Wholesale-Bakeware-Supplies-540x540.webp 540w, https:\/\/jinhuaceramic.com\/wp-content\/uploads\/2025\/12\/Turquoise-Custom-Casserole-Dish-with-Lid-Ceramic-Wholesale-Bakeware-Supplies-660x660.webp 660w\" sizes=\"(max-width: 1404px) 100vw, 1404px\" \/><\/figure>\n<\/div>\n<\/div>","protected":false},"excerpt":{"rendered":"<p>Bienvenue sur notre site de vente en gros de plats \u00e0 gratin turquoise avec couvercle. Ajoutez une touche de couleur vive aux cuisines modernes gr\u00e2ce \u00e0 son design \u00e9l\u00e9gant, ses fonctions pratiques, son adaptabilit\u00e9 \u00e0 de multiples sc\u00e9narios et ses excellents mat\u00e9riaux. Con\u00e7u pour la cuisson et le service, il combine une esth\u00e9tique vibrante et une fonctionnalit\u00e9 durable, ce qui en fait une solution id\u00e9ale pour la cuisson en gros en c\u00e9ramique.<\/p>","protected":false},"featured_media":11506,"comment_status":"closed","ping_status":"closed","template":"","meta":{"_acf_changed":false},"product_brand":[],"product_cat":[53],"product_tag":[71],"class_list":{"0":"post-11504","1":"product","2":"type-product","3":"status-publish","4":"has-post-thumbnail","6":"product_cat-bakeware-in-bulk","7":"product_tag-wholesale-baking-pans","9":"first","10":"instock","11":"shipping-taxable","12":"product-type-simple"},"acf":[],"_links":{"self":[{"href":"https:\/\/jinhuaceramic.com\/fr\/wp-json\/wp\/v2\/product\/11504","targetHints":{"allow":["GET"]}}],"collection":[{"href":"https:\/\/jinhuaceramic.com\/fr\/wp-json\/wp\/v2\/product"}],"about":[{"href":"https:\/\/jinhuaceramic.com\/fr\/wp-json\/wp\/v2\/types\/product"}],"replies":[{"embeddable":true,"href":"https:\/\/jinhuaceramic.com\/fr\/wp-json\/wp\/v2\/comments?post=11504"}],"version-history":[{"count":0,"href":"https:\/\/jinhuaceramic.com\/fr\/wp-json\/wp\/v2\/product\/11504\/revisions"}],"wp:featuredmedia":[{"embeddable":true,"href":"https:\/\/jinhuaceramic.com\/fr\/wp-json\/wp\/v2\/media\/11506"}],"wp:attachment":[{"href":"https:\/\/jinhuaceramic.com\/fr\/wp-json\/wp\/v2\/media?parent=11504"}],"wp:term":[{"taxonomy":"product_brand","embeddable":true,"href":"https:\/\/jinhuaceramic.com\/fr\/wp-json\/wp\/v2\/product_brand?post=11504"},{"taxonomy":"product_cat","embeddable":true,"href":"https:\/\/jinhuaceramic.com\/fr\/wp-json\/wp\/v2\/product_cat?post=11504"},{"taxonomy":"product_tag","embeddable":true,"href":"https:\/\/jinhuaceramic.com\/fr\/wp-json\/wp\/v2\/product_tag?post=11504"}],"curies":[{"name":"wp","href":"https:\/\/api.w.org\/{rel}","templated":true}]}}