{"id":11562,"date":"2025-12-30T08:40:08","date_gmt":"2025-12-30T08:40:08","guid":{"rendered":"https:\/\/jinhuaceramic.com\/?post_type=product&#038;p=11562"},"modified":"2025-12-30T08:40:14","modified_gmt":"2025-12-30T08:40:14","slug":"wholesale-ceramic-casserole-baking-dish","status":"publish","type":"product","link":"https:\/\/jinhuaceramic.com\/fr\/product\/wholesale-ceramic-casserole-baking-dish\/","title":{"rendered":"Vente en gros de plats \u00e0 four en c\u00e9ramique, fourniture de moules \u00e0 p\u00e2tisserie"},"content":{"rendered":"<div class=\"wp-block-columns is-layout-flex wp-container-core-columns-is-layout-9d6595d7 wp-block-columns-is-layout-flex\">\n<div class=\"wp-block-column is-layout-flow wp-block-column-is-layout-flow\">\n<h3 class=\"wp-block-heading\">Premium Wholesale Ceramic Casserole Baking Dish\u00a0Features:<\/h3>\n\n\n\n<ul class=\"wp-block-list\">\n<li><strong>Design \u00e9l\u00e9gant : <\/strong>The wholesale ceramic casserole baking dish with lid is designed with a gradient color transition, gradually changing from dark gray at the bottom\/edges to light gray upwards\/inwards. This gradient effect makes the baking dish look layered and artistic.<\/li>\n\n\n\n<li><strong>Functional Lids:<\/strong> These wholesale ceramic casserole baking dishes are equipped with lids, and there is a small handle on the top of the lid for easy opening and closing. The lid can not only retain the moisture and heat of food, but also prevent dust from entering and maintain food hygiene.<\/li>\n\n\n\n<li><strong>Polyvalence :<\/strong> These wholesale ceramic casserole baking dishes are rectangular in shape, providing a large capacity and even heating space, suitable for baking and roasting various foods such as meat, vegetables, pastries, etc. They are suitable for various scenarios such as daily family cooking and gatherings with friends.<\/li>\n\n\n\n<li><strong>Mat\u00e9riau d'excellente qualit\u00e9 : <\/strong>These custom baking pans are made of high-quality ceramic materials, which are not only resistant to high temperatures but also to corrosion, and are not easily subjected to chemical reactions with food, ensuring food safety and health.<\/li>\n<\/ul>\n<\/div>\n\n\n\n<div class=\"wp-block-column is-layout-flow wp-block-column-is-layout-flow\">\n<figure class=\"wp-block-image size-full\"><img fetchpriority=\"high\" decoding=\"async\" width=\"1148\" height=\"1148\" src=\"https:\/\/jinhuaceramic.com\/wp-content\/uploads\/2025\/12\/Gradient-Gray-Casserole-Dish-with-Lid-Wholesale-Ceramic-Food-Service-Baking-Pans-2.webp\" alt=\"wholesale-ceramic-casserole-baking-dish-baking-pans-supply-2\" class=\"wp-image-11563\" srcset=\"https:\/\/jinhuaceramic.com\/wp-content\/uploads\/2025\/12\/Gradient-Gray-Casserole-Dish-with-Lid-Wholesale-Ceramic-Food-Service-Baking-Pans-2.webp 1148w, https:\/\/jinhuaceramic.com\/wp-content\/uploads\/2025\/12\/Gradient-Gray-Casserole-Dish-with-Lid-Wholesale-Ceramic-Food-Service-Baking-Pans-2-300x300.webp 300w, https:\/\/jinhuaceramic.com\/wp-content\/uploads\/2025\/12\/Gradient-Gray-Casserole-Dish-with-Lid-Wholesale-Ceramic-Food-Service-Baking-Pans-2-150x150.webp 150w, https:\/\/jinhuaceramic.com\/wp-content\/uploads\/2025\/12\/Gradient-Gray-Casserole-Dish-with-Lid-Wholesale-Ceramic-Food-Service-Baking-Pans-2-768x768.webp 768w, https:\/\/jinhuaceramic.com\/wp-content\/uploads\/2025\/12\/Gradient-Gray-Casserole-Dish-with-Lid-Wholesale-Ceramic-Food-Service-Baking-Pans-2-12x12.webp 12w, https:\/\/jinhuaceramic.com\/wp-content\/uploads\/2025\/12\/Gradient-Gray-Casserole-Dish-with-Lid-Wholesale-Ceramic-Food-Service-Baking-Pans-2-285x285.webp 285w, https:\/\/jinhuaceramic.com\/wp-content\/uploads\/2025\/12\/Gradient-Gray-Casserole-Dish-with-Lid-Wholesale-Ceramic-Food-Service-Baking-Pans-2-270x270.webp 270w, https:\/\/jinhuaceramic.com\/wp-content\/uploads\/2025\/12\/Gradient-Gray-Casserole-Dish-with-Lid-Wholesale-Ceramic-Food-Service-Baking-Pans-2-540x540.webp 540w, https:\/\/jinhuaceramic.com\/wp-content\/uploads\/2025\/12\/Gradient-Gray-Casserole-Dish-with-Lid-Wholesale-Ceramic-Food-Service-Baking-Pans-2-660x660.webp 660w\" sizes=\"(max-width: 1148px) 100vw, 1148px\" \/><\/figure>\n<\/div>\n<\/div>","protected":false},"excerpt":{"rendered":"<p>Welcome to purchase our wholesale ceramic casserole baking dish\u00a0showcases excellent practicality and aesthetics with its elegant design, practical lids, versatility, and superior materials. They can not only enhance the fun and efficiency of cooking, but also improve the pleasure of dining. Whether for cooking enthusiasts or ordinary families, it is a kitchenware worth owning.<\/p>","protected":false},"featured_media":11566,"comment_status":"closed","ping_status":"closed","template":"","meta":{"_acf_changed":false},"product_brand":[],"product_cat":[53],"product_tag":[71],"class_list":{"0":"post-11562","1":"product","2":"type-product","3":"status-publish","4":"has-post-thumbnail","6":"product_cat-bakeware-in-bulk","7":"product_tag-wholesale-baking-pans","9":"first","10":"instock","11":"shipping-taxable","12":"product-type-simple"},"acf":[],"_links":{"self":[{"href":"https:\/\/jinhuaceramic.com\/fr\/wp-json\/wp\/v2\/product\/11562","targetHints":{"allow":["GET"]}}],"collection":[{"href":"https:\/\/jinhuaceramic.com\/fr\/wp-json\/wp\/v2\/product"}],"about":[{"href":"https:\/\/jinhuaceramic.com\/fr\/wp-json\/wp\/v2\/types\/product"}],"replies":[{"embeddable":true,"href":"https:\/\/jinhuaceramic.com\/fr\/wp-json\/wp\/v2\/comments?post=11562"}],"version-history":[{"count":0,"href":"https:\/\/jinhuaceramic.com\/fr\/wp-json\/wp\/v2\/product\/11562\/revisions"}],"wp:featuredmedia":[{"embeddable":true,"href":"https:\/\/jinhuaceramic.com\/fr\/wp-json\/wp\/v2\/media\/11566"}],"wp:attachment":[{"href":"https:\/\/jinhuaceramic.com\/fr\/wp-json\/wp\/v2\/media?parent=11562"}],"wp:term":[{"taxonomy":"product_brand","embeddable":true,"href":"https:\/\/jinhuaceramic.com\/fr\/wp-json\/wp\/v2\/product_brand?post=11562"},{"taxonomy":"product_cat","embeddable":true,"href":"https:\/\/jinhuaceramic.com\/fr\/wp-json\/wp\/v2\/product_cat?post=11562"},{"taxonomy":"product_tag","embeddable":true,"href":"https:\/\/jinhuaceramic.com\/fr\/wp-json\/wp\/v2\/product_tag?post=11562"}],"curies":[{"name":"wp","href":"https:\/\/api.w.org\/{rel}","templated":true}]}}