{"id":11569,"date":"2025-12-30T09:31:47","date_gmt":"2025-12-30T09:31:47","guid":{"rendered":"https:\/\/jinhuaceramic.com\/?post_type=product&#038;p=11569"},"modified":"2025-12-30T09:31:53","modified_gmt":"2025-12-30T09:31:53","slug":"custom-soap-dispenser-bottle","status":"publish","type":"product","link":"https:\/\/jinhuaceramic.com\/fr\/product\/custom-soap-dispenser-bottle\/","title":{"rendered":"Flacon distributeur de savon personnalis\u00e9 en vrac en forme de fleur"},"content":{"rendered":"<div class=\"wp-block-columns is-layout-flex wp-container-core-columns-is-layout-9d6595d7 wp-block-columns-is-layout-flex\">\n<div class=\"wp-block-column is-layout-flow wp-block-column-is-layout-flow\">\n<h3 class=\"wp-block-heading\">Caract\u00e9ristiques du distributeur de savon personnalis\u00e9 haut de gamme :<\/h3>\n\n\n\n<ul class=\"wp-block-list\">\n<li><strong>Forme unique : <\/strong>Le flacon distributeur de savon personnalis\u00e9 pr\u00e9sente une forme florale en trois dimensions avec des motifs de p\u00e9tales rayonnants \u00e0 la surface, associ\u00e9s \u00e0 des tons doux rose p\u00e2le\/blanc, cr\u00e9ant un style frais et doux qui ajoute une atmosph\u00e8re romantique \u00e0 l'espace.<\/li>\n\n\n\n<li><strong>Grande praticit\u00e9 :<\/strong> Les pompes \u00e9quip\u00e9es du flacon distributeur de savon personnalis\u00e9 offrent une pression douce, un rebond rapide, un d\u00e9bit stable et \u00e9vitent le gaspillage. Le flacon a une capacit\u00e9 mod\u00e9r\u00e9e, qui permet de r\u00e9pondre aux besoins quotidiens sans occuper d'espace sur le plan de travail gr\u00e2ce \u00e0 sa taille r\u00e9duite.<\/li>\n\n\n\n<li><strong>Mat\u00e9riau durable : <\/strong>Ces flacons distributeurs de savon personnalis\u00e9s sont fabriqu\u00e9s \u00e0 partir de mat\u00e9riaux c\u00e9ramiques de haute qualit\u00e9, qui se caract\u00e9risent par une grande duret\u00e9, une r\u00e9sistance \u00e0 l'usure, une r\u00e9sistance \u00e0 la corrosion, etc., et peuvent conserver longtemps l'apparence et les performances des distributeurs de savon.<\/li>\n\n\n\n<li><strong>Un savoir-faire artisanal exceptionnel : <\/strong>Ces distributeurs de savon en vrac sont m\u00e9ticuleusement fabriqu\u00e9s \u00e0 travers plusieurs processus. La texture des p\u00e9tales et l'effet tridimensionnel des formes sont trait\u00e9s avec une grande d\u00e9licatesse, d\u00e9montrant un niveau d'artisanat exquis.<\/li>\n\n\n\n<li><strong>Large gamme d'applications :<\/strong> Ces distributeurs de savon en vrac sont largement utilis\u00e9s dans les h\u00f4tels, les centres de vill\u00e9giature, les maisons d'h\u00f4tes, les magasins d'ameublement, les coffrets cadeaux, les marques de produits pour la salle de bain et les canaux de commerce \u00e9lectronique.<\/li>\n<\/ul>\n<\/div>\n\n\n\n<div class=\"wp-block-column is-layout-flow wp-block-column-is-layout-flow\">\n<figure class=\"wp-block-image size-full\"><img fetchpriority=\"high\" decoding=\"async\" width=\"800\" height=\"800\" src=\"https:\/\/jinhuaceramic.com\/wp-content\/uploads\/2025\/12\/Custom-Soap-Dispenser-with-Flower-Shape-Bulk-Liquid-Soap-Bottle-Wholesale-2.webp\" alt=\"distributeur-de-savon-en-vrac-personnalis\u00e9-en-forme-de-fleur-2\" class=\"wp-image-11570\" srcset=\"https:\/\/jinhuaceramic.com\/wp-content\/uploads\/2025\/12\/Custom-Soap-Dispenser-with-Flower-Shape-Bulk-Liquid-Soap-Bottle-Wholesale-2.webp 800w, https:\/\/jinhuaceramic.com\/wp-content\/uploads\/2025\/12\/Custom-Soap-Dispenser-with-Flower-Shape-Bulk-Liquid-Soap-Bottle-Wholesale-2-300x300.webp 300w, https:\/\/jinhuaceramic.com\/wp-content\/uploads\/2025\/12\/Custom-Soap-Dispenser-with-Flower-Shape-Bulk-Liquid-Soap-Bottle-Wholesale-2-150x150.webp 150w, https:\/\/jinhuaceramic.com\/wp-content\/uploads\/2025\/12\/Custom-Soap-Dispenser-with-Flower-Shape-Bulk-Liquid-Soap-Bottle-Wholesale-2-768x768.webp 768w, https:\/\/jinhuaceramic.com\/wp-content\/uploads\/2025\/12\/Custom-Soap-Dispenser-with-Flower-Shape-Bulk-Liquid-Soap-Bottle-Wholesale-2-12x12.webp 12w, https:\/\/jinhuaceramic.com\/wp-content\/uploads\/2025\/12\/Custom-Soap-Dispenser-with-Flower-Shape-Bulk-Liquid-Soap-Bottle-Wholesale-2-285x285.webp 285w, https:\/\/jinhuaceramic.com\/wp-content\/uploads\/2025\/12\/Custom-Soap-Dispenser-with-Flower-Shape-Bulk-Liquid-Soap-Bottle-Wholesale-2-270x270.webp 270w, https:\/\/jinhuaceramic.com\/wp-content\/uploads\/2025\/12\/Custom-Soap-Dispenser-with-Flower-Shape-Bulk-Liquid-Soap-Bottle-Wholesale-2-540x540.webp 540w, https:\/\/jinhuaceramic.com\/wp-content\/uploads\/2025\/12\/Custom-Soap-Dispenser-with-Flower-Shape-Bulk-Liquid-Soap-Bottle-Wholesale-2-660x660.webp 660w\" sizes=\"(max-width: 800px) 100vw, 800px\" \/><\/figure>\n<\/div>\n<\/div>","protected":false},"excerpt":{"rendered":"<p>Bienvenue pour acheter nos flacons distributeurs de savon personnalis\u00e9s en forme de fleur, qui offrent une excellente valeur d\u00e9corative, une bonne exp\u00e9rience utilisateur et une fabrication de qualit\u00e9 sup\u00e9rieure. Ils sont devenus un article m\u00e9nager pratique et esth\u00e9tique qui peut am\u00e9liorer le bien-\u00eatre psychologique et ajouter une valeur unique aux espaces de vie. Personnalisation OEM et ODM disponible pour les achats \u00e0 grande \u00e9chelle.<\/p>","protected":false},"featured_media":11574,"comment_status":"closed","ping_status":"closed","template":"","meta":{"_acf_changed":false},"product_brand":[],"product_cat":[51],"product_tag":[73],"class_list":{"0":"post-11569","1":"product","2":"type-product","3":"status-publish","4":"has-post-thumbnail","6":"product_cat-bathroom-accessories-wholesale","7":"product_tag-custom-soap-dispensers","9":"first","10":"instock","11":"shipping-taxable","12":"product-type-simple"},"acf":[],"_links":{"self":[{"href":"https:\/\/jinhuaceramic.com\/fr\/wp-json\/wp\/v2\/product\/11569","targetHints":{"allow":["GET"]}}],"collection":[{"href":"https:\/\/jinhuaceramic.com\/fr\/wp-json\/wp\/v2\/product"}],"about":[{"href":"https:\/\/jinhuaceramic.com\/fr\/wp-json\/wp\/v2\/types\/product"}],"replies":[{"embeddable":true,"href":"https:\/\/jinhuaceramic.com\/fr\/wp-json\/wp\/v2\/comments?post=11569"}],"version-history":[{"count":0,"href":"https:\/\/jinhuaceramic.com\/fr\/wp-json\/wp\/v2\/product\/11569\/revisions"}],"wp:featuredmedia":[{"embeddable":true,"href":"https:\/\/jinhuaceramic.com\/fr\/wp-json\/wp\/v2\/media\/11574"}],"wp:attachment":[{"href":"https:\/\/jinhuaceramic.com\/fr\/wp-json\/wp\/v2\/media?parent=11569"}],"wp:term":[{"taxonomy":"product_brand","embeddable":true,"href":"https:\/\/jinhuaceramic.com\/fr\/wp-json\/wp\/v2\/product_brand?post=11569"},{"taxonomy":"product_cat","embeddable":true,"href":"https:\/\/jinhuaceramic.com\/fr\/wp-json\/wp\/v2\/product_cat?post=11569"},{"taxonomy":"product_tag","embeddable":true,"href":"https:\/\/jinhuaceramic.com\/fr\/wp-json\/wp\/v2\/product_tag?post=11569"}],"curies":[{"name":"wp","href":"https:\/\/api.w.org\/{rel}","templated":true}]}}