{"id":11583,"date":"2025-12-30T09:49:33","date_gmt":"2025-12-30T09:49:33","guid":{"rendered":"https:\/\/jinhuaceramic.com\/?post_type=product&#038;p=11583"},"modified":"2025-12-30T09:49:35","modified_gmt":"2025-12-30T09:49:35","slug":"custom-made-bakeware","status":"publish","type":"product","link":"https:\/\/jinhuaceramic.com\/fr\/product\/custom-made-bakeware\/","title":{"rendered":"Ustensiles de cuisson bicolores sur mesure, plats de cuisson en c\u00e9ramique en gros"},"content":{"rendered":"<div class=\"wp-block-columns is-layout-flex wp-container-core-columns-is-layout-9d6595d7 wp-block-columns-is-layout-flex\">\n<div class=\"wp-block-column is-layout-flow wp-block-column-is-layout-flow\">\n<h3 class=\"wp-block-heading\">R\u00e9cipient \u00e0 p\u00e2tisserie 3 pi\u00e8ces de qualit\u00e9 sup\u00e9rieure fait sur mesure :<\/h3>\n\n\n\n<ul class=\"wp-block-list\">\n<li><strong>Design bicolore :<\/strong> Ces ustensiles de cuisson sur mesure pr\u00e9sentent un design contrast\u00e9 de bleu fonc\u00e9 et de blanc, classique et visuellement frappant, qui donne une impression de stabilit\u00e9 et d'\u00e9l\u00e9gance. Cette combinaison de couleurs s'int\u00e8gre facilement dans diff\u00e9rents styles de d\u00e9coration de cuisine.<\/li>\n\n\n\n<li><strong>Plusieurs tailles :<\/strong> Les moules \u00e0 p\u00e2tisserie sur mesure sont fabriqu\u00e9s dans diff\u00e9rentes tailles, ce qui permet de les utiliser seuls ou de les combiner pour s'adapter aux diff\u00e9rents styles de cuisine. Par exemple, la grande plaque peut \u00eatre utilis\u00e9e pour r\u00f4tir un poulet entier ou cuire un gros morceau de viande, et la petite plaque pour pr\u00e9parer des \u201cportions individuelles\u201d de produits cuits au four.<\/li>\n\n\n\n<li><strong>Facile \u00e0 ranger :<\/strong> Ces plats de cuisson en gros conservent un sch\u00e9ma de couleurs coh\u00e9rent et un contour rectangulaire. Les plats de cuisson de petite et moyenne taille peuvent \u00eatre int\u00e9gr\u00e9s dans les grands plats de cuisson, qui sont nets et coordonn\u00e9s, ce qui permet d'\u00e9conomiser de l'espace dans les armoires et d'allier esth\u00e9tique et commodit\u00e9 de stockage.<\/li>\n\n\n\n<li><strong>Mat\u00e9riau de haute qualit\u00e9 : <\/strong>Ces plats de cuisson en gros sont fabriqu\u00e9s en c\u00e9ramique, r\u00e9sistante \u00e0 la chaleur et chauff\u00e9e uniform\u00e9ment, ce qui garantit que toutes les parties des ingr\u00e9dients sont cuites au m\u00eame degr\u00e9, \u00e9vitant les br\u00fblures locales ou la sous-cuisson. Ils conviennent \u00e0 divers appareils de cuisson tels que les fours et les micro-ondes.<\/li>\n\n\n\n<li><strong>Pr\u00eat pour la vente en gros et l'exportation :<\/strong> Conforme aux normes internationales de s\u00e9curit\u00e9 du contact alimentaire, il convient aux supermarch\u00e9s, aux propri\u00e9taires de marques, aux fournisseurs de services de restauration et aux achats transfrontaliers en gros dans le cadre du commerce \u00e9lectronique.<\/li>\n<\/ul>\n<\/div>\n\n\n\n<div class=\"wp-block-column is-layout-flow wp-block-column-is-layout-flow\">\n<figure class=\"wp-block-image size-full\"><img fetchpriority=\"high\" decoding=\"async\" width=\"1024\" height=\"1024\" src=\"https:\/\/jinhuaceramic.com\/wp-content\/uploads\/2025\/12\/3-Piece-Two-Tone-Bakeware-Set-Wholesale-Custom-Ceramic-Baking-Dishes.webp\" alt=\"two-tone-custom-made-bakeware-wholesale-ceramic-baking-dish-1\" class=\"wp-image-11590\" srcset=\"https:\/\/jinhuaceramic.com\/wp-content\/uploads\/2025\/12\/3-Piece-Two-Tone-Bakeware-Set-Wholesale-Custom-Ceramic-Baking-Dishes.webp 1024w, https:\/\/jinhuaceramic.com\/wp-content\/uploads\/2025\/12\/3-Piece-Two-Tone-Bakeware-Set-Wholesale-Custom-Ceramic-Baking-Dishes-300x300.webp 300w, https:\/\/jinhuaceramic.com\/wp-content\/uploads\/2025\/12\/3-Piece-Two-Tone-Bakeware-Set-Wholesale-Custom-Ceramic-Baking-Dishes-150x150.webp 150w, https:\/\/jinhuaceramic.com\/wp-content\/uploads\/2025\/12\/3-Piece-Two-Tone-Bakeware-Set-Wholesale-Custom-Ceramic-Baking-Dishes-768x768.webp 768w, https:\/\/jinhuaceramic.com\/wp-content\/uploads\/2025\/12\/3-Piece-Two-Tone-Bakeware-Set-Wholesale-Custom-Ceramic-Baking-Dishes-12x12.webp 12w, https:\/\/jinhuaceramic.com\/wp-content\/uploads\/2025\/12\/3-Piece-Two-Tone-Bakeware-Set-Wholesale-Custom-Ceramic-Baking-Dishes-285x285.webp 285w, https:\/\/jinhuaceramic.com\/wp-content\/uploads\/2025\/12\/3-Piece-Two-Tone-Bakeware-Set-Wholesale-Custom-Ceramic-Baking-Dishes-270x270.webp 270w, https:\/\/jinhuaceramic.com\/wp-content\/uploads\/2025\/12\/3-Piece-Two-Tone-Bakeware-Set-Wholesale-Custom-Ceramic-Baking-Dishes-540x540.webp 540w, https:\/\/jinhuaceramic.com\/wp-content\/uploads\/2025\/12\/3-Piece-Two-Tone-Bakeware-Set-Wholesale-Custom-Ceramic-Baking-Dishes-660x660.webp 660w\" sizes=\"(max-width: 1024px) 100vw, 1024px\" \/><\/figure>\n<\/div>\n<\/div>","protected":false},"excerpt":{"rendered":"<p>Bienvenue \u00e0 l'achat de notre moule \u00e0 p\u00e2tisserie bleu fonc\u00e9 personnalis\u00e9, avec son design classique contrast\u00e9, sa combinaison flexible d'attributs fonctionnels et la performance des mat\u00e9riaux de haute qualit\u00e9, qui sont devenus des outils de cuisson \u00e0 la fois beaux et pratiques dans la cuisine. Id\u00e9al pour les commandes en gros, les programmes personnalis\u00e9s et les marques de vente au d\u00e9tail ou de services alimentaires \u00e0 la recherche d'articles de cuisson en c\u00e9ramique de haute qualit\u00e9.<\/p>","protected":false},"featured_media":11589,"comment_status":"closed","ping_status":"closed","template":"","meta":{"_acf_changed":false},"product_brand":[],"product_cat":[53],"product_tag":[71],"class_list":{"0":"post-11583","1":"product","2":"type-product","3":"status-publish","4":"has-post-thumbnail","6":"product_cat-bakeware-in-bulk","7":"product_tag-wholesale-baking-pans","9":"first","10":"instock","11":"shipping-taxable","12":"product-type-simple"},"acf":[],"_links":{"self":[{"href":"https:\/\/jinhuaceramic.com\/fr\/wp-json\/wp\/v2\/product\/11583","targetHints":{"allow":["GET"]}}],"collection":[{"href":"https:\/\/jinhuaceramic.com\/fr\/wp-json\/wp\/v2\/product"}],"about":[{"href":"https:\/\/jinhuaceramic.com\/fr\/wp-json\/wp\/v2\/types\/product"}],"replies":[{"embeddable":true,"href":"https:\/\/jinhuaceramic.com\/fr\/wp-json\/wp\/v2\/comments?post=11583"}],"version-history":[{"count":0,"href":"https:\/\/jinhuaceramic.com\/fr\/wp-json\/wp\/v2\/product\/11583\/revisions"}],"wp:featuredmedia":[{"embeddable":true,"href":"https:\/\/jinhuaceramic.com\/fr\/wp-json\/wp\/v2\/media\/11589"}],"wp:attachment":[{"href":"https:\/\/jinhuaceramic.com\/fr\/wp-json\/wp\/v2\/media?parent=11583"}],"wp:term":[{"taxonomy":"product_brand","embeddable":true,"href":"https:\/\/jinhuaceramic.com\/fr\/wp-json\/wp\/v2\/product_brand?post=11583"},{"taxonomy":"product_cat","embeddable":true,"href":"https:\/\/jinhuaceramic.com\/fr\/wp-json\/wp\/v2\/product_cat?post=11583"},{"taxonomy":"product_tag","embeddable":true,"href":"https:\/\/jinhuaceramic.com\/fr\/wp-json\/wp\/v2\/product_tag?post=11583"}],"curies":[{"name":"wp","href":"https:\/\/api.w.org\/{rel}","templated":true}]}}