{"id":11593,"date":"2025-12-31T01:34:15","date_gmt":"2025-12-31T01:34:15","guid":{"rendered":"https:\/\/jinhuaceramic.com\/?post_type=product&#038;p=11593"},"modified":"2025-12-31T01:34:19","modified_gmt":"2025-12-31T01:34:19","slug":"wholesale-ceramic-full-bathroom-set","status":"publish","type":"product","link":"https:\/\/jinhuaceramic.com\/fr\/product\/wholesale-ceramic-full-bathroom-set\/","title":{"rendered":"Ensemble complet de salle de bain en c\u00e9ramique avec accessoires en bambou"},"content":{"rendered":"<div class=\"wp-block-columns is-layout-flex wp-container-core-columns-is-layout-9d6595d7 wp-block-columns-is-layout-flex\">\n<div class=\"wp-block-column is-layout-flow wp-block-column-is-layout-flow\">\n<h3 class=\"wp-block-heading\">Ensemble complet de salle de bain en c\u00e9ramique haut de gamme pour la vente en gros Caract\u00e9ristiques :<\/h3>\n\n\n\n<ul class=\"wp-block-list\">\n<li><strong>Diverses couleurs :<\/strong> L'ensemble complet de salle de bain en c\u00e9ramique est disponible en trois couleurs au choix : noir, blanc et gris, toutes trois des couleurs neutres polyvalentes aux caract\u00e9ristiques discr\u00e8tes, introverties et \u00e9l\u00e9gantes. Les consommateurs peuvent choisir en fonction du style de d\u00e9coration de leur salle de bain ou de leurs pr\u00e9f\u00e9rences personnelles.<\/li>\n\n\n\n<li><strong>\u00c9l\u00e9ments en bambou : <\/strong>L'ensemble complet de salle de bains en c\u00e9ramique vendu en gros est assorti \u00e0 des couvercles en bambou, ajoutant des \u00e9l\u00e9ments naturels et chaleureux, rompant avec la froideur que peut apporter la c\u00e9ramique mate, rendant l'ensemble de salle de bains plus accessible dans son ensemble.<\/li>\n\n\n\n<li><strong>Ensemble complet : <\/strong>Ces ensembles complets de salle de bain en c\u00e9ramique vendus en gros comprennent une vari\u00e9t\u00e9 d'articles de salle de bain couramment utilis\u00e9s, tels que des distributeurs de savon, des brosses de toilettes, des poubelles, des porte-brosses \u00e0 dents, des porte-savons, etc., r\u00e9pondant pleinement aux besoins quotidiens de rangement et de toilette de la salle de bain, pratiques et fonctionnels.<\/li>\n\n\n\n<li><strong>Mat\u00e9riau durable :<\/strong> Le corps principal en c\u00e9ramique de ces ensembles de salle de bain vendus en gros pr\u00e9sente une duret\u00e9 et une r\u00e9sistance \u00e0 l'usure \u00e9lev\u00e9es, ce qui les rend moins sensibles aux rayures et aux dommages lors d'une utilisation quotidienne. Les composants en bambou ont subi un traitement imperm\u00e9able et ne moisissent pas facilement lorsqu'ils sont expos\u00e9s \u00e0 l'humidit\u00e9 de la salle de bain pendant une longue p\u00e9riode.<\/li>\n<\/ul>\n<\/div>\n\n\n\n<div class=\"wp-block-column is-layout-flow wp-block-column-is-layout-flow\">\n<figure class=\"wp-block-image size-full\"><img fetchpriority=\"high\" decoding=\"async\" width=\"1000\" height=\"1000\" src=\"https:\/\/jinhuaceramic.com\/wp-content\/uploads\/2025\/12\/Ceramic-Custom-Bathroom-Set-with-Bamboo-Accessories-Wholesale-Bathrooms-Supplies.webp\" alt=\"ensemble-de-salle-de-bains-compl\u00e8te-en-c\u00e9ramique-avec-accessoires-en-bambou-1\" class=\"wp-image-11603\" srcset=\"https:\/\/jinhuaceramic.com\/wp-content\/uploads\/2025\/12\/Ceramic-Custom-Bathroom-Set-with-Bamboo-Accessories-Wholesale-Bathrooms-Supplies.webp 1000w, https:\/\/jinhuaceramic.com\/wp-content\/uploads\/2025\/12\/Ceramic-Custom-Bathroom-Set-with-Bamboo-Accessories-Wholesale-Bathrooms-Supplies-300x300.webp 300w, https:\/\/jinhuaceramic.com\/wp-content\/uploads\/2025\/12\/Ceramic-Custom-Bathroom-Set-with-Bamboo-Accessories-Wholesale-Bathrooms-Supplies-150x150.webp 150w, https:\/\/jinhuaceramic.com\/wp-content\/uploads\/2025\/12\/Ceramic-Custom-Bathroom-Set-with-Bamboo-Accessories-Wholesale-Bathrooms-Supplies-768x768.webp 768w, https:\/\/jinhuaceramic.com\/wp-content\/uploads\/2025\/12\/Ceramic-Custom-Bathroom-Set-with-Bamboo-Accessories-Wholesale-Bathrooms-Supplies-12x12.webp 12w, https:\/\/jinhuaceramic.com\/wp-content\/uploads\/2025\/12\/Ceramic-Custom-Bathroom-Set-with-Bamboo-Accessories-Wholesale-Bathrooms-Supplies-285x285.webp 285w, https:\/\/jinhuaceramic.com\/wp-content\/uploads\/2025\/12\/Ceramic-Custom-Bathroom-Set-with-Bamboo-Accessories-Wholesale-Bathrooms-Supplies-270x270.webp 270w, https:\/\/jinhuaceramic.com\/wp-content\/uploads\/2025\/12\/Ceramic-Custom-Bathroom-Set-with-Bamboo-Accessories-Wholesale-Bathrooms-Supplies-540x540.webp 540w, https:\/\/jinhuaceramic.com\/wp-content\/uploads\/2025\/12\/Ceramic-Custom-Bathroom-Set-with-Bamboo-Accessories-Wholesale-Bathrooms-Supplies-660x660.webp 660w\" sizes=\"(max-width: 1000px) 100vw, 1000px\" \/><\/figure>\n<\/div>\n<\/div>","protected":false},"excerpt":{"rendered":"<p>Bienvenue pour acheter notre ensemble complet de salle de bain en c\u00e9ramique en gros. \u00c9l\u00e9gant en apparence, il peut ajouter une touche esth\u00e9tique unique \u00e0 la salle de bain. Sur le plan fonctionnel, la gamme de produits est compl\u00e8te et r\u00e9pond pleinement aux besoins quotidiens de la salle de bain. Le mat\u00e9riau est robuste et durable. Que ce soit en termes d'esth\u00e9tique, de praticit\u00e9 ou de durabilit\u00e9, ces ensembles de salle de bain en c\u00e9ramique permettent une production \u00e0 grande \u00e9chelle avec une qualit\u00e9 constante, r\u00e9pondant aux besoins d'une coop\u00e9ration \u00e0 long terme et d'un approvisionnement bas\u00e9 sur des projets.<\/p>","protected":false},"featured_media":11601,"comment_status":"closed","ping_status":"closed","template":"","meta":{"_acf_changed":false},"product_brand":[],"product_cat":[51],"product_tag":[74],"class_list":{"0":"post-11593","1":"product","2":"type-product","3":"status-publish","4":"has-post-thumbnail","6":"product_cat-bathroom-accessories-wholesale","7":"product_tag-ceramic-bath-accessories-wholesale","9":"first","10":"instock","11":"shipping-taxable","12":"product-type-simple"},"acf":[],"_links":{"self":[{"href":"https:\/\/jinhuaceramic.com\/fr\/wp-json\/wp\/v2\/product\/11593","targetHints":{"allow":["GET"]}}],"collection":[{"href":"https:\/\/jinhuaceramic.com\/fr\/wp-json\/wp\/v2\/product"}],"about":[{"href":"https:\/\/jinhuaceramic.com\/fr\/wp-json\/wp\/v2\/types\/product"}],"replies":[{"embeddable":true,"href":"https:\/\/jinhuaceramic.com\/fr\/wp-json\/wp\/v2\/comments?post=11593"}],"version-history":[{"count":0,"href":"https:\/\/jinhuaceramic.com\/fr\/wp-json\/wp\/v2\/product\/11593\/revisions"}],"wp:featuredmedia":[{"embeddable":true,"href":"https:\/\/jinhuaceramic.com\/fr\/wp-json\/wp\/v2\/media\/11601"}],"wp:attachment":[{"href":"https:\/\/jinhuaceramic.com\/fr\/wp-json\/wp\/v2\/media?parent=11593"}],"wp:term":[{"taxonomy":"product_brand","embeddable":true,"href":"https:\/\/jinhuaceramic.com\/fr\/wp-json\/wp\/v2\/product_brand?post=11593"},{"taxonomy":"product_cat","embeddable":true,"href":"https:\/\/jinhuaceramic.com\/fr\/wp-json\/wp\/v2\/product_cat?post=11593"},{"taxonomy":"product_tag","embeddable":true,"href":"https:\/\/jinhuaceramic.com\/fr\/wp-json\/wp\/v2\/product_tag?post=11593"}],"curies":[{"name":"wp","href":"https:\/\/api.w.org\/{rel}","templated":true}]}}