{"id":11643,"date":"2025-12-31T07:28:56","date_gmt":"2025-12-31T07:28:56","guid":{"rendered":"https:\/\/jinhuaceramic.com\/?post_type=product&#038;p=11643"},"modified":"2025-12-31T07:30:00","modified_gmt":"2025-12-31T07:30:00","slug":"round-baking-dishes-wholesale","status":"publish","type":"product","link":"https:\/\/jinhuaceramic.com\/fr\/product\/round-baking-dishes-wholesale\/","title":{"rendered":"Plats de cuisson ronds en c\u00e9ramique en gros, assiettes allant au four"},"content":{"rendered":"<div class=\"wp-block-columns is-layout-flex wp-container-core-columns-is-layout-9d6595d7 wp-block-columns-is-layout-flex\">\n<div class=\"wp-block-column is-layout-flow wp-block-column-is-layout-flow\">\n<h3 class=\"wp-block-heading\">Plats \u00e0 four ronds en c\u00e9ramique de premi\u00e8re qualit\u00e9 Caract\u00e9ristiques en gros :<\/h3>\n\n\n\n<ul class=\"wp-block-list\">\n<li><strong>Couleur fra\u00eeche : <\/strong>Ces plats de cuisson ronds sont con\u00e7us dans une forme ronde avec un gla\u00e7age bleu ciel pur, cr\u00e9ant un ton de couleur frais et doux qui apporte une exp\u00e9rience visuelle paisible et confortable. Ils conviennent aux styles de cuisine ou de table \u00e0 manger tels que le style nordique et le style cr\u00e8me.<\/li>\n\n\n\n<li><strong>Conception d\u00e9taill\u00e9e :<\/strong> La texture ray\u00e9e verticale \u00e0 l'int\u00e9rieur de ces plats de cuisson ronds en gros n'ajoute pas seulement une profondeur visuelle, mais contribue \u00e9galement \u00e0 sur\u00e9lever les aliments et \u00e0 emp\u00eacher le fond d'\u00eatre imbib\u00e9 de graisse, ce qui rendrait les produits de boulangerie et de p\u00e2tisserie plus secs.<\/li>\n\n\n\n<li><strong>Forme ronde avec une seule poign\u00e9e :<\/strong> Les plats de cuisson ronds en gros assurent un chauffage uniforme, et la poign\u00e9e unique permet de le soulever et de le retirer facilement du four. Le trou circulaire de la poign\u00e9e peut \u00eatre suspendu pour le stockage, ce qui le rend appropri\u00e9 pour les restaurants et les maisons.<\/li>\n\n\n\n<li><strong>Polyvalence :<\/strong> Ces plats de cuisson personnalis\u00e9s sont de forme compacte et peuvent \u00eatre utilis\u00e9s dans le four pour cuire des plats en portions individuelles tels que des ailes de poulet grill\u00e9es et des petits g\u00e2teaux. Ils peuvent \u00e9galement \u00eatre servis directement sur la table, ce qui les rend adapt\u00e9s \u00e0 des sc\u00e9narios tels que les repas en solo et le th\u00e9 de l'apr\u00e8s-midi.<\/li>\n\n\n\n<li><strong>Mat\u00e9riau de haute qualit\u00e9 :<\/strong> Ces moules \u00e0 p\u00e2tisserie personnalis\u00e9s sont fabriqu\u00e9s en c\u00e9ramique de haute qualit\u00e9, r\u00e9sistante \u00e0 la chaleur et ne se d\u00e9formant pas lors de la cuisson \u00e0 haute temp\u00e9rature. Robustes et durables, elles ne sont pas sujettes aux rayures ou aux dommages et ont une longue dur\u00e9e de vie.<\/li>\n<\/ul>\n<\/div>\n\n\n\n<div class=\"wp-block-column is-layout-flow wp-block-column-is-layout-flow\">\n<figure class=\"wp-block-image size-full\"><img fetchpriority=\"high\" decoding=\"async\" width=\"1246\" height=\"1246\" src=\"https:\/\/jinhuaceramic.com\/wp-content\/uploads\/2025\/12\/Round-Small-Baking-Dishes-Wholesale-Custom-Ceramic-Food-Service-Baking-Pans-2.webp\" alt=\"Plats de cuisson ronds en c\u00e9ramique - plaques pour four en gros - 2\" class=\"wp-image-11644\" srcset=\"https:\/\/jinhuaceramic.com\/wp-content\/uploads\/2025\/12\/Round-Small-Baking-Dishes-Wholesale-Custom-Ceramic-Food-Service-Baking-Pans-2.webp 1246w, https:\/\/jinhuaceramic.com\/wp-content\/uploads\/2025\/12\/Round-Small-Baking-Dishes-Wholesale-Custom-Ceramic-Food-Service-Baking-Pans-2-300x300.webp 300w, https:\/\/jinhuaceramic.com\/wp-content\/uploads\/2025\/12\/Round-Small-Baking-Dishes-Wholesale-Custom-Ceramic-Food-Service-Baking-Pans-2-150x150.webp 150w, https:\/\/jinhuaceramic.com\/wp-content\/uploads\/2025\/12\/Round-Small-Baking-Dishes-Wholesale-Custom-Ceramic-Food-Service-Baking-Pans-2-768x768.webp 768w, https:\/\/jinhuaceramic.com\/wp-content\/uploads\/2025\/12\/Round-Small-Baking-Dishes-Wholesale-Custom-Ceramic-Food-Service-Baking-Pans-2-12x12.webp 12w, https:\/\/jinhuaceramic.com\/wp-content\/uploads\/2025\/12\/Round-Small-Baking-Dishes-Wholesale-Custom-Ceramic-Food-Service-Baking-Pans-2-285x285.webp 285w, https:\/\/jinhuaceramic.com\/wp-content\/uploads\/2025\/12\/Round-Small-Baking-Dishes-Wholesale-Custom-Ceramic-Food-Service-Baking-Pans-2-270x270.webp 270w, https:\/\/jinhuaceramic.com\/wp-content\/uploads\/2025\/12\/Round-Small-Baking-Dishes-Wholesale-Custom-Ceramic-Food-Service-Baking-Pans-2-540x540.webp 540w, https:\/\/jinhuaceramic.com\/wp-content\/uploads\/2025\/12\/Round-Small-Baking-Dishes-Wholesale-Custom-Ceramic-Food-Service-Baking-Pans-2-660x660.webp 660w\" sizes=\"(max-width: 1246px) 100vw, 1246px\" \/><\/figure>\n<\/div>\n<\/div>","protected":false},"excerpt":{"rendered":"<p>Nous vous invitons \u00e0 acheter en gros nos plats de cuisson ronds en c\u00e9ramique, qui sont des plats allant au four avec une seule poign\u00e9e, con\u00e7us pour une utilisation professionnelle et au d\u00e9tail. Fabriqu\u00e9s en c\u00e9ramique \u00e0 haute temp\u00e9rature pour une distribution uniforme de la chaleur et des performances fiables au four, ces plats de cuisson peuvent \u00eatre command\u00e9s en gros et personnalis\u00e9s selon les normes OEM\/ODM. Id\u00e9al pour les restaurants, les h\u00f4tels, les supermarch\u00e9s et les marques d'ustensiles de cuisine \u00e0 la recherche d'ustensiles de cuisson en c\u00e9ramique durables et personnalisables.<\/p>","protected":false},"featured_media":11648,"comment_status":"closed","ping_status":"closed","template":"","meta":{"_acf_changed":false},"product_brand":[],"product_cat":[53],"product_tag":[71],"class_list":{"0":"post-11643","1":"product","2":"type-product","3":"status-publish","4":"has-post-thumbnail","6":"product_cat-bakeware-in-bulk","7":"product_tag-wholesale-baking-pans","9":"first","10":"instock","11":"shipping-taxable","12":"product-type-simple"},"acf":[],"_links":{"self":[{"href":"https:\/\/jinhuaceramic.com\/fr\/wp-json\/wp\/v2\/product\/11643","targetHints":{"allow":["GET"]}}],"collection":[{"href":"https:\/\/jinhuaceramic.com\/fr\/wp-json\/wp\/v2\/product"}],"about":[{"href":"https:\/\/jinhuaceramic.com\/fr\/wp-json\/wp\/v2\/types\/product"}],"replies":[{"embeddable":true,"href":"https:\/\/jinhuaceramic.com\/fr\/wp-json\/wp\/v2\/comments?post=11643"}],"version-history":[{"count":0,"href":"https:\/\/jinhuaceramic.com\/fr\/wp-json\/wp\/v2\/product\/11643\/revisions"}],"wp:featuredmedia":[{"embeddable":true,"href":"https:\/\/jinhuaceramic.com\/fr\/wp-json\/wp\/v2\/media\/11648"}],"wp:attachment":[{"href":"https:\/\/jinhuaceramic.com\/fr\/wp-json\/wp\/v2\/media?parent=11643"}],"wp:term":[{"taxonomy":"product_brand","embeddable":true,"href":"https:\/\/jinhuaceramic.com\/fr\/wp-json\/wp\/v2\/product_brand?post=11643"},{"taxonomy":"product_cat","embeddable":true,"href":"https:\/\/jinhuaceramic.com\/fr\/wp-json\/wp\/v2\/product_cat?post=11643"},{"taxonomy":"product_tag","embeddable":true,"href":"https:\/\/jinhuaceramic.com\/fr\/wp-json\/wp\/v2\/product_tag?post=11643"}],"curies":[{"name":"wp","href":"https:\/\/api.w.org\/{rel}","templated":true}]}}