{"id":11662,"date":"2025-12-31T08:06:28","date_gmt":"2025-12-31T08:06:28","guid":{"rendered":"https:\/\/jinhuaceramic.com\/?post_type=product&#038;p=11662"},"modified":"2025-12-31T08:06:31","modified_gmt":"2025-12-31T08:06:31","slug":"white-ceramic-bathroom-set-wholesale","status":"publish","type":"product","link":"https:\/\/jinhuaceramic.com\/fr\/product\/white-ceramic-bathroom-set-wholesale\/","title":{"rendered":"Ensemble de salle de bain en c\u00e9ramique blanche en gros, accessoires de salle de bain personnalis\u00e9s"},"content":{"rendered":"<div class=\"wp-block-columns is-layout-flex wp-container-core-columns-is-layout-9d6595d7 wp-block-columns-is-layout-flex\">\n<div class=\"wp-block-column is-layout-flow wp-block-column-is-layout-flow\">\n<h3 class=\"wp-block-heading\">Premium Pure White Ceramic Bathroom Set Wholesale Bathroom Set Caract\u00e9ristiques :<\/h3>\n\n\n\n<ul class=\"wp-block-list\">\n<li><strong>Design minimaliste :<\/strong> L'ensemble de salle de bain en c\u00e9ramique blanche pr\u00e9sente un design blanc pur mat, associ\u00e9 \u00e0 des formes cylindriques simples, combinant le minimalisme moderne avec le style wabi-sabi, et peut s'adapter \u00e0 diff\u00e9rents styles de d\u00e9coration de salle de bain tels que le minimalisme, le style cr\u00e8me, le style nordique, etc.<\/li>\n\n\n\n<li><strong>Ensemble complet :<\/strong> L'ensemble de salle de bains en c\u00e9ramique blanche comprend tous les \u00e9l\u00e9ments essentiels \u00e0 une salle de bains, notamment un distributeur de savon, des pots de rangement, des porte-brosses \u00e0 dents et des gobelets pour bain de bouche. Cet ensemble vous permettra de ranger soigneusement tous vos articles, tels que les d\u00e9sinfectants pour les mains, les boules de coton, les brosses \u00e0 dents et le dentifrice, etc.<\/li>\n\n\n\n<li><strong>Mat\u00e9riau durable :<\/strong> Ces accessoires de salle de bains personnalis\u00e9s pr\u00e9sentent une duret\u00e9 et une r\u00e9sistance \u00e0 l'usure \u00e9lev\u00e9es, ce qui les rend moins susceptibles de se rayer ou de s'ab\u00eemer lors d'une utilisation quotidienne. Le mat\u00e9riau c\u00e9ramique est imperm\u00e9able \u00e0 l'eau et \u00e0 l'humidit\u00e9, ce qui permet de prot\u00e9ger les objets \u00e0 l'int\u00e9rieur du r\u00e9cipient contre l'humidit\u00e9.<\/li>\n\n\n\n<li><strong>Excellente qualit\u00e9 :<\/strong> Ces accessoires de salle de bains personnalis\u00e9s ont un certain poids et une certaine texture, ils sont lourds dans la main et donnent une impression de haute qualit\u00e9. Plac\u00e9s sur le comptoir de la salle de bains, ils sont stables et \u00e9l\u00e9gants, et rehaussent la qualit\u00e9 et le style de la salle de bains.<\/li>\n\n\n\n<li><strong>Convient pour les achats en gros : <\/strong>Capacit\u00e9 de production stable, prise en charge de commandes importantes, normes de qualit\u00e9 unifi\u00e9es, adapt\u00e9es aux projets h\u00f4teliers, aux cha\u00eenes de magasins et aux achats en gros transfrontaliers.<\/li>\n<\/ul>\n<\/div>\n\n\n\n<div class=\"wp-block-column is-layout-flow wp-block-column-is-layout-flow\">\n<figure class=\"wp-block-image size-full\"><img fetchpriority=\"high\" decoding=\"async\" width=\"2000\" height=\"2000\" src=\"https:\/\/jinhuaceramic.com\/wp-content\/uploads\/2025\/12\/Pure-White-Ceramic-Bathroom-Set-Custom-Bathroom-Accessories-Wholesale-2.webp\" alt=\"Ensemble de salle de bain en c\u00e9ramique blanche-wholesale-custom-bath-accessory-2\" class=\"wp-image-11663\" srcset=\"https:\/\/jinhuaceramic.com\/wp-content\/uploads\/2025\/12\/Pure-White-Ceramic-Bathroom-Set-Custom-Bathroom-Accessories-Wholesale-2.webp 2000w, https:\/\/jinhuaceramic.com\/wp-content\/uploads\/2025\/12\/Pure-White-Ceramic-Bathroom-Set-Custom-Bathroom-Accessories-Wholesale-2-300x300.webp 300w, https:\/\/jinhuaceramic.com\/wp-content\/uploads\/2025\/12\/Pure-White-Ceramic-Bathroom-Set-Custom-Bathroom-Accessories-Wholesale-2-150x150.webp 150w, https:\/\/jinhuaceramic.com\/wp-content\/uploads\/2025\/12\/Pure-White-Ceramic-Bathroom-Set-Custom-Bathroom-Accessories-Wholesale-2-768x768.webp 768w, https:\/\/jinhuaceramic.com\/wp-content\/uploads\/2025\/12\/Pure-White-Ceramic-Bathroom-Set-Custom-Bathroom-Accessories-Wholesale-2-12x12.webp 12w, https:\/\/jinhuaceramic.com\/wp-content\/uploads\/2025\/12\/Pure-White-Ceramic-Bathroom-Set-Custom-Bathroom-Accessories-Wholesale-2-285x285.webp 285w, https:\/\/jinhuaceramic.com\/wp-content\/uploads\/2025\/12\/Pure-White-Ceramic-Bathroom-Set-Custom-Bathroom-Accessories-Wholesale-2-1600x1600.webp 1600w, https:\/\/jinhuaceramic.com\/wp-content\/uploads\/2025\/12\/Pure-White-Ceramic-Bathroom-Set-Custom-Bathroom-Accessories-Wholesale-2-270x270.webp 270w, https:\/\/jinhuaceramic.com\/wp-content\/uploads\/2025\/12\/Pure-White-Ceramic-Bathroom-Set-Custom-Bathroom-Accessories-Wholesale-2-540x540.webp 540w, https:\/\/jinhuaceramic.com\/wp-content\/uploads\/2025\/12\/Pure-White-Ceramic-Bathroom-Set-Custom-Bathroom-Accessories-Wholesale-2-660x660.webp 660w\" sizes=\"(max-width: 2000px) 100vw, 2000px\" \/><\/figure>\n<\/div>\n<\/div>","protected":false},"excerpt":{"rendered":"<p>Nous vous invitons \u00e0 acheter en gros notre ensemble de salle de bain en c\u00e9ramique blanc pur, con\u00e7u pour les h\u00f4tels, les centres de vill\u00e9giature et les marques de vente au d\u00e9tail. Cet ensemble d'accessoires de salle de bain en c\u00e9ramique est dot\u00e9 d'une finition \u00e9maill\u00e9e durable, d'un design minimaliste et d'options OEM\/ODM flexibles. Id\u00e9al pour les achats en gros, il offre une qualit\u00e9 constante, un entretien facile et un aspect propre et haut de gamme pour les projets de salles de bains commerciales.<\/p>","protected":false},"featured_media":11668,"comment_status":"closed","ping_status":"closed","template":"","meta":{"_acf_changed":false},"product_brand":[],"product_cat":[51],"product_tag":[74],"class_list":{"0":"post-11662","1":"product","2":"type-product","3":"status-publish","4":"has-post-thumbnail","6":"product_cat-bathroom-accessories-wholesale","7":"product_tag-ceramic-bath-accessories-wholesale","9":"first","10":"instock","11":"shipping-taxable","12":"product-type-simple"},"acf":[],"_links":{"self":[{"href":"https:\/\/jinhuaceramic.com\/fr\/wp-json\/wp\/v2\/product\/11662","targetHints":{"allow":["GET"]}}],"collection":[{"href":"https:\/\/jinhuaceramic.com\/fr\/wp-json\/wp\/v2\/product"}],"about":[{"href":"https:\/\/jinhuaceramic.com\/fr\/wp-json\/wp\/v2\/types\/product"}],"replies":[{"embeddable":true,"href":"https:\/\/jinhuaceramic.com\/fr\/wp-json\/wp\/v2\/comments?post=11662"}],"version-history":[{"count":0,"href":"https:\/\/jinhuaceramic.com\/fr\/wp-json\/wp\/v2\/product\/11662\/revisions"}],"wp:featuredmedia":[{"embeddable":true,"href":"https:\/\/jinhuaceramic.com\/fr\/wp-json\/wp\/v2\/media\/11668"}],"wp:attachment":[{"href":"https:\/\/jinhuaceramic.com\/fr\/wp-json\/wp\/v2\/media?parent=11662"}],"wp:term":[{"taxonomy":"product_brand","embeddable":true,"href":"https:\/\/jinhuaceramic.com\/fr\/wp-json\/wp\/v2\/product_brand?post=11662"},{"taxonomy":"product_cat","embeddable":true,"href":"https:\/\/jinhuaceramic.com\/fr\/wp-json\/wp\/v2\/product_cat?post=11662"},{"taxonomy":"product_tag","embeddable":true,"href":"https:\/\/jinhuaceramic.com\/fr\/wp-json\/wp\/v2\/product_tag?post=11662"}],"curies":[{"name":"wp","href":"https:\/\/api.w.org\/{rel}","templated":true}]}}