{"id":11751,"date":"2026-01-09T02:42:01","date_gmt":"2026-01-09T02:42:01","guid":{"rendered":"https:\/\/jinhuaceramic.com\/?post_type=product&#038;p=11751"},"modified":"2026-03-09T07:53:29","modified_gmt":"2026-03-09T07:53:29","slug":"custom-bathroom-accessories-set","status":"publish","type":"product","link":"https:\/\/jinhuaceramic.com\/fr\/product\/custom-bathroom-accessories-set\/","title":{"rendered":"Custom Bathroom Accessories Set, Factory Wholesale Bathroom Sets (Ensemble d'accessoires de salle de bain sur mesure)"},"content":{"rendered":"<div class=\"wp-block-columns is-layout-flex wp-container-core-columns-is-layout-9d6595d7 wp-block-columns-is-layout-flex\">\n<div class=\"wp-block-column is-layout-flow wp-block-column-is-layout-flow\">\n<h3 class=\"wp-block-heading\">Ensemble d'accessoires de salle de bain personnalis\u00e9s de qualit\u00e9 sup\u00e9rieure Caract\u00e9ristiques :<\/h3>\n\n\n\n<ul class=\"wp-block-list\">\n<li><strong>Texture unique : <\/strong>Ces ensembles d'accessoires de salle de bains personnalis\u00e9s pr\u00e9sentent une surface textur\u00e9e in\u00e9gale avec de minuscules mouchetures qui perturbent le blanc pur monotone avec une touche naturelle et artistique tout au long de la conception, ce qui en fait un point d'attraction visuel dans votre salle de bains.<\/li>\n\n\n\n<li><strong>Solution compl\u00e8te d'accessoires de salle de bains :<\/strong> L'ensemble d'accessoires de salle de bains personnalis\u00e9 comprend g\u00e9n\u00e9ralement des articles essentiels tels qu'un distributeur de savon, un porte-brosse \u00e0 dents, un gobelet, un porte-savon et un porte-brosse de toilette, offrant ainsi une solution de salle de bains coordonn\u00e9e pour les h\u00f4tels, les appartements, les d\u00e9taillants et les projets d'int\u00e9rieur.<\/li>\n\n\n\n<li><strong>Robuste et durable :<\/strong> L'ensemble d'accessoires de salle de bains personnalis\u00e9 est fabriqu\u00e9 \u00e0 partir de mat\u00e9riaux c\u00e9ramiques de haute qualit\u00e9, solides et r\u00e9sistants \u00e0 l'usure et \u00e0 l'oxydation. Ils peuvent \u00e9galement \u00eatre utilis\u00e9s pendant une longue p\u00e9riode sans risque d'endommagement, ce qui rend le produit durable.<\/li>\n\n\n\n<li><strong>Possibilit\u00e9 de personnalisation OEM et ODM :<\/strong> Les fabricants de Jinhua proposent de nombreuses options de personnalisation, notamment l'impression de logos, la conception de formes, le gla\u00e7age des couleurs, les finitions mates ou brillantes et la personnalisation de l'emballage, ce qui permet aux marques et aux distributeurs de cr\u00e9er des ensembles de salle de bains uniques sous marque de distributeur.<\/li>\n\n\n\n<li><strong>Fabrication coh\u00e9rente et approvisionnement en vrac : <\/strong>Gr\u00e2ce \u00e0 des lignes de production professionnelles et \u00e0 un contr\u00f4le strict de la qualit\u00e9, les usines peuvent maintenir une qualit\u00e9 de produit constante et un approvisionnement stable en grandes quantit\u00e9s, r\u00e9pondant ainsi aux besoins d'approvisionnement des grossistes, des importateurs et des entrepreneurs.<\/li>\n\n\n\n<li><strong>Directement de l'usine : <\/strong>Ces ensembles de salle de bains en c\u00e9ramique sont produits directement \u00e0 partir de l'usine de c\u00e9ramique source, avec des lignes de production et un syst\u00e8me de contr\u00f4le de la qualit\u00e9 matures, capables de soutenir un approvisionnement stable \u00e0 long terme et des commandes de gros volumes.<\/li>\n<\/ul>\n<\/div>\n\n\n\n<div class=\"wp-block-column is-layout-flow wp-block-column-is-layout-flow\">\n<figure class=\"wp-block-image size-full\"><img fetchpriority=\"high\" decoding=\"async\" width=\"1600\" height=\"1600\" src=\"https:\/\/jinhuaceramic.com\/wp-content\/uploads\/2026\/01\/White-Designer-Bathroom-Sets-Wholesale-Ceramic-Custom-Bathroom-Accessories-4.webp\" alt=\"custom-bathroom-accessories-set-white-bath-sets-wholesale-4\" class=\"wp-image-11754\" srcset=\"https:\/\/jinhuaceramic.com\/wp-content\/uploads\/2026\/01\/White-Designer-Bathroom-Sets-Wholesale-Ceramic-Custom-Bathroom-Accessories-4.webp 1600w, https:\/\/jinhuaceramic.com\/wp-content\/uploads\/2026\/01\/White-Designer-Bathroom-Sets-Wholesale-Ceramic-Custom-Bathroom-Accessories-4-300x300.webp 300w, https:\/\/jinhuaceramic.com\/wp-content\/uploads\/2026\/01\/White-Designer-Bathroom-Sets-Wholesale-Ceramic-Custom-Bathroom-Accessories-4-150x150.webp 150w, https:\/\/jinhuaceramic.com\/wp-content\/uploads\/2026\/01\/White-Designer-Bathroom-Sets-Wholesale-Ceramic-Custom-Bathroom-Accessories-4-768x768.webp 768w, https:\/\/jinhuaceramic.com\/wp-content\/uploads\/2026\/01\/White-Designer-Bathroom-Sets-Wholesale-Ceramic-Custom-Bathroom-Accessories-4-12x12.webp 12w, https:\/\/jinhuaceramic.com\/wp-content\/uploads\/2026\/01\/White-Designer-Bathroom-Sets-Wholesale-Ceramic-Custom-Bathroom-Accessories-4-285x285.webp 285w, https:\/\/jinhuaceramic.com\/wp-content\/uploads\/2026\/01\/White-Designer-Bathroom-Sets-Wholesale-Ceramic-Custom-Bathroom-Accessories-4-270x270.webp 270w, https:\/\/jinhuaceramic.com\/wp-content\/uploads\/2026\/01\/White-Designer-Bathroom-Sets-Wholesale-Ceramic-Custom-Bathroom-Accessories-4-540x540.webp 540w, https:\/\/jinhuaceramic.com\/wp-content\/uploads\/2026\/01\/White-Designer-Bathroom-Sets-Wholesale-Ceramic-Custom-Bathroom-Accessories-4-660x660.webp 660w\" sizes=\"(max-width: 1600px) 100vw, 1600px\" \/><\/figure>\n<\/div>\n<\/div>","protected":false},"excerpt":{"rendered":"<p>Nous vous invitons \u00e0 acheter nos accessoires de salle de bains personnalis\u00e9s, con\u00e7us pour les h\u00f4tels, les d\u00e9taillants et les acheteurs de projets. Ces ensembles de salle de bain design blancs sont fabriqu\u00e9s \u00e0 partir de mat\u00e9riaux durables, garantissant une rentabilit\u00e9, une praticit\u00e9 et une esth\u00e9tique \u00e0 long terme. Ils rehaussent la salle de bains d'un style naturel et d\u00e9contract\u00e9, rendant le processus de lavage plus pratique gr\u00e2ce \u00e0 un rangement scientifique.<\/p>","protected":false},"featured_media":11757,"comment_status":"closed","ping_status":"closed","template":"","meta":{"_acf_changed":false},"product_brand":[],"product_cat":[51],"product_tag":[74],"class_list":{"0":"post-11751","1":"product","2":"type-product","3":"status-publish","4":"has-post-thumbnail","6":"product_cat-bathroom-accessories-wholesale","7":"product_tag-ceramic-bath-accessories-wholesale","9":"first","10":"instock","11":"shipping-taxable","12":"product-type-simple"},"acf":[],"_links":{"self":[{"href":"https:\/\/jinhuaceramic.com\/fr\/wp-json\/wp\/v2\/product\/11751","targetHints":{"allow":["GET"]}}],"collection":[{"href":"https:\/\/jinhuaceramic.com\/fr\/wp-json\/wp\/v2\/product"}],"about":[{"href":"https:\/\/jinhuaceramic.com\/fr\/wp-json\/wp\/v2\/types\/product"}],"replies":[{"embeddable":true,"href":"https:\/\/jinhuaceramic.com\/fr\/wp-json\/wp\/v2\/comments?post=11751"}],"version-history":[{"count":1,"href":"https:\/\/jinhuaceramic.com\/fr\/wp-json\/wp\/v2\/product\/11751\/revisions"}],"predecessor-version":[{"id":12148,"href":"https:\/\/jinhuaceramic.com\/fr\/wp-json\/wp\/v2\/product\/11751\/revisions\/12148"}],"wp:featuredmedia":[{"embeddable":true,"href":"https:\/\/jinhuaceramic.com\/fr\/wp-json\/wp\/v2\/media\/11757"}],"wp:attachment":[{"href":"https:\/\/jinhuaceramic.com\/fr\/wp-json\/wp\/v2\/media?parent=11751"}],"wp:term":[{"taxonomy":"product_brand","embeddable":true,"href":"https:\/\/jinhuaceramic.com\/fr\/wp-json\/wp\/v2\/product_brand?post=11751"},{"taxonomy":"product_cat","embeddable":true,"href":"https:\/\/jinhuaceramic.com\/fr\/wp-json\/wp\/v2\/product_cat?post=11751"},{"taxonomy":"product_tag","embeddable":true,"href":"https:\/\/jinhuaceramic.com\/fr\/wp-json\/wp\/v2\/product_tag?post=11751"}],"curies":[{"name":"wp","href":"https:\/\/api.w.org\/{rel}","templated":true}]}}