{"id":11761,"date":"2026-01-09T03:12:43","date_gmt":"2026-01-09T03:12:43","guid":{"rendered":"https:\/\/jinhuaceramic.com\/?post_type=product&#038;p=11761"},"modified":"2026-01-09T03:12:46","modified_gmt":"2026-01-09T03:12:46","slug":"oval-baking-dish-wholesale","status":"publish","type":"product","link":"https:\/\/jinhuaceramic.com\/fr\/product\/oval-baking-dish-wholesale\/","title":{"rendered":"Plat de cuisson ovale Wholesale, Ceramic Baking Pans Supplies"},"content":{"rendered":"<div class=\"wp-block-columns is-layout-flex wp-container-core-columns-is-layout-9d6595d7 wp-block-columns-is-layout-flex\">\n<div class=\"wp-block-column is-layout-flow wp-block-column-is-layout-flow\">\n<h3 class=\"wp-block-heading\">Plat de cuisson ovale de qualit\u00e9 sup\u00e9rieure Caract\u00e9ristiques en gros :<\/h3>\n\n\n\n<ul class=\"wp-block-list\">\n<li><strong>Design \u00e9l\u00e9gant :<\/strong> Ce plat de cuisson ovale adopte un design contrast\u00e9, avec une paroi ext\u00e9rieure blanche \u00e0 motifs de rayures grises et une paroi int\u00e9rieure d'un gris pur. Le ton gris \u00e0 faible saturation est stable et atmosph\u00e9rique, et le motif \u00e0 rayures verticales ajoute de la profondeur visuelle, pr\u00e9sentant un style moderne et \u00e0 la mode.<\/li>\n\n\n\n<li><strong>Forme pratique : <\/strong>Ce plat de cuisson ovale convient parfaitement \u00e0 la mise en place d'ingr\u00e9dients longs tels que du poisson entier ou des c\u00f4telettes d'agneau grill\u00e9es, et permet d'\u00e9conomiser de l'espace dans le four par rapport aux plats de cuisson ronds. Les poign\u00e9es int\u00e9gr\u00e9es des deux c\u00f4t\u00e9s sont faciles d'acc\u00e8s, \u00e9vitent les br\u00fblures et augmentent la commodit\u00e9 et la s\u00e9curit\u00e9 d'utilisation.<\/li>\n\n\n\n<li><strong>Mat\u00e9riau de haute qualit\u00e9 :<\/strong> Le plat de cuisson ovale est fabriqu\u00e9 \u00e0 partir de mat\u00e9riaux c\u00e9ramiques de haute qualit\u00e9 et pr\u00e9sente un certain degr\u00e9 de stabilit\u00e9 thermique, ce qui permet de chauffer les aliments de mani\u00e8re plus uniforme, d'\u00e9viter les br\u00fblures locales ou la sous-cuisson, et d'am\u00e9liorer l'efficacit\u00e9 de la cuisson.<\/li>\n\n\n\n<li><strong>Facile \u00e0 nettoyer : <\/strong>Ces moules \u00e0 p\u00e2tisserie en c\u00e9ramique sont dot\u00e9s d'une surface glac\u00e9e lisse et dense, ce qui emp\u00eache les r\u00e9sidus alimentaires et les taches d'huile d'y adh\u00e9rer. Apr\u00e8s la cuisson, essuyez-les d\u00e9licatement avec de l'eau ti\u00e8de et du d\u00e9tergent ; les taches s'enl\u00e8veront facilement et les moules resteront propres.<\/li>\n\n\n\n<li><strong>Convient pour les achats en gros :<\/strong> Ces moules \u00e0 p\u00e2tisserie en c\u00e9ramique en gros ont une structure stable et un faible taux de casse. Ils conviennent \u00e0 la production et \u00e0 l'exportation \u00e0 grande \u00e9chelle et peuvent \u00eatre utilis\u00e9s pour les commandes en gros OEM\/ODM.<\/li>\n<\/ul>\n<\/div>\n\n\n\n<div class=\"wp-block-column is-layout-flow wp-block-column-is-layout-flow\">\n<figure class=\"wp-block-image size-full\"><img fetchpriority=\"high\" decoding=\"async\" width=\"726\" height=\"726\" src=\"https:\/\/jinhuaceramic.com\/wp-content\/uploads\/2026\/01\/Oval-Baking-Dish-with-Striped-Pattern-Wholesale-Ceramic-Baking-Pans-Supplies-7.webp\" alt=\"oval-baking-dish-wholesale-ceramic-baking-pans-supplies-7\" class=\"wp-image-11767\" srcset=\"https:\/\/jinhuaceramic.com\/wp-content\/uploads\/2026\/01\/Oval-Baking-Dish-with-Striped-Pattern-Wholesale-Ceramic-Baking-Pans-Supplies-7.webp 726w, https:\/\/jinhuaceramic.com\/wp-content\/uploads\/2026\/01\/Oval-Baking-Dish-with-Striped-Pattern-Wholesale-Ceramic-Baking-Pans-Supplies-7-300x300.webp 300w, https:\/\/jinhuaceramic.com\/wp-content\/uploads\/2026\/01\/Oval-Baking-Dish-with-Striped-Pattern-Wholesale-Ceramic-Baking-Pans-Supplies-7-150x150.webp 150w, https:\/\/jinhuaceramic.com\/wp-content\/uploads\/2026\/01\/Oval-Baking-Dish-with-Striped-Pattern-Wholesale-Ceramic-Baking-Pans-Supplies-7-12x12.webp 12w, https:\/\/jinhuaceramic.com\/wp-content\/uploads\/2026\/01\/Oval-Baking-Dish-with-Striped-Pattern-Wholesale-Ceramic-Baking-Pans-Supplies-7-285x285.webp 285w, https:\/\/jinhuaceramic.com\/wp-content\/uploads\/2026\/01\/Oval-Baking-Dish-with-Striped-Pattern-Wholesale-Ceramic-Baking-Pans-Supplies-7-270x270.webp 270w, https:\/\/jinhuaceramic.com\/wp-content\/uploads\/2026\/01\/Oval-Baking-Dish-with-Striped-Pattern-Wholesale-Ceramic-Baking-Pans-Supplies-7-540x540.webp 540w, https:\/\/jinhuaceramic.com\/wp-content\/uploads\/2026\/01\/Oval-Baking-Dish-with-Striped-Pattern-Wholesale-Ceramic-Baking-Pans-Supplies-7-660x660.webp 660w\" sizes=\"(max-width: 726px) 100vw, 726px\" \/><\/figure>\n<\/div>\n<\/div>","protected":false},"excerpt":{"rendered":"<p>Nous vous invitons \u00e0 acheter en gros notre plat de cuisson ovale \u00e0 motif ray\u00e9, con\u00e7u pour la cuisson professionnelle et la fourniture de services alimentaires. Ces plats de cuisson en c\u00e9ramique sont fabriqu\u00e9s \u00e0 partir de c\u00e9ramique cuite \u00e0 haute temp\u00e9rature avec une gla\u00e7ure durable de qualit\u00e9 alimentaire, offrant une distribution uniforme de la chaleur et un nettoyage facile. Disponibles en plusieurs tailles avec personnalisation OEM\/ODM, elles sont id\u00e9ales pour les acheteurs en gros, les d\u00e9taillants et les projets d'h\u00f4tellerie \u00e0 la recherche d'articles de cuisson en c\u00e9ramique fiables.<\/p>","protected":false},"featured_media":11763,"comment_status":"closed","ping_status":"closed","template":"","meta":{"_acf_changed":false},"product_brand":[],"product_cat":[53],"product_tag":[71],"class_list":{"0":"post-11761","1":"product","2":"type-product","3":"status-publish","4":"has-post-thumbnail","6":"product_cat-bakeware-in-bulk","7":"product_tag-wholesale-baking-pans","9":"first","10":"instock","11":"shipping-taxable","12":"product-type-simple"},"acf":[],"_links":{"self":[{"href":"https:\/\/jinhuaceramic.com\/fr\/wp-json\/wp\/v2\/product\/11761","targetHints":{"allow":["GET"]}}],"collection":[{"href":"https:\/\/jinhuaceramic.com\/fr\/wp-json\/wp\/v2\/product"}],"about":[{"href":"https:\/\/jinhuaceramic.com\/fr\/wp-json\/wp\/v2\/types\/product"}],"replies":[{"embeddable":true,"href":"https:\/\/jinhuaceramic.com\/fr\/wp-json\/wp\/v2\/comments?post=11761"}],"version-history":[{"count":0,"href":"https:\/\/jinhuaceramic.com\/fr\/wp-json\/wp\/v2\/product\/11761\/revisions"}],"wp:featuredmedia":[{"embeddable":true,"href":"https:\/\/jinhuaceramic.com\/fr\/wp-json\/wp\/v2\/media\/11763"}],"wp:attachment":[{"href":"https:\/\/jinhuaceramic.com\/fr\/wp-json\/wp\/v2\/media?parent=11761"}],"wp:term":[{"taxonomy":"product_brand","embeddable":true,"href":"https:\/\/jinhuaceramic.com\/fr\/wp-json\/wp\/v2\/product_brand?post=11761"},{"taxonomy":"product_cat","embeddable":true,"href":"https:\/\/jinhuaceramic.com\/fr\/wp-json\/wp\/v2\/product_cat?post=11761"},{"taxonomy":"product_tag","embeddable":true,"href":"https:\/\/jinhuaceramic.com\/fr\/wp-json\/wp\/v2\/product_tag?post=11761"}],"curies":[{"name":"wp","href":"https:\/\/api.w.org\/{rel}","templated":true}]}}