{"id":11806,"date":"2026-01-09T09:02:23","date_gmt":"2026-01-09T09:02:23","guid":{"rendered":"https:\/\/jinhuaceramic.com\/?post_type=product&#038;p=11806"},"modified":"2026-01-09T09:02:26","modified_gmt":"2026-01-09T09:02:26","slug":"custom-bath-accessories","status":"publish","type":"product","link":"https:\/\/jinhuaceramic.com\/fr\/product\/custom-bath-accessories\/","title":{"rendered":"Accessoires de salle de bain modernes sur mesure, set de salle de bain noir en gros"},"content":{"rendered":"<div class=\"wp-block-columns is-layout-flex wp-container-core-columns-is-layout-9d6595d7 wp-block-columns-is-layout-flex\">\n<div class=\"wp-block-column is-layout-flow wp-block-column-is-layout-flow\">\n<h3 class=\"wp-block-heading\">Accessoires de salle de bain personnalis\u00e9s de qualit\u00e9 sup\u00e9rieure Caract\u00e9ristiques :<\/h3>\n\n\n\n<ul class=\"wp-block-list\">\n<li><strong>Design moderne : <\/strong>Ces accessoires de bain personnalis\u00e9s sont d'un noir mat moderne et classique, ce qui conf\u00e8re au produit un temp\u00e9rament calme et \u00e9l\u00e9gant. La surface des accessoires de salle de bains pr\u00e9sente de d\u00e9licates textures \u00e0 rayures verticales, ajoutant un sens visuel de la hi\u00e9rarchie et de la d\u00e9licatesse.<\/li>\n\n\n\n<li><strong>Ensemble complet :<\/strong> Ces ensembles de salle de bains en vrac comprennent deux distributeurs de savon, des porte-brosses \u00e0 dents, des pots de coton et d'autres articles essentiels pour la salle de bains, y compris les articles de toilette de base, ce qui facilite le maintien d'un comptoir bien organis\u00e9. Le distributeur de savon en mousse est plus dense lorsqu'il est press\u00e9, et convient au lavage quotidien des mains ; le distributeur de savon normal peut \u00eatre utilis\u00e9 pour les liquides \u00e9pais comme le shampoing, r\u00e9pondant ainsi \u00e0 diff\u00e9rentes demandes.<\/li>\n\n\n\n<li><strong>Robuste et durable : <\/strong>Ces accessoires de bain personnalis\u00e9s sont fabriqu\u00e9s \u00e0 partir de mat\u00e9riaux c\u00e9ramiques cuits \u00e0 haute temp\u00e9rature, d'une densit\u00e9 et d'une duret\u00e9 \u00e9lev\u00e9es. Ils ne sont pas facilement ray\u00e9s ou \u00e9br\u00e9ch\u00e9s lors des collisions quotidiennes et ont une longue dur\u00e9e de vie.<\/li>\n\n\n\n<li><strong>Facile \u00e0 entretenir :<\/strong> Ces accessoires de bain personnalis\u00e9s sont fabriqu\u00e9s en c\u00e9ramique de haute qualit\u00e9, ont une surface lisse, ne se tachent pas facilement et sont tr\u00e8s faciles \u00e0 nettoyer. Il suffit de les essuyer avec un chiffon humide ou de les rincer \u00e0 l'eau claire au quotidien pour les garder propres.<\/li>\n\n\n\n<li><strong>Qualit\u00e9 constante pour les commandes en gros :<\/strong> Des processus stricts de contr\u00f4le de la qualit\u00e9 garantissent une qualit\u00e9 constante des couleurs et des gla\u00e7ures dans les commandes en vrac, ce qui convient aux projets \u00e0 grande \u00e9chelle et aux cha\u00eenes de magasins.<\/li>\n<\/ul>\n<\/div>\n\n\n\n<div class=\"wp-block-column is-layout-flow wp-block-column-is-layout-flow\">\n<figure class=\"wp-block-image size-full\"><img fetchpriority=\"high\" decoding=\"async\" width=\"1600\" height=\"1600\" src=\"https:\/\/jinhuaceramic.com\/wp-content\/uploads\/2026\/01\/All-Black-Modern-Bathroom-Accessories-Wholesale-Soap-Dispenser-and-Soap-Dishes-Set-3.webp\" alt=\"modern-custom-bath-accessories-black-wholesale-bathroom-set-3\" class=\"wp-image-11808\" srcset=\"https:\/\/jinhuaceramic.com\/wp-content\/uploads\/2026\/01\/All-Black-Modern-Bathroom-Accessories-Wholesale-Soap-Dispenser-and-Soap-Dishes-Set-3.webp 1600w, https:\/\/jinhuaceramic.com\/wp-content\/uploads\/2026\/01\/All-Black-Modern-Bathroom-Accessories-Wholesale-Soap-Dispenser-and-Soap-Dishes-Set-3-300x300.webp 300w, https:\/\/jinhuaceramic.com\/wp-content\/uploads\/2026\/01\/All-Black-Modern-Bathroom-Accessories-Wholesale-Soap-Dispenser-and-Soap-Dishes-Set-3-150x150.webp 150w, https:\/\/jinhuaceramic.com\/wp-content\/uploads\/2026\/01\/All-Black-Modern-Bathroom-Accessories-Wholesale-Soap-Dispenser-and-Soap-Dishes-Set-3-768x768.webp 768w, https:\/\/jinhuaceramic.com\/wp-content\/uploads\/2026\/01\/All-Black-Modern-Bathroom-Accessories-Wholesale-Soap-Dispenser-and-Soap-Dishes-Set-3-12x12.webp 12w, https:\/\/jinhuaceramic.com\/wp-content\/uploads\/2026\/01\/All-Black-Modern-Bathroom-Accessories-Wholesale-Soap-Dispenser-and-Soap-Dishes-Set-3-285x285.webp 285w, https:\/\/jinhuaceramic.com\/wp-content\/uploads\/2026\/01\/All-Black-Modern-Bathroom-Accessories-Wholesale-Soap-Dispenser-and-Soap-Dishes-Set-3-270x270.webp 270w, https:\/\/jinhuaceramic.com\/wp-content\/uploads\/2026\/01\/All-Black-Modern-Bathroom-Accessories-Wholesale-Soap-Dispenser-and-Soap-Dishes-Set-3-540x540.webp 540w, https:\/\/jinhuaceramic.com\/wp-content\/uploads\/2026\/01\/All-Black-Modern-Bathroom-Accessories-Wholesale-Soap-Dispenser-and-Soap-Dishes-Set-3-660x660.webp 660w\" sizes=\"(max-width: 1600px) 100vw, 1600px\" \/><\/figure>\n<\/div>\n<\/div>","protected":false},"excerpt":{"rendered":"<p>Nous vous invitons \u00e0 acheter nos accessoires de salle de bains personnalis\u00e9s, qui int\u00e8grent parfaitement l'esth\u00e9tique et le c\u00f4t\u00e9 pratique gr\u00e2ce \u00e0 un design moderne et \u00e9l\u00e9gant, \u00e0 des ensembles fonctionnels complets et \u00e0 des mat\u00e9riaux de haute qualit\u00e9 durables et faciles \u00e0 nettoyer. L'ensemble de salle de bain noir 5 pi\u00e8ces convient aux h\u00f4tels, centres de vill\u00e9giature, maisons d'h\u00f4tes, projets d'appartements, d\u00e9taillants de marque et grossistes en produits de salle de bain, cr\u00e9ant un espace de salle de bain propre et haut de gamme.<\/p>","protected":false},"featured_media":11807,"comment_status":"closed","ping_status":"closed","template":"","meta":{"_acf_changed":false},"product_brand":[],"product_cat":[51],"product_tag":[74],"class_list":{"0":"post-11806","1":"product","2":"type-product","3":"status-publish","4":"has-post-thumbnail","6":"product_cat-bathroom-accessories-wholesale","7":"product_tag-ceramic-bath-accessories-wholesale","9":"first","10":"instock","11":"shipping-taxable","12":"product-type-simple"},"acf":[],"_links":{"self":[{"href":"https:\/\/jinhuaceramic.com\/fr\/wp-json\/wp\/v2\/product\/11806","targetHints":{"allow":["GET"]}}],"collection":[{"href":"https:\/\/jinhuaceramic.com\/fr\/wp-json\/wp\/v2\/product"}],"about":[{"href":"https:\/\/jinhuaceramic.com\/fr\/wp-json\/wp\/v2\/types\/product"}],"replies":[{"embeddable":true,"href":"https:\/\/jinhuaceramic.com\/fr\/wp-json\/wp\/v2\/comments?post=11806"}],"version-history":[{"count":0,"href":"https:\/\/jinhuaceramic.com\/fr\/wp-json\/wp\/v2\/product\/11806\/revisions"}],"wp:featuredmedia":[{"embeddable":true,"href":"https:\/\/jinhuaceramic.com\/fr\/wp-json\/wp\/v2\/media\/11807"}],"wp:attachment":[{"href":"https:\/\/jinhuaceramic.com\/fr\/wp-json\/wp\/v2\/media?parent=11806"}],"wp:term":[{"taxonomy":"product_brand","embeddable":true,"href":"https:\/\/jinhuaceramic.com\/fr\/wp-json\/wp\/v2\/product_brand?post=11806"},{"taxonomy":"product_cat","embeddable":true,"href":"https:\/\/jinhuaceramic.com\/fr\/wp-json\/wp\/v2\/product_cat?post=11806"},{"taxonomy":"product_tag","embeddable":true,"href":"https:\/\/jinhuaceramic.com\/fr\/wp-json\/wp\/v2\/product_tag?post=11806"}],"curies":[{"name":"wp","href":"https:\/\/api.w.org\/{rel}","templated":true}]}}