{"id":12038,"date":"2026-01-19T10:42:46","date_gmt":"2026-01-19T10:42:46","guid":{"rendered":"https:\/\/jinhuaceramic.com\/?post_type=product&#038;p=12038"},"modified":"2026-01-19T10:42:48","modified_gmt":"2026-01-19T10:42:48","slug":"oval-casserole-dish-wholesale","status":"publish","type":"product","link":"https:\/\/jinhuaceramic.com\/fr\/product\/oval-casserole-dish-wholesale\/","title":{"rendered":"Plat \u00e0 gratin ovale Wholesale, plats \u00e0 gratin en c\u00e9ramique personnalis\u00e9s"},"content":{"rendered":"<div class=\"wp-block-columns is-layout-flex wp-container-core-columns-is-layout-9d6595d7 wp-block-columns-is-layout-flex\">\n<div class=\"wp-block-column is-layout-flow wp-block-column-is-layout-flow\">\n<h3 class=\"wp-block-heading\">Casserole ovale de qualit\u00e9 sup\u00e9rieure Caract\u00e9ristiques en gros :<\/h3>\n\n\n\n<ul class=\"wp-block-list\">\n<li><strong>Design \u00e9l\u00e9gant :<\/strong> Cette cocotte ovale a \u00e9t\u00e9 con\u00e7ue avec des motifs en relief d\u00e9licats et peu profonds sur sa surface. La couleur blanche simple et nette, combin\u00e9e \u00e0 des couches visuelles subtiles, permet non seulement d'\u00e9viter la monotonie visuelle des couleurs unies, mais aussi de rehausser la valeur artistique et ornementale des produits.<\/li>\n\n\n\n<li><strong>Capacit\u00e9 mod\u00e9r\u00e9e : <\/strong>Cette cocotte ovale en gros peut \u00eatre remplie avec 320 ml, ce qui peut \u00eatre consid\u00e9r\u00e9 comme une capacit\u00e9 mod\u00e9r\u00e9e. Elle convient aux particuliers ou \u00e0 une petite famille pour cuisiner. En m\u00eame temps, elles peuvent \u00eatre utilis\u00e9es pour pr\u00e9parer plusieurs portions individuelles pour des f\u00eates ou des banquets.<\/li>\n\n\n\n<li><strong>Mat\u00e9riau de haute qualit\u00e9 : <\/strong>Ce plat \u00e0 gratin ovale est fabriqu\u00e9 \u00e0 partir de mat\u00e9riaux c\u00e9ramiques de haute qualit\u00e9 pr\u00e9sentant une bonne conductivit\u00e9 thermique, ce qui permet de chauffer uniform\u00e9ment les aliments pendant le processus de cuisson, d'\u00e9viter les surchauffes locales ou les br\u00fblures, garantissant ainsi l'effet de cuisson et le go\u00fbt des aliments.<\/li>\n\n\n\n<li><strong>Facile \u00e0 nettoyer : <\/strong>Ces moules \u00e0 p\u00e2tisserie en c\u00e9ramique personnalis\u00e9s ont une surface lisse, ce qui rend difficile l'adh\u00e9sion des aliments et facilite le nettoyage. Il suffit d'essuyer doucement avec de l'eau chaude et du d\u00e9tergent pour nettoyer les r\u00e9sidus d'huile et de nourriture sur le plat de cuisson.<\/li>\n\n\n\n<li><strong>Outil de cuisine polyvalent :<\/strong> Ces moules en c\u00e9ramique personnalis\u00e9s peuvent \u00eatre utilis\u00e9s pour diff\u00e9rents types de cuisson, tels que la cuisson au four, le r\u00f4tissage, la cuisson \u00e0 l'\u00e9touff\u00e9e, etc., et conviennent \u00e0 un usage commercial dans les foyers, les restaurants, les h\u00f4tels, etc.<\/li>\n<\/ul>\n<\/div>\n\n\n\n<div class=\"wp-block-column is-layout-flow wp-block-column-is-layout-flow\">\n<figure class=\"wp-block-image size-full\"><img fetchpriority=\"high\" decoding=\"async\" width=\"1024\" height=\"1024\" src=\"https:\/\/jinhuaceramic.com\/wp-content\/uploads\/2026\/01\/Oval-White-Casserole-Dish-Custom-Ceramic-Food-Service-Baking-Pans-Wholesale-4.webp\" alt=\"plat \u00e0 gratin ovale - vente en gros de plats \u00e0 gratin en c\u00e9ramique personnalis\u00e9s - 4\" class=\"wp-image-11859\" srcset=\"https:\/\/jinhuaceramic.com\/wp-content\/uploads\/2026\/01\/Oval-White-Casserole-Dish-Custom-Ceramic-Food-Service-Baking-Pans-Wholesale-4.webp 1024w, https:\/\/jinhuaceramic.com\/wp-content\/uploads\/2026\/01\/Oval-White-Casserole-Dish-Custom-Ceramic-Food-Service-Baking-Pans-Wholesale-4-300x300.webp 300w, https:\/\/jinhuaceramic.com\/wp-content\/uploads\/2026\/01\/Oval-White-Casserole-Dish-Custom-Ceramic-Food-Service-Baking-Pans-Wholesale-4-150x150.webp 150w, https:\/\/jinhuaceramic.com\/wp-content\/uploads\/2026\/01\/Oval-White-Casserole-Dish-Custom-Ceramic-Food-Service-Baking-Pans-Wholesale-4-768x768.webp 768w, https:\/\/jinhuaceramic.com\/wp-content\/uploads\/2026\/01\/Oval-White-Casserole-Dish-Custom-Ceramic-Food-Service-Baking-Pans-Wholesale-4-12x12.webp 12w, https:\/\/jinhuaceramic.com\/wp-content\/uploads\/2026\/01\/Oval-White-Casserole-Dish-Custom-Ceramic-Food-Service-Baking-Pans-Wholesale-4-285x285.webp 285w, https:\/\/jinhuaceramic.com\/wp-content\/uploads\/2026\/01\/Oval-White-Casserole-Dish-Custom-Ceramic-Food-Service-Baking-Pans-Wholesale-4-270x270.webp 270w, https:\/\/jinhuaceramic.com\/wp-content\/uploads\/2026\/01\/Oval-White-Casserole-Dish-Custom-Ceramic-Food-Service-Baking-Pans-Wholesale-4-540x540.webp 540w, https:\/\/jinhuaceramic.com\/wp-content\/uploads\/2026\/01\/Oval-White-Casserole-Dish-Custom-Ceramic-Food-Service-Baking-Pans-Wholesale-4-660x660.webp 660w\" sizes=\"(max-width: 1024px) 100vw, 1024px\" \/><\/figure>\n<\/div>\n<\/div>","protected":false},"excerpt":{"rendered":"<p>Bienvenue \u00e0 l'achat en gros de notre cocotte ovale blanche avec son design ext\u00e9rieur \u00e9l\u00e9gant, sa capacit\u00e9 raisonnable, son mat\u00e9riau de haute qualit\u00e9 et son nettoyage facile, qui sont devenus des ustensiles de cuisson pratiques et esth\u00e9tiques dans la cuisine. Convient pour les fours, les micro-ondes et divers sc\u00e9narios de cuisson, disponible pour les achats en vrac et les besoins de personnalisation de la marque.<\/p>","protected":false},"featured_media":11862,"comment_status":"closed","ping_status":"closed","template":"","meta":{"_acf_changed":false},"product_brand":[],"product_cat":[53],"product_tag":[71],"class_list":{"0":"post-12038","1":"product","2":"type-product","3":"status-publish","4":"has-post-thumbnail","6":"product_cat-bakeware-in-bulk","7":"product_tag-wholesale-baking-pans","9":"first","10":"instock","11":"shipping-taxable","12":"product-type-simple"},"acf":[],"_links":{"self":[{"href":"https:\/\/jinhuaceramic.com\/fr\/wp-json\/wp\/v2\/product\/12038","targetHints":{"allow":["GET"]}}],"collection":[{"href":"https:\/\/jinhuaceramic.com\/fr\/wp-json\/wp\/v2\/product"}],"about":[{"href":"https:\/\/jinhuaceramic.com\/fr\/wp-json\/wp\/v2\/types\/product"}],"replies":[{"embeddable":true,"href":"https:\/\/jinhuaceramic.com\/fr\/wp-json\/wp\/v2\/comments?post=12038"}],"version-history":[{"count":0,"href":"https:\/\/jinhuaceramic.com\/fr\/wp-json\/wp\/v2\/product\/12038\/revisions"}],"wp:featuredmedia":[{"embeddable":true,"href":"https:\/\/jinhuaceramic.com\/fr\/wp-json\/wp\/v2\/media\/11862"}],"wp:attachment":[{"href":"https:\/\/jinhuaceramic.com\/fr\/wp-json\/wp\/v2\/media?parent=12038"}],"wp:term":[{"taxonomy":"product_brand","embeddable":true,"href":"https:\/\/jinhuaceramic.com\/fr\/wp-json\/wp\/v2\/product_brand?post=12038"},{"taxonomy":"product_cat","embeddable":true,"href":"https:\/\/jinhuaceramic.com\/fr\/wp-json\/wp\/v2\/product_cat?post=12038"},{"taxonomy":"product_tag","embeddable":true,"href":"https:\/\/jinhuaceramic.com\/fr\/wp-json\/wp\/v2\/product_tag?post=12038"}],"curies":[{"name":"wp","href":"https:\/\/api.w.org\/{rel}","templated":true}]}}