{"id":12047,"date":"2026-01-20T03:13:45","date_gmt":"2026-01-20T03:13:45","guid":{"rendered":"https:\/\/jinhuaceramic.com\/?post_type=product&#038;p=12047"},"modified":"2026-01-20T04:00:32","modified_gmt":"2026-01-20T04:00:32","slug":"3-piece-ceramic-baking-dishes-wholesale","status":"publish","type":"product","link":"https:\/\/jinhuaceramic.com\/fr\/product\/3-piece-ceramic-baking-dishes-wholesale\/","title":{"rendered":"3-Piece Ceramic Baking Dishes Wholesale with Various Patterns (plats de cuisson en c\u00e9ramique \u00e0 motifs vari\u00e9s)"},"content":{"rendered":"<div class=\"wp-block-columns is-layout-flex wp-container-core-columns-is-layout-9d6595d7 wp-block-columns-is-layout-flex\">\n<div class=\"wp-block-column is-layout-flow wp-block-column-is-layout-flow\">\n<h3 class=\"wp-block-heading\">Plats \u00e0 four en c\u00e9ramique 3 pi\u00e8ces Premium Wholesale Features :<\/h3>\n\n\n\n<ul class=\"wp-block-list\">\n<li><strong>Diff\u00e9rents motifs :<\/strong> Ces plats de cuisson en c\u00e9ramique 3 pi\u00e8ces sont dot\u00e9s de motifs g\u00e9om\u00e9triques noirs sur la surface, tels que des adagios r\u00e9guliers en forme d'arc, des grilles triangulaires et des lignes avec des ellipses. Ces motifs sont des styles artistiques tr\u00e8s modernes et peuvent ajouter une saveur visuelle unique au plat de cuisson.<\/li>\n\n\n\n<li><strong>Diff\u00e9rentes tailles : <\/strong>Ces plats de cuisson en c\u00e9ramique 3 pi\u00e8ces contiennent en gros les tailles grande, moyenne et petite avec respectivement 2280 ml, 1182 ml et 535 ml de capacit\u00e9. Diff\u00e9rentes options de taille sont disponibles pour r\u00e9pondre \u00e0 vos besoins pour diff\u00e9rentes \u00e9chelles de cuisson, de l'utilisation personnelle aux repas familiaux.<\/li>\n\n\n\n<li><strong>Mat\u00e9riau de haute qualit\u00e9 :<\/strong> Notre moule de cuisson personnalis\u00e9 est fabriqu\u00e9 \u00e0 partir de mat\u00e9riaux c\u00e9ramiques de haute qualit\u00e9 aux propri\u00e9t\u00e9s chimiques stables. Ils ne lib\u00e8rent pas de substances nocives lors du processus de cuisson \u00e0 haute temp\u00e9rature, ce qui rend les aliments s\u00fbrs et sains.<\/li>\n\n\n\n<li><strong>Surface \u00e9maill\u00e9e facile \u00e0 nettoyer :<\/strong> La surface de ces plaques de cuisson en gros est lisse et dense, ce qui la rend moins sujette aux taches d'huile, am\u00e9liore l'efficacit\u00e9 et r\u00e9duit les probl\u00e8mes de service apr\u00e8s-vente dans les secteurs de la restauration et de la vente au d\u00e9tail.<\/li>\n\n\n\n<li><strong>Polyvalence :<\/strong> En plus d'\u00eatre utilis\u00e9s comme ustensiles de cuisson, ces plats \u00e0 four en c\u00e9ramique 3 pi\u00e8ces peuvent \u00e9galement \u00eatre directement utilis\u00e9s comme articles de table. Les motifs uniques et l'apparence exquise peuvent am\u00e9liorer le style de la salle \u00e0 manger et ajouter un sens de la c\u00e9r\u00e9monie \u00e0 l'exp\u00e9rience de la salle \u00e0 manger, ce qui convient particuli\u00e8rement pour recevoir des invit\u00e9s.<\/li>\n<\/ul>\n<\/div>\n\n\n\n<div class=\"wp-block-column is-layout-flow wp-block-column-is-layout-flow\">\n<figure class=\"wp-block-image size-full\"><img fetchpriority=\"high\" decoding=\"async\" width=\"1000\" height=\"1000\" src=\"https:\/\/jinhuaceramic.com\/wp-content\/uploads\/2026\/01\/3-Piece-Baking-Dish-Set-with-Various-Patterns-Custom-Baking-Pans-Wholesale-5.webp\" alt=\"Plats \u00e0 cuire en c\u00e9ramique 3 pi\u00e8ces - vente en gros avec motifs vari\u00e9s-5\" class=\"wp-image-11887\" srcset=\"https:\/\/jinhuaceramic.com\/wp-content\/uploads\/2026\/01\/3-Piece-Baking-Dish-Set-with-Various-Patterns-Custom-Baking-Pans-Wholesale-5.webp 1000w, https:\/\/jinhuaceramic.com\/wp-content\/uploads\/2026\/01\/3-Piece-Baking-Dish-Set-with-Various-Patterns-Custom-Baking-Pans-Wholesale-5-300x300.webp 300w, https:\/\/jinhuaceramic.com\/wp-content\/uploads\/2026\/01\/3-Piece-Baking-Dish-Set-with-Various-Patterns-Custom-Baking-Pans-Wholesale-5-150x150.webp 150w, https:\/\/jinhuaceramic.com\/wp-content\/uploads\/2026\/01\/3-Piece-Baking-Dish-Set-with-Various-Patterns-Custom-Baking-Pans-Wholesale-5-768x768.webp 768w, https:\/\/jinhuaceramic.com\/wp-content\/uploads\/2026\/01\/3-Piece-Baking-Dish-Set-with-Various-Patterns-Custom-Baking-Pans-Wholesale-5-12x12.webp 12w, https:\/\/jinhuaceramic.com\/wp-content\/uploads\/2026\/01\/3-Piece-Baking-Dish-Set-with-Various-Patterns-Custom-Baking-Pans-Wholesale-5-285x285.webp 285w, https:\/\/jinhuaceramic.com\/wp-content\/uploads\/2026\/01\/3-Piece-Baking-Dish-Set-with-Various-Patterns-Custom-Baking-Pans-Wholesale-5-270x270.webp 270w, https:\/\/jinhuaceramic.com\/wp-content\/uploads\/2026\/01\/3-Piece-Baking-Dish-Set-with-Various-Patterns-Custom-Baking-Pans-Wholesale-5-540x540.webp 540w, https:\/\/jinhuaceramic.com\/wp-content\/uploads\/2026\/01\/3-Piece-Baking-Dish-Set-with-Various-Patterns-Custom-Baking-Pans-Wholesale-5-660x660.webp 660w\" sizes=\"(max-width: 1000px) 100vw, 1000px\" \/><\/figure>\n<\/div>\n<\/div>","protected":false},"excerpt":{"rendered":"<p>Nous vous invitons \u00e0 acheter en gros nos plats de cuisson en c\u00e9ramique 3 pi\u00e8ces, qui sont fabriqu\u00e9s en c\u00e9ramique de haute qualit\u00e9 pour une distribution uniforme de la chaleur et une durabilit\u00e9 \u00e0 long terme. Ces plats de cuisson en c\u00e9ramique vont au four, au micro-ondes et au lave-vaisselle, et pr\u00e9sentent un motif unique id\u00e9al pour la personnalisation de la marque. Fournis directement par l'usine de c\u00e9ramique, ils conviennent aux commandes de gros volumes et \u00e0 la coop\u00e9ration \u00e0 long terme.<\/p>","protected":false},"featured_media":11884,"comment_status":"closed","ping_status":"closed","template":"","meta":{"_acf_changed":false},"product_brand":[],"product_cat":[53],"product_tag":[71],"class_list":{"0":"post-12047","1":"product","2":"type-product","3":"status-publish","4":"has-post-thumbnail","6":"product_cat-bakeware-in-bulk","7":"product_tag-wholesale-baking-pans","9":"first","10":"instock","11":"shipping-taxable","12":"product-type-simple"},"acf":[],"_links":{"self":[{"href":"https:\/\/jinhuaceramic.com\/fr\/wp-json\/wp\/v2\/product\/12047","targetHints":{"allow":["GET"]}}],"collection":[{"href":"https:\/\/jinhuaceramic.com\/fr\/wp-json\/wp\/v2\/product"}],"about":[{"href":"https:\/\/jinhuaceramic.com\/fr\/wp-json\/wp\/v2\/types\/product"}],"replies":[{"embeddable":true,"href":"https:\/\/jinhuaceramic.com\/fr\/wp-json\/wp\/v2\/comments?post=12047"}],"version-history":[{"count":0,"href":"https:\/\/jinhuaceramic.com\/fr\/wp-json\/wp\/v2\/product\/12047\/revisions"}],"wp:featuredmedia":[{"embeddable":true,"href":"https:\/\/jinhuaceramic.com\/fr\/wp-json\/wp\/v2\/media\/11884"}],"wp:attachment":[{"href":"https:\/\/jinhuaceramic.com\/fr\/wp-json\/wp\/v2\/media?parent=12047"}],"wp:term":[{"taxonomy":"product_brand","embeddable":true,"href":"https:\/\/jinhuaceramic.com\/fr\/wp-json\/wp\/v2\/product_brand?post=12047"},{"taxonomy":"product_cat","embeddable":true,"href":"https:\/\/jinhuaceramic.com\/fr\/wp-json\/wp\/v2\/product_cat?post=12047"},{"taxonomy":"product_tag","embeddable":true,"href":"https:\/\/jinhuaceramic.com\/fr\/wp-json\/wp\/v2\/product_tag?post=12047"}],"curies":[{"name":"wp","href":"https:\/\/api.w.org\/{rel}","templated":true}]}}