{"id":12050,"date":"2026-01-20T03:56:19","date_gmt":"2026-01-20T03:56:19","guid":{"rendered":"https:\/\/jinhuaceramic.com\/?post_type=product&#038;p=12050"},"modified":"2026-03-09T06:27:54","modified_gmt":"2026-03-09T06:27:54","slug":"hotel-bathroom-set-wholesale","status":"publish","type":"product","link":"https:\/\/jinhuaceramic.com\/fr\/product\/hotel-bathroom-set-wholesale\/","title":{"rendered":"Hotel Bathroom Set Wholesale, Ceramic Bath Accessory Supplier"},"content":{"rendered":"<div class=\"wp-block-columns is-layout-flex wp-container-core-columns-is-layout-9d6595d7 wp-block-columns-is-layout-flex\">\n<div class=\"wp-block-column is-layout-flow wp-block-column-is-layout-flow\">\n<h3 class=\"wp-block-heading\">Premium Hotel Bathroom Set Wholesale Caract\u00e9ristiques :<\/h3>\n\n\n\n<ul class=\"wp-block-list\">\n<li><strong>Style r\u00e9tro :<\/strong> Cet ensemble de salle de bains d'h\u00f4tel en gros pr\u00e9sente des couleurs beige et blanc pur assorties, avec des transitions de couleurs naturelles, associ\u00e9es \u00e0 des motifs et des \u00e9tiquettes vintage avec des mots tels que \u201cWELLESS RELAXATION\u201d, qui non seulement renforcent l'atmosph\u00e8re de gu\u00e9rison, mais ajoutent \u00e9galement une texture artistique.<\/li>\n\n\n\n<li><strong>Tr\u00e8s pratique :<\/strong> Cet ensemble de salle de bains d'h\u00f4tel comprend divers accessoires de salle de bains pratiques, notamment des distributeurs de savon pour stocker des liquides tels que le shampoing, le d\u00e9sinfectant pour les mains ou le gel douche, des porte-brosses \u00e0 dents pour stocker les brosses \u00e0 dents, le dentifrice ou les brosses de maquillage, et des porte-savons pour stocker le savon ou de petits objets tels que des montres et des bijoux.<\/li>\n\n\n\n<li><strong>Mat\u00e9riau durable :<\/strong> Ces accessoires de salle de bains personnalis\u00e9s sont fabriqu\u00e9s en c\u00e9ramique de haute qualit\u00e9, cuite \u00e0 haute temp\u00e9rature, d'une densit\u00e9 et d'une duret\u00e9 \u00e9lev\u00e9es. Ils ne sont pas facilement ray\u00e9s ou \u00e9br\u00e9ch\u00e9s lors des collisions quotidiennes et ont une longue dur\u00e9e de vie.<\/li>\n\n\n\n<li><strong>Facile \u00e0 entretenir :<\/strong> Ces accessoires de salle de bains en c\u00e9ramique personnalis\u00e9e ont un \u00e9mail lisse et dense, ne se tachent pas facilement et sont faciles \u00e0 nettoyer et \u00e0 entretenir. M\u00eame s'ils sont tach\u00e9s par des taches de savon, de dentifrice, etc., ils peuvent \u00eatre facilement nettoy\u00e9s.<\/li>\n\n\n\n<li><strong>Personnalisation et assistance OEM\/ODM :<\/strong> Cet ensemble de salle de bains pour h\u00f4tels en gros permet l'impression de logos, la personnalisation des couleurs, la conception de motifs, la personnalisation de l'emballage et la configuration de l'ensemble pour r\u00e9pondre aux exigences des marques h\u00f4teli\u00e8res, des distributeurs et des marques priv\u00e9es.<\/li>\n\n\n\n<li><strong>Approvisionnement en vrac pour les projets d'h\u00f4tellerie : <\/strong>Id\u00e9al pour les grossistes, les fournisseurs d'h\u00f4tels, les soci\u00e9t\u00e9s d'approvisionnement de l'h\u00f4tellerie et les marques d'accessoires de salle de bains \u00e0 la recherche d'un approvisionnement stable en vrac \u00e0 des prix d'usine comp\u00e9titifs.<\/li>\n<\/ul>\n<\/div>\n\n\n\n<div class=\"wp-block-column is-layout-flow wp-block-column-is-layout-flow\">\n<figure class=\"wp-block-image size-full\"><img fetchpriority=\"high\" decoding=\"async\" width=\"1500\" height=\"1500\" src=\"https:\/\/jinhuaceramic.com\/wp-content\/uploads\/2026\/01\/Two-Tone-Designer-Bathroom-Accessories-Wholesale-Soap-Dispenser-and-Soap-Dish-Set-2.webp\" alt=\"hotel-bathroom-set-wholesale-custom-ceramic-bath-accessory-2\" class=\"wp-image-11892\" srcset=\"https:\/\/jinhuaceramic.com\/wp-content\/uploads\/2026\/01\/Two-Tone-Designer-Bathroom-Accessories-Wholesale-Soap-Dispenser-and-Soap-Dish-Set-2.webp 1500w, https:\/\/jinhuaceramic.com\/wp-content\/uploads\/2026\/01\/Two-Tone-Designer-Bathroom-Accessories-Wholesale-Soap-Dispenser-and-Soap-Dish-Set-2-300x300.webp 300w, https:\/\/jinhuaceramic.com\/wp-content\/uploads\/2026\/01\/Two-Tone-Designer-Bathroom-Accessories-Wholesale-Soap-Dispenser-and-Soap-Dish-Set-2-150x150.webp 150w, https:\/\/jinhuaceramic.com\/wp-content\/uploads\/2026\/01\/Two-Tone-Designer-Bathroom-Accessories-Wholesale-Soap-Dispenser-and-Soap-Dish-Set-2-768x768.webp 768w, https:\/\/jinhuaceramic.com\/wp-content\/uploads\/2026\/01\/Two-Tone-Designer-Bathroom-Accessories-Wholesale-Soap-Dispenser-and-Soap-Dish-Set-2-12x12.webp 12w, https:\/\/jinhuaceramic.com\/wp-content\/uploads\/2026\/01\/Two-Tone-Designer-Bathroom-Accessories-Wholesale-Soap-Dispenser-and-Soap-Dish-Set-2-285x285.webp 285w, https:\/\/jinhuaceramic.com\/wp-content\/uploads\/2026\/01\/Two-Tone-Designer-Bathroom-Accessories-Wholesale-Soap-Dispenser-and-Soap-Dish-Set-2-270x270.webp 270w, https:\/\/jinhuaceramic.com\/wp-content\/uploads\/2026\/01\/Two-Tone-Designer-Bathroom-Accessories-Wholesale-Soap-Dispenser-and-Soap-Dish-Set-2-540x540.webp 540w, https:\/\/jinhuaceramic.com\/wp-content\/uploads\/2026\/01\/Two-Tone-Designer-Bathroom-Accessories-Wholesale-Soap-Dispenser-and-Soap-Dish-Set-2-660x660.webp 660w\" sizes=\"(max-width: 1500px) 100vw, 1500px\" \/><\/figure>\n<\/div>\n<\/div>","protected":false},"excerpt":{"rendered":"<p>Les fonctions pratiques r\u00e9pondent aux divers besoins de la vie quotidienne, et les mat\u00e9riaux c\u00e9ramiques de haute qualit\u00e9 garantissent la durabilit\u00e9 et la facilit\u00e9 de nettoyage des produits. Ces ensembles de salle de bain sont un bon choix pour les familles qui recherchent une qualit\u00e9 de vie et les utilisateurs qui pr\u00eatent attention aux d\u00e9tails de la conception. Id\u00e9al pour les achats en gros, l'approvisionnement \u00e0 long terme et les solutions de salle de bains haut de gamme pour l'h\u00f4tellerie.<\/p>","protected":false},"featured_media":11897,"comment_status":"closed","ping_status":"closed","template":"","meta":{"_acf_changed":false},"product_brand":[],"product_cat":[51],"product_tag":[74],"class_list":{"0":"post-12050","1":"product","2":"type-product","3":"status-publish","4":"has-post-thumbnail","6":"product_cat-bathroom-accessories-wholesale","7":"product_tag-ceramic-bath-accessories-wholesale","9":"first","10":"instock","11":"shipping-taxable","12":"product-type-simple"},"acf":[],"_links":{"self":[{"href":"https:\/\/jinhuaceramic.com\/fr\/wp-json\/wp\/v2\/product\/12050","targetHints":{"allow":["GET"]}}],"collection":[{"href":"https:\/\/jinhuaceramic.com\/fr\/wp-json\/wp\/v2\/product"}],"about":[{"href":"https:\/\/jinhuaceramic.com\/fr\/wp-json\/wp\/v2\/types\/product"}],"replies":[{"embeddable":true,"href":"https:\/\/jinhuaceramic.com\/fr\/wp-json\/wp\/v2\/comments?post=12050"}],"version-history":[{"count":1,"href":"https:\/\/jinhuaceramic.com\/fr\/wp-json\/wp\/v2\/product\/12050\/revisions"}],"predecessor-version":[{"id":12143,"href":"https:\/\/jinhuaceramic.com\/fr\/wp-json\/wp\/v2\/product\/12050\/revisions\/12143"}],"wp:featuredmedia":[{"embeddable":true,"href":"https:\/\/jinhuaceramic.com\/fr\/wp-json\/wp\/v2\/media\/11897"}],"wp:attachment":[{"href":"https:\/\/jinhuaceramic.com\/fr\/wp-json\/wp\/v2\/media?parent=12050"}],"wp:term":[{"taxonomy":"product_brand","embeddable":true,"href":"https:\/\/jinhuaceramic.com\/fr\/wp-json\/wp\/v2\/product_brand?post=12050"},{"taxonomy":"product_cat","embeddable":true,"href":"https:\/\/jinhuaceramic.com\/fr\/wp-json\/wp\/v2\/product_cat?post=12050"},{"taxonomy":"product_tag","embeddable":true,"href":"https:\/\/jinhuaceramic.com\/fr\/wp-json\/wp\/v2\/product_tag?post=12050"}],"curies":[{"name":"wp","href":"https:\/\/api.w.org\/{rel}","templated":true}]}}