{"id":3124,"date":"2024-04-08T16:04:48","date_gmt":"2024-04-08T16:04:48","guid":{"rendered":"https:\/\/jinhuaceramic.com\/?post_type=product&#038;p=3124"},"modified":"2026-02-05T01:03:38","modified_gmt":"2026-02-05T01:03:38","slug":"bathroom-accessories-wholesale","status":"publish","type":"product","link":"https:\/\/jinhuaceramic.com\/fr\/product\/bathroom-accessories-wholesale\/","title":{"rendered":"Accessoires de salle de bain en c\u00e9ramique avec design moderne"},"content":{"rendered":"<div class=\"wp-block-columns is-layout-flex wp-container-core-columns-is-layout-9d6595d7 wp-block-columns-is-layout-flex\">\n<div class=\"wp-block-column is-layout-flow wp-block-column-is-layout-flow\" style=\"flex-basis:50%\">\n<h3 class=\"wp-block-heading\">Accessoires de salle de bain Premium Wholesale Caract\u00e9ristiques :<\/h3>\n\n\n\n<ul class=\"wp-block-list\">\n<li><strong>Design moderne et mignon : <\/strong>Ces accessoires de salle de bains en gros adoptent un concept nouveau et cr\u00e9atif qui associe l'esth\u00e9tique moderne \u00e0 des \u00e9l\u00e9ments mignons, ajoutant ainsi de l'amusement et de la vitalit\u00e9 \u00e0 votre salle de bains.<\/li>\n\n\n\n<li><strong>Mat\u00e9riau c\u00e9ramique de haute qualit\u00e9 : <\/strong>S\u00e9lectionn\u00e9 \u00e0 partir des meilleures mati\u00e8res premi\u00e8res c\u00e9ramiques et fabriqu\u00e9 dans nos accessoires de bain en gros avec un savoir-faire artisanal, cet accessoire de salle de bain en gros a une surface de texture mate avec une structure stable et durable.<\/li>\n\n\n\n<li><strong>Remise pour achat en gros : <\/strong>En tant que l'un des meilleurs fabricants d'accessoires de salle de bain en Chine, Jinhua propose des prix tr\u00e8s comp\u00e9titifs pour la vente en gros d'accessoires de salle de bain et permet \u00e0 ses clients de b\u00e9n\u00e9ficier de remises suppl\u00e9mentaires pour les achats en gros afin de r\u00e9pondre \u00e0 des projets commerciaux ou \u00e0 des besoins de d\u00e9coration personnelle.<\/li>\n\n\n\n<li><strong>Des lignes de produits diversifi\u00e9es : <\/strong>Nos accessoires de salle de bain en gros couvrent un large \u00e9ventail, des porte-savons aux brosses \u00e0 dents en passant par les pots de rangement ; tout est l\u00e0 pour r\u00e9pondre \u00e0 tous vos besoins en mati\u00e8re de d\u00e9coration de salle de bain.<\/li>\n<\/ul>\n<\/div>\n\n\n\n<div class=\"wp-block-column is-layout-flow wp-block-column-is-layout-flow\" style=\"flex-basis:50%\">\n<figure class=\"wp-block-image size-full\"><img fetchpriority=\"high\" decoding=\"async\" width=\"1000\" height=\"1000\" src=\"https:\/\/jinhuaceramic.com\/wp-content\/uploads\/2024\/04\/ceramic-manufacturer-wholesale-bathroom-accessories-set-bathrooms-supplies-5.webp\" alt=\"accessoires de salle de bain en c\u00e9ramique - vente en gros avec design moderne\" class=\"wp-image-3195\" srcset=\"https:\/\/jinhuaceramic.com\/wp-content\/uploads\/2024\/04\/ceramic-manufacturer-wholesale-bathroom-accessories-set-bathrooms-supplies-5.webp 1000w, https:\/\/jinhuaceramic.com\/wp-content\/uploads\/2024\/04\/ceramic-manufacturer-wholesale-bathroom-accessories-set-bathrooms-supplies-5-300x300.webp 300w, https:\/\/jinhuaceramic.com\/wp-content\/uploads\/2024\/04\/ceramic-manufacturer-wholesale-bathroom-accessories-set-bathrooms-supplies-5-150x150.webp 150w, https:\/\/jinhuaceramic.com\/wp-content\/uploads\/2024\/04\/ceramic-manufacturer-wholesale-bathroom-accessories-set-bathrooms-supplies-5-768x768.webp 768w, https:\/\/jinhuaceramic.com\/wp-content\/uploads\/2024\/04\/ceramic-manufacturer-wholesale-bathroom-accessories-set-bathrooms-supplies-5-285x285.webp 285w, https:\/\/jinhuaceramic.com\/wp-content\/uploads\/2024\/04\/ceramic-manufacturer-wholesale-bathroom-accessories-set-bathrooms-supplies-5-270x270.webp 270w, https:\/\/jinhuaceramic.com\/wp-content\/uploads\/2024\/04\/ceramic-manufacturer-wholesale-bathroom-accessories-set-bathrooms-supplies-5-540x540.webp 540w, https:\/\/jinhuaceramic.com\/wp-content\/uploads\/2024\/04\/ceramic-manufacturer-wholesale-bathroom-accessories-set-bathrooms-supplies-5-660x660.webp 660w\" sizes=\"(max-width: 1000px) 100vw, 1000px\" \/><\/figure>\n<\/div>\n<\/div>","protected":false},"excerpt":{"rendered":"<p>Bienvenue sur le site d'achat en gros d'accessoires de bain. Ces accessoires de salle de bain originaux combinent une esth\u00e9tique moderne et une conception mignonne. L'utilisation de mat\u00e9riaux c\u00e9ramiques de haute qualit\u00e9 et d'un savoir-faire exquis garantit que chaque produit est esth\u00e9tiquement plaisant tout en pouvant supporter l'usure pendant une p\u00e9riode plus longue. Nous offrons des prix pr\u00e9f\u00e9rentiels pour les gros achats afin d'obtenir une d\u00e9coration de salle de bain de haute qualit\u00e9 de mani\u00e8re plus \u00e9conomique.<\/p>","protected":false},"featured_media":3192,"comment_status":"closed","ping_status":"closed","template":"","meta":{"_acf_changed":false},"product_brand":[],"product_cat":[51],"product_tag":[74],"class_list":{"0":"post-3124","1":"product","2":"type-product","3":"status-publish","4":"has-post-thumbnail","6":"product_cat-bathroom-accessories-wholesale","7":"product_tag-ceramic-bath-accessories-wholesale","9":"first","10":"instock","11":"shipping-taxable","12":"product-type-simple"},"acf":[],"_links":{"self":[{"href":"https:\/\/jinhuaceramic.com\/fr\/wp-json\/wp\/v2\/product\/3124","targetHints":{"allow":["GET"]}}],"collection":[{"href":"https:\/\/jinhuaceramic.com\/fr\/wp-json\/wp\/v2\/product"}],"about":[{"href":"https:\/\/jinhuaceramic.com\/fr\/wp-json\/wp\/v2\/types\/product"}],"replies":[{"embeddable":true,"href":"https:\/\/jinhuaceramic.com\/fr\/wp-json\/wp\/v2\/comments?post=3124"}],"version-history":[{"count":0,"href":"https:\/\/jinhuaceramic.com\/fr\/wp-json\/wp\/v2\/product\/3124\/revisions"}],"wp:featuredmedia":[{"embeddable":true,"href":"https:\/\/jinhuaceramic.com\/fr\/wp-json\/wp\/v2\/media\/3192"}],"wp:attachment":[{"href":"https:\/\/jinhuaceramic.com\/fr\/wp-json\/wp\/v2\/media?parent=3124"}],"wp:term":[{"taxonomy":"product_brand","embeddable":true,"href":"https:\/\/jinhuaceramic.com\/fr\/wp-json\/wp\/v2\/product_brand?post=3124"},{"taxonomy":"product_cat","embeddable":true,"href":"https:\/\/jinhuaceramic.com\/fr\/wp-json\/wp\/v2\/product_cat?post=3124"},{"taxonomy":"product_tag","embeddable":true,"href":"https:\/\/jinhuaceramic.com\/fr\/wp-json\/wp\/v2\/product_tag?post=3124"}],"curies":[{"name":"wp","href":"https:\/\/api.w.org\/{rel}","templated":true}]}}