{"id":3198,"date":"2024-04-10T02:05:59","date_gmt":"2024-04-10T02:05:59","guid":{"rendered":"https:\/\/jinhuaceramic.com\/?post_type=product&#038;p=3198"},"modified":"2026-02-05T01:06:35","modified_gmt":"2026-02-05T01:06:35","slug":"ceramic-bathroom-set-wholesale-2","status":"publish","type":"product","link":"https:\/\/jinhuaceramic.com\/fr\/product\/ceramic-bathroom-set-wholesale-2\/","title":{"rendered":"Set de salle de bain en c\u00e9ramique Wholesale, Bath Accessories For Decor"},"content":{"rendered":"<div class=\"wp-block-columns is-layout-flex wp-container-core-columns-is-layout-9d6595d7 wp-block-columns-is-layout-flex\">\n<div class=\"wp-block-column is-layout-flow wp-block-column-is-layout-flow\" style=\"flex-basis:50%\">\n<h3 class=\"wp-block-heading\">Premium Bathroom Set Wholesale Caract\u00e9ristiques :<\/h3>\n\n\n\n<ul class=\"wp-block-list\">\n<li><strong>Mise en valeur de la beaut\u00e9 de la salle de bains : <\/strong>Notre ensemble de salle de bain en c\u00e9ramique est joliment con\u00e7u et son style varie en fonction de tous les types de d\u00e9coration de la salle de bain ; il am\u00e9liore facilement l'aspect g\u00e9n\u00e9ral et la texture de la salle de bain et donne \u00e0 votre espace de salle de bain un look compl\u00e8tement nouveau.<\/li>\n\n\n\n<li><strong>Anti-fissure et r\u00e9sistant \u00e0 l'humidit\u00e9 : <\/strong>Ces accessoires de bain en gros sont fabriqu\u00e9s \u00e0 partir de mat\u00e9riaux c\u00e9ramiques de haute qualit\u00e9, solides et durables, anti-fissures et imperm\u00e9ables. Ils garantissent une longue dur\u00e9e de vie dans de telles conditions de salle de bain et sont facilement nettoyables pour conserver leur aspect lisse et brillant.<\/li>\n\n\n\n<li><strong>Une grande praticit\u00e9 : <\/strong>Notre set de salle de bain en c\u00e9ramique contient, entre autres, des porte-savons, des distributeurs de savon et des gobelets pour bain de bouche extr\u00eamement pratiques, qui r\u00e9pondent aux besoins quotidiens des gens en mati\u00e8re de bain et garantissent que la fonction et l'esth\u00e9tique sont parfaitement li\u00e9es.<\/li>\n\n\n\n<li><strong>Prise en charge de l'achat en gros et de la personnalisation : <\/strong>Nous proposons un service de commande en gros pour les accessoires de bain. Ils peuvent \u00eatre personnalis\u00e9s en fonction de la couleur, du motif et de la taille, ce qui convient aux besoins d'achat \u00e0 grande \u00e9chelle des h\u00f4tels, des promoteurs immobiliers, des d\u00e9taillants, etc.<\/li>\n<\/ul>\n<\/div>\n\n\n\n<div class=\"wp-block-column is-layout-flow wp-block-column-is-layout-flow\" style=\"flex-basis:50%\">\n<figure class=\"wp-block-image size-full\"><img fetchpriority=\"high\" decoding=\"async\" width=\"1500\" height=\"1500\" src=\"https:\/\/jinhuaceramic.com\/wp-content\/uploads\/2024\/04\/ceramic-manufacturer-wholesale-bathroom-accessories-set-bathrooms-supplies-3-1.webp\" alt=\"Set de salle de bain en c\u00e9ramique Wholesale, Wholesale Bath Accessories For Bath Vanity Decor\" class=\"wp-image-3199\" srcset=\"https:\/\/jinhuaceramic.com\/wp-content\/uploads\/2024\/04\/ceramic-manufacturer-wholesale-bathroom-accessories-set-bathrooms-supplies-3-1.webp 1500w, https:\/\/jinhuaceramic.com\/wp-content\/uploads\/2024\/04\/ceramic-manufacturer-wholesale-bathroom-accessories-set-bathrooms-supplies-3-1-300x300.webp 300w, https:\/\/jinhuaceramic.com\/wp-content\/uploads\/2024\/04\/ceramic-manufacturer-wholesale-bathroom-accessories-set-bathrooms-supplies-3-1-150x150.webp 150w, https:\/\/jinhuaceramic.com\/wp-content\/uploads\/2024\/04\/ceramic-manufacturer-wholesale-bathroom-accessories-set-bathrooms-supplies-3-1-768x768.webp 768w, https:\/\/jinhuaceramic.com\/wp-content\/uploads\/2024\/04\/ceramic-manufacturer-wholesale-bathroom-accessories-set-bathrooms-supplies-3-1-285x285.webp 285w, https:\/\/jinhuaceramic.com\/wp-content\/uploads\/2024\/04\/ceramic-manufacturer-wholesale-bathroom-accessories-set-bathrooms-supplies-3-1-270x270.webp 270w, https:\/\/jinhuaceramic.com\/wp-content\/uploads\/2024\/04\/ceramic-manufacturer-wholesale-bathroom-accessories-set-bathrooms-supplies-3-1-540x540.webp 540w, https:\/\/jinhuaceramic.com\/wp-content\/uploads\/2024\/04\/ceramic-manufacturer-wholesale-bathroom-accessories-set-bathrooms-supplies-3-1-660x660.webp 660w\" sizes=\"(max-width: 1500px) 100vw, 1500px\" \/><\/figure>\n<\/div>\n<\/div>","protected":false},"excerpt":{"rendered":"<p>Bienvenue sur le site d'achat en gros d'accessoires de bain. Nos sets de bain en c\u00e9ramique au design \u00e9l\u00e9gant et en c\u00e9ramique de haute qualit\u00e9 peuvent d\u00e9corer la beaut\u00e9 et la fonctionnalit\u00e9 des salles de bain. Les ensembles en gros comprennent plusieurs accessoires pratiques adapt\u00e9s \u00e0 la vie quotidienne, permettant des achats en gros et des services sur mesure.<\/p>","protected":false},"featured_media":3203,"comment_status":"closed","ping_status":"closed","template":"","meta":{"_acf_changed":false},"product_brand":[],"product_cat":[51],"product_tag":[74],"class_list":{"0":"post-3198","1":"product","2":"type-product","3":"status-publish","4":"has-post-thumbnail","6":"product_cat-bathroom-accessories-wholesale","7":"product_tag-ceramic-bath-accessories-wholesale","9":"first","10":"instock","11":"shipping-taxable","12":"product-type-simple"},"acf":[],"_links":{"self":[{"href":"https:\/\/jinhuaceramic.com\/fr\/wp-json\/wp\/v2\/product\/3198","targetHints":{"allow":["GET"]}}],"collection":[{"href":"https:\/\/jinhuaceramic.com\/fr\/wp-json\/wp\/v2\/product"}],"about":[{"href":"https:\/\/jinhuaceramic.com\/fr\/wp-json\/wp\/v2\/types\/product"}],"replies":[{"embeddable":true,"href":"https:\/\/jinhuaceramic.com\/fr\/wp-json\/wp\/v2\/comments?post=3198"}],"version-history":[{"count":0,"href":"https:\/\/jinhuaceramic.com\/fr\/wp-json\/wp\/v2\/product\/3198\/revisions"}],"wp:featuredmedia":[{"embeddable":true,"href":"https:\/\/jinhuaceramic.com\/fr\/wp-json\/wp\/v2\/media\/3203"}],"wp:attachment":[{"href":"https:\/\/jinhuaceramic.com\/fr\/wp-json\/wp\/v2\/media?parent=3198"}],"wp:term":[{"taxonomy":"product_brand","embeddable":true,"href":"https:\/\/jinhuaceramic.com\/fr\/wp-json\/wp\/v2\/product_brand?post=3198"},{"taxonomy":"product_cat","embeddable":true,"href":"https:\/\/jinhuaceramic.com\/fr\/wp-json\/wp\/v2\/product_cat?post=3198"},{"taxonomy":"product_tag","embeddable":true,"href":"https:\/\/jinhuaceramic.com\/fr\/wp-json\/wp\/v2\/product_tag?post=3198"}],"curies":[{"name":"wp","href":"https:\/\/api.w.org\/{rel}","templated":true}]}}