{"id":3211,"date":"2024-04-10T02:31:40","date_gmt":"2024-04-10T02:31:40","guid":{"rendered":"https:\/\/jinhuaceramic.com\/?post_type=product&#038;p=3211"},"modified":"2026-02-05T01:21:10","modified_gmt":"2026-02-05T01:21:10","slug":"hot-selling-ceramic-bathroom-set-bulk","status":"publish","type":"product","link":"https:\/\/jinhuaceramic.com\/fr\/product\/hot-selling-ceramic-bathroom-set-bulk\/","title":{"rendered":"Set de salle de bain en c\u00e9ramique grise Bulk, Wholesale Bath Accessories"},"content":{"rendered":"<div class=\"wp-block-columns is-layout-flex wp-container-core-columns-is-layout-9d6595d7 wp-block-columns-is-layout-flex\">\n<div class=\"wp-block-column is-layout-flow wp-block-column-is-layout-flow\" style=\"flex-basis:50%\">\n<h3 class=\"wp-block-heading\">Ensemble de salle de bain en c\u00e9ramique de premi\u00e8re qualit\u00e9 Caract\u00e9ristiques en vrac :<\/h3>\n\n\n\n<ul class=\"wp-block-list\">\n<li><strong>Design moderne :<\/strong> Cet ensemble de salle de bains 5 pi\u00e8ces en c\u00e9ramique utilise le design moderne en int\u00e9grant des styles simples et \u00e0 la mode. Il constitue une d\u00e9coration \u00e9l\u00e9gante pour les salles de bains des h\u00f4tels.<\/li>\n\n\n\n<li><strong>Mat\u00e9riau de haute qualit\u00e9 : <\/strong>Tous nos accessoires de salle de bain en gros sont fabriqu\u00e9s \u00e0 partir de mat\u00e9riaux de haute qualit\u00e9 sur la c\u00e9ramique afin de garantir leur durabilit\u00e9.<\/li>\n\n\n\n<li><strong>Ensembles complets : <\/strong>Cet ensemble de salle de bains en c\u00e9ramique comprend un porte-savon, un distributeur de savon, deux tasses et un porte-brosse \u00e0 dents. Les cinq \u00e9l\u00e9ments indispensables pour r\u00e9pondre aux diff\u00e9rents besoins de la salle de bains d'un h\u00f4tel peuvent rendre la d\u00e9coration plus compl\u00e8te et unifi\u00e9e.<\/li>\n\n\n\n<li><strong>Personnalisation : <\/strong>Diff\u00e9rentes couleurs et impressions peuvent \u00eatre r\u00e9alis\u00e9es pour cet ensemble de salle de bain en c\u00e9ramique en gros afin de s'adapter \u00e0 tous les styles d'h\u00f4tels et \u00e0 tous les besoins de d\u00e9coration, satisfaisant ainsi les besoins personnalis\u00e9s des clients.<\/li>\n<\/ul>\n<\/div>\n\n\n\n<div class=\"wp-block-column is-layout-flow wp-block-column-is-layout-flow\" style=\"flex-basis:50%\">\n<figure class=\"wp-block-image size-full\"><img fetchpriority=\"high\" decoding=\"async\" width=\"1500\" height=\"1500\" src=\"https:\/\/jinhuaceramic.com\/wp-content\/uploads\/2024\/04\/ceramic-manufacturer-wholesale-bathroom-accessories-set-bathroom-supplies-4.webp\" alt=\"Set de salle de bain en c\u00e9ramique grise, vente en gros d&#039;accessoires de salle de bain-1\" class=\"wp-image-3215\" srcset=\"https:\/\/jinhuaceramic.com\/wp-content\/uploads\/2024\/04\/ceramic-manufacturer-wholesale-bathroom-accessories-set-bathroom-supplies-4.webp 1500w, https:\/\/jinhuaceramic.com\/wp-content\/uploads\/2024\/04\/ceramic-manufacturer-wholesale-bathroom-accessories-set-bathroom-supplies-4-300x300.webp 300w, https:\/\/jinhuaceramic.com\/wp-content\/uploads\/2024\/04\/ceramic-manufacturer-wholesale-bathroom-accessories-set-bathroom-supplies-4-150x150.webp 150w, https:\/\/jinhuaceramic.com\/wp-content\/uploads\/2024\/04\/ceramic-manufacturer-wholesale-bathroom-accessories-set-bathroom-supplies-4-768x768.webp 768w, https:\/\/jinhuaceramic.com\/wp-content\/uploads\/2024\/04\/ceramic-manufacturer-wholesale-bathroom-accessories-set-bathroom-supplies-4-285x285.webp 285w, https:\/\/jinhuaceramic.com\/wp-content\/uploads\/2024\/04\/ceramic-manufacturer-wholesale-bathroom-accessories-set-bathroom-supplies-4-270x270.webp 270w, https:\/\/jinhuaceramic.com\/wp-content\/uploads\/2024\/04\/ceramic-manufacturer-wholesale-bathroom-accessories-set-bathroom-supplies-4-540x540.webp 540w, https:\/\/jinhuaceramic.com\/wp-content\/uploads\/2024\/04\/ceramic-manufacturer-wholesale-bathroom-accessories-set-bathroom-supplies-4-660x660.webp 660w\" sizes=\"(max-width: 1500px) 100vw, 1500px\" \/><\/figure>\n<\/div>\n<\/div>","protected":false},"excerpt":{"rendered":"<p>Bienvenue pour acheter des accessoires de bain en gros. Notre ensemble de salle de bain en c\u00e9ramique 5 pi\u00e8ces en vrac sera con\u00e7u dans la mode et avec des mat\u00e9riaux en c\u00e9ramique de qualit\u00e9 sup\u00e9rieure. C'est pourquoi il est durable et beau. Combinaison d'accessoires multifonctionnels qui s'adapte \u00e0 toutes les utilisations quotidiennes. Il convient aux h\u00f4tels et aux d\u00e9taillants. C'est un choix id\u00e9al pour am\u00e9liorer le go\u00fbt de la salle de bain.<\/p>","protected":false},"featured_media":3212,"comment_status":"closed","ping_status":"closed","template":"","meta":{"_acf_changed":false},"product_brand":[],"product_cat":[51],"product_tag":[74],"class_list":{"0":"post-3211","1":"product","2":"type-product","3":"status-publish","4":"has-post-thumbnail","6":"product_cat-bathroom-accessories-wholesale","7":"product_tag-ceramic-bath-accessories-wholesale","9":"first","10":"instock","11":"shipping-taxable","12":"product-type-simple"},"acf":[],"_links":{"self":[{"href":"https:\/\/jinhuaceramic.com\/fr\/wp-json\/wp\/v2\/product\/3211","targetHints":{"allow":["GET"]}}],"collection":[{"href":"https:\/\/jinhuaceramic.com\/fr\/wp-json\/wp\/v2\/product"}],"about":[{"href":"https:\/\/jinhuaceramic.com\/fr\/wp-json\/wp\/v2\/types\/product"}],"replies":[{"embeddable":true,"href":"https:\/\/jinhuaceramic.com\/fr\/wp-json\/wp\/v2\/comments?post=3211"}],"version-history":[{"count":0,"href":"https:\/\/jinhuaceramic.com\/fr\/wp-json\/wp\/v2\/product\/3211\/revisions"}],"wp:featuredmedia":[{"embeddable":true,"href":"https:\/\/jinhuaceramic.com\/fr\/wp-json\/wp\/v2\/media\/3212"}],"wp:attachment":[{"href":"https:\/\/jinhuaceramic.com\/fr\/wp-json\/wp\/v2\/media?parent=3211"}],"wp:term":[{"taxonomy":"product_brand","embeddable":true,"href":"https:\/\/jinhuaceramic.com\/fr\/wp-json\/wp\/v2\/product_brand?post=3211"},{"taxonomy":"product_cat","embeddable":true,"href":"https:\/\/jinhuaceramic.com\/fr\/wp-json\/wp\/v2\/product_cat?post=3211"},{"taxonomy":"product_tag","embeddable":true,"href":"https:\/\/jinhuaceramic.com\/fr\/wp-json\/wp\/v2\/product_tag?post=3211"}],"curies":[{"name":"wp","href":"https:\/\/api.w.org\/{rel}","templated":true}]}}