{"id":3221,"date":"2024-04-10T02:58:44","date_gmt":"2024-04-10T02:58:44","guid":{"rendered":"https:\/\/jinhuaceramic.com\/?post_type=product&#038;p=3221"},"modified":"2025-04-19T09:08:46","modified_gmt":"2025-04-19T09:08:46","slug":"custom-bathroom-accessories-hotel-decor","status":"publish","type":"product","link":"https:\/\/jinhuaceramic.com\/fr\/product\/custom-bathroom-accessories-hotel-decor\/","title":{"rendered":"Accessoires de salle de bains personnalis\u00e9s Fournitures d'h\u00f4tel Set de salle de bains 4 pi\u00e8ces en c\u00e9ramique"},"content":{"rendered":"<div class=\"wp-block-columns is-layout-flex wp-container-core-columns-is-layout-9d6595d7 wp-block-columns-is-layout-flex\">\n<div class=\"wp-block-column is-layout-flow wp-block-column-is-layout-flow\" style=\"flex-basis:50%\">\n<h3 class=\"wp-block-heading\">Accessoires de salle de bain personnalis\u00e9s de qualit\u00e9 sup\u00e9rieure Caract\u00e9ristiques :<\/h3>\n\n\n\n<ol class=\"wp-block-list\">\n<li><strong>Design \u00e9l\u00e9gant :<\/strong> Chaque accessoire en c\u00e9ramique est con\u00e7u avec soin, l\u00e0 o\u00f9 l'art et la fonctionnalit\u00e9 se rejoignent. Des lignes \u00e9pur\u00e9es aux surfaces aux courbes complexes, ils t\u00e9moignent tous de l'attention port\u00e9e aux d\u00e9tails et de la recherche de la beaut\u00e9.<\/li>\n\n\n\n<li><strong>Personnalisation :<\/strong> Afin de r\u00e9pondre aux diff\u00e9rents besoins des clients, la gamme d'accessoires de salle de bains sur mesure est personnalis\u00e9e en fonction des exigences du client, telles que la couleur, le design, le logo, etc.<\/li>\n\n\n\n<li><strong>Mat\u00e9riau de haute qualit\u00e9 :<\/strong> Cet ensemble d'accessoires de salle de bains personnalis\u00e9 est fabriqu\u00e9 en c\u00e9ramique de haute qualit\u00e9 pour une utilisation et une qualit\u00e9 durables. Il se nettoie et ne se tache pas.<\/li>\n\n\n\n<li><strong>\u00c9quipement complet :<\/strong> Le set de quatre pi\u00e8ces comprend des accessoires couramment utilis\u00e9s dans les salles de bains des h\u00f4tels, tels que des porte-savons, des flacons de savon, des gobelets de bain de bouche et un pot de rangement, afin de r\u00e9pondre aux besoins fondamentaux des clients.<\/li>\n<\/ol>\n<\/div>\n\n\n\n<div class=\"wp-block-column is-layout-flow wp-block-column-is-layout-flow\" style=\"flex-basis:50%\">\n<figure class=\"wp-block-image size-full\"><img fetchpriority=\"high\" decoding=\"async\" width=\"1500\" height=\"1500\" src=\"https:\/\/jinhuaceramic.com\/wp-content\/uploads\/2024\/04\/ceramic-manufacturer-wholesale-bathroom-accessories-set-hotal-bathroom-supplies-4.webp\" alt=\"fabricant-de-c\u00e9ramique-grossiste-accessoires-de-salle-de-bain-set-hotal-supplies-de-salle-de-bain-4\" class=\"wp-image-3225\" srcset=\"https:\/\/jinhuaceramic.com\/wp-content\/uploads\/2024\/04\/ceramic-manufacturer-wholesale-bathroom-accessories-set-hotal-bathroom-supplies-4.webp 1500w, https:\/\/jinhuaceramic.com\/wp-content\/uploads\/2024\/04\/ceramic-manufacturer-wholesale-bathroom-accessories-set-hotal-bathroom-supplies-4-300x300.webp 300w, https:\/\/jinhuaceramic.com\/wp-content\/uploads\/2024\/04\/ceramic-manufacturer-wholesale-bathroom-accessories-set-hotal-bathroom-supplies-4-150x150.webp 150w, https:\/\/jinhuaceramic.com\/wp-content\/uploads\/2024\/04\/ceramic-manufacturer-wholesale-bathroom-accessories-set-hotal-bathroom-supplies-4-768x768.webp 768w, https:\/\/jinhuaceramic.com\/wp-content\/uploads\/2024\/04\/ceramic-manufacturer-wholesale-bathroom-accessories-set-hotal-bathroom-supplies-4-285x285.webp 285w, https:\/\/jinhuaceramic.com\/wp-content\/uploads\/2024\/04\/ceramic-manufacturer-wholesale-bathroom-accessories-set-hotal-bathroom-supplies-4-270x270.webp 270w, https:\/\/jinhuaceramic.com\/wp-content\/uploads\/2024\/04\/ceramic-manufacturer-wholesale-bathroom-accessories-set-hotal-bathroom-supplies-4-540x540.webp 540w, https:\/\/jinhuaceramic.com\/wp-content\/uploads\/2024\/04\/ceramic-manufacturer-wholesale-bathroom-accessories-set-hotal-bathroom-supplies-4-660x660.webp 660w\" sizes=\"(max-width: 1500px) 100vw, 1500px\" \/><\/figure>\n<\/div>\n<\/div>","protected":false},"excerpt":{"rendered":"<p>Les accessoires en c\u00e9ramique personnalis\u00e9s sont les bienvenus. Cet ensemble de salle de bains personnalis\u00e9 en c\u00e9ramique, compos\u00e9 de quatre pi\u00e8ces, constitue la solution id\u00e9ale pour les h\u00f4tels gr\u00e2ce \u00e0 sa personnalisation, \u00e0 ses mat\u00e9riaux de qualit\u00e9, \u00e0 son \u00e9quipement complet et \u00e0 son design \u00e9poustouflant.<\/p>","protected":false},"featured_media":3225,"comment_status":"closed","ping_status":"closed","template":"","meta":{"_acf_changed":false},"product_brand":[],"product_cat":[51],"product_tag":[74],"class_list":{"0":"post-3221","1":"product","2":"type-product","3":"status-publish","4":"has-post-thumbnail","6":"product_cat-bathroom-accessories-wholesale","7":"product_tag-ceramic-bath-accessories-wholesale","9":"first","10":"instock","11":"shipping-taxable","12":"product-type-simple"},"acf":[],"_links":{"self":[{"href":"https:\/\/jinhuaceramic.com\/fr\/wp-json\/wp\/v2\/product\/3221","targetHints":{"allow":["GET"]}}],"collection":[{"href":"https:\/\/jinhuaceramic.com\/fr\/wp-json\/wp\/v2\/product"}],"about":[{"href":"https:\/\/jinhuaceramic.com\/fr\/wp-json\/wp\/v2\/types\/product"}],"replies":[{"embeddable":true,"href":"https:\/\/jinhuaceramic.com\/fr\/wp-json\/wp\/v2\/comments?post=3221"}],"version-history":[{"count":0,"href":"https:\/\/jinhuaceramic.com\/fr\/wp-json\/wp\/v2\/product\/3221\/revisions"}],"wp:featuredmedia":[{"embeddable":true,"href":"https:\/\/jinhuaceramic.com\/fr\/wp-json\/wp\/v2\/media\/3225"}],"wp:attachment":[{"href":"https:\/\/jinhuaceramic.com\/fr\/wp-json\/wp\/v2\/media?parent=3221"}],"wp:term":[{"taxonomy":"product_brand","embeddable":true,"href":"https:\/\/jinhuaceramic.com\/fr\/wp-json\/wp\/v2\/product_brand?post=3221"},{"taxonomy":"product_cat","embeddable":true,"href":"https:\/\/jinhuaceramic.com\/fr\/wp-json\/wp\/v2\/product_cat?post=3221"},{"taxonomy":"product_tag","embeddable":true,"href":"https:\/\/jinhuaceramic.com\/fr\/wp-json\/wp\/v2\/product_tag?post=3221"}],"curies":[{"name":"wp","href":"https:\/\/api.w.org\/{rel}","templated":true}]}}