{"id":3233,"date":"2024-04-10T03:18:00","date_gmt":"2024-04-10T03:18:00","guid":{"rendered":"https:\/\/jinhuaceramic.com\/?post_type=product&#038;p=3233"},"modified":"2025-04-19T09:09:25","modified_gmt":"2025-04-19T09:09:25","slug":"factory-supply-bathroom-accessories","status":"publish","type":"product","link":"https:\/\/jinhuaceramic.com\/fr\/product\/factory-supply-bathroom-accessories\/","title":{"rendered":"Factory Supply Bathroom Accessories With Leaf Pattern (Accessoires de salle de bain avec motif de feuilles)"},"content":{"rendered":"<div class=\"wp-block-columns is-layout-flex wp-container-core-columns-is-layout-9d6595d7 wp-block-columns-is-layout-flex\">\n<div class=\"wp-block-column is-layout-flow wp-block-column-is-layout-flow\" style=\"flex-basis:50%\">\n<h3 class=\"wp-block-heading\">Premium Factory Supply Bathroom Accessories Caract\u00e9ristiques :<\/h3>\n\n\n\n<ul class=\"wp-block-list\">\n<li><strong>Fourniture directe par l'usine : <\/strong>Chaque produit de notre usine d'accessoires de salle de bains fait l'objet d'un contr\u00f4le de qualit\u00e9 strict, de la s\u00e9lection des mat\u00e9riaux aux produits finis, chaque maillon est raffin\u00e9.<\/li>\n\n\n\n<li><strong>Motif naturel de feuilles : <\/strong>Ces accessoires de salle de bains personnalis\u00e9s en vrac sont con\u00e7us avec un motif de feuilles r\u00e9aliste aux couleurs vives qui apporte de l'air frais \u00e0 l'espace de la salle de bains, renfor\u00e7ant l'atmosph\u00e8re artistique de l'ensemble de la d\u00e9coration.<\/li>\n\n\n\n<li><strong>Mat\u00e9riau c\u00e9ramique durable : <\/strong>Notre usine de fourniture d'accessoires de salle de bains a adopt\u00e9 des mat\u00e9riaux c\u00e9ramiques de haute qualit\u00e9 r\u00e9sistants \u00e0 l'usure et \u00e0 la corrosion pour la production afin de garantir que les produits ne seront pas facilement endommag\u00e9s lors de l'utilisation quotidienne et qu'ils seront faciles \u00e0 nettoyer et \u00e0 entretenir.<\/li>\n\n\n\n<li><strong>Solution compl\u00e8te d'appariement :<\/strong> Cette s\u00e9rie d'accessoires de salle de bains personnalis\u00e9s en vrac, comprenant un porte-savon, un porte-brosse \u00e0 dents, un gobelet pour bain de bouche, etc., forme un style d\u00e9coratif unifi\u00e9 et r\u00e9pond aux diverses exigences de la d\u00e9coration de la salle de bains.<\/li>\n<\/ul>\n<\/div>\n\n\n\n<div class=\"wp-block-column is-layout-flow wp-block-column-is-layout-flow\" style=\"flex-basis:50%\">\n<figure class=\"wp-block-image size-full\"><img fetchpriority=\"high\" decoding=\"async\" width=\"1088\" height=\"1088\" src=\"https:\/\/jinhuaceramic.com\/wp-content\/uploads\/2024\/04\/ceramic-manufacturer-wholesale-bathroom-accessories-set-hotal-bathroom-supplies-soap-dispenser-5-1.webp\" alt=\"Fabricant de c\u00e9ramique - Fourniture d&#039;accessoires de salle de bains avec motif de feuilles\" class=\"wp-image-3238\" srcset=\"https:\/\/jinhuaceramic.com\/wp-content\/uploads\/2024\/04\/ceramic-manufacturer-wholesale-bathroom-accessories-set-hotal-bathroom-supplies-soap-dispenser-5-1.webp 1088w, https:\/\/jinhuaceramic.com\/wp-content\/uploads\/2024\/04\/ceramic-manufacturer-wholesale-bathroom-accessories-set-hotal-bathroom-supplies-soap-dispenser-5-1-300x300.webp 300w, https:\/\/jinhuaceramic.com\/wp-content\/uploads\/2024\/04\/ceramic-manufacturer-wholesale-bathroom-accessories-set-hotal-bathroom-supplies-soap-dispenser-5-1-150x150.webp 150w, https:\/\/jinhuaceramic.com\/wp-content\/uploads\/2024\/04\/ceramic-manufacturer-wholesale-bathroom-accessories-set-hotal-bathroom-supplies-soap-dispenser-5-1-768x768.webp 768w, https:\/\/jinhuaceramic.com\/wp-content\/uploads\/2024\/04\/ceramic-manufacturer-wholesale-bathroom-accessories-set-hotal-bathroom-supplies-soap-dispenser-5-1-285x285.webp 285w, https:\/\/jinhuaceramic.com\/wp-content\/uploads\/2024\/04\/ceramic-manufacturer-wholesale-bathroom-accessories-set-hotal-bathroom-supplies-soap-dispenser-5-1-270x270.webp 270w, https:\/\/jinhuaceramic.com\/wp-content\/uploads\/2024\/04\/ceramic-manufacturer-wholesale-bathroom-accessories-set-hotal-bathroom-supplies-soap-dispenser-5-1-540x540.webp 540w, https:\/\/jinhuaceramic.com\/wp-content\/uploads\/2024\/04\/ceramic-manufacturer-wholesale-bathroom-accessories-set-hotal-bathroom-supplies-soap-dispenser-5-1-660x660.webp 660w\" sizes=\"(max-width: 1088px) 100vw, 1088px\" \/><\/figure>\n<\/div>\n<\/div>","protected":false},"excerpt":{"rendered":"<p>Bienvenue aux accessoires de salle de bain personnalis\u00e9s. Ce design de feuilles naturelles des accessoires de salle de bain fournis par l'usine combine intelligemment la fra\u00eecheur de l'ext\u00e9rieur avec la d\u00e9coration de l'int\u00e9rieur. Les c\u00e9ramiques s\u00e9lectionn\u00e9es de haute qualit\u00e9 sont non seulement belles mais aussi pratiques et durables.<\/p>","protected":false},"featured_media":3237,"comment_status":"closed","ping_status":"closed","template":"","meta":{"_acf_changed":false},"product_brand":[],"product_cat":[51],"product_tag":[74],"class_list":{"0":"post-3233","1":"product","2":"type-product","3":"status-publish","4":"has-post-thumbnail","6":"product_cat-bathroom-accessories-wholesale","7":"product_tag-ceramic-bath-accessories-wholesale","9":"first","10":"instock","11":"shipping-taxable","12":"product-type-simple"},"acf":[],"_links":{"self":[{"href":"https:\/\/jinhuaceramic.com\/fr\/wp-json\/wp\/v2\/product\/3233","targetHints":{"allow":["GET"]}}],"collection":[{"href":"https:\/\/jinhuaceramic.com\/fr\/wp-json\/wp\/v2\/product"}],"about":[{"href":"https:\/\/jinhuaceramic.com\/fr\/wp-json\/wp\/v2\/types\/product"}],"replies":[{"embeddable":true,"href":"https:\/\/jinhuaceramic.com\/fr\/wp-json\/wp\/v2\/comments?post=3233"}],"version-history":[{"count":0,"href":"https:\/\/jinhuaceramic.com\/fr\/wp-json\/wp\/v2\/product\/3233\/revisions"}],"wp:featuredmedia":[{"embeddable":true,"href":"https:\/\/jinhuaceramic.com\/fr\/wp-json\/wp\/v2\/media\/3237"}],"wp:attachment":[{"href":"https:\/\/jinhuaceramic.com\/fr\/wp-json\/wp\/v2\/media?parent=3233"}],"wp:term":[{"taxonomy":"product_brand","embeddable":true,"href":"https:\/\/jinhuaceramic.com\/fr\/wp-json\/wp\/v2\/product_brand?post=3233"},{"taxonomy":"product_cat","embeddable":true,"href":"https:\/\/jinhuaceramic.com\/fr\/wp-json\/wp\/v2\/product_cat?post=3233"},{"taxonomy":"product_tag","embeddable":true,"href":"https:\/\/jinhuaceramic.com\/fr\/wp-json\/wp\/v2\/product_tag?post=3233"}],"curies":[{"name":"wp","href":"https:\/\/api.w.org\/{rel}","templated":true}]}}