{"id":3243,"date":"2024-04-10T03:42:47","date_gmt":"2024-04-10T03:42:47","guid":{"rendered":"https:\/\/jinhuaceramic.com\/?post_type=product&#038;p=3243"},"modified":"2026-02-05T01:30:24","modified_gmt":"2026-02-05T01:30:24","slug":"wholesale-bathroom-accessories","status":"publish","type":"product","link":"https:\/\/jinhuaceramic.com\/fr\/product\/wholesale-bathroom-accessories\/","title":{"rendered":"Wholesale Bathroom Accessories, 4-Piece Ceramic Bath Set"},"content":{"rendered":"<div class=\"wp-block-columns is-layout-flex wp-container-core-columns-is-layout-9d6595d7 wp-block-columns-is-layout-flex\">\n<div class=\"wp-block-column is-layout-flow wp-block-column-is-layout-flow\" style=\"flex-basis:50%\">\n<h3 class=\"wp-block-heading\">Accessoires de salle de bains Premium Wholesale Caract\u00e9ristiques :<\/h3>\n\n\n\n<ul class=\"wp-block-list\">\n<li><strong>Ensemble de 4 pi\u00e8ces : <\/strong>Notre ensemble de bain en c\u00e9ramique comprend un porte-savon, un distributeur de savon, un gobelet pour bain de bouche et un gobelet pour brosse \u00e0 dents, qui r\u00e9pondent parfaitement aux besoins quotidiens de la salle de bains et constituent une solution d'accessoires de salle de bains soign\u00e9e et unifi\u00e9e.<\/li>\n\n\n\n<li><strong>Durable et facile \u00e0 nettoyer : <\/strong>Nos accessoires de salle de bains en gros sont fabriqu\u00e9s \u00e0 partir de mat\u00e9riaux c\u00e9ramiques de haute qualit\u00e9 afin de garantir la r\u00e9sistance aux fissures et \u00e0 l'humidit\u00e9, la facilit\u00e9 de nettoyage et d'entretien, et de les garder aussi brillants que neufs lors d'une utilisation \u00e0 long terme.<\/li>\n\n\n\n<li><strong>Design \u00e9l\u00e9gant : <\/strong>Le style moderne et \u00e0 la mode, associ\u00e9 \u00e0 un savoir-faire exquis, conf\u00e8re \u00e0 chaque accessoire de notre ensemble de bain en c\u00e9ramique une apparence \u00e9l\u00e9gante et peut am\u00e9liorer l'effet d\u00e9coratif global de la salle de bains.<\/li>\n\n\n\n<li><strong>Personnalisation de l'assistance :<\/strong> Nous proposons des prix de gros et des services d'achat en gros pour les accessoires de salle de bain, et nous pouvons les personnaliser en fonction des besoins des clients, y compris la s\u00e9lection des couleurs et des motifs, afin de r\u00e9pondre aux divers besoins des entreprises et des particuliers.<\/li>\n<\/ul>\n<\/div>\n\n\n\n<div class=\"wp-block-column is-layout-flow wp-block-column-is-layout-flow\" style=\"flex-basis:50%\">\n<figure class=\"wp-block-image size-full\"><img fetchpriority=\"high\" decoding=\"async\" width=\"1500\" height=\"1500\" src=\"https:\/\/jinhuaceramic.com\/wp-content\/uploads\/2024\/04\/ceramic-manufacturer-wholesale-bathroom-accessories-set-bathroom-supplies-3-1.webp\" alt=\"fabricant-de-c\u00e9ramique-grossiste-accessoires-de-salle-de-bain-set-fournitures-de-salle-de-bain-3\" class=\"wp-image-3247\" srcset=\"https:\/\/jinhuaceramic.com\/wp-content\/uploads\/2024\/04\/ceramic-manufacturer-wholesale-bathroom-accessories-set-bathroom-supplies-3-1.webp 1500w, https:\/\/jinhuaceramic.com\/wp-content\/uploads\/2024\/04\/ceramic-manufacturer-wholesale-bathroom-accessories-set-bathroom-supplies-3-1-300x300.webp 300w, https:\/\/jinhuaceramic.com\/wp-content\/uploads\/2024\/04\/ceramic-manufacturer-wholesale-bathroom-accessories-set-bathroom-supplies-3-1-150x150.webp 150w, https:\/\/jinhuaceramic.com\/wp-content\/uploads\/2024\/04\/ceramic-manufacturer-wholesale-bathroom-accessories-set-bathroom-supplies-3-1-768x768.webp 768w, https:\/\/jinhuaceramic.com\/wp-content\/uploads\/2024\/04\/ceramic-manufacturer-wholesale-bathroom-accessories-set-bathroom-supplies-3-1-285x285.webp 285w, https:\/\/jinhuaceramic.com\/wp-content\/uploads\/2024\/04\/ceramic-manufacturer-wholesale-bathroom-accessories-set-bathroom-supplies-3-1-270x270.webp 270w, https:\/\/jinhuaceramic.com\/wp-content\/uploads\/2024\/04\/ceramic-manufacturer-wholesale-bathroom-accessories-set-bathroom-supplies-3-1-540x540.webp 540w, https:\/\/jinhuaceramic.com\/wp-content\/uploads\/2024\/04\/ceramic-manufacturer-wholesale-bathroom-accessories-set-bathroom-supplies-3-1-660x660.webp 660w\" sizes=\"(max-width: 1500px) 100vw, 1500px\" \/><\/figure>\n<\/div>\n<\/div>","protected":false},"excerpt":{"rendered":"<p>Bienvenue sur le site d'achat en gros d'un ensemble de bain en c\u00e9ramique. Nos accessoires de salle de bains en gros comprennent un porte-savon, un distributeur de savon, un rince-bouche et un gobelet pour brosse \u00e0 dents, offrant ainsi une solution compl\u00e8te et pratique. Les mat\u00e9riaux en c\u00e9ramique de haute qualit\u00e9 garantissent la durabilit\u00e9 et la facilit\u00e9 de nettoyage, et le design moderne rehausse la beaut\u00e9 de la salle de bains. Les mat\u00e9riaux en c\u00e9ramique de haute qualit\u00e9 garantissent la durabilit\u00e9 et la facilit\u00e9 de nettoyage, et le design moderne rehausse la beaut\u00e9 de la salle de bains.<\/p>","protected":false},"featured_media":3247,"comment_status":"closed","ping_status":"closed","template":"","meta":{"_acf_changed":false},"product_brand":[],"product_cat":[51],"product_tag":[74],"class_list":{"0":"post-3243","1":"product","2":"type-product","3":"status-publish","4":"has-post-thumbnail","6":"product_cat-bathroom-accessories-wholesale","7":"product_tag-ceramic-bath-accessories-wholesale","9":"first","10":"instock","11":"shipping-taxable","12":"product-type-simple"},"acf":[],"_links":{"self":[{"href":"https:\/\/jinhuaceramic.com\/fr\/wp-json\/wp\/v2\/product\/3243","targetHints":{"allow":["GET"]}}],"collection":[{"href":"https:\/\/jinhuaceramic.com\/fr\/wp-json\/wp\/v2\/product"}],"about":[{"href":"https:\/\/jinhuaceramic.com\/fr\/wp-json\/wp\/v2\/types\/product"}],"replies":[{"embeddable":true,"href":"https:\/\/jinhuaceramic.com\/fr\/wp-json\/wp\/v2\/comments?post=3243"}],"version-history":[{"count":0,"href":"https:\/\/jinhuaceramic.com\/fr\/wp-json\/wp\/v2\/product\/3243\/revisions"}],"wp:featuredmedia":[{"embeddable":true,"href":"https:\/\/jinhuaceramic.com\/fr\/wp-json\/wp\/v2\/media\/3247"}],"wp:attachment":[{"href":"https:\/\/jinhuaceramic.com\/fr\/wp-json\/wp\/v2\/media?parent=3243"}],"wp:term":[{"taxonomy":"product_brand","embeddable":true,"href":"https:\/\/jinhuaceramic.com\/fr\/wp-json\/wp\/v2\/product_brand?post=3243"},{"taxonomy":"product_cat","embeddable":true,"href":"https:\/\/jinhuaceramic.com\/fr\/wp-json\/wp\/v2\/product_cat?post=3243"},{"taxonomy":"product_tag","embeddable":true,"href":"https:\/\/jinhuaceramic.com\/fr\/wp-json\/wp\/v2\/product_tag?post=3243"}],"curies":[{"name":"wp","href":"https:\/\/api.w.org\/{rel}","templated":true}]}}