{"id":3252,"date":"2024-04-10T06:09:35","date_gmt":"2024-04-10T06:09:35","guid":{"rendered":"https:\/\/jinhuaceramic.com\/?post_type=product&#038;p=3252"},"modified":"2025-04-19T09:11:31","modified_gmt":"2025-04-19T09:11:31","slug":"raindrop-candle-jars-wholesale","status":"publish","type":"product","link":"https:\/\/jinhuaceramic.com\/fr\/product\/raindrop-candle-jars-wholesale\/","title":{"rendered":"Pots de bougie en c\u00e9ramique en forme de goutte d'eau Wholesale, Yoga Candle Containers Bulk"},"content":{"rendered":"<div class=\"wp-block-columns is-layout-flex wp-container-core-columns-is-layout-9d6595d7 wp-block-columns-is-layout-flex\">\n<div class=\"wp-block-column is-layout-flow wp-block-column-is-layout-flow\" style=\"flex-basis:50%\">\n<h3 class=\"wp-block-heading\">Pots de bougie en c\u00e9ramique de premi\u00e8re qualit\u00e9 Caract\u00e9ristiques en gros :<\/h3>\n\n\n\n<ul class=\"wp-block-list\">\n<li><strong>Design unique en forme de goutte d'eau, simple et \u00e9l\u00e9gant : <\/strong>Ces photophores en c\u00e9ramique adoptent un design en forme de goutte d'eau. Les lignes de ce r\u00e9cipient \u00e0 bougie en c\u00e9ramique sont lisses et pr\u00e9sentent une douceur naturelle, ce qui convient aux besoins de d\u00e9coration de divers environnements domestiques, qu'il s'agisse d'un style moderne minimaliste ou d'un style r\u00e9tro ; il peut \u00eatre int\u00e9gr\u00e9 dans ces environnements et y ajouter de l'\u00e9l\u00e9gance.<\/li>\n\n\n\n<li><strong>Le contenant \u00e0 bougies id\u00e9al pour le yoga et la m\u00e9ditation : <\/strong>Nos contenants de bougies en vrac ne sont pas seulement attrayants, ils conviennent \u00e9galement parfaitement aux activit\u00e9s de relaxation telles que le yoga et la m\u00e9ditation. Une fois allum\u00e9e, une douce lumi\u00e8re est \u00e9mise \u00e0 travers le pot, contribuant \u00e0 cr\u00e9er une atmosph\u00e8re calme et relaxante qui \u00e9quilibre le corps et l'esprit et am\u00e9liore l'exp\u00e9rience de la concentration et de la m\u00e9ditation.<\/li>\n\n\n\n<li><strong>Mat\u00e9riaux c\u00e9ramiques de haute qualit\u00e9, durables et esth\u00e9tiques : <\/strong>Les produits de nos photophores en c\u00e9ramique choisissent des c\u00e9ramiques cuites \u00e0 haute temp\u00e9rature pour garantir que le produit est durable et ne se casse pas facilement ou ne se d\u00e9colore pas, et sa gla\u00e7ure est lisse, non seulement lisse au toucher mais aussi r\u00e9sistante \u00e0 la chaleur et \u00e0 l'humidit\u00e9, adapt\u00e9e \u00e0 une utilisation \u00e0 long terme et dont la couleur et la texture restent exactement les m\u00eames qu'\u00e0 l'\u00e9tat neuf.<\/li>\n\n\n\n<li><strong>Personnalisation en masse, pour r\u00e9pondre avec souplesse aux besoins : <\/strong>Nous fournissons des services d'approvisionnement en gros de contenants de bougies en vrac et de personnalisation de pots de bougies. Selon les besoins du client, des produits de diff\u00e9rentes couleurs, tailles ou traitements de surface peuvent \u00eatre choisis.<\/li>\n<\/ul>\n<\/div>\n\n\n\n<div class=\"wp-block-column is-layout-flow wp-block-column-is-layout-flow\" style=\"flex-basis:50%\">\n<figure class=\"wp-block-image size-full\"><img fetchpriority=\"high\" decoding=\"async\" width=\"750\" height=\"750\" src=\"https:\/\/jinhuaceramic.com\/wp-content\/uploads\/2024\/04\/ceramic-manufacturer-custom-canisters-bulk-candle-jars-wholesale-2.webp\" alt=\"Pots de bougie en c\u00e9ramique en forme de goutte d&#039;eau Wholesale, Yoga Candle Containers Bulk-1\" class=\"wp-image-3253\" srcset=\"https:\/\/jinhuaceramic.com\/wp-content\/uploads\/2024\/04\/ceramic-manufacturer-custom-canisters-bulk-candle-jars-wholesale-2.webp 750w, https:\/\/jinhuaceramic.com\/wp-content\/uploads\/2024\/04\/ceramic-manufacturer-custom-canisters-bulk-candle-jars-wholesale-2-300x300.webp 300w, https:\/\/jinhuaceramic.com\/wp-content\/uploads\/2024\/04\/ceramic-manufacturer-custom-canisters-bulk-candle-jars-wholesale-2-150x150.webp 150w, https:\/\/jinhuaceramic.com\/wp-content\/uploads\/2024\/04\/ceramic-manufacturer-custom-canisters-bulk-candle-jars-wholesale-2-285x285.webp 285w, https:\/\/jinhuaceramic.com\/wp-content\/uploads\/2024\/04\/ceramic-manufacturer-custom-canisters-bulk-candle-jars-wholesale-2-270x270.webp 270w, https:\/\/jinhuaceramic.com\/wp-content\/uploads\/2024\/04\/ceramic-manufacturer-custom-canisters-bulk-candle-jars-wholesale-2-540x540.webp 540w, https:\/\/jinhuaceramic.com\/wp-content\/uploads\/2024\/04\/ceramic-manufacturer-custom-canisters-bulk-candle-jars-wholesale-2-660x660.webp 660w\" sizes=\"(max-width: 750px) 100vw, 750px\" \/><\/figure>\n<\/div>\n<\/div>","protected":false},"excerpt":{"rendered":"<p>Nous vous invitons \u00e0 acheter des photophores en vrac. Nos photophores en c\u00e9ramique en forme de goutte d'eau sont dot\u00e9s d'un design simple et \u00e9l\u00e9gant. Ils conviennent \u00e0 des occasions telles que le yoga et la m\u00e9ditation, contribuant \u00e0 cr\u00e9er une atmosph\u00e8re confortable et paisible. Fabriqu\u00e9s en c\u00e9ramique de haute qualit\u00e9 pour garantir leur beaut\u00e9 et leur durabilit\u00e9, ils peuvent \u00eatre personnalis\u00e9s en gros.<\/p>","protected":false},"featured_media":3254,"comment_status":"closed","ping_status":"closed","template":"","meta":{"_acf_changed":false},"product_brand":[],"product_cat":[52],"product_tag":[66],"class_list":{"0":"post-3252","1":"product","2":"type-product","3":"status-publish","4":"has-post-thumbnail","6":"product_cat-wholesale-candle-containers","7":"product_tag-candle-jars-wholesale","9":"first","10":"instock","11":"shipping-taxable","12":"product-type-simple"},"acf":[],"_links":{"self":[{"href":"https:\/\/jinhuaceramic.com\/fr\/wp-json\/wp\/v2\/product\/3252","targetHints":{"allow":["GET"]}}],"collection":[{"href":"https:\/\/jinhuaceramic.com\/fr\/wp-json\/wp\/v2\/product"}],"about":[{"href":"https:\/\/jinhuaceramic.com\/fr\/wp-json\/wp\/v2\/types\/product"}],"replies":[{"embeddable":true,"href":"https:\/\/jinhuaceramic.com\/fr\/wp-json\/wp\/v2\/comments?post=3252"}],"version-history":[{"count":0,"href":"https:\/\/jinhuaceramic.com\/fr\/wp-json\/wp\/v2\/product\/3252\/revisions"}],"wp:featuredmedia":[{"embeddable":true,"href":"https:\/\/jinhuaceramic.com\/fr\/wp-json\/wp\/v2\/media\/3254"}],"wp:attachment":[{"href":"https:\/\/jinhuaceramic.com\/fr\/wp-json\/wp\/v2\/media?parent=3252"}],"wp:term":[{"taxonomy":"product_brand","embeddable":true,"href":"https:\/\/jinhuaceramic.com\/fr\/wp-json\/wp\/v2\/product_brand?post=3252"},{"taxonomy":"product_cat","embeddable":true,"href":"https:\/\/jinhuaceramic.com\/fr\/wp-json\/wp\/v2\/product_cat?post=3252"},{"taxonomy":"product_tag","embeddable":true,"href":"https:\/\/jinhuaceramic.com\/fr\/wp-json\/wp\/v2\/product_tag?post=3252"}],"curies":[{"name":"wp","href":"https:\/\/api.w.org\/{rel}","templated":true}]}}