{"id":3261,"date":"2024-04-10T06:29:40","date_gmt":"2024-04-10T06:29:40","guid":{"rendered":"https:\/\/jinhuaceramic.com\/?post_type=product&#038;p=3261"},"modified":"2025-04-19T09:12:49","modified_gmt":"2025-04-19T09:12:49","slug":"wholesale-candle-jar-with-stand","status":"publish","type":"product","link":"https:\/\/jinhuaceramic.com\/fr\/product\/wholesale-candle-jar-with-stand\/","title":{"rendered":"Jarre \u00e0 bougie en gros avec support, jarre \u00e0 bougie de m\u00e9ditation en vrac"},"content":{"rendered":"<div class=\"wp-block-columns is-layout-flex wp-container-core-columns-is-layout-9d6595d7 wp-block-columns-is-layout-flex\">\n<div class=\"wp-block-column is-layout-flow wp-block-column-is-layout-flow\" style=\"flex-basis:50%\">\n<h3 class=\"wp-block-heading\">Premium Wholesale Candle Jar With Stand Caract\u00e9ristiques :<\/h3>\n\n\n\n<ul class=\"wp-block-list\">\n<li><strong>Forme exquise : <\/strong>Magnifiquement con\u00e7u, ce photophore de gros avec support pr\u00e9sente une apparence raffin\u00e9e et \u00e9l\u00e9gante, ajoutant \u00e0 l'attrait visuel de la bougie.<\/li>\n\n\n\n<li><strong>Avec support :<\/strong> Le design de nos photophores en c\u00e9ramique permet d'\u00e9lever la bougie, de la rendre plus visible dans l'espace, de renforcer les effets d\u00e9coratifs et visuels de la bougie et de cr\u00e9er une atmosph\u00e8re chaleureuse et romantique dans l'environnement.<\/li>\n\n\n\n<li><strong>S\u00fbr et stable : <\/strong>Le support de ce photophore en gros est stable et fiable, et peut soutenir fermement le photophore, garantissant stabilit\u00e9 et s\u00e9curit\u00e9.<\/li>\n\n\n\n<li><strong>Tr\u00e8s d\u00e9coratif : <\/strong>Ces photophores en c\u00e9ramique en vrac ont une forme magnifique et peuvent \u00eatre plac\u00e9s non seulement comme photophores mais aussi comme d\u00e9coration, augmentant ainsi la beaut\u00e9 et l'effet d\u00e9coratif de l'espace.<\/li>\n<\/ul>\n<\/div>\n\n\n\n<div class=\"wp-block-column is-layout-flow wp-block-column-is-layout-flow\" style=\"flex-basis:50%\">\n<figure class=\"wp-block-image size-full\"><img fetchpriority=\"high\" decoding=\"async\" width=\"2306\" height=\"2306\" src=\"https:\/\/jinhuaceramic.com\/wp-content\/uploads\/2024\/04\/ceramic-manufacturer-custom-canisters-bulk-candle-jars-wholesale-candle-container-1-1.webp\" alt=\"Fabricant de c\u00e9ramique-bo\u00eetes personnalis\u00e9es-bouteilles de bougies en vrac-avec-standard-conteneur de bougies en gros-1\" class=\"wp-image-3265\" srcset=\"https:\/\/jinhuaceramic.com\/wp-content\/uploads\/2024\/04\/ceramic-manufacturer-custom-canisters-bulk-candle-jars-wholesale-candle-container-1-1.webp 2306w, https:\/\/jinhuaceramic.com\/wp-content\/uploads\/2024\/04\/ceramic-manufacturer-custom-canisters-bulk-candle-jars-wholesale-candle-container-1-1-300x300.webp 300w, https:\/\/jinhuaceramic.com\/wp-content\/uploads\/2024\/04\/ceramic-manufacturer-custom-canisters-bulk-candle-jars-wholesale-candle-container-1-1-150x150.webp 150w, https:\/\/jinhuaceramic.com\/wp-content\/uploads\/2024\/04\/ceramic-manufacturer-custom-canisters-bulk-candle-jars-wholesale-candle-container-1-1-768x768.webp 768w, https:\/\/jinhuaceramic.com\/wp-content\/uploads\/2024\/04\/ceramic-manufacturer-custom-canisters-bulk-candle-jars-wholesale-candle-container-1-1-285x285.webp 285w, https:\/\/jinhuaceramic.com\/wp-content\/uploads\/2024\/04\/ceramic-manufacturer-custom-canisters-bulk-candle-jars-wholesale-candle-container-1-1-1600x1600.webp 1600w, https:\/\/jinhuaceramic.com\/wp-content\/uploads\/2024\/04\/ceramic-manufacturer-custom-canisters-bulk-candle-jars-wholesale-candle-container-1-1-270x270.webp 270w, https:\/\/jinhuaceramic.com\/wp-content\/uploads\/2024\/04\/ceramic-manufacturer-custom-canisters-bulk-candle-jars-wholesale-candle-container-1-1-540x540.webp 540w, https:\/\/jinhuaceramic.com\/wp-content\/uploads\/2024\/04\/ceramic-manufacturer-custom-canisters-bulk-candle-jars-wholesale-candle-container-1-1-660x660.webp 660w\" sizes=\"(max-width: 2306px) 100vw, 2306px\" \/><\/figure>\n<\/div>\n<\/div>","protected":false},"excerpt":{"rendered":"<p>Bienvenue dans l'achat en gros de photophores en c\u00e9ramique. Ce photophore en gros avec support pr\u00e9sente une forme exquise, une s\u00e9curit\u00e9 et une stabilit\u00e9, et de fortes caract\u00e9ristiques d\u00e9coratives, apportant un aspect plus \u00e9l\u00e9gant \u00e0 la bougie et cr\u00e9ant une atmosph\u00e8re chaleureuse et romantique pour l'environnement.<\/p>","protected":false},"featured_media":3262,"comment_status":"closed","ping_status":"closed","template":"","meta":{"_acf_changed":false},"product_brand":[],"product_cat":[52],"product_tag":[66],"class_list":{"0":"post-3261","1":"product","2":"type-product","3":"status-publish","4":"has-post-thumbnail","6":"product_cat-wholesale-candle-containers","7":"product_tag-candle-jars-wholesale","9":"first","10":"instock","11":"shipping-taxable","12":"product-type-simple"},"acf":[],"_links":{"self":[{"href":"https:\/\/jinhuaceramic.com\/fr\/wp-json\/wp\/v2\/product\/3261","targetHints":{"allow":["GET"]}}],"collection":[{"href":"https:\/\/jinhuaceramic.com\/fr\/wp-json\/wp\/v2\/product"}],"about":[{"href":"https:\/\/jinhuaceramic.com\/fr\/wp-json\/wp\/v2\/types\/product"}],"replies":[{"embeddable":true,"href":"https:\/\/jinhuaceramic.com\/fr\/wp-json\/wp\/v2\/comments?post=3261"}],"version-history":[{"count":0,"href":"https:\/\/jinhuaceramic.com\/fr\/wp-json\/wp\/v2\/product\/3261\/revisions"}],"wp:featuredmedia":[{"embeddable":true,"href":"https:\/\/jinhuaceramic.com\/fr\/wp-json\/wp\/v2\/media\/3262"}],"wp:attachment":[{"href":"https:\/\/jinhuaceramic.com\/fr\/wp-json\/wp\/v2\/media?parent=3261"}],"wp:term":[{"taxonomy":"product_brand","embeddable":true,"href":"https:\/\/jinhuaceramic.com\/fr\/wp-json\/wp\/v2\/product_brand?post=3261"},{"taxonomy":"product_cat","embeddable":true,"href":"https:\/\/jinhuaceramic.com\/fr\/wp-json\/wp\/v2\/product_cat?post=3261"},{"taxonomy":"product_tag","embeddable":true,"href":"https:\/\/jinhuaceramic.com\/fr\/wp-json\/wp\/v2\/product_tag?post=3261"}],"curies":[{"name":"wp","href":"https:\/\/api.w.org\/{rel}","templated":true}]}}