{"id":3269,"date":"2024-04-10T06:58:22","date_gmt":"2024-04-10T06:58:22","guid":{"rendered":"https:\/\/jinhuaceramic.com\/?post_type=product&#038;p=3269"},"modified":"2025-04-19T09:13:34","modified_gmt":"2025-04-19T09:13:34","slug":"ceramic-bulk-candle-containers","status":"publish","type":"product","link":"https:\/\/jinhuaceramic.com\/fr\/product\/ceramic-bulk-candle-containers\/","title":{"rendered":"R\u00e9cipients pour bougies en vrac, Pots de bougies de luxe personnalis\u00e9s, vente en gros"},"content":{"rendered":"<div class=\"wp-block-columns is-layout-flex wp-container-core-columns-is-layout-9d6595d7 wp-block-columns-is-layout-flex\">\n<div class=\"wp-block-column is-layout-flow wp-block-column-is-layout-flow\" style=\"flex-basis:50%\">\n<h3 class=\"wp-block-heading\">Premium Bulk Candle Containers Caract\u00e9ristiques :<\/h3>\n\n\n\n<ul class=\"wp-block-list\">\n<li><strong>Un design luxueux, qui renforce l'impression de haut de gamme :<\/strong> Ces r\u00e9cipients pour bougies en vrac ont une apparence exquise et sont sp\u00e9cialement con\u00e7us pour les clients qui recherchent la qualit\u00e9 et la mode. Le gla\u00e7age lisse et d\u00e9licat d\u00e9gage une atmosph\u00e8re de luxe haut de gamme, adapt\u00e9e au march\u00e9 de la maison et des cadeaux haut de gamme.<\/li>\n\n\n\n<li><strong>Plusieurs options de couleurs, adapt\u00e9es \u00e0 diff\u00e9rents styles : <\/strong>Ce pot \u00e0 bougie de luxe offre une vari\u00e9t\u00e9 d'options de couleur, et les clients peuvent choisir la bonne couleur en fonction de leur propre marque ou des besoins de leur projet. Le contenant de bougie est ainsi plus flexible et peut \u00eatre parfaitement int\u00e9gr\u00e9 dans diff\u00e9rents espaces ou styles de d\u00e9coration.<\/li>\n\n\n\n<li><strong>Soutenir la personnalisation pour mettre en \u00e9vidence les caract\u00e9ristiques de la marque : <\/strong>Nous proposons \u00e0 nos clients des services de personnalisation des photophores, de personnalisation des couleurs et d'impression de logos sur ces contenants de bougies en vrac. Que ce soit pour cr\u00e9er un design unique ou des styles exclusifs pour des occasions sp\u00e9ciales, nous pouvons r\u00e9pondre aux besoins de personnalisation.<\/li>\n\n\n\n<li><strong>Mat\u00e9riaux c\u00e9ramiques de haute qualit\u00e9, s\u00fbrs et durables :<\/strong> Ces photophores de luxe en gros, fabriqu\u00e9s en c\u00e9ramique de haute qualit\u00e9, garantissent la long\u00e9vit\u00e9 du produit. Ils sont suffisamment r\u00e9sistants \u00e0 la chaleur pour supporter une utilisation \u00e0 long terme. La surface est lisse et se nettoie facilement, elle peut durer longtemps et conserver sa beaut\u00e9. Il s'agit d'un choix id\u00e9al pour les maisons haut de gamme et comme cadeau.<\/li>\n<\/ul>\n<\/div>\n\n\n\n<div class=\"wp-block-column is-layout-flow wp-block-column-is-layout-flow\" style=\"flex-basis:50%\">\n<figure class=\"wp-block-image size-full\"><img fetchpriority=\"high\" decoding=\"async\" width=\"1500\" height=\"1500\" src=\"https:\/\/jinhuaceramic.com\/wp-content\/uploads\/2024\/04\/ceramic-manufacturer-custom-canisters-bulk-candle-jars-wholesale-2-2.webp\" alt=\"R\u00e9cipients pour bougies en vrac, Pots de bougies de luxe personnalis\u00e9s Wholesale-1\" class=\"wp-image-3270\" srcset=\"https:\/\/jinhuaceramic.com\/wp-content\/uploads\/2024\/04\/ceramic-manufacturer-custom-canisters-bulk-candle-jars-wholesale-2-2.webp 1500w, https:\/\/jinhuaceramic.com\/wp-content\/uploads\/2024\/04\/ceramic-manufacturer-custom-canisters-bulk-candle-jars-wholesale-2-2-300x300.webp 300w, https:\/\/jinhuaceramic.com\/wp-content\/uploads\/2024\/04\/ceramic-manufacturer-custom-canisters-bulk-candle-jars-wholesale-2-2-150x150.webp 150w, https:\/\/jinhuaceramic.com\/wp-content\/uploads\/2024\/04\/ceramic-manufacturer-custom-canisters-bulk-candle-jars-wholesale-2-2-768x768.webp 768w, https:\/\/jinhuaceramic.com\/wp-content\/uploads\/2024\/04\/ceramic-manufacturer-custom-canisters-bulk-candle-jars-wholesale-2-2-285x285.webp 285w, https:\/\/jinhuaceramic.com\/wp-content\/uploads\/2024\/04\/ceramic-manufacturer-custom-canisters-bulk-candle-jars-wholesale-2-2-270x270.webp 270w, https:\/\/jinhuaceramic.com\/wp-content\/uploads\/2024\/04\/ceramic-manufacturer-custom-canisters-bulk-candle-jars-wholesale-2-2-540x540.webp 540w, https:\/\/jinhuaceramic.com\/wp-content\/uploads\/2024\/04\/ceramic-manufacturer-custom-canisters-bulk-candle-jars-wholesale-2-2-660x660.webp 660w\" sizes=\"(max-width: 1500px) 100vw, 1500px\" \/><\/figure>\n<\/div>\n<\/div>","protected":false},"excerpt":{"rendered":"<p>Bienvenue \u00e0 l'achat de contenants de bougies en vrac. Nos pots \u00e0 bougie de luxe en gros sont con\u00e7us de mani\u00e8re exquise et sont disponibles dans une vari\u00e9t\u00e9 de couleurs, supportant la personnalisation des couleurs et des logos, montrant parfaitement le style unique de la marque. Nous utilisons des c\u00e9ramiques de haute qualit\u00e9 qui sont durables, belles et adapt\u00e9es \u00e0 diverses applications sur le march\u00e9 haut de gamme.<\/p>","protected":false},"featured_media":3273,"comment_status":"closed","ping_status":"closed","template":"","meta":{"_acf_changed":false},"product_brand":[],"product_cat":[52],"product_tag":[66],"class_list":{"0":"post-3269","1":"product","2":"type-product","3":"status-publish","4":"has-post-thumbnail","6":"product_cat-wholesale-candle-containers","7":"product_tag-candle-jars-wholesale","9":"first","10":"instock","11":"shipping-taxable","12":"product-type-simple"},"acf":[],"_links":{"self":[{"href":"https:\/\/jinhuaceramic.com\/fr\/wp-json\/wp\/v2\/product\/3269","targetHints":{"allow":["GET"]}}],"collection":[{"href":"https:\/\/jinhuaceramic.com\/fr\/wp-json\/wp\/v2\/product"}],"about":[{"href":"https:\/\/jinhuaceramic.com\/fr\/wp-json\/wp\/v2\/types\/product"}],"replies":[{"embeddable":true,"href":"https:\/\/jinhuaceramic.com\/fr\/wp-json\/wp\/v2\/comments?post=3269"}],"version-history":[{"count":0,"href":"https:\/\/jinhuaceramic.com\/fr\/wp-json\/wp\/v2\/product\/3269\/revisions"}],"wp:featuredmedia":[{"embeddable":true,"href":"https:\/\/jinhuaceramic.com\/fr\/wp-json\/wp\/v2\/media\/3273"}],"wp:attachment":[{"href":"https:\/\/jinhuaceramic.com\/fr\/wp-json\/wp\/v2\/media?parent=3269"}],"wp:term":[{"taxonomy":"product_brand","embeddable":true,"href":"https:\/\/jinhuaceramic.com\/fr\/wp-json\/wp\/v2\/product_brand?post=3269"},{"taxonomy":"product_cat","embeddable":true,"href":"https:\/\/jinhuaceramic.com\/fr\/wp-json\/wp\/v2\/product_cat?post=3269"},{"taxonomy":"product_tag","embeddable":true,"href":"https:\/\/jinhuaceramic.com\/fr\/wp-json\/wp\/v2\/product_tag?post=3269"}],"curies":[{"name":"wp","href":"https:\/\/api.w.org\/{rel}","templated":true}]}}