{"id":3277,"date":"2024-04-10T07:14:02","date_gmt":"2024-04-10T07:14:02","guid":{"rendered":"https:\/\/jinhuaceramic.com\/?post_type=product&#038;p=3277"},"modified":"2025-04-19T09:14:11","modified_gmt":"2025-04-19T09:14:11","slug":"recipients-pour-bougies-en-ceramique-vente-en-gros","status":"publish","type":"product","link":"https:\/\/jinhuaceramic.com\/fr\/product\/wholesale-ceramic-candle-containers\/","title":{"rendered":"Conteneurs \u00e0 bougies en c\u00e9ramique avec poign\u00e9es en bois, pots \u00e0 bougies simples en vrac"},"content":{"rendered":"<div class=\"wp-block-columns is-layout-flex wp-container-core-columns-is-layout-9d6595d7 wp-block-columns-is-layout-flex\">\n<div class=\"wp-block-column is-layout-flow wp-block-column-is-layout-flow\" style=\"flex-basis:50%\">\n<h3 class=\"wp-block-heading\">R\u00e9cipients de bougie en c\u00e9ramique de premi\u00e8re qualit\u00e9 pour la vente en gros Caract\u00e9ristiques :<\/h3>\n\n\n\n<ul class=\"wp-block-list\">\n<li><strong>Poign\u00e9e en bois au design unique : <\/strong>Nos r\u00e9cipients \u00e0 bougies en c\u00e9ramique sont \u00e9quip\u00e9s de poign\u00e9es en bois exquises, qui non seulement am\u00e9liorent l'effet visuel du produit, mais facilitent \u00e9galement sa manipulation quotidienne. Ils sont particuli\u00e8rement adapt\u00e9s \u00e0 la fabrication de bougies artisanales et \u00e0 la d\u00e9coration d'int\u00e9rieur.<\/li>\n\n\n\n<li><strong>Plusieurs options de couleurs :<\/strong> Ces photophores en vrac offrent une vari\u00e9t\u00e9 d'options de couleur, les clients peuvent choisir librement en fonction des diff\u00e9rents styles de d\u00e9coration ou des exigences de la marque de la bougie. Qu'il s'agisse d'une simple couleur neutre ou d'une couleur vive et \u00e0 la mode, ce contenant \u00e0 bougie peut \u00eatre parfaitement int\u00e9gr\u00e9.<\/li>\n\n\n\n<li><strong>Durable et respectueux de l'environnement : <\/strong>Ces r\u00e9cipients \u00e0 bougies en c\u00e9ramique sont fabriqu\u00e9s \u00e0 partir de mat\u00e9riaux c\u00e9ramiques de haute qualit\u00e9, cuits \u00e0 haute temp\u00e9rature, durables et dot\u00e9s d'une bonne r\u00e9sistance \u00e0 la chaleur et \u00e0 l'humidit\u00e9. Les mat\u00e9riaux c\u00e9ramiques sont naturels et non toxiques, respectueux de l'environnement.<\/li>\n\n\n\n<li><strong>Convient \u00e0 la fabrication de bougies artisanales : <\/strong>Nos pots \u00e0 bougie en vrac sont con\u00e7us pour les amateurs de fabrication de bougies et les petits ateliers. La grande capacit\u00e9 du r\u00e9cipient et la poign\u00e9e pratique facilitent et acc\u00e9l\u00e8rent le processus de versement et de fabrication des bougies, ce qui convient parfaitement \u00e0 la production de masse ou \u00e0 l'utilisation domestique.<\/li>\n<\/ul>\n<\/div>\n\n\n\n<div class=\"wp-block-column is-layout-flow wp-block-column-is-layout-flow\" style=\"flex-basis:50%\">\n<figure class=\"wp-block-image size-full\"><img fetchpriority=\"high\" decoding=\"async\" width=\"800\" height=\"800\" src=\"https:\/\/jinhuaceramic.com\/wp-content\/uploads\/2024\/04\/ceramic-manufacturer-custom-canisters-bulk-candle-jars-wholesale-1.webp\" alt=\"Grossiste R\u00e9cipients pour bougies en c\u00e9ramique, Pots de bougies simples Bulk-1\" class=\"wp-image-3278\" srcset=\"https:\/\/jinhuaceramic.com\/wp-content\/uploads\/2024\/04\/ceramic-manufacturer-custom-canisters-bulk-candle-jars-wholesale-1.webp 800w, https:\/\/jinhuaceramic.com\/wp-content\/uploads\/2024\/04\/ceramic-manufacturer-custom-canisters-bulk-candle-jars-wholesale-1-300x300.webp 300w, https:\/\/jinhuaceramic.com\/wp-content\/uploads\/2024\/04\/ceramic-manufacturer-custom-canisters-bulk-candle-jars-wholesale-1-150x150.webp 150w, https:\/\/jinhuaceramic.com\/wp-content\/uploads\/2024\/04\/ceramic-manufacturer-custom-canisters-bulk-candle-jars-wholesale-1-768x768.webp 768w, https:\/\/jinhuaceramic.com\/wp-content\/uploads\/2024\/04\/ceramic-manufacturer-custom-canisters-bulk-candle-jars-wholesale-1-285x285.webp 285w, https:\/\/jinhuaceramic.com\/wp-content\/uploads\/2024\/04\/ceramic-manufacturer-custom-canisters-bulk-candle-jars-wholesale-1-270x270.webp 270w, https:\/\/jinhuaceramic.com\/wp-content\/uploads\/2024\/04\/ceramic-manufacturer-custom-canisters-bulk-candle-jars-wholesale-1-540x540.webp 540w, https:\/\/jinhuaceramic.com\/wp-content\/uploads\/2024\/04\/ceramic-manufacturer-custom-canisters-bulk-candle-jars-wholesale-1-660x660.webp 660w\" sizes=\"(max-width: 800px) 100vw, 800px\" \/><\/figure>\n<\/div>\n<\/div>","protected":false},"excerpt":{"rendered":"<p>Bienvenue sur le site d'achat en gros de photophores. Ces r\u00e9cipients \u00e0 bougie en c\u00e9ramique avec poign\u00e9es en bois sont con\u00e7us de mani\u00e8re unique, alliant praticit\u00e9 et beaut\u00e9. Une vari\u00e9t\u00e9 de couleurs est disponible pour r\u00e9pondre aux diff\u00e9rents besoins en mati\u00e8re de style. Fabriqu\u00e9s en c\u00e9ramique de haute qualit\u00e9, ils sont respectueux de l'environnement et durables.<\/p>","protected":false},"featured_media":3279,"comment_status":"closed","ping_status":"closed","template":"","meta":{"_acf_changed":false},"product_brand":[],"product_cat":[52],"product_tag":[66],"class_list":{"0":"post-3277","1":"product","2":"type-product","3":"status-publish","4":"has-post-thumbnail","6":"product_cat-wholesale-candle-containers","7":"product_tag-candle-jars-wholesale","9":"first","10":"instock","11":"shipping-taxable","12":"product-type-simple"},"acf":[],"_links":{"self":[{"href":"https:\/\/jinhuaceramic.com\/fr\/wp-json\/wp\/v2\/product\/3277","targetHints":{"allow":["GET"]}}],"collection":[{"href":"https:\/\/jinhuaceramic.com\/fr\/wp-json\/wp\/v2\/product"}],"about":[{"href":"https:\/\/jinhuaceramic.com\/fr\/wp-json\/wp\/v2\/types\/product"}],"replies":[{"embeddable":true,"href":"https:\/\/jinhuaceramic.com\/fr\/wp-json\/wp\/v2\/comments?post=3277"}],"version-history":[{"count":0,"href":"https:\/\/jinhuaceramic.com\/fr\/wp-json\/wp\/v2\/product\/3277\/revisions"}],"wp:featuredmedia":[{"embeddable":true,"href":"https:\/\/jinhuaceramic.com\/fr\/wp-json\/wp\/v2\/media\/3279"}],"wp:attachment":[{"href":"https:\/\/jinhuaceramic.com\/fr\/wp-json\/wp\/v2\/media?parent=3277"}],"wp:term":[{"taxonomy":"product_brand","embeddable":true,"href":"https:\/\/jinhuaceramic.com\/fr\/wp-json\/wp\/v2\/product_brand?post=3277"},{"taxonomy":"product_cat","embeddable":true,"href":"https:\/\/jinhuaceramic.com\/fr\/wp-json\/wp\/v2\/product_cat?post=3277"},{"taxonomy":"product_tag","embeddable":true,"href":"https:\/\/jinhuaceramic.com\/fr\/wp-json\/wp\/v2\/product_tag?post=3277"}],"curies":[{"name":"wp","href":"https:\/\/api.w.org\/{rel}","templated":true}]}}