{"id":3284,"date":"2024-04-10T07:29:04","date_gmt":"2024-04-10T07:29:04","guid":{"rendered":"https:\/\/jinhuaceramic.com\/?post_type=product&#038;p=3284"},"modified":"2025-04-19T09:15:33","modified_gmt":"2025-04-19T09:15:33","slug":"elegant-wholesale-ceramic-candle-holders","status":"publish","type":"product","link":"https:\/\/jinhuaceramic.com\/fr\/product\/elegant-wholesale-ceramic-candle-holders\/","title":{"rendered":"Porte-bougies en c\u00e9ramique avec forme irr\u00e9guli\u00e8re \u00e9l\u00e9gante, Porte-lampions en vrac"},"content":{"rendered":"<div class=\"wp-block-columns is-layout-flex wp-container-core-columns-is-layout-9d6595d7 wp-block-columns-is-layout-flex\">\n<div class=\"wp-block-column is-layout-flow wp-block-column-is-layout-flow\" style=\"flex-basis:50%\">\n<h3 class=\"wp-block-heading\">Porte-bougies en c\u00e9ramique de premi\u00e8re qualit\u00e9 en gros Caract\u00e9ristiques :<\/h3>\n\n\n\n<ul class=\"wp-block-list\">\n<li><strong>\u00c9l\u00e9gante forme irr\u00e9guli\u00e8re : <\/strong>Ces bougeoirs en c\u00e9ramique sont con\u00e7us dans une forme unique et irr\u00e9guli\u00e8re, sans s'en tenir au style sym\u00e9trique traditionnel. Ils conf\u00e8rent \u00e0 chaque espace des effets d\u00e9coratifs artistiques et s'adaptent aux maisons modernes avec \u00e9l\u00e9gance et mode.<\/li>\n\n\n\n<li><strong>Con\u00e7u pour les bougies \u00e0 r\u00e9chaud :<\/strong> La taille de nos porte-bougies en vrac correspond \u00e0 celle des bougies chauffe-plat. Ainsi, ce bougeoir peut convenir \u00e0 de multiples occasions : r\u00e9union de famille, d\u00e9coration de mariage ou ameublement \u00e9l\u00e9gant dans un h\u00f4tel - il peut ajouter une atmosph\u00e8re chaleureuse dans les espaces.<\/li>\n\n\n\n<li><strong>Mat\u00e9riau durable et s\u00fbr : <\/strong>Nos bougeoirs en c\u00e9ramique sont fabriqu\u00e9s en c\u00e9ramique de haute qualit\u00e9, cuits \u00e0 haute temp\u00e9rature, avec une bonne r\u00e9sistance \u00e0 la chaleur et sont durables pour une utilisation \u00e0 long terme.<\/li>\n\n\n\n<li><strong>Approvisionnement en vrac pour r\u00e9pondre aux besoins d'approvisionnement des entreprises :<\/strong> Nous fournissons des services d'approvisionnement en vrac de porte-bougies, en particulier pour l'utilisation \u00e0 grande \u00e9chelle par les clients commerciaux tels que les h\u00f4tels, les soci\u00e9t\u00e9s d'organisation de mariages, les boutiques de cadeaux, etc.<\/li>\n<\/ul>\n<\/div>\n\n\n\n<div class=\"wp-block-column is-layout-flow wp-block-column-is-layout-flow\" style=\"flex-basis:50%\">\n<figure class=\"wp-block-image size-full\"><img fetchpriority=\"high\" decoding=\"async\" width=\"1500\" height=\"1500\" src=\"https:\/\/jinhuaceramic.com\/wp-content\/uploads\/2024\/04\/ceramic-manufacturer-custom-candle-container-wholesale-candle-holders-bulk-6.webp\" alt=\"Porte-bougies en c\u00e9ramique avec forme irr\u00e9guli\u00e8re \u00e9l\u00e9gante, Porte-lampions en vrac-1\" class=\"wp-image-3290\" srcset=\"https:\/\/jinhuaceramic.com\/wp-content\/uploads\/2024\/04\/ceramic-manufacturer-custom-candle-container-wholesale-candle-holders-bulk-6.webp 1500w, https:\/\/jinhuaceramic.com\/wp-content\/uploads\/2024\/04\/ceramic-manufacturer-custom-candle-container-wholesale-candle-holders-bulk-6-300x300.webp 300w, https:\/\/jinhuaceramic.com\/wp-content\/uploads\/2024\/04\/ceramic-manufacturer-custom-candle-container-wholesale-candle-holders-bulk-6-150x150.webp 150w, https:\/\/jinhuaceramic.com\/wp-content\/uploads\/2024\/04\/ceramic-manufacturer-custom-candle-container-wholesale-candle-holders-bulk-6-768x768.webp 768w, https:\/\/jinhuaceramic.com\/wp-content\/uploads\/2024\/04\/ceramic-manufacturer-custom-candle-container-wholesale-candle-holders-bulk-6-285x285.webp 285w, https:\/\/jinhuaceramic.com\/wp-content\/uploads\/2024\/04\/ceramic-manufacturer-custom-candle-container-wholesale-candle-holders-bulk-6-270x270.webp 270w, https:\/\/jinhuaceramic.com\/wp-content\/uploads\/2024\/04\/ceramic-manufacturer-custom-candle-container-wholesale-candle-holders-bulk-6-540x540.webp 540w, https:\/\/jinhuaceramic.com\/wp-content\/uploads\/2024\/04\/ceramic-manufacturer-custom-candle-container-wholesale-candle-holders-bulk-6-660x660.webp 660w\" sizes=\"(max-width: 1500px) 100vw, 1500px\" \/><\/figure>\n<\/div>\n<\/div>","protected":false},"excerpt":{"rendered":"<p>Nous vous invitons \u00e0 acheter des bougeoirs en vrac. Nos bougeoirs en c\u00e9ramique en gros ont une forme irr\u00e9guli\u00e8re \u00e9l\u00e9gante et un design unique. Ils sont fabriqu\u00e9s en c\u00e9ramique de haute qualit\u00e9. Il convient \u00e0 une vari\u00e9t\u00e9 d'occasions, cr\u00e9ant une atmosph\u00e8re chaleureuse avec facilit\u00e9. Nous soutenons l'achat en gros, id\u00e9al pour la d\u00e9coration de la maison et l'utilisation commerciale.<\/p>","protected":false},"featured_media":3290,"comment_status":"closed","ping_status":"closed","template":"","meta":{"_acf_changed":false},"product_brand":[],"product_cat":[52],"product_tag":[68,79],"class_list":{"0":"post-3284","1":"product","2":"type-product","3":"status-publish","4":"has-post-thumbnail","6":"product_cat-wholesale-candle-containers","7":"product_tag-ceramic-candlesticks-bulk","8":"product_tag-tea-light-candle-holders-bulk","10":"first","11":"instock","12":"shipping-taxable","13":"product-type-simple"},"acf":[],"_links":{"self":[{"href":"https:\/\/jinhuaceramic.com\/fr\/wp-json\/wp\/v2\/product\/3284","targetHints":{"allow":["GET"]}}],"collection":[{"href":"https:\/\/jinhuaceramic.com\/fr\/wp-json\/wp\/v2\/product"}],"about":[{"href":"https:\/\/jinhuaceramic.com\/fr\/wp-json\/wp\/v2\/types\/product"}],"replies":[{"embeddable":true,"href":"https:\/\/jinhuaceramic.com\/fr\/wp-json\/wp\/v2\/comments?post=3284"}],"version-history":[{"count":0,"href":"https:\/\/jinhuaceramic.com\/fr\/wp-json\/wp\/v2\/product\/3284\/revisions"}],"wp:featuredmedia":[{"embeddable":true,"href":"https:\/\/jinhuaceramic.com\/fr\/wp-json\/wp\/v2\/media\/3290"}],"wp:attachment":[{"href":"https:\/\/jinhuaceramic.com\/fr\/wp-json\/wp\/v2\/media?parent=3284"}],"wp:term":[{"taxonomy":"product_brand","embeddable":true,"href":"https:\/\/jinhuaceramic.com\/fr\/wp-json\/wp\/v2\/product_brand?post=3284"},{"taxonomy":"product_cat","embeddable":true,"href":"https:\/\/jinhuaceramic.com\/fr\/wp-json\/wp\/v2\/product_cat?post=3284"},{"taxonomy":"product_tag","embeddable":true,"href":"https:\/\/jinhuaceramic.com\/fr\/wp-json\/wp\/v2\/product_tag?post=3284"}],"curies":[{"name":"wp","href":"https:\/\/api.w.org\/{rel}","templated":true}]}}