{"id":3294,"date":"2024-04-10T08:00:17","date_gmt":"2024-04-10T08:00:17","guid":{"rendered":"https:\/\/jinhuaceramic.com\/?post_type=product&#038;p=3294"},"modified":"2025-04-19T09:16:10","modified_gmt":"2025-04-19T09:16:10","slug":"wholesale-cute-candle-jars","status":"publish","type":"product","link":"https:\/\/jinhuaceramic.com\/fr\/product\/wholesale-cute-candle-jars\/","title":{"rendered":"Grossiste Pots \u00e0 bougies mignons, Vases \u00e0 bougies multicolores en vrac"},"content":{"rendered":"<div class=\"wp-block-columns is-layout-flex wp-container-core-columns-is-layout-9d6595d7 wp-block-columns-is-layout-flex\">\n<div class=\"wp-block-column is-layout-flow wp-block-column-is-layout-flow\" style=\"flex-basis:50%\">\n<h3 class=\"wp-block-heading\">Premium Wholesale Cute Candle Jars Caract\u00e9ristiques :<\/h3>\n\n\n\n<ul class=\"wp-block-list\">\n<li><strong>Un design mignon et ludique, pour un espace plus amusant : <\/strong>Ces mignons photophores en gros pr\u00e9sentent un design int\u00e9ressant et conviennent \u00e0 la d\u00e9coration de la maison, \u00e0 l'emballage de cadeaux ou aux d\u00e9corations de vacances pour les jeunes groupes, ajoutant de la vivacit\u00e9 et de la personnalit\u00e9 \u00e0 l'espace.<\/li>\n\n\n\n<li><strong>Plusieurs options de couleurs, adapt\u00e9es \u00e0 diff\u00e9rents styles : <\/strong>Ces r\u00e9cipients pour bougies en vrac sont disponibles dans une grande vari\u00e9t\u00e9 de couleurs, et les clients peuvent librement les assortir en fonction de leurs pr\u00e9f\u00e9rences personnelles ou des exigences de leur marque. Ce r\u00e9cipient \u00e0 bougies color\u00e9 s'int\u00e8gre parfaitement \u00e0 diff\u00e9rents styles de d\u00e9coration et convient \u00e0 toutes les occasions.<\/li>\n\n\n\n<li><strong>Mat\u00e9riaux de haute qualit\u00e9, s\u00fbrs et respectueux de l'environnement :<\/strong> Nos jarres \u00e0 bougie mignonnes sont fabriqu\u00e9es \u00e0 partir de mat\u00e9riaux c\u00e9ramiques de haute qualit\u00e9 et cuites \u00e0 haute temp\u00e9rature pour garantir la solidit\u00e9 et la durabilit\u00e9 des produits, ainsi qu'une bonne r\u00e9sistance \u00e0 la chaleur et \u00e0 l'humidit\u00e9. Les mat\u00e9riaux c\u00e9ramiques sont naturellement non toxiques et respectueux de l'environnement. Ils conviennent parfaitement \u00e0 une utilisation \u00e0 long terme et \u00e0 la fabrication de bougies \u00e0 la main.<\/li>\n\n\n\n<li><strong>Approvisionnement en vrac et services personnalis\u00e9s : <\/strong>Nous fournissons des services d'approvisionnement en vrac de navires de bougies en vrac pour r\u00e9pondre aux besoins \u00e0 long terme des clients commerciaux. En m\u00eame temps, nous pouvons personnaliser la couleur, la taille et le logo en fonction des exigences des clients afin de fournir des solutions personnalis\u00e9es aux marques.<\/li>\n<\/ul>\n<\/div>\n\n\n\n<div class=\"wp-block-column is-layout-flow wp-block-column-is-layout-flow\" style=\"flex-basis:50%\">\n<figure class=\"wp-block-image size-full\"><img fetchpriority=\"high\" decoding=\"async\" width=\"997\" height=\"997\" src=\"https:\/\/jinhuaceramic.com\/wp-content\/uploads\/2024\/04\/ceramic-manufacturer-custom-canisters-bulk-candle-jars-wholesale-2-4.webp\" alt=\"Jarre \u00e0 bougie en gros, Vases \u00e0 bougie en vrac multicolores-1\" class=\"wp-image-3296\" srcset=\"https:\/\/jinhuaceramic.com\/wp-content\/uploads\/2024\/04\/ceramic-manufacturer-custom-canisters-bulk-candle-jars-wholesale-2-4.webp 997w, https:\/\/jinhuaceramic.com\/wp-content\/uploads\/2024\/04\/ceramic-manufacturer-custom-canisters-bulk-candle-jars-wholesale-2-4-300x300.webp 300w, https:\/\/jinhuaceramic.com\/wp-content\/uploads\/2024\/04\/ceramic-manufacturer-custom-canisters-bulk-candle-jars-wholesale-2-4-150x150.webp 150w, https:\/\/jinhuaceramic.com\/wp-content\/uploads\/2024\/04\/ceramic-manufacturer-custom-canisters-bulk-candle-jars-wholesale-2-4-768x768.webp 768w, https:\/\/jinhuaceramic.com\/wp-content\/uploads\/2024\/04\/ceramic-manufacturer-custom-canisters-bulk-candle-jars-wholesale-2-4-285x285.webp 285w, https:\/\/jinhuaceramic.com\/wp-content\/uploads\/2024\/04\/ceramic-manufacturer-custom-canisters-bulk-candle-jars-wholesale-2-4-270x270.webp 270w, https:\/\/jinhuaceramic.com\/wp-content\/uploads\/2024\/04\/ceramic-manufacturer-custom-canisters-bulk-candle-jars-wholesale-2-4-540x540.webp 540w, https:\/\/jinhuaceramic.com\/wp-content\/uploads\/2024\/04\/ceramic-manufacturer-custom-canisters-bulk-candle-jars-wholesale-2-4-660x660.webp 660w\" sizes=\"(max-width: 997px) 100vw, 997px\" \/><\/figure>\n<\/div>\n<\/div>","protected":false},"excerpt":{"rendered":"<p>Nous vous invitons \u00e0 acheter des photophores en vrac. Ces jarres \u00e0 bougies color\u00e9es en gros sont non seulement uniques et color\u00e9es, mais aussi \u00e9cologiques et durables. Ils conviennent \u00e0 la d\u00e9coration et \u00e0 la fabrication de bougies \u00e0 la main en diverses occasions. Ils peuvent \u00eatre achet\u00e9s en gros et personnalis\u00e9s, et constituent un choix id\u00e9al pour la d\u00e9coration de la maison et l'utilisation commerciale.<\/p>","protected":false},"featured_media":3297,"comment_status":"closed","ping_status":"closed","template":"","meta":{"_acf_changed":false},"product_brand":[],"product_cat":[52],"product_tag":[66],"class_list":{"0":"post-3294","1":"product","2":"type-product","3":"status-publish","4":"has-post-thumbnail","6":"product_cat-wholesale-candle-containers","7":"product_tag-candle-jars-wholesale","9":"first","10":"instock","11":"shipping-taxable","12":"product-type-simple"},"acf":[],"_links":{"self":[{"href":"https:\/\/jinhuaceramic.com\/fr\/wp-json\/wp\/v2\/product\/3294","targetHints":{"allow":["GET"]}}],"collection":[{"href":"https:\/\/jinhuaceramic.com\/fr\/wp-json\/wp\/v2\/product"}],"about":[{"href":"https:\/\/jinhuaceramic.com\/fr\/wp-json\/wp\/v2\/types\/product"}],"replies":[{"embeddable":true,"href":"https:\/\/jinhuaceramic.com\/fr\/wp-json\/wp\/v2\/comments?post=3294"}],"version-history":[{"count":0,"href":"https:\/\/jinhuaceramic.com\/fr\/wp-json\/wp\/v2\/product\/3294\/revisions"}],"wp:featuredmedia":[{"embeddable":true,"href":"https:\/\/jinhuaceramic.com\/fr\/wp-json\/wp\/v2\/media\/3297"}],"wp:attachment":[{"href":"https:\/\/jinhuaceramic.com\/fr\/wp-json\/wp\/v2\/media?parent=3294"}],"wp:term":[{"taxonomy":"product_brand","embeddable":true,"href":"https:\/\/jinhuaceramic.com\/fr\/wp-json\/wp\/v2\/product_brand?post=3294"},{"taxonomy":"product_cat","embeddable":true,"href":"https:\/\/jinhuaceramic.com\/fr\/wp-json\/wp\/v2\/product_cat?post=3294"},{"taxonomy":"product_tag","embeddable":true,"href":"https:\/\/jinhuaceramic.com\/fr\/wp-json\/wp\/v2\/product_tag?post=3294"}],"curies":[{"name":"wp","href":"https:\/\/api.w.org\/{rel}","templated":true}]}}