{"id":3312,"date":"2024-04-10T08:34:40","date_gmt":"2024-04-10T08:34:40","guid":{"rendered":"https:\/\/jinhuaceramic.com\/?post_type=product&#038;p=3312"},"modified":"2025-04-19T09:18:17","modified_gmt":"2025-04-19T09:18:17","slug":"custom-baking-pans","status":"publish","type":"product","link":"https:\/\/jinhuaceramic.com\/fr\/product\/custom-baking-pans\/","title":{"rendered":"Moules \u00e0 p\u00e2tisserie personnalis\u00e9s, moules \u00e0 tarte en vrac, moules \u00e0 p\u00e2tisserie ronds en gros"},"content":{"rendered":"<div class=\"wp-block-columns is-layout-flex wp-container-core-columns-is-layout-9d6595d7 wp-block-columns-is-layout-flex\">\n<div class=\"wp-block-column is-layout-flow wp-block-column-is-layout-flow\" style=\"flex-basis:50%\">\n<h3 class=\"wp-block-heading\">Plaques \u00e0 p\u00e2tisserie personnalis\u00e9es Premium Caract\u00e9ristiques :<\/h3>\n\n\n\n<ul class=\"wp-block-list\">\n<li><strong>Beige \u00e9l\u00e9gant :<\/strong> Ces moules \u00e0 p\u00e2tisserie personnalis\u00e9s utilisent un ton beige doux, \u00e0 la fois simple et \u00e9l\u00e9gant. Ils s'adaptent parfaitement \u00e0 diff\u00e9rents styles de cuisine et conviennent \u00e0 un usage quotidien ou \u00e0 une pr\u00e9sentation lors d'occasions sp\u00e9ciales.<\/li>\n\n\n\n<li><strong>Un design exquis aux bords ondul\u00e9s : <\/strong>Les bords ondul\u00e9s des moules \u00e0 tarte augmentent non seulement la beaut\u00e9, mais aussi l'atmosph\u00e8re artistique lors de la pr\u00e9sentation des aliments apr\u00e8s la cuisson, ce qui est excellent pour rehausser l'exp\u00e9rience gastronomique.<\/li>\n\n\n\n<li><strong>Plat \u00e0 four rond multifonctionnel :<\/strong> Notre moule de cuisson personnalis\u00e9 est con\u00e7u pour toutes sortes d'aliments cuits au four, de tartes, de g\u00e2teaux, etc. Qu'il s'agisse d'une r\u00e9union de famille ou d'une f\u00eate de fin d'ann\u00e9e, ce moule peut \u00eatre utilis\u00e9. Il est pratique et beau pour r\u00e9pondre \u00e0 l'utilisation quotidienne et \u00e0 l'utilisation sp\u00e9ciale du festival.<\/li>\n\n\n\n<li><strong>R\u00e9sistance \u00e0 la temp\u00e9rature, sans plomb :<\/strong> La c\u00e9ramique de haute qualit\u00e9, sans plomb, est utilis\u00e9e dans la fabrication de ces moules \u00e0 tarte en vrac pour garantir la sant\u00e9 et la s\u00e9curit\u00e9. Ils conviennent aux fours \u00e0 micro-ondes et aux fours. Ils peuvent r\u00e9sister \u00e0 des temp\u00e9ratures tr\u00e8s \u00e9lev\u00e9es et chauffer uniform\u00e9ment pour vous permettre de cuisiner facilement de d\u00e9licieuses tartes, des g\u00e2teaux et d'autres aliments.<\/li>\n<\/ul>\n<\/div>\n\n\n\n<div class=\"wp-block-column is-layout-flow wp-block-column-is-layout-flow\" style=\"flex-basis:50%\">\n<figure class=\"wp-block-image size-full\"><img fetchpriority=\"high\" decoding=\"async\" width=\"1500\" height=\"1500\" src=\"https:\/\/jinhuaceramic.com\/wp-content\/uploads\/2024\/04\/wholesale-bakeware-custom-baking-pans-2.webp\" alt=\"Moules \u00e0 p\u00e2tisserie personnalis\u00e9s, moules \u00e0 tarte en vrac, moules \u00e0 p\u00e2tisserie ronds en gros-1\" class=\"wp-image-3318\" srcset=\"https:\/\/jinhuaceramic.com\/wp-content\/uploads\/2024\/04\/wholesale-bakeware-custom-baking-pans-2.webp 1500w, https:\/\/jinhuaceramic.com\/wp-content\/uploads\/2024\/04\/wholesale-bakeware-custom-baking-pans-2-300x300.webp 300w, https:\/\/jinhuaceramic.com\/wp-content\/uploads\/2024\/04\/wholesale-bakeware-custom-baking-pans-2-150x150.webp 150w, https:\/\/jinhuaceramic.com\/wp-content\/uploads\/2024\/04\/wholesale-bakeware-custom-baking-pans-2-768x768.webp 768w, https:\/\/jinhuaceramic.com\/wp-content\/uploads\/2024\/04\/wholesale-bakeware-custom-baking-pans-2-285x285.webp 285w, https:\/\/jinhuaceramic.com\/wp-content\/uploads\/2024\/04\/wholesale-bakeware-custom-baking-pans-2-270x270.webp 270w, https:\/\/jinhuaceramic.com\/wp-content\/uploads\/2024\/04\/wholesale-bakeware-custom-baking-pans-2-540x540.webp 540w, https:\/\/jinhuaceramic.com\/wp-content\/uploads\/2024\/04\/wholesale-bakeware-custom-baking-pans-2-660x660.webp 660w\" sizes=\"(max-width: 1500px) 100vw, 1500px\" \/><\/figure>\n<\/div>\n<\/div>","protected":false},"excerpt":{"rendered":"<p>Nous vous invitons \u00e0 acheter des moules \u00e0 tarte en c\u00e9ramique en vrac. Ces moules \u00e0 tarte personnalis\u00e9s de couleur beige ont un design attrayant \u00e0 bords ondul\u00e9s et sont \u00e0 la fois \u00e9l\u00e9gants et pratiques. De forme ronde, ils conviennent \u00e0 de nombreux autres besoins de cuisson et sont dot\u00e9s d'une c\u00e9ramique sans plomb de haute qualit\u00e9, garante de la s\u00e9curit\u00e9 alimentaire. Que l'on cuisine occasionnellement ou que l'on pr\u00e9pare un festin festif, ces moules \u00e0 p\u00e2tisserie sont un atout ind\u00e9niable pour toute cuisine.<\/p>","protected":false},"featured_media":3316,"comment_status":"closed","ping_status":"closed","template":"","meta":{"_acf_changed":false},"product_brand":[],"product_cat":[53],"product_tag":[70],"class_list":{"0":"post-3312","1":"product","2":"type-product","3":"status-publish","4":"has-post-thumbnail","6":"product_cat-bakeware-in-bulk","7":"product_tag-custom-pie-pans","9":"first","10":"instock","11":"shipping-taxable","12":"product-type-simple"},"acf":[],"_links":{"self":[{"href":"https:\/\/jinhuaceramic.com\/fr\/wp-json\/wp\/v2\/product\/3312","targetHints":{"allow":["GET"]}}],"collection":[{"href":"https:\/\/jinhuaceramic.com\/fr\/wp-json\/wp\/v2\/product"}],"about":[{"href":"https:\/\/jinhuaceramic.com\/fr\/wp-json\/wp\/v2\/types\/product"}],"replies":[{"embeddable":true,"href":"https:\/\/jinhuaceramic.com\/fr\/wp-json\/wp\/v2\/comments?post=3312"}],"version-history":[{"count":0,"href":"https:\/\/jinhuaceramic.com\/fr\/wp-json\/wp\/v2\/product\/3312\/revisions"}],"wp:featuredmedia":[{"embeddable":true,"href":"https:\/\/jinhuaceramic.com\/fr\/wp-json\/wp\/v2\/media\/3316"}],"wp:attachment":[{"href":"https:\/\/jinhuaceramic.com\/fr\/wp-json\/wp\/v2\/media?parent=3312"}],"wp:term":[{"taxonomy":"product_brand","embeddable":true,"href":"https:\/\/jinhuaceramic.com\/fr\/wp-json\/wp\/v2\/product_brand?post=3312"},{"taxonomy":"product_cat","embeddable":true,"href":"https:\/\/jinhuaceramic.com\/fr\/wp-json\/wp\/v2\/product_cat?post=3312"},{"taxonomy":"product_tag","embeddable":true,"href":"https:\/\/jinhuaceramic.com\/fr\/wp-json\/wp\/v2\/product_tag?post=3312"}],"curies":[{"name":"wp","href":"https:\/\/api.w.org\/{rel}","templated":true}]}}