{"id":3321,"date":"2024-04-10T08:48:52","date_gmt":"2024-04-10T08:48:52","guid":{"rendered":"https:\/\/jinhuaceramic.com\/?post_type=product&#038;p=3321"},"modified":"2025-04-19T09:19:49","modified_gmt":"2025-04-19T09:19:49","slug":"ceramic-bakeware-set-wholesale","status":"publish","type":"product","link":"https:\/\/jinhuaceramic.com\/fr\/product\/ceramic-bakeware-set-wholesale\/","title":{"rendered":"Ensemble d'ustensiles de cuisson en c\u00e9ramique, sans plomb et antiadh\u00e9sif, vendu en gros par le fournisseur de po\u00eales \u00e0 frire"},"content":{"rendered":"<div class=\"wp-block-columns is-layout-flex wp-container-core-columns-is-layout-9d6595d7 wp-block-columns-is-layout-flex\">\n<div class=\"wp-block-column is-layout-flow wp-block-column-is-layout-flow\" style=\"flex-basis:50%\">\n<h3 class=\"wp-block-heading\">Ensemble d'ustensiles de cuisson en c\u00e9ramique de premi\u00e8re qualit\u00e9 Caract\u00e9ristiques en gros :<\/h3>\n\n\n\n<ul class=\"wp-block-list\">\n<li><strong>Un fort attrait visuel :<\/strong> Cet ensemble d'ustensiles de cuisson en c\u00e9ramique utilise une gla\u00e7ure rouge classique, d'une couleur vive et d'un grand impact visuel, qui conf\u00e8re vitalit\u00e9 et \u00e9l\u00e9gance \u00e0 la cuisine. Il convient \u00e0 un usage quotidien et \u00e0 la pr\u00e9sentation de plats lors d'occasions sp\u00e9ciales.<\/li>\n\n\n\n<li><strong>Diff\u00e9rentes options de taille :<\/strong> Notre batterie de cuisine se d\u00e9cline en de nombreuses options de taille, qui correspondent \u00e0 diff\u00e9rentes \u00e9chelles de besoins en mati\u00e8re de cuisson des aliments. Qu'il s'agisse de petits desserts ou de grands plats principaux, vous trouverez toujours le bon mod\u00e8le de moule \u00e0 p\u00e2tisserie pour augmenter la flexibilit\u00e9 et la commodit\u00e9 pendant la cuisson.<\/li>\n\n\n\n<li><strong>Mat\u00e9riau sans plomb : <\/strong>Notre batterie de cuisine en c\u00e9ramique est fabriqu\u00e9e \u00e0 partir d'un mat\u00e9riau c\u00e9ramique sans plomb, qui peut garantir que pendant la cuisson \u00e0 haute temp\u00e9rature, aucune substance toxique n'est lib\u00e9r\u00e9e par les aliments pour une alimentation saine, offrant ainsi aux utilisateurs s\u00e9curit\u00e9 et s\u00fbret\u00e9.<\/li>\n\n\n\n<li><strong>Surface antiadh\u00e9sive, facile \u00e0 nettoyer :<\/strong> Le rev\u00eatement antiadh\u00e9sif de notre batterie de cuisine emp\u00eache les aliments de coller apr\u00e8s la cuisson, ce qui rend la cuisson facile et pratique. Cette surface antiadh\u00e9sive permet d'\u00e9conomiser du temps de nettoyage et de conserver la qualit\u00e9 du moule \u00e0 p\u00e2tisserie pendant longtemps.<\/li>\n<\/ul>\n<\/div>\n\n\n\n<div class=\"wp-block-column is-layout-flow wp-block-column-is-layout-flow\" style=\"flex-basis:50%\">\n<figure class=\"wp-block-image size-full\"><img fetchpriority=\"high\" decoding=\"async\" width=\"750\" height=\"750\" src=\"https:\/\/jinhuaceramic.com\/wp-content\/uploads\/2024\/04\/custom-baking-pans-wholesale-ceramic-bakeware-set-5.webp\" alt=\"custom-baking-pans-wholesale-ceramic-bakeware-set-5\" class=\"wp-image-3326\" srcset=\"https:\/\/jinhuaceramic.com\/wp-content\/uploads\/2024\/04\/custom-baking-pans-wholesale-ceramic-bakeware-set-5.webp 750w, https:\/\/jinhuaceramic.com\/wp-content\/uploads\/2024\/04\/custom-baking-pans-wholesale-ceramic-bakeware-set-5-300x300.webp 300w, https:\/\/jinhuaceramic.com\/wp-content\/uploads\/2024\/04\/custom-baking-pans-wholesale-ceramic-bakeware-set-5-150x150.webp 150w, https:\/\/jinhuaceramic.com\/wp-content\/uploads\/2024\/04\/custom-baking-pans-wholesale-ceramic-bakeware-set-5-285x285.webp 285w, https:\/\/jinhuaceramic.com\/wp-content\/uploads\/2024\/04\/custom-baking-pans-wholesale-ceramic-bakeware-set-5-270x270.webp 270w, https:\/\/jinhuaceramic.com\/wp-content\/uploads\/2024\/04\/custom-baking-pans-wholesale-ceramic-bakeware-set-5-540x540.webp 540w, https:\/\/jinhuaceramic.com\/wp-content\/uploads\/2024\/04\/custom-baking-pans-wholesale-ceramic-bakeware-set-5-660x660.webp 660w\" sizes=\"(max-width: 750px) 100vw, 750px\" \/><\/figure>\n<\/div>\n<\/div>","protected":false},"excerpt":{"rendered":"<p>Bienvenue sur le site du fournisseur de moules \u00e0 p\u00e2tisserie pour la cuisine. Cette batterie de cuisine classique en c\u00e9ramique \u00e9maill\u00e9e rouge est color\u00e9e pour ajouter de la couleur \u00e0 n'importe quel style de cuisine, et en m\u00eame temps, elle a aussi des options de taille vari\u00e9es qui peuvent r\u00e9pondre aux besoins diversifi\u00e9s des diff\u00e9rents cuisiniers. S\u00fbr et sain avec un mat\u00e9riau c\u00e9ramique sans plomb, et un design antiadh\u00e9sif pour un nettoyage facile.<\/p>","protected":false},"featured_media":3322,"comment_status":"closed","ping_status":"closed","template":"","meta":{"_acf_changed":false},"product_brand":[],"product_cat":[53],"product_tag":[71],"class_list":{"0":"post-3321","1":"product","2":"type-product","3":"status-publish","4":"has-post-thumbnail","6":"product_cat-bakeware-in-bulk","7":"product_tag-wholesale-baking-pans","9":"first","10":"instock","11":"shipping-taxable","12":"product-type-simple"},"acf":[],"_links":{"self":[{"href":"https:\/\/jinhuaceramic.com\/fr\/wp-json\/wp\/v2\/product\/3321","targetHints":{"allow":["GET"]}}],"collection":[{"href":"https:\/\/jinhuaceramic.com\/fr\/wp-json\/wp\/v2\/product"}],"about":[{"href":"https:\/\/jinhuaceramic.com\/fr\/wp-json\/wp\/v2\/types\/product"}],"replies":[{"embeddable":true,"href":"https:\/\/jinhuaceramic.com\/fr\/wp-json\/wp\/v2\/comments?post=3321"}],"version-history":[{"count":0,"href":"https:\/\/jinhuaceramic.com\/fr\/wp-json\/wp\/v2\/product\/3321\/revisions"}],"wp:featuredmedia":[{"embeddable":true,"href":"https:\/\/jinhuaceramic.com\/fr\/wp-json\/wp\/v2\/media\/3322"}],"wp:attachment":[{"href":"https:\/\/jinhuaceramic.com\/fr\/wp-json\/wp\/v2\/media?parent=3321"}],"wp:term":[{"taxonomy":"product_brand","embeddable":true,"href":"https:\/\/jinhuaceramic.com\/fr\/wp-json\/wp\/v2\/product_brand?post=3321"},{"taxonomy":"product_cat","embeddable":true,"href":"https:\/\/jinhuaceramic.com\/fr\/wp-json\/wp\/v2\/product_cat?post=3321"},{"taxonomy":"product_tag","embeddable":true,"href":"https:\/\/jinhuaceramic.com\/fr\/wp-json\/wp\/v2\/product_tag?post=3321"}],"curies":[{"name":"wp","href":"https:\/\/api.w.org\/{rel}","templated":true}]}}