{"id":3329,"date":"2024-04-10T09:05:17","date_gmt":"2024-04-10T09:05:17","guid":{"rendered":"https:\/\/jinhuaceramic.com\/?post_type=product&#038;p=3329"},"modified":"2025-04-19T09:20:47","modified_gmt":"2025-04-19T09:20:47","slug":"custom-baking-dish-with-lid","status":"publish","type":"product","link":"https:\/\/jinhuaceramic.com\/fr\/product\/custom-baking-dish-with-lid\/","title":{"rendered":"Plat de cuisson personnalis\u00e9 avec couvercle, plats de cuisson en c\u00e9ramique fantaisie en vrac"},"content":{"rendered":"<div class=\"wp-block-columns is-layout-flex wp-container-core-columns-is-layout-9d6595d7 wp-block-columns-is-layout-flex\">\n<div class=\"wp-block-column is-layout-flow wp-block-column-is-layout-flow\" style=\"flex-basis:50%\">\n<h3 class=\"wp-block-heading\">Plat de cuisson sur mesure de premi\u00e8re qualit\u00e9 avec couvercle Caract\u00e9ristiques :<\/h3>\n\n\n\n<ul class=\"wp-block-list\">\n<li><strong>Plusieurs options de couleurs : <\/strong>Ce plat de cuisson personnalis\u00e9 avec couvercle est disponible en trois couleurs : orange, vert et blanc, pour r\u00e9pondre aux besoins d'assortiment des diff\u00e9rents styles de cuisine.<\/li>\n\n\n\n<li><strong>Gardez au chaud et gardez au frais : <\/strong>Nos moules \u00e0 p\u00e2tisserie en c\u00e9ramique en gros sont \u00e9quip\u00e9s de couvercles en c\u00e9ramique, qui peuvent non seulement bloquer efficacement la chaleur des aliments, mais aussi conserver la fra\u00eecheur et le parfum des aliments, et r\u00e9duire la perte d'humidit\u00e9. Le couvercle est \u00e9galement pratique pour le stockage ou le transport, et convient aux banquets, aux r\u00e9unions de famille et \u00e0 d'autres occasions.<\/li>\n\n\n\n<li><strong>Durable et s\u00fbr : <\/strong>Ce plat de cuisson personnalis\u00e9 avec couvercle est fabriqu\u00e9 en c\u00e9ramique de haute qualit\u00e9, avec une excellente r\u00e9sistance \u00e0 la chaleur et \u00e0 l'usure, convenant \u00e0 une utilisation \u00e0 long terme. Non toxique et inoffensif, il garantit la s\u00e9curit\u00e9 alimentaire. La surface est lisse et facile \u00e0 nettoyer, et ne laisse pas facilement de taches d'huile ou de salet\u00e9.<\/li>\n\n\n\n<li><strong>Service de p\u00e2tisserie sur mesure : <\/strong>Nos moules \u00e0 p\u00e2tisserie en c\u00e9ramique en gros peuvent \u00eatre personnalis\u00e9s en termes de taille, de forme et de motif afin de r\u00e9pondre aux besoins de diff\u00e9rents clients. Qu'il s'agisse de cuisson \u00e0 domicile, de restauration ou de personnalisation de cadeaux, ce moule \u00e0 p\u00e2tisserie peut s'adapter de mani\u00e8re flexible pour am\u00e9liorer l'exp\u00e9rience de cuisson.<\/li>\n<\/ul>\n<\/div>\n\n\n\n<div class=\"wp-block-column is-layout-flow wp-block-column-is-layout-flow\" style=\"flex-basis:50%\">\n<figure class=\"wp-block-image size-full\"><img fetchpriority=\"high\" decoding=\"async\" width=\"800\" height=\"800\" src=\"https:\/\/jinhuaceramic.com\/wp-content\/uploads\/2024\/04\/custom-baking-dish-with-lid-wholesale-ceramic-bakeware-6.webp\" alt=\"plat de cuisson personnalis\u00e9 avec couvercle - gros-articles de boulangerie en c\u00e9ramique - 6\" class=\"wp-image-3334\" srcset=\"https:\/\/jinhuaceramic.com\/wp-content\/uploads\/2024\/04\/custom-baking-dish-with-lid-wholesale-ceramic-bakeware-6.webp 800w, https:\/\/jinhuaceramic.com\/wp-content\/uploads\/2024\/04\/custom-baking-dish-with-lid-wholesale-ceramic-bakeware-6-300x300.webp 300w, https:\/\/jinhuaceramic.com\/wp-content\/uploads\/2024\/04\/custom-baking-dish-with-lid-wholesale-ceramic-bakeware-6-150x150.webp 150w, https:\/\/jinhuaceramic.com\/wp-content\/uploads\/2024\/04\/custom-baking-dish-with-lid-wholesale-ceramic-bakeware-6-768x768.webp 768w, https:\/\/jinhuaceramic.com\/wp-content\/uploads\/2024\/04\/custom-baking-dish-with-lid-wholesale-ceramic-bakeware-6-285x285.webp 285w, https:\/\/jinhuaceramic.com\/wp-content\/uploads\/2024\/04\/custom-baking-dish-with-lid-wholesale-ceramic-bakeware-6-270x270.webp 270w, https:\/\/jinhuaceramic.com\/wp-content\/uploads\/2024\/04\/custom-baking-dish-with-lid-wholesale-ceramic-bakeware-6-540x540.webp 540w, https:\/\/jinhuaceramic.com\/wp-content\/uploads\/2024\/04\/custom-baking-dish-with-lid-wholesale-ceramic-bakeware-6-660x660.webp 660w\" sizes=\"(max-width: 800px) 100vw, 800px\" \/><\/figure>\n<\/div>\n<\/div>","protected":false},"excerpt":{"rendered":"<p>Bienvenue sur le site d'achat en gros de plats de cuisson. Ce plat de cuisson personnalis\u00e9 avec couvercle est disponible en trois couleurs : orange, vert et blanc, avec une apparence \u00e9l\u00e9gante et des fonctions pratiques. Il est fabriqu\u00e9 en mat\u00e9riaux c\u00e9ramiques de haute qualit\u00e9, est r\u00e9sistant aux temp\u00e9ratures \u00e9lev\u00e9es, s\u00fbr et sain, et permet une personnalisation diversifi\u00e9e, ce qui en fait un choix id\u00e9al pour la cuisson en cuisine.<\/p>","protected":false},"featured_media":3331,"comment_status":"closed","ping_status":"closed","template":"","meta":{"_acf_changed":false},"product_brand":[],"product_cat":[53],"product_tag":[71],"class_list":{"0":"post-3329","1":"product","2":"type-product","3":"status-publish","4":"has-post-thumbnail","6":"product_cat-bakeware-in-bulk","7":"product_tag-wholesale-baking-pans","9":"first","10":"instock","11":"shipping-taxable","12":"product-type-simple"},"acf":[],"_links":{"self":[{"href":"https:\/\/jinhuaceramic.com\/fr\/wp-json\/wp\/v2\/product\/3329","targetHints":{"allow":["GET"]}}],"collection":[{"href":"https:\/\/jinhuaceramic.com\/fr\/wp-json\/wp\/v2\/product"}],"about":[{"href":"https:\/\/jinhuaceramic.com\/fr\/wp-json\/wp\/v2\/types\/product"}],"replies":[{"embeddable":true,"href":"https:\/\/jinhuaceramic.com\/fr\/wp-json\/wp\/v2\/comments?post=3329"}],"version-history":[{"count":0,"href":"https:\/\/jinhuaceramic.com\/fr\/wp-json\/wp\/v2\/product\/3329\/revisions"}],"wp:featuredmedia":[{"embeddable":true,"href":"https:\/\/jinhuaceramic.com\/fr\/wp-json\/wp\/v2\/media\/3331"}],"wp:attachment":[{"href":"https:\/\/jinhuaceramic.com\/fr\/wp-json\/wp\/v2\/media?parent=3329"}],"wp:term":[{"taxonomy":"product_brand","embeddable":true,"href":"https:\/\/jinhuaceramic.com\/fr\/wp-json\/wp\/v2\/product_brand?post=3329"},{"taxonomy":"product_cat","embeddable":true,"href":"https:\/\/jinhuaceramic.com\/fr\/wp-json\/wp\/v2\/product_cat?post=3329"},{"taxonomy":"product_tag","embeddable":true,"href":"https:\/\/jinhuaceramic.com\/fr\/wp-json\/wp\/v2\/product_tag?post=3329"}],"curies":[{"name":"wp","href":"https:\/\/api.w.org\/{rel}","templated":true}]}}