{"id":3338,"date":"2024-04-10T09:16:33","date_gmt":"2024-04-10T09:16:33","guid":{"rendered":"https:\/\/jinhuaceramic.com\/?post_type=product&#038;p=3338"},"modified":"2025-04-19T09:21:34","modified_gmt":"2025-04-19T09:21:34","slug":"wholesale-round-baking-pan","status":"publish","type":"product","link":"https:\/\/jinhuaceramic.com\/fr\/product\/wholesale-round-baking-pan\/","title":{"rendered":"Wholesale Round Baking Pans, Red Custom Casserole Dishes With Lid (Plaques \u00e0 p\u00e2tisserie rouges avec couvercle)"},"content":{"rendered":"<div class=\"wp-block-columns is-layout-flex wp-container-core-columns-is-layout-9d6595d7 wp-block-columns-is-layout-flex\">\n<div class=\"wp-block-column is-layout-flow wp-block-column-is-layout-flow\" style=\"flex-basis:50%\">\n<h3 class=\"wp-block-heading\">Plaques \u00e0 p\u00e2tisserie rondes Premium Wholesale Caract\u00e9ristiques :<\/h3>\n\n\n\n<ul class=\"wp-block-list\">\n<li><strong>Mod\u00e8le classique :<\/strong> Nos moules \u00e0 p\u00e2tisserie ronds en gros pr\u00e9sentent des motifs classiques exquis, qui allient l'artisanat traditionnel \u00e0 l'esth\u00e9tique moderne. L'apparence est \u00e9l\u00e9gante et g\u00e9n\u00e9reuse, ajoutant une touche d'art r\u00e9tro \u00e0 votre cuisine, convenant \u00e0 l'exposition sur la table en diverses occasions.<\/li>\n\n\n\n<li><strong>\u00c9quip\u00e9 d'un couvercle : <\/strong>Nos cocottes personnalis\u00e9es en vrac ont des couvercles inclus, et le corps de la cocotte est assorti \u00e0 un couvercle pour conserver efficacement la chaleur et l'ar\u00f4me des aliments pendant une plus longue p\u00e9riode de conservation de la temp\u00e9rature, pour pr\u00e9server la saveur originale des aliments, r\u00e9duire la perte d'humidit\u00e9, et garantir le go\u00fbt et la qualit\u00e9 des aliments.<\/li>\n\n\n\n<li><strong>R\u00e9sistant \u00e0 la chaleur et durable : <\/strong>Fabriqu\u00e9s \u00e0 partir de mat\u00e9riaux c\u00e9ramiques de qualit\u00e9 sup\u00e9rieure, ces moules \u00e0 p\u00e2tisserie ronds ont une grande r\u00e9sistance aux temp\u00e9ratures \u00e9lev\u00e9es, ce qui leur permet de cuire \u00e0 haute temp\u00e9rature dans des fours ou des fours \u00e0 micro-ondes. De plus, la conduction uniforme de la chaleur garantit une cuisson homog\u00e8ne des aliments.<\/li>\n\n\n\n<li><strong>Service de plats de cuisson personnalis\u00e9s : <\/strong>Nos plats \u00e0 gratin en vrac soutiennent les services personnalis\u00e9s dans diff\u00e9rentes tailles et formes, qui conviennent non seulement aux p\u00e2tisseries domestiques et \u00e0 l'industrie de la restauration, mais peuvent \u00e9galement \u00eatre fabriqu\u00e9s sur mesure selon les exigences des clients et s'adapter avec souplesse \u00e0 la demande du march\u00e9.<\/li>\n<\/ul>\n<\/div>\n\n\n\n<div class=\"wp-block-column is-layout-flow wp-block-column-is-layout-flow\" style=\"flex-basis:50%\">\n<figure class=\"wp-block-image size-full\"><img fetchpriority=\"high\" decoding=\"async\" width=\"749\" height=\"749\" src=\"https:\/\/jinhuaceramic.com\/wp-content\/uploads\/2024\/04\/ceramic-manufacturer-wholesale-bakeware-set-custom-casserole-dish-with-lid-4.webp\" alt=\"Wholesale Round Baking Pans, Custom Casserole Dishes In Bulk With Lid-1 (Plaques \u00e0 p\u00e2tisserie rondes, plats \u00e0 gratin personnalis\u00e9s en vrac avec couvercle)\" class=\"wp-image-3342\" srcset=\"https:\/\/jinhuaceramic.com\/wp-content\/uploads\/2024\/04\/ceramic-manufacturer-wholesale-bakeware-set-custom-casserole-dish-with-lid-4.webp 749w, https:\/\/jinhuaceramic.com\/wp-content\/uploads\/2024\/04\/ceramic-manufacturer-wholesale-bakeware-set-custom-casserole-dish-with-lid-4-300x300.webp 300w, https:\/\/jinhuaceramic.com\/wp-content\/uploads\/2024\/04\/ceramic-manufacturer-wholesale-bakeware-set-custom-casserole-dish-with-lid-4-150x150.webp 150w, https:\/\/jinhuaceramic.com\/wp-content\/uploads\/2024\/04\/ceramic-manufacturer-wholesale-bakeware-set-custom-casserole-dish-with-lid-4-285x285.webp 285w, https:\/\/jinhuaceramic.com\/wp-content\/uploads\/2024\/04\/ceramic-manufacturer-wholesale-bakeware-set-custom-casserole-dish-with-lid-4-270x270.webp 270w, https:\/\/jinhuaceramic.com\/wp-content\/uploads\/2024\/04\/ceramic-manufacturer-wholesale-bakeware-set-custom-casserole-dish-with-lid-4-540x540.webp 540w, https:\/\/jinhuaceramic.com\/wp-content\/uploads\/2024\/04\/ceramic-manufacturer-wholesale-bakeware-set-custom-casserole-dish-with-lid-4-660x660.webp 660w\" sizes=\"(max-width: 749px) 100vw, 749px\" \/><\/figure>\n<\/div>\n<\/div>\n\n\n\n<p><\/p>","protected":false},"excerpt":{"rendered":"<p>Bienvenue \u00e0 l'achat de plats \u00e0 gratin personnalis\u00e9s en vrac. Ces plats de cuisson ronds en gros sont munis d'un couvercle pour conserver l'humidit\u00e9 et la saveur \u00e0 l'int\u00e9rieur, m\u00eame pour les soupes et les rago\u00fbts, parmi beaucoup d'autres. La c\u00e9ramique de bonne qualit\u00e9 et r\u00e9sistante aux temp\u00e9ratures \u00e9lev\u00e9es qui les compose assure un chauffage uniforme ; ce sont donc des choix id\u00e9aux pour la cuisine puisqu'ils sont disponibles dans une grande vari\u00e9t\u00e9 de tailles et sont personnalisables.<\/p>","protected":false},"featured_media":3343,"comment_status":"closed","ping_status":"closed","template":"","meta":{"_acf_changed":false},"product_brand":[],"product_cat":[53],"product_tag":[71],"class_list":{"0":"post-3338","1":"product","2":"type-product","3":"status-publish","4":"has-post-thumbnail","6":"product_cat-bakeware-in-bulk","7":"product_tag-wholesale-baking-pans","9":"first","10":"instock","11":"shipping-taxable","12":"product-type-simple"},"acf":[],"_links":{"self":[{"href":"https:\/\/jinhuaceramic.com\/fr\/wp-json\/wp\/v2\/product\/3338","targetHints":{"allow":["GET"]}}],"collection":[{"href":"https:\/\/jinhuaceramic.com\/fr\/wp-json\/wp\/v2\/product"}],"about":[{"href":"https:\/\/jinhuaceramic.com\/fr\/wp-json\/wp\/v2\/types\/product"}],"replies":[{"embeddable":true,"href":"https:\/\/jinhuaceramic.com\/fr\/wp-json\/wp\/v2\/comments?post=3338"}],"version-history":[{"count":0,"href":"https:\/\/jinhuaceramic.com\/fr\/wp-json\/wp\/v2\/product\/3338\/revisions"}],"wp:featuredmedia":[{"embeddable":true,"href":"https:\/\/jinhuaceramic.com\/fr\/wp-json\/wp\/v2\/media\/3343"}],"wp:attachment":[{"href":"https:\/\/jinhuaceramic.com\/fr\/wp-json\/wp\/v2\/media?parent=3338"}],"wp:term":[{"taxonomy":"product_brand","embeddable":true,"href":"https:\/\/jinhuaceramic.com\/fr\/wp-json\/wp\/v2\/product_brand?post=3338"},{"taxonomy":"product_cat","embeddable":true,"href":"https:\/\/jinhuaceramic.com\/fr\/wp-json\/wp\/v2\/product_cat?post=3338"},{"taxonomy":"product_tag","embeddable":true,"href":"https:\/\/jinhuaceramic.com\/fr\/wp-json\/wp\/v2\/product_tag?post=3338"}],"curies":[{"name":"wp","href":"https:\/\/api.w.org\/{rel}","templated":true}]}}