{"id":3348,"date":"2024-04-10T09:35:56","date_gmt":"2024-04-10T09:35:56","guid":{"rendered":"https:\/\/jinhuaceramic.com\/?post_type=product&#038;p=3348"},"modified":"2025-04-19T09:22:17","modified_gmt":"2025-04-19T09:22:17","slug":"hot-selling-custom-bakeware-bulk","status":"publish","type":"product","link":"https:\/\/jinhuaceramic.com\/fr\/product\/hot-selling-custom-bakeware-bulk\/","title":{"rendered":"Vente en gros d'ustensiles de boulangerie personnalis\u00e9s, Petits moules \u00e0 p\u00e2tisserie non toxiques"},"content":{"rendered":"<div class=\"wp-block-columns is-layout-flex wp-container-core-columns-is-layout-9d6595d7 wp-block-columns-is-layout-flex\">\n<div class=\"wp-block-column is-layout-flow wp-block-column-is-layout-flow\" style=\"flex-basis:50%\">\n<h3 class=\"wp-block-heading\">Produits de boulangerie personnalis\u00e9s de qualit\u00e9 sup\u00e9rieure Caract\u00e9ristiques en vrac :<\/h3>\n\n\n\n<ul class=\"wp-block-list\">\n<li><strong>Motif unique : <\/strong>Ce moule \u00e0 p\u00e2tisserie personnalis\u00e9 en vrac pr\u00e9sente divers motifs uniques, du plus simple au plus compliqu\u00e9, qui peuvent ajouter une d\u00e9coration artistique et personnalis\u00e9e aux cuisines. Il peut ajouter de la beaut\u00e9 \u00e0 l'effet visuel et attirer l'attention des autres, qu'il soit utilis\u00e9 par la famille ou expos\u00e9 dans les magasins.<\/li>\n\n\n\n<li><strong>Petit et pratique :<\/strong> Nos moules de cuisson en gros sont de taille mod\u00e9r\u00e9e, particuli\u00e8rement adapt\u00e9s \u00e0 la production de petits desserts et d'aliments cuits au four, qui sont rapides et pratiques, r\u00e9pondant aux besoins de la cuisine quotidienne, particuli\u00e8rement adapt\u00e9s \u00e0 la cuisson de petits d\u00e9lices comme les biscuits, les g\u00e2teaux et les tartes.<\/li>\n\n\n\n<li><strong>Mat\u00e9riau non toxique et sans danger :<\/strong> Nos ustensiles de cuisson personnalis\u00e9s en vrac sont fabriqu\u00e9s \u00e0 partir de mat\u00e9riaux c\u00e9ramiques non toxiques, exempts de toute substance nocive, qui pr\u00e9servent la sant\u00e9 et la s\u00e9curit\u00e9 des aliments dans les fours \u00e0 haute temp\u00e9rature et permettent aux utilisateurs de cuire leurs aliments en toute s\u00e9curit\u00e9. Il convient parfaitement aux cuisines familiales et \u00e0 la production d'aliments pour les enfants.<\/li>\n\n\n\n<li><strong>Durable et adaptable : <\/strong>Ces moules \u00e0 p\u00e2tisserie en gros peuvent r\u00e9sister \u00e0 des temp\u00e9ratures extr\u00eames dans diff\u00e9rents types d'appareils de cuisson, du four au micro-ondes. Fabriqu\u00e9 avec des mat\u00e9riaux solides, durs et durables, le fond ne se raye jamais facilement ; il garantit donc une longue dur\u00e9e de vie et constitue un outil fiable dans la cuisine.<\/li>\n<\/ul>\n<\/div>\n\n\n\n<div class=\"wp-block-column is-layout-flow wp-block-column-is-layout-flow\" style=\"flex-basis:50%\">\n<figure class=\"wp-block-image size-full\"><img fetchpriority=\"high\" decoding=\"async\" width=\"1000\" height=\"1000\" src=\"https:\/\/jinhuaceramic.com\/wp-content\/uploads\/2024\/04\/custom-ceramic-baking-pans-wholesale-bakeware-set.webp\" alt=\"Vente en gros de moules \u00e0 p\u00e2tisserie personnalis\u00e9s, Petits moules \u00e0 p\u00e2tisserie non toxiques Wholesale-1\" class=\"wp-image-3354\" srcset=\"https:\/\/jinhuaceramic.com\/wp-content\/uploads\/2024\/04\/custom-ceramic-baking-pans-wholesale-bakeware-set.webp 1000w, https:\/\/jinhuaceramic.com\/wp-content\/uploads\/2024\/04\/custom-ceramic-baking-pans-wholesale-bakeware-set-300x300.webp 300w, https:\/\/jinhuaceramic.com\/wp-content\/uploads\/2024\/04\/custom-ceramic-baking-pans-wholesale-bakeware-set-150x150.webp 150w, https:\/\/jinhuaceramic.com\/wp-content\/uploads\/2024\/04\/custom-ceramic-baking-pans-wholesale-bakeware-set-768x768.webp 768w, https:\/\/jinhuaceramic.com\/wp-content\/uploads\/2024\/04\/custom-ceramic-baking-pans-wholesale-bakeware-set-285x285.webp 285w, https:\/\/jinhuaceramic.com\/wp-content\/uploads\/2024\/04\/custom-ceramic-baking-pans-wholesale-bakeware-set-270x270.webp 270w, https:\/\/jinhuaceramic.com\/wp-content\/uploads\/2024\/04\/custom-ceramic-baking-pans-wholesale-bakeware-set-540x540.webp 540w, https:\/\/jinhuaceramic.com\/wp-content\/uploads\/2024\/04\/custom-ceramic-baking-pans-wholesale-bakeware-set-660x660.webp 660w\" sizes=\"(max-width: 1000px) 100vw, 1000px\" \/><\/figure>\n<\/div>\n<\/div>","protected":false},"excerpt":{"rendered":"<p>Nous vous invitons \u00e0 acheter des moules \u00e0 p\u00e2tisserie en gros. Ces moules \u00e0 p\u00e2tisserie personnalis\u00e9s, petits et pratiques, sont fabriqu\u00e9s en c\u00e9ramique non toxique afin de garantir la sant\u00e9 et la s\u00e9curit\u00e9 des aliments. Les produits peuvent \u00eatre utilis\u00e9s pour la cuisson de toutes sortes de petites portions d'aliments, ce qui convient \u00e0 la cuisine domestique ou \u00e0 l'utilisation commerciale.<\/p>","protected":false},"featured_media":3354,"comment_status":"closed","ping_status":"closed","template":"","meta":{"_acf_changed":false},"product_brand":[],"product_cat":[53],"product_tag":[71],"class_list":{"0":"post-3348","1":"product","2":"type-product","3":"status-publish","4":"has-post-thumbnail","6":"product_cat-bakeware-in-bulk","7":"product_tag-wholesale-baking-pans","9":"first","10":"instock","11":"shipping-taxable","12":"product-type-simple"},"acf":[],"_links":{"self":[{"href":"https:\/\/jinhuaceramic.com\/fr\/wp-json\/wp\/v2\/product\/3348","targetHints":{"allow":["GET"]}}],"collection":[{"href":"https:\/\/jinhuaceramic.com\/fr\/wp-json\/wp\/v2\/product"}],"about":[{"href":"https:\/\/jinhuaceramic.com\/fr\/wp-json\/wp\/v2\/types\/product"}],"replies":[{"embeddable":true,"href":"https:\/\/jinhuaceramic.com\/fr\/wp-json\/wp\/v2\/comments?post=3348"}],"version-history":[{"count":0,"href":"https:\/\/jinhuaceramic.com\/fr\/wp-json\/wp\/v2\/product\/3348\/revisions"}],"wp:featuredmedia":[{"embeddable":true,"href":"https:\/\/jinhuaceramic.com\/fr\/wp-json\/wp\/v2\/media\/3354"}],"wp:attachment":[{"href":"https:\/\/jinhuaceramic.com\/fr\/wp-json\/wp\/v2\/media?parent=3348"}],"wp:term":[{"taxonomy":"product_brand","embeddable":true,"href":"https:\/\/jinhuaceramic.com\/fr\/wp-json\/wp\/v2\/product_brand?post=3348"},{"taxonomy":"product_cat","embeddable":true,"href":"https:\/\/jinhuaceramic.com\/fr\/wp-json\/wp\/v2\/product_cat?post=3348"},{"taxonomy":"product_tag","embeddable":true,"href":"https:\/\/jinhuaceramic.com\/fr\/wp-json\/wp\/v2\/product_tag?post=3348"}],"curies":[{"name":"wp","href":"https:\/\/api.w.org\/{rel}","templated":true}]}}