{"id":3357,"date":"2024-04-10T09:47:59","date_gmt":"2024-04-10T09:47:59","guid":{"rendered":"https:\/\/jinhuaceramic.com\/?post_type=product&#038;p=3357"},"modified":"2025-04-19T09:26:32","modified_gmt":"2025-04-19T09:26:32","slug":"wholesale-ceramic-diner-set","status":"publish","type":"product","link":"https:\/\/jinhuaceramic.com\/fr\/product\/wholesale-ceramic-diner-set\/","title":{"rendered":"Set de table en c\u00e9ramique personnalis\u00e9, bols en forme de coeur Wholesale"},"content":{"rendered":"<div class=\"wp-block-columns is-layout-flex wp-container-core-columns-is-layout-9d6595d7 wp-block-columns-is-layout-flex\">\n<div class=\"wp-block-column is-layout-flow wp-block-column-is-layout-flow\" style=\"flex-basis:50%\">\n<h3 class=\"wp-block-heading\">Caract\u00e9ristiques du service de table en c\u00e9ramique haut de gamme :<\/h3>\n\n\n\n<ul class=\"wp-block-list\">\n<li><strong>Design romantique : <\/strong>Cet ensemble de vaisselle en c\u00e9ramique en forme de c\u0153ur ajoute une touche romantique \u00e0 la table, attire l'attention des clients et apporte une note \u00e9motionnelle \u00e0 l'exp\u00e9rience culinaire.<\/li>\n\n\n\n<li><strong>Mat\u00e9riaux de haute qualit\u00e9 : <\/strong>Fabriqu\u00e9s \u00e0 partir de mat\u00e9riaux c\u00e9ramiques de haute qualit\u00e9, ces bols en forme de c\u0153ur vendus en gros sont s\u00fbrs, non toxiques et durables, garantissant ainsi la qualit\u00e9 et la dur\u00e9e de vie de ces bols.<\/li>\n\n\n\n<li><strong>Utilisation multifonctionnelle :<\/strong> En plus d'\u00eatre utilis\u00e9s comme vaisselle, ces bols en c\u00e9ramique vendus en gros peuvent \u00e9galement \u00eatre utilis\u00e9s pour des occasions ou des \u00e9v\u00e9nements sp\u00e9ciaux, tels que des d\u00eeners en couple, des d\u00eeners de f\u00eate, etc., afin d'ajouter une touche originale \u00e0 la sc\u00e8ne.<\/li>\n\n\n\n<li><strong>Avantages de la vente en gros : <\/strong>En tant que produit vendu en gros, ces bols en forme de c\u0153ur b\u00e9n\u00e9ficient d'avantages tarifaires. Cet ensemble de vaisselle en c\u00e9ramique vendu en gros offre aux restaurants ou aux commer\u00e7ants des options d'achat \u00e9conomiques, contribuant ainsi \u00e0 r\u00e9duire les co\u00fbts et \u00e0 augmenter les b\u00e9n\u00e9fices.<\/li>\n<\/ul>\n<\/div>\n\n\n\n<div class=\"wp-block-column is-layout-flow wp-block-column-is-layout-flow\" style=\"flex-basis:50%\">\n<figure class=\"wp-block-image size-full\"><img fetchpriority=\"high\" decoding=\"async\" width=\"1212\" height=\"1214\" src=\"https:\/\/jinhuaceramic.com\/wp-content\/uploads\/2024\/04\/heart-shaped-plate-ceramic-tableware-wholesale-diner-set-6.webp\" alt=\"Set de table en c\u00e9ramique personnalis\u00e9, bols en forme de coeur Wholesale\" class=\"wp-image-3363\" srcset=\"https:\/\/jinhuaceramic.com\/wp-content\/uploads\/2024\/04\/heart-shaped-plate-ceramic-tableware-wholesale-diner-set-6.webp 1212w, https:\/\/jinhuaceramic.com\/wp-content\/uploads\/2024\/04\/heart-shaped-plate-ceramic-tableware-wholesale-diner-set-6-300x300.webp 300w, https:\/\/jinhuaceramic.com\/wp-content\/uploads\/2024\/04\/heart-shaped-plate-ceramic-tableware-wholesale-diner-set-6-150x150.webp 150w, https:\/\/jinhuaceramic.com\/wp-content\/uploads\/2024\/04\/heart-shaped-plate-ceramic-tableware-wholesale-diner-set-6-768x769.webp 768w, https:\/\/jinhuaceramic.com\/wp-content\/uploads\/2024\/04\/heart-shaped-plate-ceramic-tableware-wholesale-diner-set-6-285x285.webp 285w, https:\/\/jinhuaceramic.com\/wp-content\/uploads\/2024\/04\/heart-shaped-plate-ceramic-tableware-wholesale-diner-set-6-270x270.webp 270w, https:\/\/jinhuaceramic.com\/wp-content\/uploads\/2024\/04\/heart-shaped-plate-ceramic-tableware-wholesale-diner-set-6-540x540.webp 540w, https:\/\/jinhuaceramic.com\/wp-content\/uploads\/2024\/04\/heart-shaped-plate-ceramic-tableware-wholesale-diner-set-6-660x660.webp 660w\" sizes=\"(max-width: 1212px) 100vw, 1212px\" \/><\/figure>\n<\/div>\n<\/div>","protected":false},"excerpt":{"rendered":"<p>Bienvenue dans notre boutique en gros proposant diff\u00e9rents styles de bols en c\u00e9ramique. Cet ensemble de vaisselle en c\u00e9ramique personnalis\u00e9 offre un choix unique pour les restaurants ou les commer\u00e7ants gr\u00e2ce \u00e0 son design romantique, ses mat\u00e9riaux de haute qualit\u00e9, ses utilisations multifonctionnelles et ses avantages en gros, apportant une exp\u00e9rience culinaire unique aux clients et davantage d'avantages aux commer\u00e7ants. De nombreuses opportunit\u00e9s de vente.<\/p>","protected":false},"featured_media":3360,"comment_status":"closed","ping_status":"closed","template":"","meta":{"_acf_changed":false},"product_brand":[],"product_cat":[54,85],"product_tag":[78],"class_list":{"0":"post-3357","1":"product","2":"type-product","3":"status-publish","4":"has-post-thumbnail","6":"product_cat-tableware-wholesale","7":"product_cat-wholesale-ceramic-bowls","8":"product_tag-bulk-ceramic-bowls","10":"first","11":"instock","12":"shipping-taxable","13":"product-type-simple"},"acf":[],"_links":{"self":[{"href":"https:\/\/jinhuaceramic.com\/fr\/wp-json\/wp\/v2\/product\/3357","targetHints":{"allow":["GET"]}}],"collection":[{"href":"https:\/\/jinhuaceramic.com\/fr\/wp-json\/wp\/v2\/product"}],"about":[{"href":"https:\/\/jinhuaceramic.com\/fr\/wp-json\/wp\/v2\/types\/product"}],"replies":[{"embeddable":true,"href":"https:\/\/jinhuaceramic.com\/fr\/wp-json\/wp\/v2\/comments?post=3357"}],"version-history":[{"count":0,"href":"https:\/\/jinhuaceramic.com\/fr\/wp-json\/wp\/v2\/product\/3357\/revisions"}],"wp:featuredmedia":[{"embeddable":true,"href":"https:\/\/jinhuaceramic.com\/fr\/wp-json\/wp\/v2\/media\/3360"}],"wp:attachment":[{"href":"https:\/\/jinhuaceramic.com\/fr\/wp-json\/wp\/v2\/media?parent=3357"}],"wp:term":[{"taxonomy":"product_brand","embeddable":true,"href":"https:\/\/jinhuaceramic.com\/fr\/wp-json\/wp\/v2\/product_brand?post=3357"},{"taxonomy":"product_cat","embeddable":true,"href":"https:\/\/jinhuaceramic.com\/fr\/wp-json\/wp\/v2\/product_cat?post=3357"},{"taxonomy":"product_tag","embeddable":true,"href":"https:\/\/jinhuaceramic.com\/fr\/wp-json\/wp\/v2\/product_tag?post=3357"}],"curies":[{"name":"wp","href":"https:\/\/api.w.org\/{rel}","templated":true}]}}