{"id":3368,"date":"2024-04-10T10:07:00","date_gmt":"2024-04-10T10:07:00","guid":{"rendered":"https:\/\/jinhuaceramic.com\/?post_type=product&#038;p=3368"},"modified":"2025-04-19T09:27:23","modified_gmt":"2025-04-19T09:27:23","slug":"wholesale-ceramic-tableware","status":"publish","type":"product","link":"https:\/\/jinhuaceramic.com\/fr\/product\/wholesale-ceramic-tableware\/","title":{"rendered":"Wholesale Ceramic Tableware Pentagon Shape Plate With Handle (Assiette en forme de pentagone avec poign\u00e9e)"},"content":{"rendered":"<div class=\"wp-block-columns is-layout-flex wp-container-core-columns-is-layout-9d6595d7 wp-block-columns-is-layout-flex\">\n<div class=\"wp-block-column is-layout-flow wp-block-column-is-layout-flow\" style=\"flex-basis:50%\">\n<h3 class=\"wp-block-heading\">Vaisselle en c\u00e9ramique de premi\u00e8re qualit\u00e9 en gros Caract\u00e9ristiques :<\/h3>\n\n\n\n<ul class=\"wp-block-list\">\n<li><strong>Conception innovante en forme d'\u00e9toile : <\/strong>Le fabricant de vaisselle en c\u00e9ramique de Jinhua vous propose des bols en c\u00e9ramique en vrac avec une forme d'\u00e9toile unique, qui est \u00e0 la fois \u00e0 la mode et cr\u00e9ative, adapt\u00e9e \u00e0 l'exp\u00e9rience des repas dans diverses occasions.<\/li>\n\n\n\n<li><strong>Grande capacit\u00e9 et praticit\u00e9 : <\/strong>Ces bols \u00e0 soupe avec poign\u00e9es ont une capacit\u00e9 suffisante, adapt\u00e9e \u00e0 une vari\u00e9t\u00e9 d'aliments tels que soupes, salades, rago\u00fbts, etc., pour r\u00e9pondre aux besoins des r\u00e9unions de famille ou des services de restauration, et sont id\u00e9aux pour un usage quotidien.<\/li>\n\n\n\n<li><strong>Poign\u00e9e pratique : <\/strong>Chaque bol en c\u00e9ramique en vrac est \u00e9quip\u00e9 d'une poign\u00e9e pratique, qui permet de prendre et de verser les aliments, qu'il s'agisse de soupe chaude ou de plats froids, il est plus confortable et plus s\u00fbr \u00e0 utiliser, et notre vaisselle en c\u00e9ramique en gros peut am\u00e9liorer l'exp\u00e9rience de la restauration pour les restaurants.<\/li>\n\n\n\n<li><strong>\u00c9l\u00e9gante gla\u00e7ure blanche : <\/strong>L'\u00e9l\u00e9gant gla\u00e7age blanc rend ces bols \u00e0 soupe avec poign\u00e9es en vrac non seulement faciles \u00e0 nettoyer, mais aussi parfaits pour tout type de table. Son aspect classique peut s'adapter \u00e0 diff\u00e9rents styles de restaurants ou d'environnements domestiques, am\u00e9liorant ainsi l'atmosph\u00e8re g\u00e9n\u00e9rale de la salle \u00e0 manger.<\/li>\n<\/ul>\n<\/div>\n\n\n\n<div class=\"wp-block-column is-layout-flow wp-block-column-is-layout-flow\" style=\"flex-basis:50%\">\n<figure class=\"wp-block-image size-full\"><img fetchpriority=\"high\" decoding=\"async\" width=\"1202\" height=\"1206\" src=\"https:\/\/jinhuaceramic.com\/wp-content\/uploads\/2024\/04\/pentagon-shape-plate-ceramic-tableware-wholesale-dinnerware-7.webp\" alt=\"Wholesale Ceramic Tableware, Soup Bowls With Handles Bulk-1 (articles de table en c\u00e9ramique, bols \u00e0 soupe avec poign\u00e9es)\" class=\"wp-image-3374\" srcset=\"https:\/\/jinhuaceramic.com\/wp-content\/uploads\/2024\/04\/pentagon-shape-plate-ceramic-tableware-wholesale-dinnerware-7.webp 1202w, https:\/\/jinhuaceramic.com\/wp-content\/uploads\/2024\/04\/pentagon-shape-plate-ceramic-tableware-wholesale-dinnerware-7-300x300.webp 300w, https:\/\/jinhuaceramic.com\/wp-content\/uploads\/2024\/04\/pentagon-shape-plate-ceramic-tableware-wholesale-dinnerware-7-150x150.webp 150w, https:\/\/jinhuaceramic.com\/wp-content\/uploads\/2024\/04\/pentagon-shape-plate-ceramic-tableware-wholesale-dinnerware-7-768x771.webp 768w, https:\/\/jinhuaceramic.com\/wp-content\/uploads\/2024\/04\/pentagon-shape-plate-ceramic-tableware-wholesale-dinnerware-7-285x286.webp 285w, https:\/\/jinhuaceramic.com\/wp-content\/uploads\/2024\/04\/pentagon-shape-plate-ceramic-tableware-wholesale-dinnerware-7-270x270.webp 270w, https:\/\/jinhuaceramic.com\/wp-content\/uploads\/2024\/04\/pentagon-shape-plate-ceramic-tableware-wholesale-dinnerware-7-658x660.webp 658w\" sizes=\"(max-width: 1202px) 100vw, 1202px\" \/><\/figure>\n<\/div>\n<\/div>","protected":false},"excerpt":{"rendered":"<p>Bienvenue sur le site d'achat en gros de vaisselle en c\u00e9ramique. Nos bols \u00e0 soupe avec poign\u00e9es en vrac combinent un design innovant en forme d'\u00e9toile et une grande capacit\u00e9, convenant aux soupes et aux salades. Les poign\u00e9es pratiques rendent l'utilisation confortable, tandis que l'\u00e9l\u00e9gante gla\u00e7ure blanche s'adapte facilement \u00e0 tous les styles de table.<\/p>","protected":false},"featured_media":3370,"comment_status":"closed","ping_status":"closed","template":"","meta":{"_acf_changed":false},"product_brand":[],"product_cat":[54,85],"product_tag":[78,77],"class_list":{"0":"post-3368","1":"product","2":"type-product","3":"status-publish","4":"has-post-thumbnail","6":"product_cat-tableware-wholesale","7":"product_cat-wholesale-ceramic-bowls","8":"product_tag-bulk-ceramic-bowls","9":"product_tag-bulk-serving-platters","11":"first","12":"instock","13":"shipping-taxable","14":"product-type-simple"},"acf":[],"_links":{"self":[{"href":"https:\/\/jinhuaceramic.com\/fr\/wp-json\/wp\/v2\/product\/3368","targetHints":{"allow":["GET"]}}],"collection":[{"href":"https:\/\/jinhuaceramic.com\/fr\/wp-json\/wp\/v2\/product"}],"about":[{"href":"https:\/\/jinhuaceramic.com\/fr\/wp-json\/wp\/v2\/types\/product"}],"replies":[{"embeddable":true,"href":"https:\/\/jinhuaceramic.com\/fr\/wp-json\/wp\/v2\/comments?post=3368"}],"version-history":[{"count":0,"href":"https:\/\/jinhuaceramic.com\/fr\/wp-json\/wp\/v2\/product\/3368\/revisions"}],"wp:featuredmedia":[{"embeddable":true,"href":"https:\/\/jinhuaceramic.com\/fr\/wp-json\/wp\/v2\/media\/3370"}],"wp:attachment":[{"href":"https:\/\/jinhuaceramic.com\/fr\/wp-json\/wp\/v2\/media?parent=3368"}],"wp:term":[{"taxonomy":"product_brand","embeddable":true,"href":"https:\/\/jinhuaceramic.com\/fr\/wp-json\/wp\/v2\/product_brand?post=3368"},{"taxonomy":"product_cat","embeddable":true,"href":"https:\/\/jinhuaceramic.com\/fr\/wp-json\/wp\/v2\/product_cat?post=3368"},{"taxonomy":"product_tag","embeddable":true,"href":"https:\/\/jinhuaceramic.com\/fr\/wp-json\/wp\/v2\/product_tag?post=3368"}],"curies":[{"name":"wp","href":"https:\/\/api.w.org\/{rel}","templated":true}]}}