{"id":3391,"date":"2024-04-11T00:46:51","date_gmt":"2024-04-11T00:46:51","guid":{"rendered":"https:\/\/jinhuaceramic.com\/?post_type=product&#038;p=3391"},"modified":"2025-04-19T09:29:08","modified_gmt":"2025-04-19T09:29:08","slug":"ceramic-dishes-wholesale","status":"publish","type":"product","link":"https:\/\/jinhuaceramic.com\/fr\/product\/ceramic-dishes-wholesale\/","title":{"rendered":"Bols en forme de lotus personnalis\u00e9s Plats en c\u00e9ramique Wholesale"},"content":{"rendered":"<div class=\"wp-block-columns is-layout-flex wp-container-core-columns-is-layout-9d6595d7 wp-block-columns-is-layout-flex\">\n<div class=\"wp-block-column is-layout-flow wp-block-column-is-layout-flow\" style=\"flex-basis:50%\">\n<h3 class=\"wp-block-heading\">Caract\u00e9ristiques des plats en c\u00e9ramique haut de gamme vendus en gros :<\/h3>\n\n\n\n<ul class=\"wp-block-list\">\n<li><strong>Conception unique en forme de lotus : <\/strong>Ces plats en c\u00e9ramique vendus en gros sont con\u00e7us dans une belle forme de lotus, alliant \u00e9l\u00e9gance et art. Que ce soit pour les repas quotidiens ou les occasions sp\u00e9ciales, ils peuvent ajouter une touche unique \u00e0 votre table et am\u00e9liorer l'exp\u00e9rience culinaire globale.<\/li>\n\n\n\n<li><strong>Plusieurs tailles disponibles : <\/strong>Nous proposons des bols en c\u00e9ramique personnalis\u00e9s dans diff\u00e9rentes tailles afin de r\u00e9pondre \u00e0 divers besoins en mati\u00e8re de restauration. Qu'il s'agisse d'un petit accompagnement, d'un plat principal copieux ou d'un dessert, ces assiettes et bols vendus en gros peuvent s'adapter de mani\u00e8re flexible aux besoins de service de diff\u00e9rents plats.<\/li>\n\n\n\n<li><strong>Service de vaisselle personnalis\u00e9 : <\/strong>Nous proposons des services de personnalisation pour la vente en gros de vaisselle en c\u00e9ramique. Vous pouvez choisir la couleur, le motif et la taille en fonction du style de votre marque ou du th\u00e8me de votre restaurant. Nos assiettes et bols vendus en gros sont uniques et r\u00e9pondent \u00e0 vos besoins.<\/li>\n\n\n\n<li><strong>Mat\u00e9riau c\u00e9ramique de haute qualit\u00e9 : <\/strong>Ces bols en c\u00e9ramique personnalis\u00e9s sont fabriqu\u00e9s \u00e0 partir de mat\u00e9riaux c\u00e9ramiques de haute qualit\u00e9, durables et faciles \u00e0 nettoyer. Qu'il s'agisse de plats chauds ou froids, ils peuvent \u00eatre parfaitement servis pour garantir qu'ils restent en bon \u00e9tat lors d'une utilisation quotidienne.<\/li>\n<\/ul>\n<\/div>\n\n\n\n<div class=\"wp-block-column is-layout-flow wp-block-column-is-layout-flow\" style=\"flex-basis:50%\">\n<figure class=\"wp-block-image size-full\"><img fetchpriority=\"high\" decoding=\"async\" width=\"1500\" height=\"1500\" src=\"https:\/\/jinhuaceramic.com\/wp-content\/uploads\/2024\/04\/curved-arc-shaped-bowls-ceramic-tableware-wholesale-lotus-shaped-bowl-10.webp\" alt=\"Plats en c\u00e9ramique en forme de lotus Wholesale, Custom Ceramic Bowls-1\" class=\"wp-image-3396\" srcset=\"https:\/\/jinhuaceramic.com\/wp-content\/uploads\/2024\/04\/curved-arc-shaped-bowls-ceramic-tableware-wholesale-lotus-shaped-bowl-10.webp 1500w, https:\/\/jinhuaceramic.com\/wp-content\/uploads\/2024\/04\/curved-arc-shaped-bowls-ceramic-tableware-wholesale-lotus-shaped-bowl-10-300x300.webp 300w, https:\/\/jinhuaceramic.com\/wp-content\/uploads\/2024\/04\/curved-arc-shaped-bowls-ceramic-tableware-wholesale-lotus-shaped-bowl-10-150x150.webp 150w, https:\/\/jinhuaceramic.com\/wp-content\/uploads\/2024\/04\/curved-arc-shaped-bowls-ceramic-tableware-wholesale-lotus-shaped-bowl-10-768x768.webp 768w, https:\/\/jinhuaceramic.com\/wp-content\/uploads\/2024\/04\/curved-arc-shaped-bowls-ceramic-tableware-wholesale-lotus-shaped-bowl-10-285x285.webp 285w, https:\/\/jinhuaceramic.com\/wp-content\/uploads\/2024\/04\/curved-arc-shaped-bowls-ceramic-tableware-wholesale-lotus-shaped-bowl-10-270x270.webp 270w, https:\/\/jinhuaceramic.com\/wp-content\/uploads\/2024\/04\/curved-arc-shaped-bowls-ceramic-tableware-wholesale-lotus-shaped-bowl-10-540x540.webp 540w, https:\/\/jinhuaceramic.com\/wp-content\/uploads\/2024\/04\/curved-arc-shaped-bowls-ceramic-tableware-wholesale-lotus-shaped-bowl-10-660x660.webp 660w\" sizes=\"(max-width: 1500px) 100vw, 1500px\" \/><\/figure>\n<\/div>\n<\/div>","protected":false},"excerpt":{"rendered":"<p>Bienvenue pour acheter des assiettes et des bols en gros. Ces plats en c\u00e9ramique en forme de lotus vendus en gros combinent parfaitement un design unique avec une vari\u00e9t\u00e9 d'options de taille, adapt\u00e9s \u00e0 diverses occasions de restauration. Les mat\u00e9riaux c\u00e9ramiques de haute qualit\u00e9 garantissent leur durabilit\u00e9, et les services de vaisselle personnalis\u00e9s r\u00e9pondent \u00e0 vos besoins individuels.<\/p>","protected":false},"featured_media":3396,"comment_status":"closed","ping_status":"closed","template":"","meta":{"_acf_changed":false},"product_brand":[],"product_cat":[54,85],"product_tag":[78,77],"class_list":{"0":"post-3391","1":"product","2":"type-product","3":"status-publish","4":"has-post-thumbnail","6":"product_cat-tableware-wholesale","7":"product_cat-wholesale-ceramic-bowls","8":"product_tag-bulk-ceramic-bowls","9":"product_tag-bulk-serving-platters","11":"first","12":"instock","13":"shipping-taxable","14":"product-type-simple"},"acf":[],"_links":{"self":[{"href":"https:\/\/jinhuaceramic.com\/fr\/wp-json\/wp\/v2\/product\/3391","targetHints":{"allow":["GET"]}}],"collection":[{"href":"https:\/\/jinhuaceramic.com\/fr\/wp-json\/wp\/v2\/product"}],"about":[{"href":"https:\/\/jinhuaceramic.com\/fr\/wp-json\/wp\/v2\/types\/product"}],"replies":[{"embeddable":true,"href":"https:\/\/jinhuaceramic.com\/fr\/wp-json\/wp\/v2\/comments?post=3391"}],"version-history":[{"count":0,"href":"https:\/\/jinhuaceramic.com\/fr\/wp-json\/wp\/v2\/product\/3391\/revisions"}],"wp:featuredmedia":[{"embeddable":true,"href":"https:\/\/jinhuaceramic.com\/fr\/wp-json\/wp\/v2\/media\/3396"}],"wp:attachment":[{"href":"https:\/\/jinhuaceramic.com\/fr\/wp-json\/wp\/v2\/media?parent=3391"}],"wp:term":[{"taxonomy":"product_brand","embeddable":true,"href":"https:\/\/jinhuaceramic.com\/fr\/wp-json\/wp\/v2\/product_brand?post=3391"},{"taxonomy":"product_cat","embeddable":true,"href":"https:\/\/jinhuaceramic.com\/fr\/wp-json\/wp\/v2\/product_cat?post=3391"},{"taxonomy":"product_tag","embeddable":true,"href":"https:\/\/jinhuaceramic.com\/fr\/wp-json\/wp\/v2\/product_tag?post=3391"}],"curies":[{"name":"wp","href":"https:\/\/api.w.org\/{rel}","templated":true}]}}