{"id":3401,"date":"2024-04-11T01:10:56","date_gmt":"2024-04-11T01:10:56","guid":{"rendered":"https:\/\/jinhuaceramic.com\/?post_type=product&#038;p=3401"},"modified":"2025-04-21T02:14:49","modified_gmt":"2025-04-21T02:14:49","slug":"ceramic-tableware-wholesale","status":"publish","type":"product","link":"https:\/\/jinhuaceramic.com\/fr\/product\/ceramic-tableware-wholesale\/","title":{"rendered":"Factory Direct Ceramic Tableware Wholesale, Simple Designs Large Bowls Bulk (articles de table en c\u00e9ramique en gros)"},"content":{"rendered":"<div class=\"wp-block-columns is-layout-flex wp-container-core-columns-is-layout-9d6595d7 wp-block-columns-is-layout-flex\">\n<div class=\"wp-block-column is-layout-flow wp-block-column-is-layout-flow\" style=\"flex-basis:50%\">\n<h3 class=\"wp-block-heading\">Vaisselle en c\u00e9ramique de qualit\u00e9 sup\u00e9rieure Caract\u00e9ristiques :<\/h3>\n\n\n\n<ul class=\"wp-block-list\">\n<li><strong>Vente directe \u00e0 l'usine : <\/strong>Notre vente en gros de vaisselle en c\u00e9ramique provient directement de l'usine de vaisselle, \u00e9liminant ainsi les interm\u00e9diaires pour garantir des produits de haute qualit\u00e9 au prix le plus comp\u00e9titif, offrant aux clients des options d'achat flexibles.<\/li>\n\n\n\n<li><strong>Conception simple :<\/strong> Ces grands bols en vrac adoptent un design simple et \u00e9l\u00e9gant, adapt\u00e9 \u00e0 diverses occasions de repas. Qu'il s'agisse d'une r\u00e9union de famille, d'un repas quotidien ou d'activit\u00e9s professionnelles, ce style simple s'int\u00e8gre facilement \u00e0 diff\u00e9rents agencements de table.<\/li>\n\n\n\n<li><strong>Plusieurs options de couleurs : <\/strong>Afin de r\u00e9pondre aux besoins personnalis\u00e9s des diff\u00e9rents clients, nous proposons une vari\u00e9t\u00e9 d'options de couleurs pour la vaisselle en c\u00e9ramique en gros, y compris le blanc classique, le beige chaud et les tons fonc\u00e9s vifs. Ces bols en c\u00e9ramique en gros peuvent parfaitement s'harmoniser avec le ton g\u00e9n\u00e9ral de votre restaurant ou de votre maison.<\/li>\n\n\n\n<li><strong>Grande capacit\u00e9 et praticit\u00e9 : <\/strong>Ces grands bols en vrac ont une capacit\u00e9 suffisante, qui convient parfaitement aux soupes, rago\u00fbts, salades et autres mets d\u00e9licats, et peuvent r\u00e9pondre de mani\u00e8re flexible \u00e0 divers besoins en mati\u00e8re de restauration. Qu'il s'agisse d'un d\u00eener familial copieux ou d'un service de restauration, ces grands bols peuvent r\u00e9pondre \u00e0 vos attentes.<\/li>\n<\/ul>\n<\/div>\n\n\n\n<div class=\"wp-block-column is-layout-flow wp-block-column-is-layout-flow\" style=\"flex-basis:50%\">\n<figure class=\"wp-block-image size-full\"><img fetchpriority=\"high\" decoding=\"async\" width=\"1500\" height=\"1050\" src=\"https:\/\/jinhuaceramic.com\/wp-content\/uploads\/2024\/04\/simple-plate-designs-wholesale-tableware-1.webp\" alt=\"Factory Direct Ceramic Tableware Wholesale, Simple Designs Large Bowls Bulk-1 (Vaisselle en c\u00e9ramique en gros)\" class=\"wp-image-3402\" srcset=\"https:\/\/jinhuaceramic.com\/wp-content\/uploads\/2024\/04\/simple-plate-designs-wholesale-tableware-1.webp 1500w, https:\/\/jinhuaceramic.com\/wp-content\/uploads\/2024\/04\/simple-plate-designs-wholesale-tableware-1-300x210.webp 300w, https:\/\/jinhuaceramic.com\/wp-content\/uploads\/2024\/04\/simple-plate-designs-wholesale-tableware-1-768x538.webp 768w, https:\/\/jinhuaceramic.com\/wp-content\/uploads\/2024\/04\/simple-plate-designs-wholesale-tableware-1-285x200.webp 285w, https:\/\/jinhuaceramic.com\/wp-content\/uploads\/2024\/04\/simple-plate-designs-wholesale-tableware-1-660x462.webp 660w, https:\/\/jinhuaceramic.com\/wp-content\/uploads\/2024\/04\/simple-plate-designs-wholesale-tableware-1-150x105.webp 150w\" sizes=\"(max-width: 1500px) 100vw, 1500px\" \/><\/figure>\n<\/div>\n<\/div>","protected":false},"excerpt":{"rendered":"<p>Bienvenue \u00e0 l'achat de grands bols en vrac. Cette vaisselle en c\u00e9ramique d'usine en gros propose de grands bols au design simple, \u00e0 la fois pratique et beau. Une vari\u00e9t\u00e9 de couleurs permet de les adapter \u00e0 diverses occasions de repas. Les mat\u00e9riaux de haute qualit\u00e9 et la conception \u00e0 grande capacit\u00e9 fournissent aux clients des solutions de repas flexibles. C'est un choix id\u00e9al pour rehausser le charme de la table \u00e0 manger.<\/p>","protected":false},"featured_media":3406,"comment_status":"closed","ping_status":"closed","template":"","meta":{"_acf_changed":false},"product_brand":[],"product_cat":[54,85],"product_tag":[78],"class_list":{"0":"post-3401","1":"product","2":"type-product","3":"status-publish","4":"has-post-thumbnail","6":"product_cat-tableware-wholesale","7":"product_cat-wholesale-ceramic-bowls","8":"product_tag-bulk-ceramic-bowls","10":"first","11":"instock","12":"shipping-taxable","13":"product-type-simple"},"acf":[],"_links":{"self":[{"href":"https:\/\/jinhuaceramic.com\/fr\/wp-json\/wp\/v2\/product\/3401","targetHints":{"allow":["GET"]}}],"collection":[{"href":"https:\/\/jinhuaceramic.com\/fr\/wp-json\/wp\/v2\/product"}],"about":[{"href":"https:\/\/jinhuaceramic.com\/fr\/wp-json\/wp\/v2\/types\/product"}],"replies":[{"embeddable":true,"href":"https:\/\/jinhuaceramic.com\/fr\/wp-json\/wp\/v2\/comments?post=3401"}],"version-history":[{"count":0,"href":"https:\/\/jinhuaceramic.com\/fr\/wp-json\/wp\/v2\/product\/3401\/revisions"}],"wp:featuredmedia":[{"embeddable":true,"href":"https:\/\/jinhuaceramic.com\/fr\/wp-json\/wp\/v2\/media\/3406"}],"wp:attachment":[{"href":"https:\/\/jinhuaceramic.com\/fr\/wp-json\/wp\/v2\/media?parent=3401"}],"wp:term":[{"taxonomy":"product_brand","embeddable":true,"href":"https:\/\/jinhuaceramic.com\/fr\/wp-json\/wp\/v2\/product_brand?post=3401"},{"taxonomy":"product_cat","embeddable":true,"href":"https:\/\/jinhuaceramic.com\/fr\/wp-json\/wp\/v2\/product_cat?post=3401"},{"taxonomy":"product_tag","embeddable":true,"href":"https:\/\/jinhuaceramic.com\/fr\/wp-json\/wp\/v2\/product_tag?post=3401"}],"curies":[{"name":"wp","href":"https:\/\/api.w.org\/{rel}","templated":true}]}}