{"id":3412,"date":"2024-04-11T01:24:53","date_gmt":"2024-04-11T01:24:53","guid":{"rendered":"https:\/\/jinhuaceramic.com\/?post_type=product&#038;p=3412"},"modified":"2025-04-21T02:17:57","modified_gmt":"2025-04-21T02:17:57","slug":"white-ceramic-bowls-bulk","status":"publish","type":"product","link":"https:\/\/jinhuaceramic.com\/fr\/product\/white-ceramic-bowls-bulk\/","title":{"rendered":"Stylish White Ceramic Bowls Bulk, Restaurant Soup Bowls Wholesale"},"content":{"rendered":"<div class=\"wp-block-columns is-layout-flex wp-container-core-columns-is-layout-9d6595d7 wp-block-columns-is-layout-flex\">\n<div class=\"wp-block-column is-layout-flow wp-block-column-is-layout-flow\" style=\"flex-basis:50%\">\n<h3 class=\"wp-block-heading\">Bols en c\u00e9ramique de premi\u00e8re qualit\u00e9 Caract\u00e9ristiques en vrac :<\/h3>\n\n\n\n<ul class=\"wp-block-list\">\n<li><strong>Design \u00e9l\u00e9gant et styl\u00e9 : <\/strong>Ces bols en c\u00e9ramique blanche en vrac pr\u00e9sentent un design simple et \u00e9l\u00e9gant qui convient \u00e0 tous les environnements de restauration. Son ton blanc classique fournit une toile de fond parfaite pour une vari\u00e9t\u00e9 de plats, ce qui peut am\u00e9liorer l'exp\u00e9rience globale de la salle \u00e0 manger et cr\u00e9er une atmosph\u00e8re \u00e9l\u00e9gante et haut de gamme.<\/li>\n\n\n\n<li><strong>Diff\u00e9rentes options de motifs gaufr\u00e9s : <\/strong>Nos bols \u00e0 soupe pour restaurant en gros offrent une vari\u00e9t\u00e9 d'options de motifs gaufr\u00e9s, des textures florales d\u00e9licates aux motifs g\u00e9om\u00e9triques modernes, et le style de design riche peut facilement s'int\u00e9grer \u00e0 la d\u00e9coration de n'importe quel restaurant.<\/li>\n\n\n\n<li><strong>Mat\u00e9riau c\u00e9ramique de haute qualit\u00e9 : <\/strong>Nos bols en c\u00e9ramique blanche en vrac sont fabriqu\u00e9s \u00e0 partir de mat\u00e9riaux c\u00e9ramiques de haute qualit\u00e9 afin de garantir une excellente durabilit\u00e9 et stabilit\u00e9. Ils peuvent r\u00e9sister aux exigences des repas quotidiens et ne se cassent pas facilement, ce qui leur assure une longue dur\u00e9e de vie.<\/li>\n\n\n\n<li><strong>Grande capacit\u00e9 et praticit\u00e9 : <\/strong>Ces bols \u00e0 soupe de restaurant en gros sont con\u00e7us avec une grande capacit\u00e9 pour une vari\u00e9t\u00e9 de soupes, de rago\u00fbts et d'autres d\u00e9lices, ce qui convient parfaitement aux besoins de grands volumes des restaurants. Qu'il s'agisse de servir des soupes copieuses ou des plats principaux \u00e9l\u00e9gants, ce bol \u00e0 soupe peut \u00eatre parfaitement pr\u00e9sent\u00e9 pour satisfaire le plaisir visuel et gustatif des clients.<\/li>\n<\/ul>\n<\/div>\n\n\n\n<div class=\"wp-block-column is-layout-flow wp-block-column-is-layout-flow\" style=\"flex-basis:50%\">\n<figure class=\"wp-block-image size-full\"><img fetchpriority=\"high\" decoding=\"async\" width=\"1395\" height=\"1500\" src=\"https:\/\/jinhuaceramic.com\/wp-content\/uploads\/2024\/04\/white-ceramic-bowl-wholesale-tableware-1.webp\" alt=\"Bols en c\u00e9ramique blanche en vrac, Bols \u00e0 soupe de restaurant en gros-1\" class=\"wp-image-3413\" srcset=\"https:\/\/jinhuaceramic.com\/wp-content\/uploads\/2024\/04\/white-ceramic-bowl-wholesale-tableware-1.webp 1395w, https:\/\/jinhuaceramic.com\/wp-content\/uploads\/2024\/04\/white-ceramic-bowl-wholesale-tableware-1-279x300.webp 279w, https:\/\/jinhuaceramic.com\/wp-content\/uploads\/2024\/04\/white-ceramic-bowl-wholesale-tableware-1-768x826.webp 768w, https:\/\/jinhuaceramic.com\/wp-content\/uploads\/2024\/04\/white-ceramic-bowl-wholesale-tableware-1-285x306.webp 285w, https:\/\/jinhuaceramic.com\/wp-content\/uploads\/2024\/04\/white-ceramic-bowl-wholesale-tableware-1-614x660.webp 614w, https:\/\/jinhuaceramic.com\/wp-content\/uploads\/2024\/04\/white-ceramic-bowl-wholesale-tableware-1-140x150.webp 140w\" sizes=\"(max-width: 1395px) 100vw, 1395px\" \/><\/figure>\n<\/div>\n<\/div>","protected":false},"excerpt":{"rendered":"<p>Nous vous invitons \u00e0 acheter des bols \u00e0 soupe de restaurant en gros. Ces \u00e9l\u00e9gants bols en c\u00e9ramique blanche en vrac offrent une vari\u00e9t\u00e9 d'options de motifs gaufr\u00e9s, qui sont \u00e0 la fois beaux et pratiques. Le mat\u00e9riau c\u00e9ramique de haute qualit\u00e9 garantit la durabilit\u00e9 et la facilit\u00e9 de nettoyage, et l'excellente capacit\u00e9 r\u00e9pond aux besoins d'une vari\u00e9t\u00e9 de plats, ce qui en fait un choix id\u00e9al pour les achats en gros.<\/p>","protected":false},"featured_media":3416,"comment_status":"closed","ping_status":"closed","template":"","meta":{"_acf_changed":false},"product_brand":[],"product_cat":[54,85],"product_tag":[78],"class_list":{"0":"post-3412","1":"product","2":"type-product","3":"status-publish","4":"has-post-thumbnail","6":"product_cat-tableware-wholesale","7":"product_cat-wholesale-ceramic-bowls","8":"product_tag-bulk-ceramic-bowls","10":"first","11":"instock","12":"shipping-taxable","13":"product-type-simple"},"acf":[],"_links":{"self":[{"href":"https:\/\/jinhuaceramic.com\/fr\/wp-json\/wp\/v2\/product\/3412","targetHints":{"allow":["GET"]}}],"collection":[{"href":"https:\/\/jinhuaceramic.com\/fr\/wp-json\/wp\/v2\/product"}],"about":[{"href":"https:\/\/jinhuaceramic.com\/fr\/wp-json\/wp\/v2\/types\/product"}],"replies":[{"embeddable":true,"href":"https:\/\/jinhuaceramic.com\/fr\/wp-json\/wp\/v2\/comments?post=3412"}],"version-history":[{"count":0,"href":"https:\/\/jinhuaceramic.com\/fr\/wp-json\/wp\/v2\/product\/3412\/revisions"}],"wp:featuredmedia":[{"embeddable":true,"href":"https:\/\/jinhuaceramic.com\/fr\/wp-json\/wp\/v2\/media\/3416"}],"wp:attachment":[{"href":"https:\/\/jinhuaceramic.com\/fr\/wp-json\/wp\/v2\/media?parent=3412"}],"wp:term":[{"taxonomy":"product_brand","embeddable":true,"href":"https:\/\/jinhuaceramic.com\/fr\/wp-json\/wp\/v2\/product_brand?post=3412"},{"taxonomy":"product_cat","embeddable":true,"href":"https:\/\/jinhuaceramic.com\/fr\/wp-json\/wp\/v2\/product_cat?post=3412"},{"taxonomy":"product_tag","embeddable":true,"href":"https:\/\/jinhuaceramic.com\/fr\/wp-json\/wp\/v2\/product_tag?post=3412"}],"curies":[{"name":"wp","href":"https:\/\/api.w.org\/{rel}","templated":true}]}}