{"id":3420,"date":"2024-04-11T01:34:39","date_gmt":"2024-04-11T01:34:39","guid":{"rendered":"https:\/\/jinhuaceramic.com\/?post_type=product&#038;p=3420"},"modified":"2025-04-21T02:32:17","modified_gmt":"2025-04-21T02:32:17","slug":"bulk-ceramic-bowls","status":"publish","type":"product","link":"https:\/\/jinhuaceramic.com\/fr\/product\/bulk-ceramic-bowls\/","title":{"rendered":"Bols en c\u00e9ramique en vrac, vaisselle de qualit\u00e9 sup\u00e9rieure, bols \u00e0 soupe en vrac"},"content":{"rendered":"<div class=\"wp-block-columns is-layout-flex wp-container-core-columns-is-layout-9d6595d7 wp-block-columns-is-layout-flex\">\n<div class=\"wp-block-column is-layout-flow wp-block-column-is-layout-flow\" style=\"flex-basis:50%\">\n<h3 class=\"wp-block-heading\">Bols en c\u00e9ramique en vrac de premi\u00e8re qualit\u00e9 Caract\u00e9ristiques :<\/h3>\n\n\n\n<ul class=\"wp-block-list\">\n<li><strong>Mat\u00e9riau c\u00e9ramique de haute qualit\u00e9 : <\/strong>Ces bols en c\u00e9ramique en vrac sont fabriqu\u00e9s en c\u00e9ramique de haute qualit\u00e9, ce qui leur conf\u00e8re une excellente durabilit\u00e9 et stabilit\u00e9. Gr\u00e2ce \u00e0 leur qualit\u00e9 de fabrication, ces bols ne se cassent pas facilement en cours d'utilisation et peuvent r\u00e9pondre aux besoins d'une utilisation quotidienne dans les restaurants et \u00e0 la maison.<\/li>\n\n\n\n<li><strong>Glace blanche facile \u00e0 nettoyer : <\/strong>La surface de nos bols \u00e0 soupe en vrac est con\u00e7ue avec un gla\u00e7age blanc lisse, qui offre d'excellentes performances de nettoyage. Qu'il s'agisse de soupe, de salade ou de plat principal, il suffit de l'essuyer ou de le rincer apr\u00e8s usage pour le remettre \u00e0 neuf, ce qui r\u00e9duit le temps et les efforts de nettoyage.<\/li>\n\n\n\n<li><strong>Plusieurs options de taille : <\/strong>Nous proposons des bols en c\u00e9ramique en vrac de diff\u00e9rentes tailles pour r\u00e9pondre \u00e0 diff\u00e9rents besoins de restauration. Qu'il s'agisse d'un bol \u00e0 petites portions ou d'un bol \u00e0 soupe de grande capacit\u00e9, ces bols peuvent r\u00e9pondre \u00e0 diverses occasions de repas et s'adapter avec souplesse \u00e0 diff\u00e9rents plats.<\/li>\n\n\n\n<li><strong>Style classique et simple : <\/strong>Le design blanc conf\u00e8re \u00e0 ces bols \u00e0 soupe en vrac un aspect classique et \u00e9l\u00e9gant qui convient \u00e0 toutes les tables. Qu'il s'agisse d'une r\u00e9union de famille, d'un repas quotidien ou d'un banquet haut de gamme, ces bols peuvent ajouter une touche de sophistication et de charme \u00e0 votre table.<\/li>\n<\/ul>\n<\/div>\n\n\n\n<div class=\"wp-block-column is-layout-flow wp-block-column-is-layout-flow\" style=\"flex-basis:50%\">\n<figure class=\"wp-block-image size-full\"><img fetchpriority=\"high\" decoding=\"async\" width=\"1500\" height=\"1500\" src=\"https:\/\/jinhuaceramic.com\/wp-content\/uploads\/2024\/04\/bulk-ceramic-bowls-tableware-wholesale-5.webp\" alt=\"Bols en c\u00e9ramique en vrac, vaisselle de qualit\u00e9 sup\u00e9rieure, bols \u00e0 soupe en vrac-1\" class=\"wp-image-3424\" srcset=\"https:\/\/jinhuaceramic.com\/wp-content\/uploads\/2024\/04\/bulk-ceramic-bowls-tableware-wholesale-5.webp 1500w, https:\/\/jinhuaceramic.com\/wp-content\/uploads\/2024\/04\/bulk-ceramic-bowls-tableware-wholesale-5-300x300.webp 300w, https:\/\/jinhuaceramic.com\/wp-content\/uploads\/2024\/04\/bulk-ceramic-bowls-tableware-wholesale-5-150x150.webp 150w, https:\/\/jinhuaceramic.com\/wp-content\/uploads\/2024\/04\/bulk-ceramic-bowls-tableware-wholesale-5-768x768.webp 768w, https:\/\/jinhuaceramic.com\/wp-content\/uploads\/2024\/04\/bulk-ceramic-bowls-tableware-wholesale-5-285x285.webp 285w, https:\/\/jinhuaceramic.com\/wp-content\/uploads\/2024\/04\/bulk-ceramic-bowls-tableware-wholesale-5-270x270.webp 270w, https:\/\/jinhuaceramic.com\/wp-content\/uploads\/2024\/04\/bulk-ceramic-bowls-tableware-wholesale-5-540x540.webp 540w, https:\/\/jinhuaceramic.com\/wp-content\/uploads\/2024\/04\/bulk-ceramic-bowls-tableware-wholesale-5-660x660.webp 660w\" sizes=\"(max-width: 1500px) 100vw, 1500px\" \/><\/figure>\n<\/div>\n<\/div>","protected":false},"excerpt":{"rendered":"<p>Bienvenue dans l'achat de bols \u00e0 soupe en vrac. Nos bols en c\u00e9ramique en vrac sont fabriqu\u00e9s \u00e0 partir de mat\u00e9riaux c\u00e9ramiques de haute qualit\u00e9, avec une gla\u00e7ure blanche facile \u00e0 nettoyer pour un entretien ais\u00e9. Ils sont disponibles dans une grande vari\u00e9t\u00e9 de tailles pour r\u00e9pondre aux diff\u00e9rents besoins des repas. Son design classique et simple lui permet de convenir \u00e0 diverses occasions et constitue une vaisselle haut de gamme id\u00e9ale.<\/p>","protected":false},"featured_media":3424,"comment_status":"closed","ping_status":"closed","template":"","meta":{"_acf_changed":false},"product_brand":[],"product_cat":[54,85],"product_tag":[78],"class_list":{"0":"post-3420","1":"product","2":"type-product","3":"status-publish","4":"has-post-thumbnail","6":"product_cat-tableware-wholesale","7":"product_cat-wholesale-ceramic-bowls","8":"product_tag-bulk-ceramic-bowls","10":"first","11":"instock","12":"shipping-taxable","13":"product-type-simple"},"acf":[],"_links":{"self":[{"href":"https:\/\/jinhuaceramic.com\/fr\/wp-json\/wp\/v2\/product\/3420","targetHints":{"allow":["GET"]}}],"collection":[{"href":"https:\/\/jinhuaceramic.com\/fr\/wp-json\/wp\/v2\/product"}],"about":[{"href":"https:\/\/jinhuaceramic.com\/fr\/wp-json\/wp\/v2\/types\/product"}],"replies":[{"embeddable":true,"href":"https:\/\/jinhuaceramic.com\/fr\/wp-json\/wp\/v2\/comments?post=3420"}],"version-history":[{"count":0,"href":"https:\/\/jinhuaceramic.com\/fr\/wp-json\/wp\/v2\/product\/3420\/revisions"}],"wp:featuredmedia":[{"embeddable":true,"href":"https:\/\/jinhuaceramic.com\/fr\/wp-json\/wp\/v2\/media\/3424"}],"wp:attachment":[{"href":"https:\/\/jinhuaceramic.com\/fr\/wp-json\/wp\/v2\/media?parent=3420"}],"wp:term":[{"taxonomy":"product_brand","embeddable":true,"href":"https:\/\/jinhuaceramic.com\/fr\/wp-json\/wp\/v2\/product_brand?post=3420"},{"taxonomy":"product_cat","embeddable":true,"href":"https:\/\/jinhuaceramic.com\/fr\/wp-json\/wp\/v2\/product_cat?post=3420"},{"taxonomy":"product_tag","embeddable":true,"href":"https:\/\/jinhuaceramic.com\/fr\/wp-json\/wp\/v2\/product_tag?post=3420"}],"curies":[{"name":"wp","href":"https:\/\/api.w.org\/{rel}","templated":true}]}}