{"id":3445,"date":"2024-04-11T07:05:38","date_gmt":"2024-04-11T07:05:38","guid":{"rendered":"https:\/\/jinhuaceramic.com\/?post_type=product&#038;p=3445"},"modified":"2026-02-05T01:59:59","modified_gmt":"2026-02-05T01:59:59","slug":"wholesale-ceramic-bath-accessories","status":"publish","type":"product","link":"https:\/\/jinhuaceramic.com\/fr\/product\/wholesale-ceramic-bath-accessories\/","title":{"rendered":"Wholesale Ceramic Bath Accessories, Hotel Bathroom Set Bulk"},"content":{"rendered":"<div class=\"wp-block-columns is-layout-flex wp-container-core-columns-is-layout-9d6595d7 wp-block-columns-is-layout-flex\">\n<div class=\"wp-block-column is-layout-flow wp-block-column-is-layout-flow\" style=\"flex-basis:50%\">\n<h3 class=\"wp-block-heading\">Accessoires de bain en c\u00e9ramique de premi\u00e8re qualit\u00e9 en gros Caract\u00e9ristiques :<\/h3>\n\n\n\n<ul class=\"wp-block-list\">\n<li><strong>Am\u00e9liorer la qualit\u00e9 de l'h\u00f4tel : <\/strong>Cet ensemble d'accessoires de bain en c\u00e9ramique a un design luxueux de haute qualit\u00e9, s'adaptant parfaitement au style de d\u00e9coration de la salle de bain de l'h\u00f4tel et am\u00e9liorant l'impression g\u00e9n\u00e9rale de qualit\u00e9 et de confort de l'espace.<\/li>\n\n\n\n<li><strong>Forte durabilit\u00e9 : <\/strong>L'ensemble de salle de bains en gros est de haute qualit\u00e9 en c\u00e9ramique, r\u00e9sistant aux fissures et aux temp\u00e9ratures \u00e9lev\u00e9es, d'une excellente durabilit\u00e9 et facile \u00e0 nettoyer, ce qui lui permet de rester en bon \u00e9tat pendant de longues p\u00e9riodes dans des environnements o\u00f9 sa fr\u00e9quence d'utilisation est \u00e9lev\u00e9e.<\/li>\n\n\n\n<li><strong>Ensemble complet d'accessoires : <\/strong>Nos accessoires de bain en gros en c\u00e9ramique, y compris les porte-savons, les distributeurs de savon, les gobelets pour bain de bouche et les gobelets pour brosse \u00e0 dents, etc., r\u00e9pondront parfaitement aux besoins d'utilisation quotidienne des chambres d'h\u00f4tel et faciliteront la gestion et l'entretien unifi\u00e9s.<\/li>\n\n\n\n<li><strong>Soutien \u00e0 l'approvisionnement en gros, services personnalis\u00e9s : <\/strong>Des solutions flexibles d'approvisionnement en gros et un service personnalis\u00e9 d'ensembles de salle de bains en gros comprenant la couleur, le motif, l'option de taille, etc. sont fournis pour r\u00e9pondre aux besoins personnalis\u00e9s des h\u00f4tels et des clients commerciaux.<\/li>\n<\/ul>\n<\/div>\n\n\n\n<div class=\"wp-block-column is-layout-flow wp-block-column-is-layout-flow\" style=\"flex-basis:50%\">\n<figure class=\"wp-block-image size-full\"><img fetchpriority=\"high\" decoding=\"async\" width=\"800\" height=\"800\" src=\"https:\/\/jinhuaceramic.com\/wp-content\/uploads\/2024\/04\/ceramic-manufacturer-wholesale-bathroom-accessories-set-hotal-bathroom-supplies-1-2.webp\" alt=\"Grossiste-Accessoires-de-bain-c\u00e9ramique-H\u00f4tel-Set-de-salle-de-bain-1\" class=\"wp-image-3446\" srcset=\"https:\/\/jinhuaceramic.com\/wp-content\/uploads\/2024\/04\/ceramic-manufacturer-wholesale-bathroom-accessories-set-hotal-bathroom-supplies-1-2.webp 800w, https:\/\/jinhuaceramic.com\/wp-content\/uploads\/2024\/04\/ceramic-manufacturer-wholesale-bathroom-accessories-set-hotal-bathroom-supplies-1-2-300x300.webp 300w, https:\/\/jinhuaceramic.com\/wp-content\/uploads\/2024\/04\/ceramic-manufacturer-wholesale-bathroom-accessories-set-hotal-bathroom-supplies-1-2-150x150.webp 150w, https:\/\/jinhuaceramic.com\/wp-content\/uploads\/2024\/04\/ceramic-manufacturer-wholesale-bathroom-accessories-set-hotal-bathroom-supplies-1-2-768x768.webp 768w, https:\/\/jinhuaceramic.com\/wp-content\/uploads\/2024\/04\/ceramic-manufacturer-wholesale-bathroom-accessories-set-hotal-bathroom-supplies-1-2-285x285.webp 285w, https:\/\/jinhuaceramic.com\/wp-content\/uploads\/2024\/04\/ceramic-manufacturer-wholesale-bathroom-accessories-set-hotal-bathroom-supplies-1-2-270x270.webp 270w, https:\/\/jinhuaceramic.com\/wp-content\/uploads\/2024\/04\/ceramic-manufacturer-wholesale-bathroom-accessories-set-hotal-bathroom-supplies-1-2-540x540.webp 540w, https:\/\/jinhuaceramic.com\/wp-content\/uploads\/2024\/04\/ceramic-manufacturer-wholesale-bathroom-accessories-set-hotal-bathroom-supplies-1-2-660x660.webp 660w\" sizes=\"(max-width: 800px) 100vw, 800px\" \/><\/figure>\n<\/div>\n<\/div>","protected":false},"excerpt":{"rendered":"<p>Nous vous invitons \u00e0 acheter des ensembles de salle de bain en gros. Notre ensemble d'accessoires de bain en c\u00e9ramique est sp\u00e9cialement con\u00e7u pour la d\u00e9coration des salles de bain des h\u00f4tels. Son aspect luxueux rehaussera la qualit\u00e9 de l'h\u00f4tel. Les mat\u00e9riaux utilis\u00e9s sont des c\u00e9ramiques de haute qualit\u00e9, durables et faciles \u00e0 nettoyer. Nous offrons des services d'achat en gros et de personnalisation, particuli\u00e8rement adapt\u00e9s aux h\u00f4tels et aux lieux d'affaires.<\/p>","protected":false},"featured_media":3448,"comment_status":"closed","ping_status":"closed","template":"","meta":{"_acf_changed":false},"product_brand":[],"product_cat":[51],"product_tag":[74],"class_list":{"0":"post-3445","1":"product","2":"type-product","3":"status-publish","4":"has-post-thumbnail","6":"product_cat-bathroom-accessories-wholesale","7":"product_tag-ceramic-bath-accessories-wholesale","9":"first","10":"instock","11":"shipping-taxable","12":"product-type-simple"},"acf":[],"_links":{"self":[{"href":"https:\/\/jinhuaceramic.com\/fr\/wp-json\/wp\/v2\/product\/3445","targetHints":{"allow":["GET"]}}],"collection":[{"href":"https:\/\/jinhuaceramic.com\/fr\/wp-json\/wp\/v2\/product"}],"about":[{"href":"https:\/\/jinhuaceramic.com\/fr\/wp-json\/wp\/v2\/types\/product"}],"replies":[{"embeddable":true,"href":"https:\/\/jinhuaceramic.com\/fr\/wp-json\/wp\/v2\/comments?post=3445"}],"version-history":[{"count":0,"href":"https:\/\/jinhuaceramic.com\/fr\/wp-json\/wp\/v2\/product\/3445\/revisions"}],"wp:featuredmedia":[{"embeddable":true,"href":"https:\/\/jinhuaceramic.com\/fr\/wp-json\/wp\/v2\/media\/3448"}],"wp:attachment":[{"href":"https:\/\/jinhuaceramic.com\/fr\/wp-json\/wp\/v2\/media?parent=3445"}],"wp:term":[{"taxonomy":"product_brand","embeddable":true,"href":"https:\/\/jinhuaceramic.com\/fr\/wp-json\/wp\/v2\/product_brand?post=3445"},{"taxonomy":"product_cat","embeddable":true,"href":"https:\/\/jinhuaceramic.com\/fr\/wp-json\/wp\/v2\/product_cat?post=3445"},{"taxonomy":"product_tag","embeddable":true,"href":"https:\/\/jinhuaceramic.com\/fr\/wp-json\/wp\/v2\/product_tag?post=3445"}],"curies":[{"name":"wp","href":"https:\/\/api.w.org\/{rel}","templated":true}]}}