{"id":3454,"date":"2024-04-11T07:24:38","date_gmt":"2024-04-11T07:24:38","guid":{"rendered":"https:\/\/jinhuaceramic.com\/?post_type=product&#038;p=3454"},"modified":"2026-02-05T02:13:46","modified_gmt":"2026-02-05T02:13:46","slug":"luxury-ceramic-bathroom-accessories-bulk","status":"publish","type":"product","link":"https:\/\/jinhuaceramic.com\/fr\/product\/luxury-ceramic-bathroom-accessories-bulk\/","title":{"rendered":"Set d'accessoires de salle de bain en c\u00e9ramique Premium Luxury Wholesale"},"content":{"rendered":"<div class=\"wp-block-columns is-layout-flex wp-container-core-columns-is-layout-9d6595d7 wp-block-columns-is-layout-flex\">\n<div class=\"wp-block-column is-layout-flow wp-block-column-is-layout-flow\" style=\"flex-basis:50%\">\n<h3 class=\"wp-block-heading\">Ensemble d'accessoires de salle de bain en c\u00e9ramique de luxe Premium Caract\u00e9ristiques :<\/h3>\n\n\n\n<ul class=\"wp-block-list\">\n<li><strong>Un savoir-faire exceptionnel :<\/strong> Notre ensemble d'accessoires de salle de bain en c\u00e9ramique de luxe est fabriqu\u00e9 avec un savoir-faire exceptionnel, en prenant soin de chaque \u00e9tape du processus de conception et de fabrication, ce qui garantit la qualit\u00e9 et l'aspect luxueux.<\/li>\n\n\n\n<li><strong>Un design exceptionnel : <\/strong>Cet ensemble d'accessoires de salle de bains en gros est compos\u00e9 de c\u00e9ramiques blanches classiques avec un motif classique qui donne une impression intemporelle de style romain et remplit l'espace de la salle de bains d'\u00e9l\u00e9gance et d'un magnifique temp\u00e9rament historique.<\/li>\n\n\n\n<li><strong>Mat\u00e9riaux de haute qualit\u00e9 : <\/strong>Nous n'utilisons que des mat\u00e9riaux c\u00e9ramiques de la plus haute qualit\u00e9 pour garantir la durabilit\u00e9 et l'\u00e9l\u00e9gance \u00e0 long terme de nos produits de haute qualit\u00e9 et de nos solutions de d\u00e9coration de salle de bains haut de gamme.<\/li>\n\n\n\n<li><strong>Prix comp\u00e9titifs : <\/strong>En tant que fabricant d'accessoires de salle de bain, nous pouvons proposer des accessoires de salle de bain en c\u00e9ramique en gros \u00e0 des prix comp\u00e9titifs qui permettent aux clients d'acheter des accessoires de salle de bain en c\u00e9ramique de luxe de haute qualit\u00e9 \u00e0 bas prix.<\/li>\n<\/ul>\n<\/div>\n\n\n\n<div class=\"wp-block-column is-layout-flow wp-block-column-is-layout-flow\" style=\"flex-basis:50%\">\n<figure class=\"wp-block-image size-full\"><img fetchpriority=\"high\" decoding=\"async\" width=\"1024\" height=\"1024\" src=\"https:\/\/jinhuaceramic.com\/wp-content\/uploads\/2024\/04\/ceramic-manufacturer-wholesale-bathroom-accessories-set-hotal-bathroom-supplies-1-3.webp\" alt=\"c\u00e9ramique-fabricant-grossiste-accessoires-de-salle-de-bain-en-c\u00e9ramique-de-luxe\" class=\"wp-image-3455\" srcset=\"https:\/\/jinhuaceramic.com\/wp-content\/uploads\/2024\/04\/ceramic-manufacturer-wholesale-bathroom-accessories-set-hotal-bathroom-supplies-1-3.webp 1024w, https:\/\/jinhuaceramic.com\/wp-content\/uploads\/2024\/04\/ceramic-manufacturer-wholesale-bathroom-accessories-set-hotal-bathroom-supplies-1-3-300x300.webp 300w, https:\/\/jinhuaceramic.com\/wp-content\/uploads\/2024\/04\/ceramic-manufacturer-wholesale-bathroom-accessories-set-hotal-bathroom-supplies-1-3-150x150.webp 150w, https:\/\/jinhuaceramic.com\/wp-content\/uploads\/2024\/04\/ceramic-manufacturer-wholesale-bathroom-accessories-set-hotal-bathroom-supplies-1-3-768x768.webp 768w, https:\/\/jinhuaceramic.com\/wp-content\/uploads\/2024\/04\/ceramic-manufacturer-wholesale-bathroom-accessories-set-hotal-bathroom-supplies-1-3-285x285.webp 285w, https:\/\/jinhuaceramic.com\/wp-content\/uploads\/2024\/04\/ceramic-manufacturer-wholesale-bathroom-accessories-set-hotal-bathroom-supplies-1-3-270x270.webp 270w, https:\/\/jinhuaceramic.com\/wp-content\/uploads\/2024\/04\/ceramic-manufacturer-wholesale-bathroom-accessories-set-hotal-bathroom-supplies-1-3-540x540.webp 540w, https:\/\/jinhuaceramic.com\/wp-content\/uploads\/2024\/04\/ceramic-manufacturer-wholesale-bathroom-accessories-set-hotal-bathroom-supplies-1-3-660x660.webp 660w\" sizes=\"(max-width: 1024px) 100vw, 1024px\" \/><\/figure>\n<\/div>\n<\/div>","protected":false},"excerpt":{"rendered":"<p>Nous achetons en gros des ensembles d'accessoires de salle de bain en c\u00e9ramique dans une vari\u00e9t\u00e9 de designs. Notre collection d'accessoires de salle de bain en c\u00e9ramique de luxe comprend des mat\u00e9riaux de haute qualit\u00e9 avec une large gamme de s\u00e9lections et des prix sains, avec des configurations d'ensemble compl\u00e8tes et des services personnalis\u00e9s pour offrir de la valeur et du plaisir \u00e0 nos clients.<\/p>","protected":false},"featured_media":3457,"comment_status":"closed","ping_status":"closed","template":"","meta":{"_acf_changed":false},"product_brand":[],"product_cat":[51],"product_tag":[74],"class_list":{"0":"post-3454","1":"product","2":"type-product","3":"status-publish","4":"has-post-thumbnail","6":"product_cat-bathroom-accessories-wholesale","7":"product_tag-ceramic-bath-accessories-wholesale","9":"first","10":"instock","11":"shipping-taxable","12":"product-type-simple"},"acf":[],"_links":{"self":[{"href":"https:\/\/jinhuaceramic.com\/fr\/wp-json\/wp\/v2\/product\/3454","targetHints":{"allow":["GET"]}}],"collection":[{"href":"https:\/\/jinhuaceramic.com\/fr\/wp-json\/wp\/v2\/product"}],"about":[{"href":"https:\/\/jinhuaceramic.com\/fr\/wp-json\/wp\/v2\/types\/product"}],"replies":[{"embeddable":true,"href":"https:\/\/jinhuaceramic.com\/fr\/wp-json\/wp\/v2\/comments?post=3454"}],"version-history":[{"count":0,"href":"https:\/\/jinhuaceramic.com\/fr\/wp-json\/wp\/v2\/product\/3454\/revisions"}],"wp:featuredmedia":[{"embeddable":true,"href":"https:\/\/jinhuaceramic.com\/fr\/wp-json\/wp\/v2\/media\/3457"}],"wp:attachment":[{"href":"https:\/\/jinhuaceramic.com\/fr\/wp-json\/wp\/v2\/media?parent=3454"}],"wp:term":[{"taxonomy":"product_brand","embeddable":true,"href":"https:\/\/jinhuaceramic.com\/fr\/wp-json\/wp\/v2\/product_brand?post=3454"},{"taxonomy":"product_cat","embeddable":true,"href":"https:\/\/jinhuaceramic.com\/fr\/wp-json\/wp\/v2\/product_cat?post=3454"},{"taxonomy":"product_tag","embeddable":true,"href":"https:\/\/jinhuaceramic.com\/fr\/wp-json\/wp\/v2\/product_tag?post=3454"}],"curies":[{"name":"wp","href":"https:\/\/api.w.org\/{rel}","templated":true}]}}