{"id":3460,"date":"2024-04-11T07:33:34","date_gmt":"2024-04-11T07:33:34","guid":{"rendered":"https:\/\/jinhuaceramic.com\/?post_type=product&#038;p=3460"},"modified":"2026-02-05T02:56:24","modified_gmt":"2026-02-05T02:56:24","slug":"custom-commercial-ceramic-bathroom-set","status":"publish","type":"product","link":"https:\/\/jinhuaceramic.com\/fr\/product\/custom-commercial-ceramic-bathroom-set\/","title":{"rendered":"Bulk Custom Commercial Ceramic Bathroom Set, 4-piece Supply"},"content":{"rendered":"<div class=\"wp-block-columns is-layout-flex wp-container-core-columns-is-layout-9d6595d7 wp-block-columns-is-layout-flex\">\n<div class=\"wp-block-column is-layout-flow wp-block-column-is-layout-flow\" style=\"flex-basis:50%\">\n<h3 class=\"wp-block-heading\">Ensemble de salle de bain en c\u00e9ramique commerciale de premi\u00e8re qualit\u00e9 Caract\u00e9ristiques :<\/h3>\n\n\n\n<ul class=\"wp-block-list\">\n<li><strong>Personnalisation :<\/strong> Nous proposons un service de personnalisation qui nous permet de s\u00e9lectionner les couleurs, les motifs et les tailles en fonction des besoins et des pr\u00e9f\u00e9rences sp\u00e9cifiques de nos clients, afin de garantir que l'ensemble de salle de bains en c\u00e9ramique commerciale personnalis\u00e9 s'harmonise parfaitement avec le style de leur espace commercial.<\/li>\n\n\n\n<li><strong>Commercial et durable : <\/strong>Nos sets de salle de bain en c\u00e9ramique sont soigneusement con\u00e7us et fabriqu\u00e9s \u00e0 l'aide de mat\u00e9riaux durables qui r\u00e9sistent \u00e0 l'usure et \u00e0 la corrosion, ce qui leur permet de conserver leur excellente qualit\u00e9 pendant de longues p\u00e9riodes d'utilisation.<\/li>\n\n\n\n<li><strong>\u00c9quipement courant : <\/strong>Cet ensemble de salle de bain commercial en c\u00e9ramique personnalis\u00e9 contient quatre accessoires de salle de bain essentiels, tels qu'un gobelet pour bain de bouche, un porte-savon, une pompe distributrice de savon et un porte-brosse de toilette, offrant commodit\u00e9 et fonctionnalit\u00e9 pour les lieux commerciaux.<\/li>\n\n\n\n<li><strong>Surface facile \u00e0 nettoyer et hygi\u00e9nique :<\/strong> La surface en c\u00e9ramique \u00e9maill\u00e9e de cet ensemble de salle de bain commercial en c\u00e9ramique personnalis\u00e9 r\u00e9siste aux taches, \u00e0 l'humidit\u00e9 et aux odeurs. La finition lisse permet un nettoyage quotidien facile et garantit une conformit\u00e9 \u00e0 long terme en mati\u00e8re d'hygi\u00e8ne dans les lieux d'accueil.<\/li>\n\n\n\n<li><strong>Capacit\u00e9 d'approvisionnement en vrac stable :<\/strong> Approvisionnement en gros direct de l'usine avec un d\u00e9lai de production stable, permettant l'approvisionnement en grandes quantit\u00e9s pour les projets d'ing\u00e9nierie et les entreprises de la cha\u00eene.<\/li>\n<\/ul>\n<\/div>\n\n\n\n<div class=\"wp-block-column is-layout-flow wp-block-column-is-layout-flow\" style=\"flex-basis:50%\">\n<figure class=\"wp-block-image size-full\"><img fetchpriority=\"high\" decoding=\"async\" width=\"1079\" height=\"1079\" src=\"https:\/\/jinhuaceramic.com\/wp-content\/uploads\/2024\/04\/ceramic-manufacturer-wholesale-bathroom-accessories-set-hotal-bathroom-supplies-soap-dish-5.webp\" alt=\"fabricant-de-c\u00e9ramique-grossiste-accessoires-de-salle-de-bain-set-hotel-supplies-de-salle-de-bain-5\" class=\"wp-image-3465\" srcset=\"https:\/\/jinhuaceramic.com\/wp-content\/uploads\/2024\/04\/ceramic-manufacturer-wholesale-bathroom-accessories-set-hotal-bathroom-supplies-soap-dish-5.webp 1079w, https:\/\/jinhuaceramic.com\/wp-content\/uploads\/2024\/04\/ceramic-manufacturer-wholesale-bathroom-accessories-set-hotal-bathroom-supplies-soap-dish-5-300x300.webp 300w, https:\/\/jinhuaceramic.com\/wp-content\/uploads\/2024\/04\/ceramic-manufacturer-wholesale-bathroom-accessories-set-hotal-bathroom-supplies-soap-dish-5-150x150.webp 150w, https:\/\/jinhuaceramic.com\/wp-content\/uploads\/2024\/04\/ceramic-manufacturer-wholesale-bathroom-accessories-set-hotal-bathroom-supplies-soap-dish-5-768x768.webp 768w, https:\/\/jinhuaceramic.com\/wp-content\/uploads\/2024\/04\/ceramic-manufacturer-wholesale-bathroom-accessories-set-hotal-bathroom-supplies-soap-dish-5-285x285.webp 285w, https:\/\/jinhuaceramic.com\/wp-content\/uploads\/2024\/04\/ceramic-manufacturer-wholesale-bathroom-accessories-set-hotal-bathroom-supplies-soap-dish-5-270x270.webp 270w, https:\/\/jinhuaceramic.com\/wp-content\/uploads\/2024\/04\/ceramic-manufacturer-wholesale-bathroom-accessories-set-hotal-bathroom-supplies-soap-dish-5-540x540.webp 540w, https:\/\/jinhuaceramic.com\/wp-content\/uploads\/2024\/04\/ceramic-manufacturer-wholesale-bathroom-accessories-set-hotal-bathroom-supplies-soap-dish-5-660x660.webp 660w\" sizes=\"(max-width: 1079px) 100vw, 1079px\" \/><\/figure>\n<\/div>\n<\/div>","protected":false},"excerpt":{"rendered":"<p>Bienvenue \u00e0 l'achat en gros et \u00e0 la personnalisation des accessoires de salle de bain en c\u00e9ramique. Nos ensembles commerciaux de salle de bain en c\u00e9ramique se caract\u00e9risent par une personnalisation, une durabilit\u00e9 commerciale, un design multifonctionnel et des services professionnels, offrant aux clients commerciaux des solutions personnalis\u00e9es de haute qualit\u00e9 pour les aider \u00e0 cr\u00e9er des espaces de salle de bain commerciaux uniques.<\/p>","protected":false},"featured_media":3464,"comment_status":"closed","ping_status":"closed","template":"","meta":{"_acf_changed":false},"product_brand":[],"product_cat":[51],"product_tag":[74],"class_list":{"0":"post-3460","1":"product","2":"type-product","3":"status-publish","4":"has-post-thumbnail","6":"product_cat-bathroom-accessories-wholesale","7":"product_tag-ceramic-bath-accessories-wholesale","9":"first","10":"instock","11":"shipping-taxable","12":"product-type-simple"},"acf":[],"_links":{"self":[{"href":"https:\/\/jinhuaceramic.com\/fr\/wp-json\/wp\/v2\/product\/3460","targetHints":{"allow":["GET"]}}],"collection":[{"href":"https:\/\/jinhuaceramic.com\/fr\/wp-json\/wp\/v2\/product"}],"about":[{"href":"https:\/\/jinhuaceramic.com\/fr\/wp-json\/wp\/v2\/types\/product"}],"replies":[{"embeddable":true,"href":"https:\/\/jinhuaceramic.com\/fr\/wp-json\/wp\/v2\/comments?post=3460"}],"version-history":[{"count":0,"href":"https:\/\/jinhuaceramic.com\/fr\/wp-json\/wp\/v2\/product\/3460\/revisions"}],"wp:featuredmedia":[{"embeddable":true,"href":"https:\/\/jinhuaceramic.com\/fr\/wp-json\/wp\/v2\/media\/3464"}],"wp:attachment":[{"href":"https:\/\/jinhuaceramic.com\/fr\/wp-json\/wp\/v2\/media?parent=3460"}],"wp:term":[{"taxonomy":"product_brand","embeddable":true,"href":"https:\/\/jinhuaceramic.com\/fr\/wp-json\/wp\/v2\/product_brand?post=3460"},{"taxonomy":"product_cat","embeddable":true,"href":"https:\/\/jinhuaceramic.com\/fr\/wp-json\/wp\/v2\/product_cat?post=3460"},{"taxonomy":"product_tag","embeddable":true,"href":"https:\/\/jinhuaceramic.com\/fr\/wp-json\/wp\/v2\/product_tag?post=3460"}],"curies":[{"name":"wp","href":"https:\/\/api.w.org\/{rel}","templated":true}]}}