{"id":3468,"date":"2024-04-11T07:45:53","date_gmt":"2024-04-11T07:45:53","guid":{"rendered":"https:\/\/jinhuaceramic.com\/?post_type=product&#038;p=3468"},"modified":"2026-02-05T03:11:40","modified_gmt":"2026-02-05T03:11:40","slug":"hotel-wholesale-bathroom-accessories-set","status":"publish","type":"product","link":"https:\/\/jinhuaceramic.com\/fr\/product\/hotel-wholesale-bathroom-accessories-set\/","title":{"rendered":"Wholesale Bathroom Accessories Set, Hotel Ceramic Bath Sets (Ensemble d'accessoires de salle de bain en c\u00e9ramique)"},"content":{"rendered":"<div class=\"wp-block-columns is-layout-flex wp-container-core-columns-is-layout-9d6595d7 wp-block-columns-is-layout-flex\">\n<div class=\"wp-block-column is-vertically-aligned-top is-layout-flow wp-block-column-is-layout-flow\" style=\"flex-basis:50%\">\n<h3 class=\"wp-block-heading\">Ensemble d'accessoires de salle de bain Premium Wholesale Caract\u00e9ristiques :<\/h3>\n\n\n\n<ul class=\"wp-block-list\">\n<li><strong>Texture unique, naturelle et \u00e9l\u00e9gante : <\/strong>Cet ensemble d'accessoires de salle de bains en gros a une texture sp\u00e9ciale de bambou, qui peut apporter une exp\u00e9rience visuelle naturelle et \u00e9l\u00e9gante \u00e0 l'espace d'une salle de bains. La texture fine est apparemment capable d'incorporer la nature dans l'espace d'une salle de bains - chic et d\u00e9coratif, adapt\u00e9 aux h\u00f4tels haut de gamme et aux familles. <\/li>\n\n\n\n<li><strong>Plusieurs choix de couleurs pour s'adapter \u00e0 diff\u00e9rents styles : <\/strong>Nous avons beaucoup de s\u00e9lections color\u00e9es pour les accessoires de salle de bain en vrac, ce qui permet aux utilisateurs de les choisir en fonction des diff\u00e9rents styles de salle de bain. Qu'il s'agisse d'une couleur neutre ou d'un syst\u00e8me de couleurs vives et dynamiques, ils s'adaptent facilement aux besoins de d\u00e9coration. <\/li>\n\n\n\n<li><strong>C\u00e9ramique de haute qualit\u00e9 : <\/strong>Notre ensemble d'accessoires de salle de bains en gros constitue un choix id\u00e9al. Il peut r\u00e9sister \u00e0 toutes les actions d'usure et de d\u00e9chirure lors d'une utilisation quotidienne, tout en garantissant la long\u00e9vit\u00e9 du produit. En outre, sa surface en c\u00e9ramique lisse est facile \u00e0 nettoyer, ce qui garantit que les accessoires de salle de bains seront toujours beaux et propres. <\/li>\n\n\n\n<li><strong>Combinaison multifonctionnelle, pratique : <\/strong>Nos accessoires de bain en vrac comprennent des distributeurs de savon, des gobelets pour brosses \u00e0 dents, des porte-savons et d'autres accessoires de salle de bain \u00e0 usage quotidien. Enti\u00e8rement fonctionnels et d'un design \u00e9l\u00e9gant, ils sont pratiques pour la salle de bains et peuvent \u00e9galement rehausser l'effet d\u00e9coratif g\u00e9n\u00e9ral.<\/li>\n<\/ul>\n<\/div>\n\n\n\n<div class=\"wp-block-column is-layout-flow wp-block-column-is-layout-flow\" style=\"flex-basis:50%\">\n<figure class=\"wp-block-image size-full\"><img fetchpriority=\"high\" decoding=\"async\" width=\"960\" height=\"960\" src=\"https:\/\/jinhuaceramic.com\/wp-content\/uploads\/2024\/04\/ceramic-manufacturer-wholesale-bathroom-accessories-set-hotal-bathroom-supplies-1-5.webp\" alt=\"Wholesale Bathroom Accessories Set, Bath Accessories In Bulk, Hotel Ceramic Bath Sets-1\" class=\"wp-image-3469\" srcset=\"https:\/\/jinhuaceramic.com\/wp-content\/uploads\/2024\/04\/ceramic-manufacturer-wholesale-bathroom-accessories-set-hotal-bathroom-supplies-1-5.webp 960w, https:\/\/jinhuaceramic.com\/wp-content\/uploads\/2024\/04\/ceramic-manufacturer-wholesale-bathroom-accessories-set-hotal-bathroom-supplies-1-5-300x300.webp 300w, https:\/\/jinhuaceramic.com\/wp-content\/uploads\/2024\/04\/ceramic-manufacturer-wholesale-bathroom-accessories-set-hotal-bathroom-supplies-1-5-150x150.webp 150w, https:\/\/jinhuaceramic.com\/wp-content\/uploads\/2024\/04\/ceramic-manufacturer-wholesale-bathroom-accessories-set-hotal-bathroom-supplies-1-5-768x768.webp 768w, https:\/\/jinhuaceramic.com\/wp-content\/uploads\/2024\/04\/ceramic-manufacturer-wholesale-bathroom-accessories-set-hotal-bathroom-supplies-1-5-285x285.webp 285w, https:\/\/jinhuaceramic.com\/wp-content\/uploads\/2024\/04\/ceramic-manufacturer-wholesale-bathroom-accessories-set-hotal-bathroom-supplies-1-5-270x270.webp 270w, https:\/\/jinhuaceramic.com\/wp-content\/uploads\/2024\/04\/ceramic-manufacturer-wholesale-bathroom-accessories-set-hotal-bathroom-supplies-1-5-540x540.webp 540w, https:\/\/jinhuaceramic.com\/wp-content\/uploads\/2024\/04\/ceramic-manufacturer-wholesale-bathroom-accessories-set-hotal-bathroom-supplies-1-5-660x660.webp 660w\" sizes=\"(max-width: 960px) 100vw, 960px\" \/><\/figure>\n<\/div>\n<\/div>\n\n\n\n<p><\/p>","protected":false},"excerpt":{"rendered":"<p>Bienvenue sur le site d'achat en gros d'accessoires de salle de bains. Cet ensemble de salle de bains en bambou combine des \u00e9l\u00e9ments naturels avec un design moderne et est disponible en plusieurs couleurs pour satisfaire les diff\u00e9rents besoins de d\u00e9coration de chaque h\u00f4tel et de chaque maison. Fabriqu\u00e9 en c\u00e9ramique de haute qualit\u00e9, cet ensemble d'accessoires de salle de bain est durable, facile \u00e0 nettoyer et enti\u00e8rement fonctionnel - une combinaison parfaite de pratique et d'esth\u00e9tique.<\/p>","protected":false},"featured_media":3471,"comment_status":"closed","ping_status":"closed","template":"","meta":{"_acf_changed":false},"product_brand":[],"product_cat":[51],"product_tag":[74],"class_list":{"0":"post-3468","1":"product","2":"type-product","3":"status-publish","4":"has-post-thumbnail","6":"product_cat-bathroom-accessories-wholesale","7":"product_tag-ceramic-bath-accessories-wholesale","9":"first","10":"instock","11":"shipping-taxable","12":"product-type-simple"},"acf":[],"_links":{"self":[{"href":"https:\/\/jinhuaceramic.com\/fr\/wp-json\/wp\/v2\/product\/3468","targetHints":{"allow":["GET"]}}],"collection":[{"href":"https:\/\/jinhuaceramic.com\/fr\/wp-json\/wp\/v2\/product"}],"about":[{"href":"https:\/\/jinhuaceramic.com\/fr\/wp-json\/wp\/v2\/types\/product"}],"replies":[{"embeddable":true,"href":"https:\/\/jinhuaceramic.com\/fr\/wp-json\/wp\/v2\/comments?post=3468"}],"version-history":[{"count":0,"href":"https:\/\/jinhuaceramic.com\/fr\/wp-json\/wp\/v2\/product\/3468\/revisions"}],"wp:featuredmedia":[{"embeddable":true,"href":"https:\/\/jinhuaceramic.com\/fr\/wp-json\/wp\/v2\/media\/3471"}],"wp:attachment":[{"href":"https:\/\/jinhuaceramic.com\/fr\/wp-json\/wp\/v2\/media?parent=3468"}],"wp:term":[{"taxonomy":"product_brand","embeddable":true,"href":"https:\/\/jinhuaceramic.com\/fr\/wp-json\/wp\/v2\/product_brand?post=3468"},{"taxonomy":"product_cat","embeddable":true,"href":"https:\/\/jinhuaceramic.com\/fr\/wp-json\/wp\/v2\/product_cat?post=3468"},{"taxonomy":"product_tag","embeddable":true,"href":"https:\/\/jinhuaceramic.com\/fr\/wp-json\/wp\/v2\/product_tag?post=3468"}],"curies":[{"name":"wp","href":"https:\/\/api.w.org\/{rel}","templated":true}]}}